{"id":12366,"date":"2025-12-15T09:10:27","date_gmt":"2025-12-15T09:10:27","guid":{"rendered":"https:\/\/www.tpa-group.pl\/the-tale-of-christmas\/"},"modified":"2025-12-15T11:03:13","modified_gmt":"2025-12-15T11:03:13","slug":"the-tale-of-christmas","status":"publish","type":"page","link":"https:\/\/www.tpa-group.pl\/de\/the-tale-of-christmas\/","title":{"rendered":"The Tale of Christmas"},"content":{"rendered":"\t\t<div data-elementor-type=\"wp-page\" data-elementor-id=\"12366\" class=\"elementor elementor-12366 elementor-12350\" data-elementor-post-type=\"page\">\n\t\t\t\t<div class=\"elementor-element elementor-element-9909d5c e-flex e-con-boxed e-con e-parent\" data-id=\"9909d5c\" data-element_type=\"container\" data-settings=\"{&quot;background_background&quot;:&quot;classic&quot;}\">\n\t\t\t\t\t<div class=\"e-con-inner\">\n\t\t\t\t<div class=\"elementor-element elementor-element-97d52f8 elementor-widget elementor-widget-heading\" data-id=\"97d52f8\" data-element_type=\"widget\" data-widget_type=\"heading.default\">\n\t\t\t\t<div class=\"elementor-widget-container\">\n\t\t\t\t\t<h2 class=\"elementor-heading-title elementor-size-default\">The Tale of Christmas<\/h2>\t\t\t\t<\/div>\n\t\t\t\t<\/div>\n\t\t\t\t<div class=\"elementor-element elementor-element-bc58c49 elementor-widget elementor-widget-text-editor\" data-id=\"bc58c49\" data-element_type=\"widget\" data-widget_type=\"text-editor.default\">\n\t\t\t\t<div class=\"elementor-widget-container\">\n\t\t\t\t\t\t\t\t\t<p><span class=\"TextRun SCXW143744002 BCX0\" lang=\"PL-PL\" xml:lang=\"PL-PL\" data-contrast=\"auto\"><span class=\"NormalTextRun SCXW143744002 BCX0\">Eine weihnachtliche Geschichte in musikalischer Form<\/span><\/span><\/p>\t\t\t\t\t\t\t\t<\/div>\n\t\t\t\t<\/div>\n\t\t\t\t\t<\/div>\n\t\t\t\t<\/div>\n\t\t<div class=\"elementor-element elementor-element-cf333b6 e-flex e-con-boxed e-con e-parent\" data-id=\"cf333b6\" data-element_type=\"container\" data-settings=\"{&quot;background_background&quot;:&quot;classic&quot;}\">\n\t\t\t\t\t<div class=\"e-con-inner\">\n\t\t\t\t<div class=\"elementor-element elementor-element-efb0efa elementor-widget elementor-widget-spacer\" data-id=\"efb0efa\" data-element_type=\"widget\" data-widget_type=\"spacer.default\">\n\t\t\t\t<div class=\"elementor-widget-container\">\n\t\t\t\t\t\t\t<div class=\"elementor-spacer\">\n\t\t\t<div class=\"elementor-spacer-inner\"><\/div>\n\t\t<\/div>\n\t\t\t\t\t\t<\/div>\n\t\t\t\t<\/div>\n\t\t\t\t<div class=\"elementor-element elementor-element-b902902 elementor-widget elementor-widget-heading\" data-id=\"b902902\" data-element_type=\"widget\" data-widget_type=\"heading.default\">\n\t\t\t\t<div class=\"elementor-widget-container\">\n\t\t\t\t\t<h3 class=\"elementor-heading-title elementor-size-default\">Mit gro\u00dfer Freude pr\u00e4sentieren wir unser zweites Weihnachtslied, das eigens f\u00fcr diese besondere Zeit entstanden ist. <\/h3>\t\t\t\t<\/div>\n\t\t\t\t<\/div>\n\t\t\t\t<div class=\"elementor-element elementor-element-1033a50 elementor-widget elementor-widget-text-editor\" data-id=\"1033a50\" data-element_type=\"widget\" data-widget_type=\"text-editor.default\">\n\t\t\t\t<div class=\"elementor-widget-container\">\n\t\t\t\t\t\t\t\t\t<p><span data-contrast=\"auto\">\u201eThe Tale of Christmas\u201c ist eine musikalische Reise durch den Glanz des winterlichen Himmels, die Ruhe stiller Abende und die Magie, die entsteht, wenn die Welt f\u00fcr einen Moment langsamer wird.<\/span><span data-ccp-props=\"{}\">\u00a0<\/span><\/p><p><span data-contrast=\"auto\">Das St\u00fcck ist eine gemeinsame Arbeit junger K\u00fcnstlerinnen und K\u00fcnstler des Junior Jazz Festival, die auf besondere Weise Emotionen durch Musik erz\u00e4hlen k\u00f6nnen. Es ist die Fortsetzung eines Projekts, das wir im vergangenen Jahr begonnen haben \u2013 erneut vereinen sich Kreativit\u00e4t, Leidenschaft und musikalische Sensibilit\u00e4t.<\/span><span data-ccp-props=\"{}\">\u00a0<\/span><\/p><p><span data-contrast=\"auto\">Lassen Sie sich zu dieser Geschichte einladen.<\/span><span data-ccp-props=\"{}\">\u00a0<\/span><span data-contrast=\"auto\">M\u00f6ge die Melodie Ihren Abend erhellen und an das erinnern, was zu Weihnachten wirklich wichtig ist.<\/span><span data-ccp-props=\"{}\">\u00a0<\/span><\/p>\t\t\t\t\t\t\t\t<\/div>\n\t\t\t\t<\/div>\n\t\t\t\t<div class=\"elementor-element elementor-element-f291c43 elementor-widget elementor-widget-spacer\" data-id=\"f291c43\" data-element_type=\"widget\" data-widget_type=\"spacer.default\">\n\t\t\t\t<div class=\"elementor-widget-container\">\n\t\t\t\t\t\t\t<div class=\"elementor-spacer\">\n\t\t\t<div class=\"elementor-spacer-inner\"><\/div>\n\t\t<\/div>\n\t\t\t\t\t\t<\/div>\n\t\t\t\t<\/div>\n\t\t\t\t<div class=\"elementor-element elementor-element-f9f51e9 elementor-widget elementor-widget-video\" data-id=\"f9f51e9\" data-element_type=\"widget\" data-settings=\"{&quot;youtube_url&quot;:&quot;https:\\\/\\\/www.youtube.com\\\/watch?v=VtLaCVAnRM4&quot;,&quot;show_image_overlay&quot;:&quot;yes&quot;,&quot;image_overlay&quot;:{&quot;url&quot;:&quot;https:\\\/\\\/www.tpa-group.pl\\\/app\\\/uploads\\\/sites\\\/8\\\/2025\\\/12\\\/YT_okladka.jpg&quot;,&quot;id&quot;:12135,&quot;size&quot;:&quot;&quot;,&quot;alt&quot;:&quot;&quot;,&quot;source&quot;:&quot;library&quot;},&quot;video_type&quot;:&quot;youtube&quot;,&quot;controls&quot;:&quot;yes&quot;}\" data-widget_type=\"video.default\">\n\t\t\t\t<div class=\"elementor-widget-container\">\n\t\t\t\t\t\t\t<div class=\"elementor-wrapper elementor-open-inline\">\n\t\t\t<div class=\"elementor-video\"><\/div>\t\t\t\t<div class=\"elementor-custom-embed-image-overlay\" style=\"background-image: url(https:\/\/www.tpa-group.pl\/app\/uploads\/sites\/8\/2025\/12\/YT_okladka.jpg);\">\n\t\t\t\t\t\t\t\t\t\t\t\t\t\t\t\t<div class=\"elementor-custom-embed-play\" role=\"button\" aria-label=\"Play Video\" tabindex=\"0\">\n\t\t\t\t\t\t\t<i aria-hidden=\"true\" class=\"eicon-play\"><\/i>\t\t\t\t\t\t<\/div>\n\t\t\t\t\t\t\t\t\t<\/div>\n\t\t\t\t\t<\/div>\n\t\t\t\t\t\t<\/div>\n\t\t\t\t<\/div>\n\t\t\t\t<div class=\"elementor-element elementor-element-3b29d46 elementor-widget elementor-widget-spacer\" data-id=\"3b29d46\" data-element_type=\"widget\" data-widget_type=\"spacer.default\">\n\t\t\t\t<div class=\"elementor-widget-container\">\n\t\t\t\t\t\t\t<div class=\"elementor-spacer\">\n\t\t\t<div class=\"elementor-spacer-inner\"><\/div>\n\t\t<\/div>\n\t\t\t\t\t\t<\/div>\n\t\t\t\t<\/div>\n\t\t\t\t\t<\/div>\n\t\t\t\t<\/div>\n\t\t\t\t<\/div>\n\t\t","protected":false},"excerpt":{"rendered":"<p>The Tale of Christmas Eine weihnachtliche Geschichte in musikalischer Form Mit gro\u00dfer Freude pr\u00e4sentieren wir unser zweites Weihnachtslied, das eigens f\u00fcr diese besondere Zeit entstanden ist. \u201eThe Tale of Christmas\u201c ist eine musikalische Reise durch den Glanz des winterlichen Himmels, die Ruhe stiller Abende und die Magie, die entsteht, wenn die Welt f\u00fcr einen Moment [&hellip;]<\/p>\n","protected":false},"author":40,"featured_media":12125,"parent":0,"menu_order":0,"comment_status":"closed","ping_status":"closed","template":"elementor_header_footer","meta":{"_acf_changed":false,"footnotes":""},"class_list":["post-12366","page","type-page","status-publish","has-post-thumbnail","hentry"],"acf":[],"yoast_head":"<!-- This site is optimized with the Yoast SEO plugin v26.0 - https:\/\/yoast.com\/wordpress\/plugins\/seo\/ -->\n<title>The Tale of Christmas - TPA Poland<\/title>\n<meta name=\"robots\" content=\"index, follow, max-snippet:-1, max-image-preview:large, max-video-preview:-1\" \/>\n<link rel=\"canonical\" href=\"https:\/\/www.tpa-group.pl\/de\/the-tale-of-christmas\/\" \/>\n<meta property=\"og:locale\" content=\"de_DE\" \/>\n<meta property=\"og:type\" content=\"article\" \/>\n<meta property=\"og:title\" content=\"The Tale of Christmas - TPA Poland\" \/>\n<meta property=\"og:description\" content=\"The Tale of Christmas Eine weihnachtliche Geschichte in musikalischer Form Mit gro\u00dfer Freude pr\u00e4sentieren wir unser zweites Weihnachtslied, das eigens f\u00fcr diese besondere Zeit entstanden ist. \u201eThe Tale of Christmas\u201c ist eine musikalische Reise durch den Glanz des winterlichen Himmels, die Ruhe stiller Abende und die Magie, die entsteht, wenn die Welt f\u00fcr einen Moment [&hellip;]\" \/>\n<meta property=\"og:url\" content=\"https:\/\/www.tpa-group.pl\/de\/the-tale-of-christmas\/\" \/>\n<meta property=\"og:site_name\" content=\"TPA Poland\" \/>\n<meta property=\"article:modified_time\" content=\"2025-12-15T11:03:13+00:00\" \/>\n<meta property=\"og:image\" content=\"https:\/\/www.tpa-group.pl\/app\/uploads\/sites\/8\/2025\/12\/Web_napis_swieta_2025.jpg\" \/>\n\t<meta property=\"og:image:width\" content=\"1920\" \/>\n\t<meta property=\"og:image:height\" content=\"1080\" \/>\n\t<meta property=\"og:image:type\" content=\"image\/jpeg\" \/>\n<meta name=\"twitter:card\" content=\"summary_large_image\" \/>\n<meta name=\"twitter:label1\" content=\"Est. reading time\" \/>\n\t<meta name=\"twitter:data1\" content=\"1 Minute\" \/>\n<script type=\"application\/ld+json\" class=\"yoast-schema-graph\">{\"@context\":\"https:\/\/schema.org\",\"@graph\":[{\"@type\":\"WebPage\",\"@id\":\"https:\/\/www.tpa-group.pl\/de\/the-tale-of-christmas\/\",\"url\":\"https:\/\/www.tpa-group.pl\/de\/the-tale-of-christmas\/\",\"name\":\"The Tale of Christmas - TPA Poland\",\"isPartOf\":{\"@id\":\"https:\/\/www.tpa-group.pl\/de\/#website\"},\"primaryImageOfPage\":{\"@id\":\"https:\/\/www.tpa-group.pl\/de\/the-tale-of-christmas\/#primaryimage\"},\"image\":{\"@id\":\"https:\/\/www.tpa-group.pl\/de\/the-tale-of-christmas\/#primaryimage\"},\"thumbnailUrl\":\"https:\/\/www.tpa-group.pl\/app\/uploads\/sites\/8\/2025\/12\/Web_napis_swieta_2025.jpg\",\"datePublished\":\"2025-12-15T09:10:27+00:00\",\"dateModified\":\"2025-12-15T11:03:13+00:00\",\"breadcrumb\":{\"@id\":\"https:\/\/www.tpa-group.pl\/de\/the-tale-of-christmas\/#breadcrumb\"},\"inLanguage\":\"de-DE\",\"potentialAction\":[{\"@type\":\"ReadAction\",\"target\":[\"https:\/\/www.tpa-group.pl\/de\/the-tale-of-christmas\/\"]}]},{\"@type\":\"ImageObject\",\"inLanguage\":\"de-DE\",\"@id\":\"https:\/\/www.tpa-group.pl\/de\/the-tale-of-christmas\/#primaryimage\",\"url\":\"https:\/\/www.tpa-group.pl\/app\/uploads\/sites\/8\/2025\/12\/Web_napis_swieta_2025.jpg\",\"contentUrl\":\"https:\/\/www.tpa-group.pl\/app\/uploads\/sites\/8\/2025\/12\/Web_napis_swieta_2025.jpg\",\"width\":1920,\"height\":1080},{\"@type\":\"BreadcrumbList\",\"@id\":\"https:\/\/www.tpa-group.pl\/de\/the-tale-of-christmas\/#breadcrumb\",\"itemListElement\":[{\"@type\":\"ListItem\",\"position\":1,\"name\":\"Home\",\"item\":\"https:\/\/www.tpa-group.pl\/de\/\"},{\"@type\":\"ListItem\",\"position\":2,\"name\":\"The Tale of Christmas\"}]},{\"@type\":\"WebSite\",\"@id\":\"https:\/\/www.tpa-group.pl\/de\/#website\",\"url\":\"https:\/\/www.tpa-group.pl\/de\/\",\"name\":\"TPA Poland\",\"description\":\"\",\"publisher\":{\"@id\":\"https:\/\/www.tpa-group.pl\/de\/#organization\"},\"potentialAction\":[{\"@type\":\"SearchAction\",\"target\":{\"@type\":\"EntryPoint\",\"urlTemplate\":\"https:\/\/www.tpa-group.pl\/de\/?s={search_term_string}\"},\"query-input\":{\"@type\":\"PropertyValueSpecification\",\"valueRequired\":true,\"valueName\":\"search_term_string\"}}],\"inLanguage\":\"de-DE\"},{\"@type\":\"Organization\",\"@id\":\"https:\/\/www.tpa-group.pl\/de\/#organization\",\"name\":\"TPA Poland\",\"url\":\"https:\/\/www.tpa-group.pl\/de\/\",\"logo\":{\"@type\":\"ImageObject\",\"inLanguage\":\"de-DE\",\"@id\":\"https:\/\/www.tpa-group.pl\/de\/#\/schema\/logo\/image\/\",\"url\":\"https:\/\/www.tpa-group.pl\/app\/uploads\/sites\/8\/2023\/03\/tpa-logo.svg\",\"contentUrl\":\"https:\/\/www.tpa-group.pl\/app\/uploads\/sites\/8\/2023\/03\/tpa-logo.svg\",\"width\":110,\"height\":93,\"caption\":\"TPA Poland\"},\"image\":{\"@id\":\"https:\/\/www.tpa-group.pl\/de\/#\/schema\/logo\/image\/\"}}]}<\/script>\n<!-- \/ Yoast SEO plugin. -->","yoast_head_json":{"title":"The Tale of Christmas - TPA Poland","robots":{"index":"index","follow":"follow","max-snippet":"max-snippet:-1","max-image-preview":"max-image-preview:large","max-video-preview":"max-video-preview:-1"},"canonical":"https:\/\/www.tpa-group.pl\/de\/the-tale-of-christmas\/","og_locale":"de_DE","og_type":"article","og_title":"The Tale of Christmas - TPA Poland","og_description":"The Tale of Christmas Eine weihnachtliche Geschichte in musikalischer Form Mit gro\u00dfer Freude pr\u00e4sentieren wir unser zweites Weihnachtslied, das eigens f\u00fcr diese besondere Zeit entstanden ist. \u201eThe Tale of Christmas\u201c ist eine musikalische Reise durch den Glanz des winterlichen Himmels, die Ruhe stiller Abende und die Magie, die entsteht, wenn die Welt f\u00fcr einen Moment [&hellip;]","og_url":"https:\/\/www.tpa-group.pl\/de\/the-tale-of-christmas\/","og_site_name":"TPA Poland","article_modified_time":"2025-12-15T11:03:13+00:00","og_image":[{"width":1920,"height":1080,"url":"https:\/\/www.tpa-group.pl\/app\/uploads\/sites\/8\/2025\/12\/Web_napis_swieta_2025.jpg","type":"image\/jpeg"}],"twitter_card":"summary_large_image","twitter_misc":{"Est. reading time":"1 Minute"},"schema":{"@context":"https:\/\/schema.org","@graph":[{"@type":"WebPage","@id":"https:\/\/www.tpa-group.pl\/de\/the-tale-of-christmas\/","url":"https:\/\/www.tpa-group.pl\/de\/the-tale-of-christmas\/","name":"The Tale of Christmas - TPA Poland","isPartOf":{"@id":"https:\/\/www.tpa-group.pl\/de\/#website"},"primaryImageOfPage":{"@id":"https:\/\/www.tpa-group.pl\/de\/the-tale-of-christmas\/#primaryimage"},"image":{"@id":"https:\/\/www.tpa-group.pl\/de\/the-tale-of-christmas\/#primaryimage"},"thumbnailUrl":"https:\/\/www.tpa-group.pl\/app\/uploads\/sites\/8\/2025\/12\/Web_napis_swieta_2025.jpg","datePublished":"2025-12-15T09:10:27+00:00","dateModified":"2025-12-15T11:03:13+00:00","breadcrumb":{"@id":"https:\/\/www.tpa-group.pl\/de\/the-tale-of-christmas\/#breadcrumb"},"inLanguage":"de-DE","potentialAction":[{"@type":"ReadAction","target":["https:\/\/www.tpa-group.pl\/de\/the-tale-of-christmas\/"]}]},{"@type":"ImageObject","inLanguage":"de-DE","@id":"https:\/\/www.tpa-group.pl\/de\/the-tale-of-christmas\/#primaryimage","url":"https:\/\/www.tpa-group.pl\/app\/uploads\/sites\/8\/2025\/12\/Web_napis_swieta_2025.jpg","contentUrl":"https:\/\/www.tpa-group.pl\/app\/uploads\/sites\/8\/2025\/12\/Web_napis_swieta_2025.jpg","width":1920,"height":1080},{"@type":"BreadcrumbList","@id":"https:\/\/www.tpa-group.pl\/de\/the-tale-of-christmas\/#breadcrumb","itemListElement":[{"@type":"ListItem","position":1,"name":"Home","item":"https:\/\/www.tpa-group.pl\/de\/"},{"@type":"ListItem","position":2,"name":"The Tale of Christmas"}]},{"@type":"WebSite","@id":"https:\/\/www.tpa-group.pl\/de\/#website","url":"https:\/\/www.tpa-group.pl\/de\/","name":"TPA Poland","description":"","publisher":{"@id":"https:\/\/www.tpa-group.pl\/de\/#organization"},"potentialAction":[{"@type":"SearchAction","target":{"@type":"EntryPoint","urlTemplate":"https:\/\/www.tpa-group.pl\/de\/?s={search_term_string}"},"query-input":{"@type":"PropertyValueSpecification","valueRequired":true,"valueName":"search_term_string"}}],"inLanguage":"de-DE"},{"@type":"Organization","@id":"https:\/\/www.tpa-group.pl\/de\/#organization","name":"TPA Poland","url":"https:\/\/www.tpa-group.pl\/de\/","logo":{"@type":"ImageObject","inLanguage":"de-DE","@id":"https:\/\/www.tpa-group.pl\/de\/#\/schema\/logo\/image\/","url":"https:\/\/www.tpa-group.pl\/app\/uploads\/sites\/8\/2023\/03\/tpa-logo.svg","contentUrl":"https:\/\/www.tpa-group.pl\/app\/uploads\/sites\/8\/2023\/03\/tpa-logo.svg","width":110,"height":93,"caption":"TPA Poland"},"image":{"@id":"https:\/\/www.tpa-group.pl\/de\/#\/schema\/logo\/image\/"}}]}},"_links":{"self":[{"href":"https:\/\/www.tpa-group.pl\/de\/wp-json\/wp\/v2\/pages\/12366","targetHints":{"allow":["GET"]}}],"collection":[{"href":"https:\/\/www.tpa-group.pl\/de\/wp-json\/wp\/v2\/pages"}],"about":[{"href":"https:\/\/www.tpa-group.pl\/de\/wp-json\/wp\/v2\/types\/page"}],"author":[{"embeddable":true,"href":"https:\/\/www.tpa-group.pl\/de\/wp-json\/wp\/v2\/users\/40"}],"replies":[{"embeddable":true,"href":"https:\/\/www.tpa-group.pl\/de\/wp-json\/wp\/v2\/comments?post=12366"}],"version-history":[{"count":5,"href":"https:\/\/www.tpa-group.pl\/de\/wp-json\/wp\/v2\/pages\/12366\/revisions"}],"predecessor-version":[{"id":12371,"href":"https:\/\/www.tpa-group.pl\/de\/wp-json\/wp\/v2\/pages\/12366\/revisions\/12371"}],"wp:featuredmedia":[{"embeddable":true,"href":"https:\/\/www.tpa-group.pl\/de\/wp-json\/wp\/v2\/media\/12125"}],"wp:attachment":[{"href":"https:\/\/www.tpa-group.pl\/de\/wp-json\/wp\/v2\/media?parent=12366"}],"curies":[{"name":"wp","href":"https:\/\/api.w.org\/{rel}","templated":true}]}}