{"id":4289,"date":"2023-08-23T06:49:37","date_gmt":"2023-08-23T06:49:37","guid":{"rendered":"https:\/\/www.tpa-group.pl\/unsere-standorte\/"},"modified":"2024-12-18T11:31:50","modified_gmt":"2024-12-18T11:31:50","slug":"unsere-standorte","status":"publish","type":"page","link":"https:\/\/www.tpa-group.pl\/de\/unsere-standorte\/","title":{"rendered":"Unsere Standorte"},"content":{"rendered":"\t\t<div data-elementor-type=\"wp-page\" data-elementor-id=\"4289\" class=\"elementor elementor-4289 elementor-767\" data-elementor-post-type=\"page\">\n\t\t\t\t\t\t<section class=\"elementor-section elementor-top-section elementor-element elementor-element-4bc948f5 hero-banner elementor-section-boxed elementor-section-height-default elementor-section-height-default\" data-id=\"4bc948f5\" data-element_type=\"section\">\n\t\t\t\t\t\t<div class=\"elementor-container elementor-column-gap-default\">\n\t\t\t\t\t<div class=\"elementor-column elementor-col-50 elementor-top-column elementor-element elementor-element-d962245\" data-id=\"d962245\" data-element_type=\"column\">\n\t\t\t<div class=\"elementor-widget-wrap elementor-element-populated\">\n\t\t\t\t\t\t<section class=\"elementor-section elementor-inner-section elementor-element elementor-element-7bfde584 hero-banner-breadcrumbs-container elementor-section-boxed elementor-section-height-default elementor-section-height-default\" data-id=\"7bfde584\" data-element_type=\"section\">\n\t\t\t\t\t\t<div class=\"elementor-container elementor-column-gap-default\">\n\t\t\t\t\t<div class=\"elementor-column elementor-col-100 elementor-inner-column elementor-element elementor-element-2ceacee4\" data-id=\"2ceacee4\" data-element_type=\"column\">\n\t\t\t<div class=\"elementor-widget-wrap elementor-element-populated\">\n\t\t\t\t\t\t<div class=\"elementor-element elementor-element-2465fe1e elementor-widget elementor-widget-heading\" data-id=\"2465fe1e\" data-element_type=\"widget\" data-widget_type=\"heading.default\">\n\t\t\t\t<div class=\"elementor-widget-container\">\n\t\t\t\t\t<p class=\"elementor-heading-title elementor-size-default\"><a href=\"\/\">Home |&nbsp;<\/a><\/p>\t\t\t\t<\/div>\n\t\t\t\t<\/div>\n\t\t\t\t<div class=\"elementor-element elementor-element-6f89d4a0 elementor-widget elementor-widget-heading\" data-id=\"6f89d4a0\" data-element_type=\"widget\" data-widget_type=\"heading.default\">\n\t\t\t\t<div class=\"elementor-widget-container\">\n\t\t\t\t\t<p class=\"elementor-heading-title elementor-size-default\">Standorte<\/p>\t\t\t\t<\/div>\n\t\t\t\t<\/div>\n\t\t\t\t\t<\/div>\n\t\t<\/div>\n\t\t\t\t\t<\/div>\n\t\t<\/section>\n\t\t\t\t<div class=\"elementor-element elementor-element-4c1950c2 elementor-widget elementor-widget-heading\" data-id=\"4c1950c2\" data-element_type=\"widget\" data-widget_type=\"heading.default\">\n\t\t\t\t<div class=\"elementor-widget-container\">\n\t\t\t\t\t<h1 class=\"elementor-heading-title elementor-size-default\">Unsere Standorte<\/h1>\t\t\t\t<\/div>\n\t\t\t\t<\/div>\n\t\t\t\t\t<\/div>\n\t\t<\/div>\n\t\t\t\t<div class=\"elementor-column elementor-col-50 elementor-top-column elementor-element elementor-element-19b01abe\" data-id=\"19b01abe\" data-element_type=\"column\">\n\t\t\t<div class=\"elementor-widget-wrap\">\n\t\t\t\t\t\t\t<\/div>\n\t\t<\/div>\n\t\t\t\t\t<\/div>\n\t\t<\/section>\n\t\t\t\t<section class=\"elementor-section elementor-top-section elementor-element elementor-element-39feaac elementor-section-boxed elementor-section-height-default elementor-section-height-default\" data-id=\"39feaac\" data-element_type=\"section\" data-settings=\"{&quot;background_background&quot;:&quot;classic&quot;}\">\n\t\t\t\t\t\t<div class=\"elementor-container elementor-column-gap-default\">\n\t\t\t\t\t<div class=\"elementor-column elementor-col-100 elementor-top-column elementor-element elementor-element-29aa380a\" data-id=\"29aa380a\" data-element_type=\"column\">\n\t\t\t<div class=\"elementor-widget-wrap elementor-element-populated\">\n\t\t\t\t\t\t<div class=\"elementor-element elementor-element-5b8c465f elementor-widget elementor-widget-locations-card-grid\" data-id=\"5b8c465f\" data-element_type=\"widget\" data-widget_type=\"locations-card-grid.default\">\n\t\t\t\t<div class=\"elementor-widget-container\">\n\t\t\t\t\t\t \t<div \n\t \t\tclass=\"locations-card-grid-container\" \n \t\t>   \n\n\t\t\t\t  <div class=\"locations-grid\" style=\"opacity: 0;\">\n\n\t\t  \t<div class=\"locations-grid-sizer\"><\/div>\n\t\t    \t\n\t\t        \t<div class=\"locations-grid-item\">\n\t        \t\t\t<a class=\"location-link\" href=\"https:\/\/www.tpa-group.pl\/de\/locations\/katowice\/\">\n\t\t        \t\t\t        \t\t\t\t\t\t<p class=\"main-category\">Katowice<\/p>\n\t        \t\t\t\t\t\t\t        \t\t\t\t\t        \t\t<div class=\"img-container\">\n\t\t\t        \t\t\t<img decoding=\"async\" class=\"post-image\" src=\"https:\/\/www.tpa-group.pl\/app\/uploads\/sites\/8\/2024\/06\/lJzUvVEqiQLq9P0uiBvp3etHldSyvqwMLP95zqc7CVYwHohLGaStMpJ6D3mZ_dl-tower-02jpg-image1000x_.jpg\" alt=\"Katowice\">\n\t\t\t        \t\t<\/div>\n\t\t        \t\t<\/a>\n\t        \t\t\t\t\t\t        \t\t\t\t<div class=\"post-content-wrapper\">\n\t\t\t\t\t        \t\t<div class=\"content-container\">\n\t\t\t\t\t        \t\t\t\n\t\t\t        \t\t\t\t\t\t<a href=\"https:\/\/www.tpa-group.pl\/de\/locations\/katowice\/\">\n\t\t\t\t\t        \t\t\t\t\t<h5 class=\"post-title\">Katowice<\/h5>\n\t\t\t\t\t        \t\t\t\t<\/a>\n\t\t                    \t\t\t\t\t                    \t\t\t<div class=\"location-email-container\">\n                    \t\t\t\t\t\t<a href=\"mailto:office@tpa-group.pl\">\n\t\t\t                    \t\t\t\t<i aria-hidden=\"true\" class=\"fa6s fa6s-solid-envelope\"><\/i>\n\t\t\t                    \t\t\t\t<p>office@tpa-group.pl<\/p>\n\t\t                    \t\t\t\t<\/a>\n\t\t                    \t\t\t<\/div>\n\t\t\t\t\t\t\t\t\t\t\n\t\t                    \t\t\t<div class=\"location-telephone-container\">\n\t\t                    \t\t\t\t<a href=\"tel:+48 32 732 00 00\">\n\t\t\t                    \t\t\t\t<i aria-hidden=\"true\" class=\"fa6s fa6s-solid-phone\"><\/i>\n\t\t\t\t\t\t\t\t\t\t\t\t<p>+48 32 732 00 00<\/p>\n\t\t\t\t\t\t\t\t\t\t\t<\/a>\n\t\t                    \t\t\t<\/div>\n\t\t\t\t\t\t\t\t\t\t\n\t\t                    \t\t\t<div class=\"location-address-container\">\n\t\t                    \t\t\t\t<i aria-hidden=\"true\" class=\"fa6s fa6s-solid-location-dot\"><\/i>\n\t\t\t\t\t\t\t\t\t\t\t<p>Al. W. Korfantego 138A, 40-156 Katowice<\/p>\n\t\t                    \t\t\t<\/div>\n\t\t\t\t\t\t\t\t\t\t<br>\n\t\t\t\t\t\t\t\t\t\t\t\t\t\t\t\t\t\t\t\t\t<div class=\"location-working-hours-container\">\n\t\t                    \t\t\t\t<i aria-hidden=\"true\" class=\"fa6s fa6s-solid-clock\"><\/i>\n\t\t\t\t\t\t\t\t\t\t\t\t\t\t\t\t\t\t\t\t\t        <div class=\"working-hours-row\">\n\t\t\t\t\t\t\t\t\t\t        \t<p class=\"working-days\">Mo - Fr<\/p>\n\t\t\t\t\t\t\t\t\t\t        \t<p class=\"working-hours\">8:00 - 17:00<\/p>\n\t\t\t\t\t\t\t\t\t\t        <\/div>\n\t\t\t\t\t\t\t\t\t        \t\t\t\t\t\t\t\t\t\t\t\t<\/div>\n\t\t\t\t\t\t\t\t\t    \n\t        \t\t\t\t\t\t\t<a href=\"https:\/\/www.tpa-group.pl\/de\/locations\/katowice\/\">\n\t\t\t        \t\t\t\t\t\t<div class=\"btn-arrow\" style=\"background-image: url('https:\/\/www.tpa-group.pl\/app\/plugins\/ovos-elementor-widgets\/widgets\/locations-card-grid-widget\/img\/button-arrow-right-long.svg')\"><\/div>\n\t\t\t        \t\t\t\t\t<\/a>\n\t\t\t\t\t        \t\t<\/div>\n\t\t\t\t        \t\t<\/div>\n\t        \t\t\t\t\t\t        \t<\/div>\n\t\t        \t\n\t\t        \t<div class=\"locations-grid-item\">\n\t        \t\t\t<a class=\"location-link\" href=\"https:\/\/www.tpa-group.pl\/de\/locations\/poznan\/\">\n\t\t        \t\t\t        \t\t\t\t\t\t<p class=\"main-category\">Pozna\u0144<\/p>\n\t        \t\t\t\t\t\t\t        \t\t\t\t\t        \t\t<div class=\"img-container\">\n\t\t\t        \t\t\t<img decoding=\"async\" class=\"post-image\" src=\"https:\/\/www.tpa-group.pl\/app\/uploads\/sites\/8\/2024\/06\/mlynska_front.jpg\" alt=\"Pozna\u0144\">\n\t\t\t        \t\t<\/div>\n\t\t        \t\t<\/a>\n\t        \t\t\t\t\t\t        \t\t\t\t<div class=\"post-content-wrapper\">\n\t\t\t\t\t        \t\t<div class=\"content-container\">\n\t\t\t\t\t        \t\t\t\n\t\t\t        \t\t\t\t\t\t<a href=\"https:\/\/www.tpa-group.pl\/de\/locations\/poznan\/\">\n\t\t\t\t\t        \t\t\t\t\t<h5 class=\"post-title\">Pozna\u0144<\/h5>\n\t\t\t\t\t        \t\t\t\t<\/a>\n\t\t                    \t\t\t\t\t                    \t\t\t<div class=\"location-email-container\">\n                    \t\t\t\t\t\t<a href=\"mailto:office@tpa-group.pl\">\n\t\t\t                    \t\t\t\t<i aria-hidden=\"true\" class=\"fa6s fa6s-solid-envelope\"><\/i>\n\t\t\t                    \t\t\t\t<p>office@tpa-group.pl<\/p>\n\t\t                    \t\t\t\t<\/a>\n\t\t                    \t\t\t<\/div>\n\t\t\t\t\t\t\t\t\t\t\n\t\t                    \t\t\t<div class=\"location-telephone-container\">\n\t\t                    \t\t\t\t<a href=\"tel:+48 61 630 05 00\">\n\t\t\t                    \t\t\t\t<i aria-hidden=\"true\" class=\"fa6s fa6s-solid-phone\"><\/i>\n\t\t\t\t\t\t\t\t\t\t\t\t<p>+48 61 630 05 00<\/p>\n\t\t\t\t\t\t\t\t\t\t\t<\/a>\n\t\t                    \t\t\t<\/div>\n\t\t\t\t\t\t\t\t\t\t\n\t\t                    \t\t\t<div class=\"location-address-container\">\n\t\t                    \t\t\t\t<i aria-hidden=\"true\" class=\"fa6s fa6s-solid-location-dot\"><\/i>\n\t\t\t\t\t\t\t\t\t\t\t<p>M\u0142y\u0144ska 12, 61-730 Pozna\u0144<\/p>\n\t\t                    \t\t\t<\/div>\n\t\t\t\t\t\t\t\t\t\t<br>\n\t\t\t\t\t\t\t\t\t\t\t\t\t\t\t\t\t\t\t\t\t<div class=\"location-working-hours-container\">\n\t\t                    \t\t\t\t<i aria-hidden=\"true\" class=\"fa6s fa6s-solid-clock\"><\/i>\n\t\t\t\t\t\t\t\t\t\t\t\t\t\t\t\t\t\t\t\t\t        <div class=\"working-hours-row\">\n\t\t\t\t\t\t\t\t\t\t        \t<p class=\"working-days\">Mo - Fr<\/p>\n\t\t\t\t\t\t\t\t\t\t        \t<p class=\"working-hours\">8:00 - 17:00<\/p>\n\t\t\t\t\t\t\t\t\t\t        <\/div>\n\t\t\t\t\t\t\t\t\t        \t\t\t\t\t\t\t\t\t\t\t\t<\/div>\n\t\t\t\t\t\t\t\t\t    \n\t        \t\t\t\t\t\t\t<a href=\"https:\/\/www.tpa-group.pl\/de\/locations\/poznan\/\">\n\t\t\t        \t\t\t\t\t\t<div class=\"btn-arrow\" style=\"background-image: url('https:\/\/www.tpa-group.pl\/app\/plugins\/ovos-elementor-widgets\/widgets\/locations-card-grid-widget\/img\/button-arrow-right-long.svg')\"><\/div>\n\t\t\t        \t\t\t\t\t<\/a>\n\t\t\t\t\t        \t\t<\/div>\n\t\t\t\t        \t\t<\/div>\n\t        \t\t\t\t\t\t        \t<\/div>\n\t\t        \t\n\t\t        \t<div class=\"locations-grid-item\">\n\t        \t\t\t<a class=\"location-link\" href=\"https:\/\/www.tpa-group.pl\/de\/locations\/warschau\/\">\n\t\t        \t\t\t        \t\t\t\t\t\t<p class=\"main-category\">Warschau<\/p>\n\t        \t\t\t\t\t\t\t        \t\t\t\t\t        \t\t<div class=\"img-container\">\n\t\t\t        \t\t\t<img decoding=\"async\" class=\"post-image\" src=\"https:\/\/www.tpa-group.pl\/app\/uploads\/sites\/8\/2024\/06\/Wola-Center_3.webp\" alt=\"Warschau\">\n\t\t\t        \t\t<\/div>\n\t\t        \t\t<\/a>\n\t        \t\t\t\t\t\t        \t\t\t\t<div class=\"post-content-wrapper\">\n\t\t\t\t\t        \t\t<div class=\"content-container\">\n\t\t\t\t\t        \t\t\t\n\t\t\t        \t\t\t\t\t\t<a href=\"https:\/\/www.tpa-group.pl\/de\/locations\/warschau\/\">\n\t\t\t\t\t        \t\t\t\t\t<h5 class=\"post-title\">Warschau<\/h5>\n\t\t\t\t\t        \t\t\t\t<\/a>\n\t\t                    \t\t\t\t\t                    \t\t\t<div class=\"location-email-container\">\n                    \t\t\t\t\t\t<a href=\"mailto:office@tpa-group.pl\">\n\t\t\t                    \t\t\t\t<i aria-hidden=\"true\" class=\"fa6s fa6s-solid-envelope\"><\/i>\n\t\t\t                    \t\t\t\t<p>office@tpa-group.pl<\/p>\n\t\t                    \t\t\t\t<\/a>\n\t\t                    \t\t\t<\/div>\n\t\t\t\t\t\t\t\t\t\t\n\t\t                    \t\t\t<div class=\"location-telephone-container\">\n\t\t                    \t\t\t\t<a href=\"tel:+ 48 22 647 97 00\">\n\t\t\t                    \t\t\t\t<i aria-hidden=\"true\" class=\"fa6s fa6s-solid-phone\"><\/i>\n\t\t\t\t\t\t\t\t\t\t\t\t<p>+ 48 22 647 97 00<\/p>\n\t\t\t\t\t\t\t\t\t\t\t<\/a>\n\t\t                    \t\t\t<\/div>\n\t\t\t\t\t\t\t\t\t\t\n\t\t                    \t\t\t<div class=\"location-address-container\">\n\t\t                    \t\t\t\t<i aria-hidden=\"true\" class=\"fa6s fa6s-solid-location-dot\"><\/i>\n\t\t\t\t\t\t\t\t\t\t\t<p>Przyokopowa 33, 01-208 Warschau<\/p>\n\t\t                    \t\t\t<\/div>\n\t\t\t\t\t\t\t\t\t\t<br>\n\t\t\t\t\t\t\t\t\t\t\t\t\t\t\t\t\t\t\t\t\t<div class=\"location-working-hours-container\">\n\t\t                    \t\t\t\t<i aria-hidden=\"true\" class=\"fa6s fa6s-solid-clock\"><\/i>\n\t\t\t\t\t\t\t\t\t\t\t\t\t\t\t\t\t\t\t\t\t        <div class=\"working-hours-row\">\n\t\t\t\t\t\t\t\t\t\t        \t<p class=\"working-days\">Mo - Fr<\/p>\n\t\t\t\t\t\t\t\t\t\t        \t<p class=\"working-hours\">8:00 - 17:00<\/p>\n\t\t\t\t\t\t\t\t\t\t        <\/div>\n\t\t\t\t\t\t\t\t\t        \t\t\t\t\t\t\t\t\t\t\t\t<\/div>\n\t\t\t\t\t\t\t\t\t    \n\t        \t\t\t\t\t\t\t<a href=\"https:\/\/www.tpa-group.pl\/de\/locations\/warschau\/\">\n\t\t\t        \t\t\t\t\t\t<div class=\"btn-arrow\" style=\"background-image: url('https:\/\/www.tpa-group.pl\/app\/plugins\/ovos-elementor-widgets\/widgets\/locations-card-grid-widget\/img\/button-arrow-right-long.svg')\"><\/div>\n\t\t\t        \t\t\t\t\t<\/a>\n\t\t\t\t\t        \t\t<\/div>\n\t\t\t\t        \t\t<\/div>\n\t        \t\t\t\t\t\t        \t<\/div>\n\t\t        \t\t  <\/div>\n\t\t  \t\t\t\t\n\t \t<\/div>\n\t\t\t\t\t\t<\/div>\n\t\t\t\t<\/div>\n\t\t\t\t\t<\/div>\n\t\t<\/div>\n\t\t\t\t\t<\/div>\n\t\t<\/section>\n\t\t\t\t<\/div>\n\t\t","protected":false},"excerpt":{"rendered":"<p>Home |&nbsp; Standorte Unsere Standorte Katowice Katowice office@tpa-group.pl +48 32 732 00 00 Al. W. Korfantego 138A, 40-156 Katowice Pon &#8211; Pt 8:00 &#8211; 17:00 Pozna\u0144 Pozna\u0144 office@tpa-group.pl +48 61 630 05 00 M\u0142y\u0144ska 12, 61-730 Pozna\u0144 Pon &#8211; Pt 8:00 &#8211; 17:00 Warszawa Warszawa office@tpa-group.pl + 48 22 647 97 00 Przyokopowa 33, 01-208 [&hellip;]<\/p>\n","protected":false},"author":1,"featured_media":0,"parent":0,"menu_order":0,"comment_status":"closed","ping_status":"closed","template":"elementor_header_footer","meta":{"_acf_changed":false,"footnotes":""},"class_list":["post-4289","page","type-page","status-publish","hentry"],"acf":[],"yoast_head":"<!-- This site is optimized with the Yoast SEO plugin v26.0 - https:\/\/yoast.com\/wordpress\/plugins\/seo\/ -->\n<title>Unsere Standorte - TPA Poland<\/title>\n<meta name=\"robots\" content=\"index, follow, max-snippet:-1, max-image-preview:large, max-video-preview:-1\" \/>\n<link rel=\"canonical\" href=\"https:\/\/www.tpa-group.pl\/de\/unsere-standorte\/\" \/>\n<meta property=\"og:locale\" content=\"de_DE\" \/>\n<meta property=\"og:type\" content=\"article\" \/>\n<meta property=\"og:title\" content=\"Unsere Standorte - TPA Poland\" \/>\n<meta property=\"og:description\" content=\"Home |&nbsp; Standorte Unsere Standorte Katowice Katowice office@tpa-group.pl +48 32 732 00 00 Al. W. Korfantego 138A, 40-156 Katowice Pon &#8211; Pt 8:00 &#8211; 17:00 Pozna\u0144 Pozna\u0144 office@tpa-group.pl +48 61 630 05 00 M\u0142y\u0144ska 12, 61-730 Pozna\u0144 Pon &#8211; Pt 8:00 &#8211; 17:00 Warszawa Warszawa office@tpa-group.pl + 48 22 647 97 00 Przyokopowa 33, 01-208 [&hellip;]\" \/>\n<meta property=\"og:url\" content=\"https:\/\/www.tpa-group.pl\/de\/unsere-standorte\/\" \/>\n<meta property=\"og:site_name\" content=\"TPA Poland\" \/>\n<meta property=\"article:modified_time\" content=\"2024-12-18T11:31:50+00:00\" \/>\n<meta property=\"og:image\" content=\"https:\/\/www.tpa-group.pl\/app\/uploads\/sites\/8\/2024\/06\/lJzUvVEqiQLq9P0uiBvp3etHldSyvqwMLP95zqc7CVYwHohLGaStMpJ6D3mZ_dl-tower-02jpg-image1000x_.jpg\" \/>\n<meta name=\"twitter:card\" content=\"summary_large_image\" \/>\n<meta name=\"twitter:label1\" content=\"Est. reading time\" \/>\n\t<meta name=\"twitter:data1\" content=\"1 Minute\" \/>\n<script type=\"application\/ld+json\" class=\"yoast-schema-graph\">{\"@context\":\"https:\/\/schema.org\",\"@graph\":[{\"@type\":\"WebPage\",\"@id\":\"https:\/\/www.tpa-group.pl\/de\/unsere-standorte\/\",\"url\":\"https:\/\/www.tpa-group.pl\/de\/unsere-standorte\/\",\"name\":\"Unsere Standorte - TPA Poland\",\"isPartOf\":{\"@id\":\"https:\/\/www.tpa-group.pl\/de\/#website\"},\"primaryImageOfPage\":{\"@id\":\"https:\/\/www.tpa-group.pl\/de\/unsere-standorte\/#primaryimage\"},\"image\":{\"@id\":\"https:\/\/www.tpa-group.pl\/de\/unsere-standorte\/#primaryimage\"},\"thumbnailUrl\":\"https:\/\/www.tpa-group.pl\/app\/uploads\/sites\/8\/2024\/06\/lJzUvVEqiQLq9P0uiBvp3etHldSyvqwMLP95zqc7CVYwHohLGaStMpJ6D3mZ_dl-tower-02jpg-image1000x_.jpg\",\"datePublished\":\"2023-08-23T06:49:37+00:00\",\"dateModified\":\"2024-12-18T11:31:50+00:00\",\"breadcrumb\":{\"@id\":\"https:\/\/www.tpa-group.pl\/de\/unsere-standorte\/#breadcrumb\"},\"inLanguage\":\"de-DE\",\"potentialAction\":[{\"@type\":\"ReadAction\",\"target\":[\"https:\/\/www.tpa-group.pl\/de\/unsere-standorte\/\"]}]},{\"@type\":\"ImageObject\",\"inLanguage\":\"de-DE\",\"@id\":\"https:\/\/www.tpa-group.pl\/de\/unsere-standorte\/#primaryimage\",\"url\":\"https:\/\/www.tpa-group.pl\/app\/uploads\/sites\/8\/2024\/06\/lJzUvVEqiQLq9P0uiBvp3etHldSyvqwMLP95zqc7CVYwHohLGaStMpJ6D3mZ_dl-tower-02jpg-image1000x_.jpg\",\"contentUrl\":\"https:\/\/www.tpa-group.pl\/app\/uploads\/sites\/8\/2024\/06\/lJzUvVEqiQLq9P0uiBvp3etHldSyvqwMLP95zqc7CVYwHohLGaStMpJ6D3mZ_dl-tower-02jpg-image1000x_.jpg\"},{\"@type\":\"BreadcrumbList\",\"@id\":\"https:\/\/www.tpa-group.pl\/de\/unsere-standorte\/#breadcrumb\",\"itemListElement\":[{\"@type\":\"ListItem\",\"position\":1,\"name\":\"Home\",\"item\":\"https:\/\/www.tpa-group.pl\/de\/\"},{\"@type\":\"ListItem\",\"position\":2,\"name\":\"Unsere Standorte\"}]},{\"@type\":\"WebSite\",\"@id\":\"https:\/\/www.tpa-group.pl\/de\/#website\",\"url\":\"https:\/\/www.tpa-group.pl\/de\/\",\"name\":\"TPA Poland\",\"description\":\"\",\"publisher\":{\"@id\":\"https:\/\/www.tpa-group.pl\/de\/#organization\"},\"potentialAction\":[{\"@type\":\"SearchAction\",\"target\":{\"@type\":\"EntryPoint\",\"urlTemplate\":\"https:\/\/www.tpa-group.pl\/de\/?s={search_term_string}\"},\"query-input\":{\"@type\":\"PropertyValueSpecification\",\"valueRequired\":true,\"valueName\":\"search_term_string\"}}],\"inLanguage\":\"de-DE\"},{\"@type\":\"Organization\",\"@id\":\"https:\/\/www.tpa-group.pl\/de\/#organization\",\"name\":\"TPA Poland\",\"url\":\"https:\/\/www.tpa-group.pl\/de\/\",\"logo\":{\"@type\":\"ImageObject\",\"inLanguage\":\"de-DE\",\"@id\":\"https:\/\/www.tpa-group.pl\/de\/#\/schema\/logo\/image\/\",\"url\":\"https:\/\/www.tpa-group.pl\/app\/uploads\/sites\/8\/2023\/03\/tpa-logo.svg\",\"contentUrl\":\"https:\/\/www.tpa-group.pl\/app\/uploads\/sites\/8\/2023\/03\/tpa-logo.svg\",\"width\":110,\"height\":93,\"caption\":\"TPA Poland\"},\"image\":{\"@id\":\"https:\/\/www.tpa-group.pl\/de\/#\/schema\/logo\/image\/\"}}]}<\/script>\n<!-- \/ Yoast SEO plugin. -->","yoast_head_json":{"title":"Unsere Standorte - TPA Poland","robots":{"index":"index","follow":"follow","max-snippet":"max-snippet:-1","max-image-preview":"max-image-preview:large","max-video-preview":"max-video-preview:-1"},"canonical":"https:\/\/www.tpa-group.pl\/de\/unsere-standorte\/","og_locale":"de_DE","og_type":"article","og_title":"Unsere Standorte - TPA Poland","og_description":"Home |&nbsp; Standorte Unsere Standorte Katowice Katowice office@tpa-group.pl +48 32 732 00 00 Al. W. Korfantego 138A, 40-156 Katowice Pon &#8211; Pt 8:00 &#8211; 17:00 Pozna\u0144 Pozna\u0144 office@tpa-group.pl +48 61 630 05 00 M\u0142y\u0144ska 12, 61-730 Pozna\u0144 Pon &#8211; Pt 8:00 &#8211; 17:00 Warszawa Warszawa office@tpa-group.pl + 48 22 647 97 00 Przyokopowa 33, 01-208 [&hellip;]","og_url":"https:\/\/www.tpa-group.pl\/de\/unsere-standorte\/","og_site_name":"TPA Poland","article_modified_time":"2024-12-18T11:31:50+00:00","og_image":[{"url":"https:\/\/www.tpa-group.pl\/app\/uploads\/sites\/8\/2024\/06\/lJzUvVEqiQLq9P0uiBvp3etHldSyvqwMLP95zqc7CVYwHohLGaStMpJ6D3mZ_dl-tower-02jpg-image1000x_.jpg","type":"","width":"","height":""}],"twitter_card":"summary_large_image","twitter_misc":{"Est. reading time":"1 Minute"},"schema":{"@context":"https:\/\/schema.org","@graph":[{"@type":"WebPage","@id":"https:\/\/www.tpa-group.pl\/de\/unsere-standorte\/","url":"https:\/\/www.tpa-group.pl\/de\/unsere-standorte\/","name":"Unsere Standorte - TPA Poland","isPartOf":{"@id":"https:\/\/www.tpa-group.pl\/de\/#website"},"primaryImageOfPage":{"@id":"https:\/\/www.tpa-group.pl\/de\/unsere-standorte\/#primaryimage"},"image":{"@id":"https:\/\/www.tpa-group.pl\/de\/unsere-standorte\/#primaryimage"},"thumbnailUrl":"https:\/\/www.tpa-group.pl\/app\/uploads\/sites\/8\/2024\/06\/lJzUvVEqiQLq9P0uiBvp3etHldSyvqwMLP95zqc7CVYwHohLGaStMpJ6D3mZ_dl-tower-02jpg-image1000x_.jpg","datePublished":"2023-08-23T06:49:37+00:00","dateModified":"2024-12-18T11:31:50+00:00","breadcrumb":{"@id":"https:\/\/www.tpa-group.pl\/de\/unsere-standorte\/#breadcrumb"},"inLanguage":"de-DE","potentialAction":[{"@type":"ReadAction","target":["https:\/\/www.tpa-group.pl\/de\/unsere-standorte\/"]}]},{"@type":"ImageObject","inLanguage":"de-DE","@id":"https:\/\/www.tpa-group.pl\/de\/unsere-standorte\/#primaryimage","url":"https:\/\/www.tpa-group.pl\/app\/uploads\/sites\/8\/2024\/06\/lJzUvVEqiQLq9P0uiBvp3etHldSyvqwMLP95zqc7CVYwHohLGaStMpJ6D3mZ_dl-tower-02jpg-image1000x_.jpg","contentUrl":"https:\/\/www.tpa-group.pl\/app\/uploads\/sites\/8\/2024\/06\/lJzUvVEqiQLq9P0uiBvp3etHldSyvqwMLP95zqc7CVYwHohLGaStMpJ6D3mZ_dl-tower-02jpg-image1000x_.jpg"},{"@type":"BreadcrumbList","@id":"https:\/\/www.tpa-group.pl\/de\/unsere-standorte\/#breadcrumb","itemListElement":[{"@type":"ListItem","position":1,"name":"Home","item":"https:\/\/www.tpa-group.pl\/de\/"},{"@type":"ListItem","position":2,"name":"Unsere Standorte"}]},{"@type":"WebSite","@id":"https:\/\/www.tpa-group.pl\/de\/#website","url":"https:\/\/www.tpa-group.pl\/de\/","name":"TPA Poland","description":"","publisher":{"@id":"https:\/\/www.tpa-group.pl\/de\/#organization"},"potentialAction":[{"@type":"SearchAction","target":{"@type":"EntryPoint","urlTemplate":"https:\/\/www.tpa-group.pl\/de\/?s={search_term_string}"},"query-input":{"@type":"PropertyValueSpecification","valueRequired":true,"valueName":"search_term_string"}}],"inLanguage":"de-DE"},{"@type":"Organization","@id":"https:\/\/www.tpa-group.pl\/de\/#organization","name":"TPA Poland","url":"https:\/\/www.tpa-group.pl\/de\/","logo":{"@type":"ImageObject","inLanguage":"de-DE","@id":"https:\/\/www.tpa-group.pl\/de\/#\/schema\/logo\/image\/","url":"https:\/\/www.tpa-group.pl\/app\/uploads\/sites\/8\/2023\/03\/tpa-logo.svg","contentUrl":"https:\/\/www.tpa-group.pl\/app\/uploads\/sites\/8\/2023\/03\/tpa-logo.svg","width":110,"height":93,"caption":"TPA Poland"},"image":{"@id":"https:\/\/www.tpa-group.pl\/de\/#\/schema\/logo\/image\/"}}]}},"_links":{"self":[{"href":"https:\/\/www.tpa-group.pl\/de\/wp-json\/wp\/v2\/pages\/4289","targetHints":{"allow":["GET"]}}],"collection":[{"href":"https:\/\/www.tpa-group.pl\/de\/wp-json\/wp\/v2\/pages"}],"about":[{"href":"https:\/\/www.tpa-group.pl\/de\/wp-json\/wp\/v2\/types\/page"}],"author":[{"embeddable":true,"href":"https:\/\/www.tpa-group.pl\/de\/wp-json\/wp\/v2\/users\/1"}],"replies":[{"embeddable":true,"href":"https:\/\/www.tpa-group.pl\/de\/wp-json\/wp\/v2\/comments?post=4289"}],"version-history":[{"count":5,"href":"https:\/\/www.tpa-group.pl\/de\/wp-json\/wp\/v2\/pages\/4289\/revisions"}],"predecessor-version":[{"id":6937,"href":"https:\/\/www.tpa-group.pl\/de\/wp-json\/wp\/v2\/pages\/4289\/revisions\/6937"}],"wp:attachment":[{"href":"https:\/\/www.tpa-group.pl\/de\/wp-json\/wp\/v2\/media?parent=4289"}],"curies":[{"name":"wp","href":"https:\/\/api.w.org\/{rel}","templated":true}]}}