{"id":5279,"date":"2024-12-11T18:01:07","date_gmt":"2024-12-11T18:01:07","guid":{"rendered":"https:\/\/www.tpa-group.pl\/der-inhalt-der-vereinbarung-die-vereinbarung-aus-der-vereinbarung-ueber-die-gemeinsame-verwaltung-personenbezogener-daten-in-der-unternehmensgruppe\/"},"modified":"2025-01-02T13:14:16","modified_gmt":"2025-01-02T13:14:16","slug":"der-inhalt-der-vereinbarung-die-vereinbarung-aus-der-vereinbarung-ueber-die-gemeinsame-verwaltung-personenbezogener-daten-in-der-unternehmensgruppe","status":"publish","type":"page","link":"https:\/\/www.tpa-group.pl\/de\/der-inhalt-der-vereinbarung-die-vereinbarung-aus-der-vereinbarung-ueber-die-gemeinsame-verwaltung-personenbezogener-daten-in-der-unternehmensgruppe\/","title":{"rendered":"Der Inhalt der Vereinbarung \u2013 die Vereinbarung aus der Vereinbarung \u00fcber die gemeinsame Verwaltung personenbezogener Daten in der Unternehmensgruppe"},"content":{"rendered":"\t\t<div data-elementor-type=\"wp-page\" data-elementor-id=\"5279\" class=\"elementor elementor-5279 elementor-5272\" data-elementor-post-type=\"page\">\n\t\t\t\t\t\t<section class=\"elementor-section elementor-top-section elementor-element elementor-element-265bc300 hero-banner elementor-section-boxed elementor-section-height-default elementor-section-height-default\" data-id=\"265bc300\" data-element_type=\"section\" data-settings=\"{&quot;background_background&quot;:&quot;classic&quot;}\">\n\t\t\t\t\t\t<div class=\"elementor-container elementor-column-gap-default\">\n\t\t\t\t\t<div class=\"elementor-column elementor-col-50 elementor-top-column elementor-element elementor-element-50ad9c2f\" data-id=\"50ad9c2f\" data-element_type=\"column\">\n\t\t\t<div class=\"elementor-widget-wrap elementor-element-populated\">\n\t\t\t\t\t\t<section class=\"elementor-section elementor-inner-section elementor-element elementor-element-70ade610 hero-banner-breadcrumbs-container elementor-section-boxed elementor-section-height-default elementor-section-height-default\" data-id=\"70ade610\" data-element_type=\"section\">\n\t\t\t\t\t\t<div class=\"elementor-container elementor-column-gap-default\">\n\t\t\t\t\t<div class=\"elementor-column elementor-col-100 elementor-inner-column elementor-element elementor-element-17dc7b19\" data-id=\"17dc7b19\" data-element_type=\"column\">\n\t\t\t<div class=\"elementor-widget-wrap elementor-element-populated\">\n\t\t\t\t\t\t<div class=\"elementor-element elementor-element-7c2ac75f elementor-widget elementor-widget-heading\" data-id=\"7c2ac75f\" data-element_type=\"widget\" data-widget_type=\"heading.default\">\n\t\t\t\t<div class=\"elementor-widget-container\">\n\t\t\t\t\t<p class=\"elementor-heading-title elementor-size-default\"><a href=\"\/\">Home |&nbsp;<\/a><\/p>\t\t\t\t<\/div>\n\t\t\t\t<\/div>\n\t\t\t\t<div class=\"elementor-element elementor-element-7f427720 elementor-widget elementor-widget-heading\" data-id=\"7f427720\" data-element_type=\"widget\" data-widget_type=\"heading.default\">\n\t\t\t\t<div class=\"elementor-widget-container\">\n\t\t\t\t\t<p class=\"elementor-heading-title elementor-size-default\">Mitverwaltung von personenbezogenen Daten\n<\/p>\t\t\t\t<\/div>\n\t\t\t\t<\/div>\n\t\t\t\t\t<\/div>\n\t\t<\/div>\n\t\t\t\t\t<\/div>\n\t\t<\/section>\n\t\t\t\t<div class=\"elementor-element elementor-element-4a03c214 elementor-widget elementor-widget-heading\" data-id=\"4a03c214\" data-element_type=\"widget\" data-widget_type=\"heading.default\">\n\t\t\t\t<div class=\"elementor-widget-container\">\n\t\t\t\t\t<h1 class=\"elementor-heading-title elementor-size-default\">Der Inhalt der Vereinbarung \u2013 die Vereinbarung aus der Vereinbarung \u00fcber die gemeinsame Verwaltung personenbezogener Daten in der Unternehmensgruppe<\/h1>\t\t\t\t<\/div>\n\t\t\t\t<\/div>\n\t\t\t\t\t<\/div>\n\t\t<\/div>\n\t\t\t\t<div class=\"elementor-column elementor-col-50 elementor-top-column elementor-element elementor-element-175e6d6a\" data-id=\"175e6d6a\" data-element_type=\"column\">\n\t\t\t<div class=\"elementor-widget-wrap\">\n\t\t\t\t\t\t\t<\/div>\n\t\t<\/div>\n\t\t\t\t\t<\/div>\n\t\t<\/section>\n\t\t<div class=\"elementor-element elementor-element-afc11f1 page-content-container e-flex e-con-boxed e-con e-parent\" data-id=\"afc11f1\" data-element_type=\"container\" data-settings=\"{&quot;background_background&quot;:&quot;classic&quot;}\">\n\t\t\t\t\t<div class=\"e-con-inner\">\n\t\t\t\t<div class=\"elementor-element elementor-element-f901b57 elementor-widget elementor-widget-text-editor\" data-id=\"f901b57\" data-element_type=\"widget\" data-widget_type=\"text-editor.default\">\n\t\t\t\t<div class=\"elementor-widget-container\">\n\t\t\t\t\t\t\t\t\t<p>Wir d\u00fcrfen Ihnen mitteilen, dass zwischen der:<\/p>\n<p>TPA Sp. z o.o. Sp. k., ul. M\u0142y\u0144ska 12, 61-730 Pozna\u0144, NIP 7781432033 REGON 300184858, Landesgerichtsregister beim Amtsgericht Pozna\u0144 \u2013 Nowe Miasto i Wilda, VIII Abteilung f\u00fcr Wirtschaftssachen des Landesgerichtsregisters KRS 0000671994, im Folgenden \u201eKoordinierende Verantwortliche\u201d genannt,<\/p>\n<p>und den unten genannten Gesellschaften, im Folgenden Gemeinsam Verantwortliche genannt:<\/p>\n<ol>\n<li>TPA Management Sp. z o.o.&nbsp; ul. M\u0142y\u0144ska 12, NIP 1070010139, REGON: 141252235, Landesgerichtsregister beim Amtsgericht Pozna\u0144 \u2013 Nowe Miasto i Wilda, VIII Abteilung f\u00fcr Wirtschaftssachen des Landesgerichtsregisters KRS 0000293747, Stammkapital von 50.000,00 PLN, voll eingezahlt<\/li>\n<li><span style=\"background-color: transparent; color: var( --e-global-color-text ); text-align: var(--text-align);\">Baker Tilly Gajda Legal Sp. k. | ul. M\u0142y\u0144ska 12 | 61-730 Pozna\u0144, NIP 7831753177, REGON 366428591, Amtsgericht f\u00fcr die Hauptstadt Warszawa, Warszawa, XII Abteilung f\u00fcr Wirtschaftssachen des Landesgerichtsregisters KRS 0000660736<\/span><\/li>\n<li>Baker Tilly TPA Sp. z o.o., ul. M\u0142y\u0144ska 12, 61-730 Pozna\u0144, NIP 1070018709, REGON 142798338, Amtsgericht Pozna\u0144 \u2013 Nowe Miasto i Wilda in Pozna\u0144, VIII Abteilung f\u00fcr Wirtschaftssachen des Landesgerichtsregisters KRS 0000377626<\/li>\n<li>Digital TPA Sp. z o.o. Sp.k. | ul. M\u0142y\u0144ska 12 | 61-730 Pozna\u0144 | Steuernummer NIP 7831867001 | statistische Unternehmensnummer REGON 523492113 | Landesgerichtsregister beim Amtsgericht Pozna\u0144 \u2013 Nowe Miasto i Wilda, VIII. Abteilung f\u00fcr Wirtschaftssachen des Landesgerichtsregisters KRS 0000997190<\/li>\n<\/ol><div><br><\/div>\n<p>der Vertrag zur gemeinsamen Verantwortlichkeit f\u00fcr die personenbezogenen Daten im Rahmen der gef\u00fchrten Informations- und Marketingaktivit\u00e4ten abgeschlossen wurde. Das bedeutet, dass jede dieser Stellen Ihre personenbezogenen Daten f\u00fcr einen gemeinsam vereinbarten Zweck und in einem gemeinsam vereinbarten Umfang verarbeitet. Gem\u00e4\u00df dem abgeschlossenen Vertrag ist die Koordinierende Verantwortliche verantwortlich f\u00fcr:<\/p>\n<ol>\n<li>den Betrieb von Webseiten und des IT-Systems\/der IT-Systeme, die f\u00fcr Marketingaktivit\u00e4ten genutzt werden und deren Verwaltung,<\/li>\n<li>die Sicherstellung des Zugangs zum IT-System\/zu den IT-Systemen, die f\u00fcr Marketingaktivit\u00e4ten genutzt werden,<\/li>\n<li>die Absicherung des Zugangs zum IT-System\/zu den IT-Systemen, die f\u00fcr Marketingaktivit\u00e4ten genutzt werden,<\/li>\n<li>die Sicherstellung, dass der Zugang zum IT-System\/zu den IT-Systemen ausschlie\u00dflich an befugte Personen gew\u00e4hrt wird,<\/li>\n<li>die Erf\u00fcllung von Informationspflichten gem\u00e4\u00df Art. 13 und 14 DSGVO gegen\u00fcber den Datensubjekten,<\/li>\n<li>die Sicherstellung, dass die Datensubjekte die ihnen zustehenden Rechte wirksam aus\u00fcben k\u00f6nnen (Rechte der betroffenen Personen), gem\u00e4\u00df DSGVO Art. 7 und Art. von 15 bis 22 DSGVO,<\/li>\n<li>die Bestimmung, wenn es notwendig ist, den Pr\u00e4sidenten der Datenschutzbeh\u00f6rde und den Datensubjekten \u00fcber Verletzungen des Schutzes personenbezogener Daten zu benachrichtigen,<\/li>\n<li>Die Errichtung einer gemeinsamen Kontaktstelle f\u00fcr die Datensubjekte unter der vereinbarten E-Mail-Adresse:&nbsp;<a href=\"mailto:iodo@tpa-group.pl\">iodo@tpa-group.pl<\/a>,<\/li>\n<\/ol><div><br><\/div>\n<p><strong>Jeder Gemeinsam Verantwortliche ist verantwortlich f\u00fcr:<\/strong><\/p>\n<ol>\n<li>die Sicherstellung der Vertraulichkeit der Daten,<\/li>\n<li>die Sicherung, dass ausschlie\u00dflich befugte Personen den Zugang zu Daten bekommen,<\/li>\n<li>die Dokumentation des Datenschutzes,<\/li>\n<li>die Entgegennahme und Pr\u00fcfung der Antr\u00e4ge und Ersuchen, die im Zusammenhang mit dem Datenschutz gem\u00e4\u00df den internen Verfahren gestellt\/gemeldet wurden,<\/li>\n<li>die Kommunikation mit den Datensubjekten \u00fcber die sich aus der DSGVO ergebenden Berechtigungen gem\u00e4\u00df den internen Verfahren,<\/li>\n<li>die korrekte Umsetzung von Verfahren, die im Zusammenhang mit der DSGVO festgelegt wurden,<\/li>\n<li>die Benachrichtigung des Pr\u00e4sidenten der Datenschutzbeh\u00f6rde und den Datensubjekten \u00fcber Verletzungen des Schutzes personenbezogener Daten gem\u00e4\u00df den internen Verfahren,<\/li>\n<li>die Unterst\u00fctzung der Koordinierenden Gemeinsam Verantwortlichen bei allen datenschutzrechtlichen Verfahren.<\/li>\n<\/ol><div><br><\/div>\n<p>Ungeachtet der obigen Aufteilung der Pflichten ist jede der Gemeinsam f\u00fcr die Verarbeitung Verantwortlichen Ihnen gegen\u00fcber gleicherma\u00dfen f\u00fcr die ordnungsgem\u00e4\u00dfe und rechtm\u00e4\u00dfige Verarbeitung Ihrer personenbezogenen Daten verantwortlich.<\/p>\n<p>Sie k\u00f6nnen Ihre Rechte in Bezug auf Ihre personenbezogenen Daten pers\u00f6nlich, per Post oder elektronisch aus\u00fcben. Um die Aus\u00fcbung der oben genannten Rechte zu erleichtern, haben wir eine gemeinsame Kontaktstelle f\u00fcr alle Gemeinsam Verantwortlichen \u00fcber eine E-Mail-Adresse errichtet:&nbsp;<a href=\"mailto:iodo@tpa-group.pl\">iodo@tpa-group.pl<\/a><\/p>\n<p>Unabh\u00e4ngig von diesen Vereinbarungen und der Errichtung einer Kontaktstelle k\u00f6nnen Sie jedoch Ihre Rechte gegen\u00fcber jeder der Gemeinsam Verantwortlichen geltend machen (in diesem Fall werden wir Ihren Antrag an den entsprechenden Rechtstr\u00e4ger \u2013 die Verantwortliche \u2013 selbst weiterleiten).<\/p>\t\t\t\t\t\t\t\t<\/div>\n\t\t\t\t<\/div>\n\t\t\t\t\t<\/div>\n\t\t\t\t<\/div>\n\t\t\t\t<\/div>\n\t\t","protected":false},"excerpt":{"rendered":"<p>Home |&nbsp; Mitverwaltung von personenbezogenen Daten Der Inhalt der Vereinbarung \u2013 die Vereinbarung aus der Vereinbarung \u00fcber die gemeinsame Verwaltung personenbezogener Daten in der Unternehmensgruppe Wir d\u00fcrfen Ihnen mitteilen, dass zwischen der: TPA Sp. z o.o. Sp. k., ul. M\u0142y\u0144ska 12, 61-730 Pozna\u0144, NIP 7781432033 REGON 300184858, Landesgerichtsregister beim Amtsgericht Pozna\u0144 \u2013 Nowe Miasto i [&hellip;]<\/p>\n","protected":false},"author":40,"featured_media":0,"parent":0,"menu_order":0,"comment_status":"closed","ping_status":"closed","template":"elementor_header_footer","meta":{"_acf_changed":false,"footnotes":""},"class_list":["post-5279","page","type-page","status-publish","hentry"],"acf":[],"yoast_head":"<!-- This site is optimized with the Yoast SEO plugin v26.0 - https:\/\/yoast.com\/wordpress\/plugins\/seo\/ -->\n<title>Der Inhalt der Vereinbarung \u2013 die Vereinbarung aus der Vereinbarung \u00fcber die gemeinsame Verwaltung personenbezogener Daten in der Unternehmensgruppe - TPA Poland<\/title>\n<meta name=\"robots\" content=\"index, follow, max-snippet:-1, max-image-preview:large, max-video-preview:-1\" \/>\n<link rel=\"canonical\" href=\"https:\/\/www.tpa-group.pl\/de\/der-inhalt-der-vereinbarung-die-vereinbarung-aus-der-vereinbarung-ueber-die-gemeinsame-verwaltung-personenbezogener-daten-in-der-unternehmensgruppe\/\" \/>\n<meta property=\"og:locale\" content=\"de_DE\" \/>\n<meta property=\"og:type\" content=\"article\" \/>\n<meta property=\"og:title\" content=\"Der Inhalt der Vereinbarung \u2013 die Vereinbarung aus der Vereinbarung \u00fcber die gemeinsame Verwaltung personenbezogener Daten in der Unternehmensgruppe - TPA Poland\" \/>\n<meta property=\"og:description\" content=\"Home |&nbsp; Mitverwaltung von personenbezogenen Daten Der Inhalt der Vereinbarung \u2013 die Vereinbarung aus der Vereinbarung \u00fcber die gemeinsame Verwaltung personenbezogener Daten in der Unternehmensgruppe Wir d\u00fcrfen Ihnen mitteilen, dass zwischen der: TPA Sp. z o.o. Sp. k., ul. M\u0142y\u0144ska 12, 61-730 Pozna\u0144, NIP 7781432033 REGON 300184858, Landesgerichtsregister beim Amtsgericht Pozna\u0144 \u2013 Nowe Miasto i [&hellip;]\" \/>\n<meta property=\"og:url\" content=\"https:\/\/www.tpa-group.pl\/de\/der-inhalt-der-vereinbarung-die-vereinbarung-aus-der-vereinbarung-ueber-die-gemeinsame-verwaltung-personenbezogener-daten-in-der-unternehmensgruppe\/\" \/>\n<meta property=\"og:site_name\" content=\"TPA Poland\" \/>\n<meta property=\"article:modified_time\" content=\"2025-01-02T13:14:16+00:00\" \/>\n<meta name=\"twitter:card\" content=\"summary_large_image\" \/>\n<meta name=\"twitter:label1\" content=\"Est. reading time\" \/>\n\t<meta name=\"twitter:data1\" content=\"4 Minuten\" \/>\n<script type=\"application\/ld+json\" class=\"yoast-schema-graph\">{\"@context\":\"https:\/\/schema.org\",\"@graph\":[{\"@type\":\"WebPage\",\"@id\":\"https:\/\/www.tpa-group.pl\/de\/der-inhalt-der-vereinbarung-die-vereinbarung-aus-der-vereinbarung-ueber-die-gemeinsame-verwaltung-personenbezogener-daten-in-der-unternehmensgruppe\/\",\"url\":\"https:\/\/www.tpa-group.pl\/de\/der-inhalt-der-vereinbarung-die-vereinbarung-aus-der-vereinbarung-ueber-die-gemeinsame-verwaltung-personenbezogener-daten-in-der-unternehmensgruppe\/\",\"name\":\"Der Inhalt der Vereinbarung \u2013 die Vereinbarung aus der Vereinbarung \u00fcber die gemeinsame Verwaltung personenbezogener Daten in der Unternehmensgruppe - TPA Poland\",\"isPartOf\":{\"@id\":\"https:\/\/www.tpa-group.pl\/de\/#website\"},\"datePublished\":\"2024-12-11T18:01:07+00:00\",\"dateModified\":\"2025-01-02T13:14:16+00:00\",\"breadcrumb\":{\"@id\":\"https:\/\/www.tpa-group.pl\/de\/der-inhalt-der-vereinbarung-die-vereinbarung-aus-der-vereinbarung-ueber-die-gemeinsame-verwaltung-personenbezogener-daten-in-der-unternehmensgruppe\/#breadcrumb\"},\"inLanguage\":\"de-DE\",\"potentialAction\":[{\"@type\":\"ReadAction\",\"target\":[\"https:\/\/www.tpa-group.pl\/de\/der-inhalt-der-vereinbarung-die-vereinbarung-aus-der-vereinbarung-ueber-die-gemeinsame-verwaltung-personenbezogener-daten-in-der-unternehmensgruppe\/\"]}]},{\"@type\":\"BreadcrumbList\",\"@id\":\"https:\/\/www.tpa-group.pl\/de\/der-inhalt-der-vereinbarung-die-vereinbarung-aus-der-vereinbarung-ueber-die-gemeinsame-verwaltung-personenbezogener-daten-in-der-unternehmensgruppe\/#breadcrumb\",\"itemListElement\":[{\"@type\":\"ListItem\",\"position\":1,\"name\":\"Home\",\"item\":\"https:\/\/www.tpa-group.pl\/de\/\"},{\"@type\":\"ListItem\",\"position\":2,\"name\":\"Der Inhalt der Vereinbarung \u2013 die Vereinbarung aus der Vereinbarung \u00fcber die gemeinsame Verwaltung personenbezogener Daten in der Unternehmensgruppe\"}]},{\"@type\":\"WebSite\",\"@id\":\"https:\/\/www.tpa-group.pl\/de\/#website\",\"url\":\"https:\/\/www.tpa-group.pl\/de\/\",\"name\":\"TPA Poland\",\"description\":\"\",\"publisher\":{\"@id\":\"https:\/\/www.tpa-group.pl\/de\/#organization\"},\"potentialAction\":[{\"@type\":\"SearchAction\",\"target\":{\"@type\":\"EntryPoint\",\"urlTemplate\":\"https:\/\/www.tpa-group.pl\/de\/?s={search_term_string}\"},\"query-input\":{\"@type\":\"PropertyValueSpecification\",\"valueRequired\":true,\"valueName\":\"search_term_string\"}}],\"inLanguage\":\"de-DE\"},{\"@type\":\"Organization\",\"@id\":\"https:\/\/www.tpa-group.pl\/de\/#organization\",\"name\":\"TPA Poland\",\"url\":\"https:\/\/www.tpa-group.pl\/de\/\",\"logo\":{\"@type\":\"ImageObject\",\"inLanguage\":\"de-DE\",\"@id\":\"https:\/\/www.tpa-group.pl\/de\/#\/schema\/logo\/image\/\",\"url\":\"https:\/\/www.tpa-group.pl\/app\/uploads\/sites\/8\/2023\/03\/tpa-logo.svg\",\"contentUrl\":\"https:\/\/www.tpa-group.pl\/app\/uploads\/sites\/8\/2023\/03\/tpa-logo.svg\",\"width\":110,\"height\":93,\"caption\":\"TPA Poland\"},\"image\":{\"@id\":\"https:\/\/www.tpa-group.pl\/de\/#\/schema\/logo\/image\/\"}}]}<\/script>\n<!-- \/ Yoast SEO plugin. -->","yoast_head_json":{"title":"Der Inhalt der Vereinbarung \u2013 die Vereinbarung aus der Vereinbarung \u00fcber die gemeinsame Verwaltung personenbezogener Daten in der Unternehmensgruppe - TPA Poland","robots":{"index":"index","follow":"follow","max-snippet":"max-snippet:-1","max-image-preview":"max-image-preview:large","max-video-preview":"max-video-preview:-1"},"canonical":"https:\/\/www.tpa-group.pl\/de\/der-inhalt-der-vereinbarung-die-vereinbarung-aus-der-vereinbarung-ueber-die-gemeinsame-verwaltung-personenbezogener-daten-in-der-unternehmensgruppe\/","og_locale":"de_DE","og_type":"article","og_title":"Der Inhalt der Vereinbarung \u2013 die Vereinbarung aus der Vereinbarung \u00fcber die gemeinsame Verwaltung personenbezogener Daten in der Unternehmensgruppe - TPA Poland","og_description":"Home |&nbsp; Mitverwaltung von personenbezogenen Daten Der Inhalt der Vereinbarung \u2013 die Vereinbarung aus der Vereinbarung \u00fcber die gemeinsame Verwaltung personenbezogener Daten in der Unternehmensgruppe Wir d\u00fcrfen Ihnen mitteilen, dass zwischen der: TPA Sp. z o.o. Sp. k., ul. M\u0142y\u0144ska 12, 61-730 Pozna\u0144, NIP 7781432033 REGON 300184858, Landesgerichtsregister beim Amtsgericht Pozna\u0144 \u2013 Nowe Miasto i [&hellip;]","og_url":"https:\/\/www.tpa-group.pl\/de\/der-inhalt-der-vereinbarung-die-vereinbarung-aus-der-vereinbarung-ueber-die-gemeinsame-verwaltung-personenbezogener-daten-in-der-unternehmensgruppe\/","og_site_name":"TPA Poland","article_modified_time":"2025-01-02T13:14:16+00:00","twitter_card":"summary_large_image","twitter_misc":{"Est. reading time":"4 Minuten"},"schema":{"@context":"https:\/\/schema.org","@graph":[{"@type":"WebPage","@id":"https:\/\/www.tpa-group.pl\/de\/der-inhalt-der-vereinbarung-die-vereinbarung-aus-der-vereinbarung-ueber-die-gemeinsame-verwaltung-personenbezogener-daten-in-der-unternehmensgruppe\/","url":"https:\/\/www.tpa-group.pl\/de\/der-inhalt-der-vereinbarung-die-vereinbarung-aus-der-vereinbarung-ueber-die-gemeinsame-verwaltung-personenbezogener-daten-in-der-unternehmensgruppe\/","name":"Der Inhalt der Vereinbarung \u2013 die Vereinbarung aus der Vereinbarung \u00fcber die gemeinsame Verwaltung personenbezogener Daten in der Unternehmensgruppe - TPA Poland","isPartOf":{"@id":"https:\/\/www.tpa-group.pl\/de\/#website"},"datePublished":"2024-12-11T18:01:07+00:00","dateModified":"2025-01-02T13:14:16+00:00","breadcrumb":{"@id":"https:\/\/www.tpa-group.pl\/de\/der-inhalt-der-vereinbarung-die-vereinbarung-aus-der-vereinbarung-ueber-die-gemeinsame-verwaltung-personenbezogener-daten-in-der-unternehmensgruppe\/#breadcrumb"},"inLanguage":"de-DE","potentialAction":[{"@type":"ReadAction","target":["https:\/\/www.tpa-group.pl\/de\/der-inhalt-der-vereinbarung-die-vereinbarung-aus-der-vereinbarung-ueber-die-gemeinsame-verwaltung-personenbezogener-daten-in-der-unternehmensgruppe\/"]}]},{"@type":"BreadcrumbList","@id":"https:\/\/www.tpa-group.pl\/de\/der-inhalt-der-vereinbarung-die-vereinbarung-aus-der-vereinbarung-ueber-die-gemeinsame-verwaltung-personenbezogener-daten-in-der-unternehmensgruppe\/#breadcrumb","itemListElement":[{"@type":"ListItem","position":1,"name":"Home","item":"https:\/\/www.tpa-group.pl\/de\/"},{"@type":"ListItem","position":2,"name":"Der Inhalt der Vereinbarung \u2013 die Vereinbarung aus der Vereinbarung \u00fcber die gemeinsame Verwaltung personenbezogener Daten in der Unternehmensgruppe"}]},{"@type":"WebSite","@id":"https:\/\/www.tpa-group.pl\/de\/#website","url":"https:\/\/www.tpa-group.pl\/de\/","name":"TPA Poland","description":"","publisher":{"@id":"https:\/\/www.tpa-group.pl\/de\/#organization"},"potentialAction":[{"@type":"SearchAction","target":{"@type":"EntryPoint","urlTemplate":"https:\/\/www.tpa-group.pl\/de\/?s={search_term_string}"},"query-input":{"@type":"PropertyValueSpecification","valueRequired":true,"valueName":"search_term_string"}}],"inLanguage":"de-DE"},{"@type":"Organization","@id":"https:\/\/www.tpa-group.pl\/de\/#organization","name":"TPA Poland","url":"https:\/\/www.tpa-group.pl\/de\/","logo":{"@type":"ImageObject","inLanguage":"de-DE","@id":"https:\/\/www.tpa-group.pl\/de\/#\/schema\/logo\/image\/","url":"https:\/\/www.tpa-group.pl\/app\/uploads\/sites\/8\/2023\/03\/tpa-logo.svg","contentUrl":"https:\/\/www.tpa-group.pl\/app\/uploads\/sites\/8\/2023\/03\/tpa-logo.svg","width":110,"height":93,"caption":"TPA Poland"},"image":{"@id":"https:\/\/www.tpa-group.pl\/de\/#\/schema\/logo\/image\/"}}]}},"_links":{"self":[{"href":"https:\/\/www.tpa-group.pl\/de\/wp-json\/wp\/v2\/pages\/5279","targetHints":{"allow":["GET"]}}],"collection":[{"href":"https:\/\/www.tpa-group.pl\/de\/wp-json\/wp\/v2\/pages"}],"about":[{"href":"https:\/\/www.tpa-group.pl\/de\/wp-json\/wp\/v2\/types\/page"}],"author":[{"embeddable":true,"href":"https:\/\/www.tpa-group.pl\/de\/wp-json\/wp\/v2\/users\/40"}],"replies":[{"embeddable":true,"href":"https:\/\/www.tpa-group.pl\/de\/wp-json\/wp\/v2\/comments?post=5279"}],"version-history":[{"count":8,"href":"https:\/\/www.tpa-group.pl\/de\/wp-json\/wp\/v2\/pages\/5279\/revisions"}],"predecessor-version":[{"id":7417,"href":"https:\/\/www.tpa-group.pl\/de\/wp-json\/wp\/v2\/pages\/5279\/revisions\/7417"}],"wp:attachment":[{"href":"https:\/\/www.tpa-group.pl\/de\/wp-json\/wp\/v2\/media?parent=5279"}],"curies":[{"name":"wp","href":"https:\/\/api.w.org\/{rel}","templated":true}]}}