{"id":5308,"date":"2024-12-11T18:20:02","date_gmt":"2024-12-11T18:20:02","guid":{"rendered":"https:\/\/www.tpa-group.pl\/informationsklausel\/"},"modified":"2026-01-13T11:47:54","modified_gmt":"2026-01-13T11:47:54","slug":"informationsklausel","status":"publish","type":"page","link":"https:\/\/www.tpa-group.pl\/de\/informationsklausel\/","title":{"rendered":"Informationsklausel"},"content":{"rendered":"\t\t<div data-elementor-type=\"wp-page\" data-elementor-id=\"5308\" class=\"elementor elementor-5308 elementor-5292\" data-elementor-post-type=\"page\">\n\t\t\t\t\t\t<section class=\"elementor-section elementor-top-section elementor-element elementor-element-265bc300 hero-banner elementor-section-boxed elementor-section-height-default elementor-section-height-default\" data-id=\"265bc300\" data-element_type=\"section\" data-settings=\"{&quot;background_background&quot;:&quot;classic&quot;}\">\n\t\t\t\t\t\t<div class=\"elementor-container elementor-column-gap-default\">\n\t\t\t\t\t<div class=\"elementor-column elementor-col-50 elementor-top-column elementor-element elementor-element-50ad9c2f\" data-id=\"50ad9c2f\" data-element_type=\"column\">\n\t\t\t<div class=\"elementor-widget-wrap elementor-element-populated\">\n\t\t\t\t\t\t<section class=\"elementor-section elementor-inner-section elementor-element elementor-element-70ade610 hero-banner-breadcrumbs-container elementor-section-boxed elementor-section-height-default elementor-section-height-default\" data-id=\"70ade610\" data-element_type=\"section\">\n\t\t\t\t\t\t<div class=\"elementor-container elementor-column-gap-default\">\n\t\t\t\t\t<div class=\"elementor-column elementor-col-100 elementor-inner-column elementor-element elementor-element-17dc7b19\" data-id=\"17dc7b19\" data-element_type=\"column\">\n\t\t\t<div class=\"elementor-widget-wrap elementor-element-populated\">\n\t\t\t\t\t\t<div class=\"elementor-element elementor-element-7c2ac75f elementor-widget elementor-widget-heading\" data-id=\"7c2ac75f\" data-element_type=\"widget\" data-widget_type=\"heading.default\">\n\t\t\t\t<div class=\"elementor-widget-container\">\n\t\t\t\t\t<p class=\"elementor-heading-title elementor-size-default\"><a href=\"\/\">Home |&nbsp;<\/a><\/p>\t\t\t\t<\/div>\n\t\t\t\t<\/div>\n\t\t\t\t<div class=\"elementor-element elementor-element-7f427720 elementor-widget elementor-widget-heading\" data-id=\"7f427720\" data-element_type=\"widget\" data-widget_type=\"heading.default\">\n\t\t\t\t<div class=\"elementor-widget-container\">\n\t\t\t\t\t<p class=\"elementor-heading-title elementor-size-default\">Informationsklausel<\/p>\t\t\t\t<\/div>\n\t\t\t\t<\/div>\n\t\t\t\t\t<\/div>\n\t\t<\/div>\n\t\t\t\t\t<\/div>\n\t\t<\/section>\n\t\t\t\t<div class=\"elementor-element elementor-element-4a03c214 elementor-widget elementor-widget-heading\" data-id=\"4a03c214\" data-element_type=\"widget\" data-widget_type=\"heading.default\">\n\t\t\t\t<div class=\"elementor-widget-container\">\n\t\t\t\t\t<h1 class=\"elementor-heading-title elementor-size-default\">Informationsklausel<\/h1>\t\t\t\t<\/div>\n\t\t\t\t<\/div>\n\t\t\t\t\t<\/div>\n\t\t<\/div>\n\t\t\t\t<div class=\"elementor-column elementor-col-50 elementor-top-column elementor-element elementor-element-175e6d6a\" data-id=\"175e6d6a\" data-element_type=\"column\">\n\t\t\t<div class=\"elementor-widget-wrap\">\n\t\t\t\t\t\t\t<\/div>\n\t\t<\/div>\n\t\t\t\t\t<\/div>\n\t\t<\/section>\n\t\t<div class=\"elementor-element elementor-element-afc11f1 page-content-container e-flex e-con-boxed e-con e-parent\" data-id=\"afc11f1\" data-element_type=\"container\" data-settings=\"{&quot;background_background&quot;:&quot;classic&quot;}\">\n\t\t\t\t\t<div class=\"e-con-inner\">\n\t\t\t\t<div class=\"elementor-element elementor-element-f901b57 elementor-widget elementor-widget-text-editor\" data-id=\"f901b57\" data-element_type=\"widget\" data-widget_type=\"text-editor.default\">\n\t\t\t\t<div class=\"elementor-widget-container\">\n\t\t\t\t\t\t\t\t\t<p>Verantwortliche f\u00fcr die Verarbeitung Ihrer personenbezogenen Daten sind:<\/p><div><p>TPA Management Sp. z o.o. | ul. M\u0142y\u0144ska 12 | 61-730 Pozna\u0144 | Steuernummer NIP 1070010139 | statistische Unternehmensnummer REGON 141252235 | Landesgerichtsregister beim Amtsgericht Pozna\u0144 \u2013 Nowe Miasto i Wilda, VIII. Abteilung f\u00fcr Wirtschaftssachen des Landesgerichtsregisters KRS 0000293747 Stammkapital 50. 000,00 PLN, voll eingezahlt<\/p><p>TPA Sp. z o.o. Sp. k. | ul. M\u0142y\u0144ska 12 | 61-730 Pozna\u0144 | Steuernummer NIP 7781432033 | statistische Unternehmensnummer REGON 300184858 | Landesgerichtsregister beim Amtsgericht Pozna\u0144 \u2013 Nowe Miasto i Wilda, VIII. Abteilung f\u00fcr Wirtschaftssachen des Landesgerichtsregisters KRS 0000671994<\/p><p>Bakertilly TPA\u00a0 Sp. z o.o. | ul. M\u0142y\u0144ska 12 | 61-730 Pozna\u0144 | Steuernummer NIP 1070018709 | statistische Unternehmensnummer REGON 142798338 | Landesgerichtsregister beim Amtsgericht Pozna\u0144 \u2013 Nowe Miasto i Wilda, VIII. Abteilung f\u00fcr Wirtschaftssachen des Landesgerichtsregisters KRS 0000377626<\/p><p>Baker Tilly Gajda Legal Sp. k.* | ul. Przyokopowa 33 | 01-208 Warszawa | Steuernummer NIP 7831753177 | statistische Unternehmensnummer REGON 366428591<\/p><\/div><p>Digital TPA Sp. z o.o. Sp.k. | ul. M\u0142y\u0144ska 12 | 61-730 Pozna\u0144 | Steuernummer NIP 7831867001 | statistische Unternehmensnummer REGON 523492113 | Landesgerichtsregister beim Amtsgericht Pozna\u0144 \u2013 Nowe Miasto i Wilda, VIII. Abteilung f\u00fcr Wirtschaftssachen des Landesgerichtsregisters KRS 0000997190<\/p><p>Die TPA sp\u00f3\u0142ka z ograniczon\u0105 odpowiedzialno\u015bci\u0105 sp.k. und die TPA Management Sp. z o.o. haben einen Datenschutzbeauftragten ernannt, der per E-Mail: iodo@tpa-group.pl kontaktiert werden kann, Postanschrift: Inspektor Ochrony Danych, ul. M\u0142y\u0144ska 12, 61-730 Pozna\u0144.<\/p><p>Dies ist auch die gemeinsame Anlaufstelle f\u00fcr alle Gemeinsam f\u00fcr die Verarbeitung Verantwortliche.<\/p><p><strong>Zweck und Rechtsgrundlage<\/strong><\/p><p>Wir haben Ihre Daten von Ihnen \u00fcber das auf der Website ausgef\u00fcllte Formular erhalten, wir haben Ihre Visitenkarte von Ihnen erhalten, Sie sind oder waren unser Kunde bzw. Ihre Daten stammen aus \u00f6ffentlich zug\u00e4nglichen Quellen.<\/p><p>Wir verarbeiten Ihre personenbezogenen Daten zu den nachstehend genannten Zwecken auf der Grundlage der berechtigten Interessen der gemeinsam f\u00fcr die Verarbeitung Verantwortlichen (Art. 6 Abs. 1 Buchstabe f) DSGVO). Dazu geh\u00f6ren:<\/p><ul><li>die Bearbeitung von Anfragen, die Sie an uns richten (z. B. \u00fcber das Kontaktformular),<\/li><li>Durchf\u00fchrung von Marketing-Aktivit\u00e4ten Ihnen gegen\u00fcber, einschlie\u00dflich Direktmarketing f\u00fcr die eigenen Dienstleistungen der gemeinsam f\u00fcr die Verarbeitung Verantwortlichen,<\/li><li>Versenden von Newslettern,<\/li><li>die Bearbeitung Ihrer Anfragen, insbesondere an die Marketingabteilung und \u00fcber das Kontaktformular, sofern diese nicht unmittelbar mit der Vertragserf\u00fcllung zusammenh\u00e4ngen,<\/li><li>\u00dcbermittlung von Einladungen zu Fortbildungen und anderen Veranstaltungen,<\/li><li>Organisation von Treueprogrammen, Wettbewerben und Werbeaktionen, an denen Sie teilnehmen k\u00f6nnen,<\/li><li>Speicherung von Daten zu Archivierungszwecken und zur Gew\u00e4hrleistung der Rechenschaftspflicht (Nachweis der Einhaltung gesetzlicher Verpflichtungen).<\/li><\/ul><p>Wir verarbeiten Ihre Daten auch, um die von Ihnen angeforderte Dienstleistung zu erbringen, z. B. damit Sie eine Publikation herunterladen k\u00f6nnen, d. h. auf der Grundlage von Art. 6 Abs. 1 Buchstabe b) DSGVO.<\/p><p>Auf der Grundlage der von Ihnen erteilten Einwilligung (Art. 6 Abs.1 Buchstabe a) DSGVO) verarbeiten wir Ihre personenbezogenen Daten, um:<\/p><ul><li>mit Ihnen, auch zu legitimen Marketingzwecken, \u00fcber die verf\u00fcgbaren Kommunikationskan\u00e4le Kontakt aufzunehmen, insbesondere und mit Ihrer Einwilligung per E-Mail und Telefon,<\/li><li>Daten in Cookies zu speichern, Daten von Websites und mobilen Anwendungen zu erfassen,<\/li><li>Wettbewerbe und Werbeaktionen zu organisieren, an denen Sie teilnehmen k\u00f6nnen.<\/li><\/ul><p>Sie k\u00f6nnen Ihre Einwilligung f\u00fcr die Verarbeitung Ihrer personenbezogenen Daten jederzeit auf die gleiche Weise widerrufen, wie Sie sie erteilt haben. Wir werden Ihre personenbezogenen Daten so lange verarbeiten, bis Sie Ihre Einwilligung widerrufen.<\/p><p>Um die von Ihnen angeforderte Dienstleistung erbringen zu k\u00f6nnen, ben\u00f6tigen wir von Ihnen die folgenden personenbezogenen Daten:<\/p><ul><li>E-Mail-Adresse, Vorname, Nachname, Geschlecht, Firmenname, Adresse, Telefonnummer<\/li><\/ul><p>Die Angabe Ihrer Daten ist freiwillig, aber notwendig, um Ihre Anfrage zu bearbeiten, eine Publikation oder einen Newsletter zu versenden, Sie f\u00fcr eine Veranstaltung anzumelden oder Ihre Teilnahme an einer Werbeaktion oder einem Wettbewerb zu registrieren.<\/p><p><strong>Welche Rechte haben Sie in Bezug auf die verarbeiteten Daten gegen\u00fcber den gemeinsam f\u00fcr die Verarbeitung Verantwortlichen?<\/strong><\/p><p>Wir garantieren die Erf\u00fcllung all Ihrer Rechte gem\u00e4\u00df der Allgemeinen Datenschutzverordnung, d. h. das Recht auf Zugang, Berichtigung und L\u00f6schung Ihrer Daten, die Einschr\u00e4nkung der Verarbeitung, das Recht auf Daten\u00fcbertragbarkeit, das Recht, keiner automatisierten Entscheidungsfindung, einschlie\u00dflich Profiling, unterworfen zu werden, und das Recht auf Widerspruch gegen die Verarbeitung Ihrer personenbezogenen Daten.<\/p><p>Diese Rechte k\u00f6nnen Sie in Anspruch nehmen, wenn:<\/p><ul><li>Sie in Bezug auf den Antrag auf Berichtigung: Feststellen, dass Ihre Daten unrichtig oder unvollst\u00e4ndig sind;<\/li><li>In Bezug auf den Antrag, die Daten zu l\u00f6schen: Ihre Daten f\u00fcr die Zwecke, f\u00fcr die sie von den gemeinsam f\u00fcr die Verarbeitung Verantwortlichen erhoben wurden, nicht mehr ben\u00f6tigt werden; Sie Ihre Einwilligung f\u00fcr die Verarbeitung Ihrer Daten widerrufen; Sie Widerspruch gegen die Verarbeitung Ihrer Daten einlegen; Ihre Daten unrechtm\u00e4\u00dfig verarbeitet werden; Ihre Daten gel\u00f6scht werden m\u00fcssen, um einer gesetzlichen Verpflichtung nachzukommen;<\/li><li>Sie in Bezug auf einen Antrag auf Einschr\u00e4nkung der Datenverarbeitung feststellen, dass Ihre Daten unrichtig sind \u2013 Sie k\u00f6nnen die Einschr\u00e4nkung der Verarbeitung Ihrer Daten f\u00fcr einen Zeitraum beantragen, der es uns erm\u00f6glicht, die Richtigkeit der Daten zu \u00fcberpr\u00fcfen; Ihre Daten unrechtm\u00e4\u00dfig verarbeitet werden, Sie m\u00f6chten jedoch nicht, dass sie gel\u00f6scht werden; wir Ihre Daten nicht mehr ben\u00f6tigen, aber Sie ben\u00f6tigen sie m\u00f6glicherweise, um Ihre Anspr\u00fcche zu verteidigen oder geltend zu machen; oder Sie legen Widerspruch gegen die Verarbeitung Ihrer Daten ein \u2013 bis festgestellt wird, ob die berechtigten Gr\u00fcnde auf unserer Seite die Gr\u00fcnde f\u00fcr den Widerspruch \u00fcberwiegen;<\/li><li>In Bezug auf den Antrag auf Daten\u00fcbertragbarkeit: Die Verarbeitung Ihrer Daten auf der Grundlage Ihrer Einwilligung oder eines mit Ihnen geschlossenen Vertrags erfolgt, und diese Verarbeitung erfolgt mit automatisierten Mitteln.<\/li><\/ul><p>Sie haben das Recht, im Zusammenhang mit der Verarbeitung Ihrer personenbezogenen Daten durch uns eine Beschwerde bei der Aufsichtsbeh\u00f6rde einzulegen, bei der es sich um den Datenschutzbeauftragten handelt (Anschrift: Generalny Inspektor Ochrony Danych Osobowych, ul. Stawki 2, 00-193 Warszawa).<\/p><p><strong>In welchen Situationen k\u00f6nnen Sie der Verarbeitung Ihrer Daten widersprechen?<\/strong><\/p><p>Sie haben das Recht, der Verarbeitung Ihrer personenbezogenen Daten zu widersprechen, wenn:<\/p><ul><li>die Verarbeitung Ihrer personenbezogenen Daten auf einem berechtigten Interesse beruht oder zu statistischen Zwecken erfolgt und der Widerspruch durch die besondere Situation, in der Sie sich befinden, gerechtfertigt ist;<\/li><li>Ihre personenbezogenen Daten f\u00fcr Zwecke des Direktmarketings verarbeitet werden, einschlie\u00dflich der Erstellung eines Profils f\u00fcr diesen Zweck.<\/li><\/ul><p><strong>Wem machen wir Ihre personenbezogenen Daten zug\u00e4nglich?<\/strong><\/p><p>Wir werden Ihre personenbezogenen Daten zug\u00e4nglich machen, wenn wir eine entsprechende Rechtsgrundlage daf\u00fcr haben:<\/p><ul><li>den staatlichen Organen (z.B. der Staatsanwaltschaft, der Polizei),<\/li><li>den Partnern, die in unserem Auftrag handeln (Partner, die die Erbringung von Dienstleistungen unterst\u00fctzen, z. B. Hosting-Unternehmen, IT-Unternehmen).<\/li><\/ul><p><strong>Wie lange speichern wir Ihre personenbezogenen Daten?<\/strong><\/p><p>Wir speichern Ihre personenbezogenen Daten so lange, bis der Zweck, f\u00fcr den sie erhoben wurden, erf\u00fcllt ist, jedoch nicht l\u00e4nger als bis Sie Ihre Einwilligung widerrufen oder Widerspruch einlegen; danach k\u00f6nnen sie bis zum Ablauf der Verj\u00e4hrungsfrist f\u00fcr etwaige Anspr\u00fcche verarbeitet werden.<\/p><p>Bei der Organisation von Treueprogrammen, Wettbewerben und Werbekampagnen, an denen Sie teilnehmen k\u00f6nnen, verarbeiten wir Ihre Daten f\u00fcr deren Dauer und den Zeitraum der Abwicklung der Preisvergabe. Zum Zwecke der Rechenschaftslegung, d. h. zum Nachweis der Einhaltung der Bestimmungen \u00fcber die Verarbeitung personenbezogener Daten, bewahren wir die Daten so lange auf, wie die gemeinsam f\u00fcr die Verarbeitung Verantwortlichen verpflichtet sind, die Daten oder die sie enthaltenden Dokumente aufzubewahren, um die Einhaltung der gesetzlichen Bestimmungen zu dokumentieren und die \u00dcberpr\u00fcfung der Einhaltung durch die Beh\u00f6rden zu erm\u00f6glichen.<\/p><p><strong>\u00dcbermitteln wir Ihre Daten in L\u00e4nder au\u00dferhalb des Europ\u00e4ischen Wirtschaftsraums?<\/strong><\/p><p>Ihre personenbezogenen Daten werden au\u00dferhalb des Europ\u00e4ischen Wirtschaftsraums an PipelineDeals mit Sitz in 1008 Western Ave, Suite 401 Seattle, WA 98104, USA, auf der Grundlage angemessener rechtlicher Garantien \u00fcbermittelt, bei denen es sich um von der Europ\u00e4ischen Kommission genehmigte Standardvertragsklauseln f\u00fcr den Schutz personenbezogener Daten handelt.<\/p>\t\t\t\t\t\t\t\t<\/div>\n\t\t\t\t<\/div>\n\t\t\t\t\t<\/div>\n\t\t\t\t<\/div>\n\t\t\t\t<\/div>\n\t\t","protected":false},"excerpt":{"rendered":"<p>Home |&nbsp; Informationsklausel Informationsklausel Verantwortliche f\u00fcr die Verarbeitung Ihrer personenbezogenen Daten sind: TPA Management Sp. z o.o. | ul. M\u0142y\u0144ska 12 | 61-730 Pozna\u0144 | Steuernummer NIP 1070010139 | statistische Unternehmensnummer REGON 141252235 | Landesgerichtsregister beim Amtsgericht Pozna\u0144 \u2013 Nowe Miasto i Wilda, VIII. Abteilung f\u00fcr Wirtschaftssachen des Landesgerichtsregisters KRS 0000293747 Stammkapital 50. 000,00 PLN, [&hellip;]<\/p>\n","protected":false},"author":40,"featured_media":0,"parent":0,"menu_order":0,"comment_status":"closed","ping_status":"closed","template":"elementor_header_footer","meta":{"_acf_changed":false,"footnotes":""},"class_list":["post-5308","page","type-page","status-publish","hentry"],"acf":[],"yoast_head":"<!-- This site is optimized with the Yoast SEO plugin v26.0 - https:\/\/yoast.com\/wordpress\/plugins\/seo\/ -->\n<title>Informationsklausel - TPA Poland<\/title>\n<meta name=\"robots\" content=\"index, follow, max-snippet:-1, max-image-preview:large, max-video-preview:-1\" \/>\n<link rel=\"canonical\" href=\"https:\/\/www.tpa-group.pl\/de\/informationsklausel\/\" \/>\n<meta property=\"og:locale\" content=\"de_DE\" \/>\n<meta property=\"og:type\" content=\"article\" \/>\n<meta property=\"og:title\" content=\"Informationsklausel - TPA Poland\" \/>\n<meta property=\"og:description\" content=\"Home |&nbsp; Informationsklausel Informationsklausel Verantwortliche f\u00fcr die Verarbeitung Ihrer personenbezogenen Daten sind: TPA Management Sp. z o.o. | ul. M\u0142y\u0144ska 12 | 61-730 Pozna\u0144 | Steuernummer NIP 1070010139 | statistische Unternehmensnummer REGON 141252235 | Landesgerichtsregister beim Amtsgericht Pozna\u0144 \u2013 Nowe Miasto i Wilda, VIII. Abteilung f\u00fcr Wirtschaftssachen des Landesgerichtsregisters KRS 0000293747 Stammkapital 50. 000,00 PLN, [&hellip;]\" \/>\n<meta property=\"og:url\" content=\"https:\/\/www.tpa-group.pl\/de\/informationsklausel\/\" \/>\n<meta property=\"og:site_name\" content=\"TPA Poland\" \/>\n<meta property=\"article:modified_time\" content=\"2026-01-13T11:47:54+00:00\" \/>\n<meta name=\"twitter:card\" content=\"summary_large_image\" \/>\n<meta name=\"twitter:label1\" content=\"Est. reading time\" \/>\n\t<meta name=\"twitter:data1\" content=\"7 Minuten\" \/>\n<script type=\"application\/ld+json\" class=\"yoast-schema-graph\">{\"@context\":\"https:\/\/schema.org\",\"@graph\":[{\"@type\":\"WebPage\",\"@id\":\"https:\/\/www.tpa-group.pl\/de\/informationsklausel\/\",\"url\":\"https:\/\/www.tpa-group.pl\/de\/informationsklausel\/\",\"name\":\"Informationsklausel - TPA Poland\",\"isPartOf\":{\"@id\":\"https:\/\/www.tpa-group.pl\/de\/#website\"},\"datePublished\":\"2024-12-11T18:20:02+00:00\",\"dateModified\":\"2026-01-13T11:47:54+00:00\",\"breadcrumb\":{\"@id\":\"https:\/\/www.tpa-group.pl\/de\/informationsklausel\/#breadcrumb\"},\"inLanguage\":\"de-DE\",\"potentialAction\":[{\"@type\":\"ReadAction\",\"target\":[\"https:\/\/www.tpa-group.pl\/de\/informationsklausel\/\"]}]},{\"@type\":\"BreadcrumbList\",\"@id\":\"https:\/\/www.tpa-group.pl\/de\/informationsklausel\/#breadcrumb\",\"itemListElement\":[{\"@type\":\"ListItem\",\"position\":1,\"name\":\"Home\",\"item\":\"https:\/\/www.tpa-group.pl\/de\/\"},{\"@type\":\"ListItem\",\"position\":2,\"name\":\"Informationsklausel\"}]},{\"@type\":\"WebSite\",\"@id\":\"https:\/\/www.tpa-group.pl\/de\/#website\",\"url\":\"https:\/\/www.tpa-group.pl\/de\/\",\"name\":\"TPA Poland\",\"description\":\"\",\"publisher\":{\"@id\":\"https:\/\/www.tpa-group.pl\/de\/#organization\"},\"potentialAction\":[{\"@type\":\"SearchAction\",\"target\":{\"@type\":\"EntryPoint\",\"urlTemplate\":\"https:\/\/www.tpa-group.pl\/de\/?s={search_term_string}\"},\"query-input\":{\"@type\":\"PropertyValueSpecification\",\"valueRequired\":true,\"valueName\":\"search_term_string\"}}],\"inLanguage\":\"de-DE\"},{\"@type\":\"Organization\",\"@id\":\"https:\/\/www.tpa-group.pl\/de\/#organization\",\"name\":\"TPA Poland\",\"url\":\"https:\/\/www.tpa-group.pl\/de\/\",\"logo\":{\"@type\":\"ImageObject\",\"inLanguage\":\"de-DE\",\"@id\":\"https:\/\/www.tpa-group.pl\/de\/#\/schema\/logo\/image\/\",\"url\":\"https:\/\/www.tpa-group.pl\/app\/uploads\/sites\/8\/2023\/03\/tpa-logo.svg\",\"contentUrl\":\"https:\/\/www.tpa-group.pl\/app\/uploads\/sites\/8\/2023\/03\/tpa-logo.svg\",\"width\":110,\"height\":93,\"caption\":\"TPA Poland\"},\"image\":{\"@id\":\"https:\/\/www.tpa-group.pl\/de\/#\/schema\/logo\/image\/\"}}]}<\/script>\n<!-- \/ Yoast SEO plugin. -->","yoast_head_json":{"title":"Informationsklausel - TPA Poland","robots":{"index":"index","follow":"follow","max-snippet":"max-snippet:-1","max-image-preview":"max-image-preview:large","max-video-preview":"max-video-preview:-1"},"canonical":"https:\/\/www.tpa-group.pl\/de\/informationsklausel\/","og_locale":"de_DE","og_type":"article","og_title":"Informationsklausel - TPA Poland","og_description":"Home |&nbsp; Informationsklausel Informationsklausel Verantwortliche f\u00fcr die Verarbeitung Ihrer personenbezogenen Daten sind: TPA Management Sp. z o.o. | ul. M\u0142y\u0144ska 12 | 61-730 Pozna\u0144 | Steuernummer NIP 1070010139 | statistische Unternehmensnummer REGON 141252235 | Landesgerichtsregister beim Amtsgericht Pozna\u0144 \u2013 Nowe Miasto i Wilda, VIII. Abteilung f\u00fcr Wirtschaftssachen des Landesgerichtsregisters KRS 0000293747 Stammkapital 50. 000,00 PLN, [&hellip;]","og_url":"https:\/\/www.tpa-group.pl\/de\/informationsklausel\/","og_site_name":"TPA Poland","article_modified_time":"2026-01-13T11:47:54+00:00","twitter_card":"summary_large_image","twitter_misc":{"Est. reading time":"7 Minuten"},"schema":{"@context":"https:\/\/schema.org","@graph":[{"@type":"WebPage","@id":"https:\/\/www.tpa-group.pl\/de\/informationsklausel\/","url":"https:\/\/www.tpa-group.pl\/de\/informationsklausel\/","name":"Informationsklausel - TPA Poland","isPartOf":{"@id":"https:\/\/www.tpa-group.pl\/de\/#website"},"datePublished":"2024-12-11T18:20:02+00:00","dateModified":"2026-01-13T11:47:54+00:00","breadcrumb":{"@id":"https:\/\/www.tpa-group.pl\/de\/informationsklausel\/#breadcrumb"},"inLanguage":"de-DE","potentialAction":[{"@type":"ReadAction","target":["https:\/\/www.tpa-group.pl\/de\/informationsklausel\/"]}]},{"@type":"BreadcrumbList","@id":"https:\/\/www.tpa-group.pl\/de\/informationsklausel\/#breadcrumb","itemListElement":[{"@type":"ListItem","position":1,"name":"Home","item":"https:\/\/www.tpa-group.pl\/de\/"},{"@type":"ListItem","position":2,"name":"Informationsklausel"}]},{"@type":"WebSite","@id":"https:\/\/www.tpa-group.pl\/de\/#website","url":"https:\/\/www.tpa-group.pl\/de\/","name":"TPA Poland","description":"","publisher":{"@id":"https:\/\/www.tpa-group.pl\/de\/#organization"},"potentialAction":[{"@type":"SearchAction","target":{"@type":"EntryPoint","urlTemplate":"https:\/\/www.tpa-group.pl\/de\/?s={search_term_string}"},"query-input":{"@type":"PropertyValueSpecification","valueRequired":true,"valueName":"search_term_string"}}],"inLanguage":"de-DE"},{"@type":"Organization","@id":"https:\/\/www.tpa-group.pl\/de\/#organization","name":"TPA Poland","url":"https:\/\/www.tpa-group.pl\/de\/","logo":{"@type":"ImageObject","inLanguage":"de-DE","@id":"https:\/\/www.tpa-group.pl\/de\/#\/schema\/logo\/image\/","url":"https:\/\/www.tpa-group.pl\/app\/uploads\/sites\/8\/2023\/03\/tpa-logo.svg","contentUrl":"https:\/\/www.tpa-group.pl\/app\/uploads\/sites\/8\/2023\/03\/tpa-logo.svg","width":110,"height":93,"caption":"TPA Poland"},"image":{"@id":"https:\/\/www.tpa-group.pl\/de\/#\/schema\/logo\/image\/"}}]}},"_links":{"self":[{"href":"https:\/\/www.tpa-group.pl\/de\/wp-json\/wp\/v2\/pages\/5308","targetHints":{"allow":["GET"]}}],"collection":[{"href":"https:\/\/www.tpa-group.pl\/de\/wp-json\/wp\/v2\/pages"}],"about":[{"href":"https:\/\/www.tpa-group.pl\/de\/wp-json\/wp\/v2\/types\/page"}],"author":[{"embeddable":true,"href":"https:\/\/www.tpa-group.pl\/de\/wp-json\/wp\/v2\/users\/40"}],"replies":[{"embeddable":true,"href":"https:\/\/www.tpa-group.pl\/de\/wp-json\/wp\/v2\/comments?post=5308"}],"version-history":[{"count":10,"href":"https:\/\/www.tpa-group.pl\/de\/wp-json\/wp\/v2\/pages\/5308\/revisions"}],"predecessor-version":[{"id":13229,"href":"https:\/\/www.tpa-group.pl\/de\/wp-json\/wp\/v2\/pages\/5308\/revisions\/13229"}],"wp:attachment":[{"href":"https:\/\/www.tpa-group.pl\/de\/wp-json\/wp\/v2\/media?parent=5308"}],"curies":[{"name":"wp","href":"https:\/\/api.w.org\/{rel}","templated":true}]}}