{"id":6267,"date":"2024-12-14T19:17:59","date_gmt":"2024-12-14T19:17:59","guid":{"rendered":"https:\/\/www.tpa-group.pl\/impressum\/"},"modified":"2024-12-14T19:23:11","modified_gmt":"2024-12-14T19:23:11","slug":"impressum","status":"publish","type":"page","link":"https:\/\/www.tpa-group.pl\/de\/impressum\/","title":{"rendered":"Impressum"},"content":{"rendered":"\t\t<div data-elementor-type=\"wp-page\" data-elementor-id=\"6267\" class=\"elementor elementor-6267 elementor-6260\" data-elementor-post-type=\"page\">\n\t\t\t\t\t\t<section class=\"elementor-section elementor-top-section elementor-element elementor-element-265bc300 hero-banner elementor-section-boxed elementor-section-height-default elementor-section-height-default\" data-id=\"265bc300\" data-element_type=\"section\" data-settings=\"{&quot;background_background&quot;:&quot;classic&quot;}\">\n\t\t\t\t\t\t<div class=\"elementor-container elementor-column-gap-default\">\n\t\t\t\t\t<div class=\"elementor-column elementor-col-50 elementor-top-column elementor-element elementor-element-50ad9c2f\" data-id=\"50ad9c2f\" data-element_type=\"column\">\n\t\t\t<div class=\"elementor-widget-wrap elementor-element-populated\">\n\t\t\t\t\t\t<section class=\"elementor-section elementor-inner-section elementor-element elementor-element-70ade610 hero-banner-breadcrumbs-container elementor-section-boxed elementor-section-height-default elementor-section-height-default\" data-id=\"70ade610\" data-element_type=\"section\">\n\t\t\t\t\t\t<div class=\"elementor-container elementor-column-gap-default\">\n\t\t\t\t\t<div class=\"elementor-column elementor-col-100 elementor-inner-column elementor-element elementor-element-17dc7b19\" data-id=\"17dc7b19\" data-element_type=\"column\">\n\t\t\t<div class=\"elementor-widget-wrap elementor-element-populated\">\n\t\t\t\t\t\t<div class=\"elementor-element elementor-element-7c2ac75f elementor-widget elementor-widget-heading\" data-id=\"7c2ac75f\" data-element_type=\"widget\" data-widget_type=\"heading.default\">\n\t\t\t\t<div class=\"elementor-widget-container\">\n\t\t\t\t\t<p class=\"elementor-heading-title elementor-size-default\"><a href=\"\/\">Home |&nbsp;<\/a><\/p>\t\t\t\t<\/div>\n\t\t\t\t<\/div>\n\t\t\t\t<div class=\"elementor-element elementor-element-7f427720 elementor-widget elementor-widget-heading\" data-id=\"7f427720\" data-element_type=\"widget\" data-widget_type=\"heading.default\">\n\t\t\t\t<div class=\"elementor-widget-container\">\n\t\t\t\t\t<p class=\"elementor-heading-title elementor-size-default\">Impressum<\/p>\t\t\t\t<\/div>\n\t\t\t\t<\/div>\n\t\t\t\t\t<\/div>\n\t\t<\/div>\n\t\t\t\t\t<\/div>\n\t\t<\/section>\n\t\t\t\t<div class=\"elementor-element elementor-element-4a03c214 elementor-widget elementor-widget-heading\" data-id=\"4a03c214\" data-element_type=\"widget\" data-widget_type=\"heading.default\">\n\t\t\t\t<div class=\"elementor-widget-container\">\n\t\t\t\t\t<h1 class=\"elementor-heading-title elementor-size-default\">Impressum<\/h1>\t\t\t\t<\/div>\n\t\t\t\t<\/div>\n\t\t\t\t\t<\/div>\n\t\t<\/div>\n\t\t\t\t<div class=\"elementor-column elementor-col-50 elementor-top-column elementor-element elementor-element-175e6d6a\" data-id=\"175e6d6a\" data-element_type=\"column\">\n\t\t\t<div class=\"elementor-widget-wrap\">\n\t\t\t\t\t\t\t<\/div>\n\t\t<\/div>\n\t\t\t\t\t<\/div>\n\t\t<\/section>\n\t\t<div class=\"elementor-element elementor-element-afc11f1 page-content-container e-flex e-con-boxed e-con e-parent\" data-id=\"afc11f1\" data-element_type=\"container\" data-settings=\"{&quot;background_background&quot;:&quot;classic&quot;}\">\n\t\t\t\t\t<div class=\"e-con-inner\">\n\t\t\t\t<div class=\"elementor-element elementor-element-f901b57 elementor-widget elementor-widget-text-editor\" data-id=\"f901b57\" data-element_type=\"widget\" data-widget_type=\"text-editor.default\">\n\t\t\t\t<div class=\"elementor-widget-container\">\n\t\t\t\t\t\t\t\t\t<h2><strong>Medieninhaber<\/strong><\/h2>\n<p><strong>TPA Management Sp. z o.o.<\/strong><\/p>\n<p>ul. M\u0142y\u0144ska 12<br>61-730 Pozna\u0144<\/p>\n<p>Tel.: +48 61 63 00 500<br>Fax: +48 61 63 00 502<br>E-Mail: office@tpa-group.pl<\/p>\n<p>NIP 107-001-01-39<br>REGON 141252235<br>S\u0105d Rejonowy Pozna\u0144 \u2013 Nowe Miasto i Wilda VIII Wydzia\u0142 Gospodarczy<br>KRS 0000293747<br>Kapita\u0142 zak\u0142adowy: 50 000,00 z\u0142<\/p>\t\t\t\t\t\t\t\t<\/div>\n\t\t\t\t<\/div>\n\t\t\t\t\t<\/div>\n\t\t\t\t<\/div>\n\t\t\t\t<\/div>\n\t\t","protected":false},"excerpt":{"rendered":"<p>Home |&nbsp; Impressum Impressum Medieninhaber TPA Management Sp. z o.o. ul. M\u0142y\u0144ska 1261-730 Pozna\u0144 Tel.: +48 61 63 00 500Fax: +48 61 63 00 502E-Mail: office@tpa-group.pl NIP 107-001-01-39REGON 141252235S\u0105d Rejonowy Pozna\u0144 \u2013 Nowe Miasto i Wilda VIII Wydzia\u0142 GospodarczyKRS 0000293747Kapita\u0142 zak\u0142adowy: 50 000,00 z\u0142<\/p>\n","protected":false},"author":40,"featured_media":0,"parent":0,"menu_order":0,"comment_status":"closed","ping_status":"closed","template":"elementor_header_footer","meta":{"_acf_changed":false,"footnotes":""},"class_list":["post-6267","page","type-page","status-publish","hentry"],"acf":[],"yoast_head":"<!-- This site is optimized with the Yoast SEO plugin v26.0 - https:\/\/yoast.com\/wordpress\/plugins\/seo\/ -->\n<title>Impressum - TPA Poland<\/title>\n<meta name=\"robots\" content=\"index, follow, max-snippet:-1, max-image-preview:large, max-video-preview:-1\" \/>\n<link rel=\"canonical\" href=\"https:\/\/www.tpa-group.pl\/de\/impressum\/\" \/>\n<meta property=\"og:locale\" content=\"de_DE\" \/>\n<meta property=\"og:type\" content=\"article\" \/>\n<meta property=\"og:title\" content=\"Impressum - TPA Poland\" \/>\n<meta property=\"og:description\" content=\"Home |&nbsp; Impressum Impressum Medieninhaber TPA Management Sp. z o.o. ul. M\u0142y\u0144ska 1261-730 Pozna\u0144 Tel.: +48 61 63 00 500Fax: +48 61 63 00 502E-Mail: office@tpa-group.pl NIP 107-001-01-39REGON 141252235S\u0105d Rejonowy Pozna\u0144 \u2013 Nowe Miasto i Wilda VIII Wydzia\u0142 GospodarczyKRS 0000293747Kapita\u0142 zak\u0142adowy: 50 000,00 z\u0142\" \/>\n<meta property=\"og:url\" content=\"https:\/\/www.tpa-group.pl\/de\/impressum\/\" \/>\n<meta property=\"og:site_name\" content=\"TPA Poland\" \/>\n<meta property=\"article:modified_time\" content=\"2024-12-14T19:23:11+00:00\" \/>\n<meta name=\"twitter:card\" content=\"summary_large_image\" \/>\n<meta name=\"twitter:label1\" content=\"Est. reading time\" \/>\n\t<meta name=\"twitter:data1\" content=\"1 Minute\" \/>\n<script type=\"application\/ld+json\" class=\"yoast-schema-graph\">{\"@context\":\"https:\/\/schema.org\",\"@graph\":[{\"@type\":\"WebPage\",\"@id\":\"https:\/\/www.tpa-group.pl\/de\/impressum\/\",\"url\":\"https:\/\/www.tpa-group.pl\/de\/impressum\/\",\"name\":\"Impressum - TPA Poland\",\"isPartOf\":{\"@id\":\"https:\/\/www.tpa-group.pl\/de\/#website\"},\"datePublished\":\"2024-12-14T19:17:59+00:00\",\"dateModified\":\"2024-12-14T19:23:11+00:00\",\"breadcrumb\":{\"@id\":\"https:\/\/www.tpa-group.pl\/de\/impressum\/#breadcrumb\"},\"inLanguage\":\"de-DE\",\"potentialAction\":[{\"@type\":\"ReadAction\",\"target\":[\"https:\/\/www.tpa-group.pl\/de\/impressum\/\"]}]},{\"@type\":\"BreadcrumbList\",\"@id\":\"https:\/\/www.tpa-group.pl\/de\/impressum\/#breadcrumb\",\"itemListElement\":[{\"@type\":\"ListItem\",\"position\":1,\"name\":\"Home\",\"item\":\"https:\/\/www.tpa-group.pl\/de\/\"},{\"@type\":\"ListItem\",\"position\":2,\"name\":\"Impressum\"}]},{\"@type\":\"WebSite\",\"@id\":\"https:\/\/www.tpa-group.pl\/de\/#website\",\"url\":\"https:\/\/www.tpa-group.pl\/de\/\",\"name\":\"TPA Poland\",\"description\":\"\",\"publisher\":{\"@id\":\"https:\/\/www.tpa-group.pl\/de\/#organization\"},\"potentialAction\":[{\"@type\":\"SearchAction\",\"target\":{\"@type\":\"EntryPoint\",\"urlTemplate\":\"https:\/\/www.tpa-group.pl\/de\/?s={search_term_string}\"},\"query-input\":{\"@type\":\"PropertyValueSpecification\",\"valueRequired\":true,\"valueName\":\"search_term_string\"}}],\"inLanguage\":\"de-DE\"},{\"@type\":\"Organization\",\"@id\":\"https:\/\/www.tpa-group.pl\/de\/#organization\",\"name\":\"TPA Poland\",\"url\":\"https:\/\/www.tpa-group.pl\/de\/\",\"logo\":{\"@type\":\"ImageObject\",\"inLanguage\":\"de-DE\",\"@id\":\"https:\/\/www.tpa-group.pl\/de\/#\/schema\/logo\/image\/\",\"url\":\"https:\/\/www.tpa-group.pl\/app\/uploads\/sites\/8\/2023\/03\/tpa-logo.svg\",\"contentUrl\":\"https:\/\/www.tpa-group.pl\/app\/uploads\/sites\/8\/2023\/03\/tpa-logo.svg\",\"width\":110,\"height\":93,\"caption\":\"TPA Poland\"},\"image\":{\"@id\":\"https:\/\/www.tpa-group.pl\/de\/#\/schema\/logo\/image\/\"}}]}<\/script>\n<!-- \/ Yoast SEO plugin. -->","yoast_head_json":{"title":"Impressum - TPA Poland","robots":{"index":"index","follow":"follow","max-snippet":"max-snippet:-1","max-image-preview":"max-image-preview:large","max-video-preview":"max-video-preview:-1"},"canonical":"https:\/\/www.tpa-group.pl\/de\/impressum\/","og_locale":"de_DE","og_type":"article","og_title":"Impressum - TPA Poland","og_description":"Home |&nbsp; Impressum Impressum Medieninhaber TPA Management Sp. z o.o. ul. M\u0142y\u0144ska 1261-730 Pozna\u0144 Tel.: +48 61 63 00 500Fax: +48 61 63 00 502E-Mail: office@tpa-group.pl NIP 107-001-01-39REGON 141252235S\u0105d Rejonowy Pozna\u0144 \u2013 Nowe Miasto i Wilda VIII Wydzia\u0142 GospodarczyKRS 0000293747Kapita\u0142 zak\u0142adowy: 50 000,00 z\u0142","og_url":"https:\/\/www.tpa-group.pl\/de\/impressum\/","og_site_name":"TPA Poland","article_modified_time":"2024-12-14T19:23:11+00:00","twitter_card":"summary_large_image","twitter_misc":{"Est. reading time":"1 Minute"},"schema":{"@context":"https:\/\/schema.org","@graph":[{"@type":"WebPage","@id":"https:\/\/www.tpa-group.pl\/de\/impressum\/","url":"https:\/\/www.tpa-group.pl\/de\/impressum\/","name":"Impressum - TPA Poland","isPartOf":{"@id":"https:\/\/www.tpa-group.pl\/de\/#website"},"datePublished":"2024-12-14T19:17:59+00:00","dateModified":"2024-12-14T19:23:11+00:00","breadcrumb":{"@id":"https:\/\/www.tpa-group.pl\/de\/impressum\/#breadcrumb"},"inLanguage":"de-DE","potentialAction":[{"@type":"ReadAction","target":["https:\/\/www.tpa-group.pl\/de\/impressum\/"]}]},{"@type":"BreadcrumbList","@id":"https:\/\/www.tpa-group.pl\/de\/impressum\/#breadcrumb","itemListElement":[{"@type":"ListItem","position":1,"name":"Home","item":"https:\/\/www.tpa-group.pl\/de\/"},{"@type":"ListItem","position":2,"name":"Impressum"}]},{"@type":"WebSite","@id":"https:\/\/www.tpa-group.pl\/de\/#website","url":"https:\/\/www.tpa-group.pl\/de\/","name":"TPA Poland","description":"","publisher":{"@id":"https:\/\/www.tpa-group.pl\/de\/#organization"},"potentialAction":[{"@type":"SearchAction","target":{"@type":"EntryPoint","urlTemplate":"https:\/\/www.tpa-group.pl\/de\/?s={search_term_string}"},"query-input":{"@type":"PropertyValueSpecification","valueRequired":true,"valueName":"search_term_string"}}],"inLanguage":"de-DE"},{"@type":"Organization","@id":"https:\/\/www.tpa-group.pl\/de\/#organization","name":"TPA Poland","url":"https:\/\/www.tpa-group.pl\/de\/","logo":{"@type":"ImageObject","inLanguage":"de-DE","@id":"https:\/\/www.tpa-group.pl\/de\/#\/schema\/logo\/image\/","url":"https:\/\/www.tpa-group.pl\/app\/uploads\/sites\/8\/2023\/03\/tpa-logo.svg","contentUrl":"https:\/\/www.tpa-group.pl\/app\/uploads\/sites\/8\/2023\/03\/tpa-logo.svg","width":110,"height":93,"caption":"TPA Poland"},"image":{"@id":"https:\/\/www.tpa-group.pl\/de\/#\/schema\/logo\/image\/"}}]}},"_links":{"self":[{"href":"https:\/\/www.tpa-group.pl\/de\/wp-json\/wp\/v2\/pages\/6267","targetHints":{"allow":["GET"]}}],"collection":[{"href":"https:\/\/www.tpa-group.pl\/de\/wp-json\/wp\/v2\/pages"}],"about":[{"href":"https:\/\/www.tpa-group.pl\/de\/wp-json\/wp\/v2\/types\/page"}],"author":[{"embeddable":true,"href":"https:\/\/www.tpa-group.pl\/de\/wp-json\/wp\/v2\/users\/40"}],"replies":[{"embeddable":true,"href":"https:\/\/www.tpa-group.pl\/de\/wp-json\/wp\/v2\/comments?post=6267"}],"version-history":[{"count":2,"href":"https:\/\/www.tpa-group.pl\/de\/wp-json\/wp\/v2\/pages\/6267\/revisions"}],"predecessor-version":[{"id":6270,"href":"https:\/\/www.tpa-group.pl\/de\/wp-json\/wp\/v2\/pages\/6267\/revisions\/6270"}],"wp:attachment":[{"href":"https:\/\/www.tpa-group.pl\/de\/wp-json\/wp\/v2\/media?parent=6267"}],"curies":[{"name":"wp","href":"https:\/\/api.w.org\/{rel}","templated":true}]}}