{"id":8247,"date":"2024-12-04T19:58:34","date_gmt":"2024-12-04T19:58:34","guid":{"rendered":"https:\/\/www.tpa-group.pl\/filozofia\/"},"modified":"2025-02-07T21:42:59","modified_gmt":"2025-02-07T21:42:59","slug":"unsere-philosophie","status":"publish","type":"page","link":"https:\/\/www.tpa-group.pl\/de\/unsere-philosophie\/","title":{"rendered":"Unsere Philosophie"},"content":{"rendered":"\t\t<div data-elementor-type=\"wp-page\" data-elementor-id=\"8247\" class=\"elementor elementor-8247 elementor-3904\" data-elementor-post-type=\"page\">\n\t\t\t\t\t\t<section class=\"elementor-section elementor-top-section elementor-element elementor-element-265bc300 hero-banner elementor-section-boxed elementor-section-height-default elementor-section-height-default\" data-id=\"265bc300\" data-element_type=\"section\" data-settings=\"{&quot;background_background&quot;:&quot;classic&quot;}\">\n\t\t\t\t\t\t<div class=\"elementor-container elementor-column-gap-default\">\n\t\t\t\t\t<div class=\"elementor-column elementor-col-50 elementor-top-column elementor-element elementor-element-50ad9c2f\" data-id=\"50ad9c2f\" data-element_type=\"column\">\n\t\t\t<div class=\"elementor-widget-wrap elementor-element-populated\">\n\t\t\t\t\t\t<section class=\"elementor-section elementor-inner-section elementor-element elementor-element-70ade610 hero-banner-breadcrumbs-container elementor-section-boxed elementor-section-height-default elementor-section-height-default\" data-id=\"70ade610\" data-element_type=\"section\">\n\t\t\t\t\t\t<div class=\"elementor-container elementor-column-gap-default\">\n\t\t\t\t\t<div class=\"elementor-column elementor-col-100 elementor-inner-column elementor-element elementor-element-17dc7b19\" data-id=\"17dc7b19\" data-element_type=\"column\">\n\t\t\t<div class=\"elementor-widget-wrap elementor-element-populated\">\n\t\t\t\t\t\t<div class=\"elementor-element elementor-element-7c2ac75f elementor-widget elementor-widget-heading\" data-id=\"7c2ac75f\" data-element_type=\"widget\" data-widget_type=\"heading.default\">\n\t\t\t\t<div class=\"elementor-widget-container\">\n\t\t\t\t\t<p class=\"elementor-heading-title elementor-size-default\"><a href=\"\/\">Home |&nbsp;<\/a><\/p>\t\t\t\t<\/div>\n\t\t\t\t<\/div>\n\t\t\t\t<div class=\"elementor-element elementor-element-7f427720 elementor-widget elementor-widget-heading\" data-id=\"7f427720\" data-element_type=\"widget\" data-widget_type=\"heading.default\">\n\t\t\t\t<div class=\"elementor-widget-container\">\n\t\t\t\t\t<p class=\"elementor-heading-title elementor-size-default\">Unsere Philosophie <\/p>\t\t\t\t<\/div>\n\t\t\t\t<\/div>\n\t\t\t\t\t<\/div>\n\t\t<\/div>\n\t\t\t\t\t<\/div>\n\t\t<\/section>\n\t\t\t\t<div class=\"elementor-element elementor-element-4a03c214 elementor-widget elementor-widget-heading\" data-id=\"4a03c214\" data-element_type=\"widget\" data-widget_type=\"heading.default\">\n\t\t\t\t<div class=\"elementor-widget-container\">\n\t\t\t\t\t<h1 class=\"elementor-heading-title elementor-size-default\">Unsere Philosophie <\/h1>\t\t\t\t<\/div>\n\t\t\t\t<\/div>\n\t\t\t\t\t<\/div>\n\t\t<\/div>\n\t\t\t\t<div class=\"elementor-column elementor-col-50 elementor-top-column elementor-element elementor-element-175e6d6a\" data-id=\"175e6d6a\" data-element_type=\"column\">\n\t\t\t<div class=\"elementor-widget-wrap\">\n\t\t\t\t\t\t\t<\/div>\n\t\t<\/div>\n\t\t\t\t\t<\/div>\n\t\t<\/section>\n\t\t<div class=\"elementor-element elementor-element-9c0b90c page-content-container e-flex e-con-boxed e-con e-parent\" data-id=\"9c0b90c\" data-element_type=\"container\">\n\t\t\t\t\t<div class=\"e-con-inner\">\n\t\t<div class=\"elementor-element elementor-element-d4a2595 e-con-full page-content-container e-flex e-con e-child\" data-id=\"d4a2595\" data-element_type=\"container\">\n\t\t\t\t<div class=\"elementor-element elementor-element-a2b01a5 elementor-widget elementor-widget-text-editor\" data-id=\"a2b01a5\" data-element_type=\"widget\" data-widget_type=\"text-editor.default\">\n\t\t\t\t<div class=\"elementor-widget-container\">\n\t\t\t\t\t\t\t\t\t<p><span data-contrast=\"auto\">Wir sind ein Partner f\u00fcr Unternehmen, der immer in der N\u00e4he bleibt, Ziele der Organisation versteht, sie bei ihren Herausforderungen unterst\u00fctzt und ihre Erfolge gemeinsam mit ihr feiert. Wir glauben, dass Erfolg mit Engagement beginnt. Wir betrachten jedes Projekt als eine gemeinsame Reise, bei der wir Know-How, Erfahrung und F\u00e4higkeiten aus den f\u00fcr Unternehmen aus verschiedenen Branchen realisierten Projekten kombinieren. Wir entwickeln integrierte L\u00f6sungen und helfen, diese effektiv und effizient umzusetzen &#8211; immer mit Blick auf die Zukunft, aber basierend darauf, was wir in der Vergangenheit geschafft haben.\u00a0<\/span><span data-ccp-props=\"{&quot;134233117&quot;:false,&quot;134233118&quot;:false,&quot;201341983&quot;:0,&quot;335559738&quot;:120,&quot;335559739&quot;:120,&quot;335559740&quot;:276}\">\u00a0<\/span><\/p><h3>Lokale Wurzeln, globale Perspektive\u00a0<\/h3><p><span data-contrast=\"auto\">Wir handeln vor Ort &#8211; wir kennen die Besonderheiten des Marktes und sprechen die Sprache der nationalen Gesetzgebung. Aber der Horizont unserer M\u00f6glichkeiten ist viel weiter. Als Teil des internationalen TPA- und Baker-Tilly-International Netzwerks k\u00f6nnen wir auf globale Ressourcen, Know-How und Erfahrung zur\u00fcckgreifen, um moderne und bew\u00e4hrte L\u00f6sungen anzubieten. Wir f\u00fchren internationale Projekte durch und arbeiten mit Teams aus anderen L\u00e4ndern zusammen, um unsere Kunden bei der kontinuierlichen Entwicklung ihres Gesch\u00e4fts zu unterst\u00fctzen, f\u00fcr das Grenzen keine Rolle mehr spielen.<\/span><span data-ccp-props=\"{&quot;134233117&quot;:false,&quot;134233118&quot;:false,&quot;201341983&quot;:0,&quot;335559738&quot;:120,&quot;335559739&quot;:120,&quot;335559740&quot;:276}\">\u00a0<\/span><\/p><h3>St\u00e4rke in der Tatentenvielfalt\u00a0<\/h3><p><span data-contrast=\"auto\">Unsere St\u00e4rke liegt in der Zusammenarbeit. Unsere Experten bilden interdisziplin\u00e4re Teams, die das erforderliche Fachwissen, die Projekterfahrung und den Einblick in die Besonderheiten der Branche und des Kundengesch\u00e4fts vereinen. Dieser Ansatz erm\u00f6glicht es uns, einen komplexe Dienstleistungen von h\u00f6chster Qualit\u00e4t anzubieten und das Team von engagierten und kreativen Fachleuten kontinuierlich weiterzuentwickeln.<\/span><span data-ccp-props=\"{&quot;134233117&quot;:false,&quot;134233118&quot;:false,&quot;201341983&quot;:0,&quot;335559738&quot;:120,&quot;335559739&quot;:120,&quot;335559740&quot;:276}\">\u00a0<\/span><\/p><h3>Gemeinsame Entwicklung\u00a0<\/h3><p><span data-contrast=\"auto\">Bei TPA glauben wir, dass der Erfolg unserer Kunden und die Entwicklung unserer Mitarbeiter Hand in Hand gehen. Deshalb schaffen wir ein Umfeld, das dem Lernen, der Kompetenzentwicklung und der Vereinbarkeit von Beruf und Privatleben f\u00f6rderlich ist. Wir investieren in Schulungen, f\u00f6rdern die Entwicklung unserer Fachkr\u00e4fte und unterst\u00fctzen sie dabei, ihr volles Potenzial zu entfalten.<\/span><span data-ccp-props=\"{&quot;134233117&quot;:false,&quot;134233118&quot;:false,&quot;201341983&quot;:0,&quot;335559738&quot;:120,&quot;335559739&quot;:120,&quot;335559740&quot;:276}\">\u00a0<\/span><\/p><h3>Respekt und Offenheit\u00a0<\/h3><p><span data-contrast=\"auto\">Unsere Philosophie basiert auf gegenseitigem Respekt und Zusammenarbeit. Wir f\u00f6rdern das Teilen von Ideen, den ehrlichen Meinungsaustausch und gemeinsame Suche nach den besten L\u00f6sungen. Wir schaffen ein Umfeld, in dem sich jeder wertgesch\u00e4tzt, motiviert und unterst\u00fctzt f\u00fchlt, weil wir glauben, dass dieser Ansatz zu den besten Ergebnissen f\u00fchrt.<\/span><span data-ccp-props=\"{&quot;134233117&quot;:false,&quot;134233118&quot;:false,&quot;201341983&quot;:0,&quot;335559738&quot;:120,&quot;335559739&quot;:120,&quot;335559740&quot;:276}\">\u00a0<\/span><\/p><p><span data-contrast=\"auto\">Bei TPA wissen wir, dass die besten L\u00f6sungen dort entstehen, wo Leidenschaft auf Fachkompetenz trifft. Deshalb setzen wir uns jeden Tag daf\u00fcr ein, gemeinsam mit unseren Kunden eine erfolgreiche Zukunft zu gestalten.<\/span><span data-ccp-props=\"{&quot;134233117&quot;:false,&quot;134233118&quot;:false,&quot;201341983&quot;:0,&quot;335559738&quot;:120,&quot;335559739&quot;:120,&quot;335559740&quot;:276}\">\u00a0<\/span><\/p><h3>TPA geh\u00f6rt zu den f\u00fchrenden Beratungs- und Outsourcing-Unternehmen in Mittel- und Osteuropa.\u00a0\u00a0<\/h3><p><span data-contrast=\"auto\">Wir besch\u00e4ftigen \u00fcber 1.800 Mitarbeiter in Albanien, \u00d6sterreich, Bulgarien, Kroatien, Montenegro, der Tschechischen Republik, Polen, Rum\u00e4nien, Serbien, der Slowakei, Slowenien und Ungarn.<\/span><span data-ccp-props=\"{&quot;134233117&quot;:false,&quot;134233118&quot;:false,&quot;201341983&quot;:0,&quot;335559738&quot;:120,&quot;335559739&quot;:120,&quot;335559740&quot;:276}\">\u00a0<\/span><\/p><p><span data-contrast=\"auto\">Wir bieten unsere Dienstleistungen auf Englisch, Deutsch und in jeder Sprache der genannten L\u00e4nder an. Eine reiche grenz\u00fcberschreitende Erfahrung unserer Experten, die wir durch die Zusammenarbeit bei einer Vielzahl von Projekten gewonnen haben, erm\u00f6glicht es uns, einen echten Mehrwert f\u00fcr Kunden zu schaffen, die im multinationalen Umfeld Mittel- und Osteuropas agieren, und die Zugeh\u00f6rigkeit zum Netzwerk von Baker Tilly International er\u00f6ffnet uns die Zusammenarbeit mit Kunden weltweit.<\/span><span data-ccp-props=\"{&quot;134233117&quot;:false,&quot;134233118&quot;:false,&quot;201341983&quot;:0,&quot;335559738&quot;:120,&quot;335559739&quot;:120,&quot;335559740&quot;:276}\">\u00a0<\/span><\/p>\t\t\t\t\t\t\t\t<\/div>\n\t\t\t\t<\/div>\n\t\t\t\t<div class=\"elementor-element elementor-element-a1e4ab0 elementor-widget elementor-widget-heading\" data-id=\"a1e4ab0\" data-element_type=\"widget\" data-widget_type=\"heading.default\">\n\t\t\t\t<div class=\"elementor-widget-container\">\n\t\t\t\t\t<h2 class=\"elementor-heading-title elementor-size-default\">Was noch?<\/h2>\t\t\t\t<\/div>\n\t\t\t\t<\/div>\n\t\t\t\t<div class=\"elementor-element elementor-element-3a9eeeb0 megamenu-link-item elementor-widget elementor-widget-button\" data-id=\"3a9eeeb0\" data-element_type=\"widget\" data-widget_type=\"button.default\">\n\t\t\t\t<div class=\"elementor-widget-container\">\n\t\t\t\t\t\t\t\t\t<div class=\"elementor-button-wrapper\">\n\t\t\t\t\t<a class=\"elementor-button elementor-button-link elementor-size-sm\" href=\"https:\/\/www.tpa-group.pl\/de\/ueber-uns\/\">\n\t\t\t\t\t\t<span class=\"elementor-button-content-wrapper\">\n\t\t\t\t\t\t<span class=\"elementor-button-icon\">\n\t\t\t\t<i aria-hidden=\"true\" class=\"fa6l fa6l-light-arrow-right\"><\/i>\t\t\t<\/span>\n\t\t\t\t\t\t\t\t\t<span class=\"elementor-button-text\">\u00dcber Uns<\/span>\n\t\t\t\t\t<\/span>\n\t\t\t\t\t<\/a>\n\t\t\t\t<\/div>\n\t\t\t\t\t\t\t\t<\/div>\n\t\t\t\t<\/div>\n\t\t\t\t<div class=\"elementor-element elementor-element-d610416 megamenu-link-item elementor-widget elementor-widget-button\" data-id=\"d610416\" data-element_type=\"widget\" data-widget_type=\"button.default\">\n\t\t\t\t<div class=\"elementor-widget-container\">\n\t\t\t\t\t\t\t\t\t<div class=\"elementor-button-wrapper\">\n\t\t\t\t\t<a class=\"elementor-button elementor-button-link elementor-size-sm\" href=\"https:\/\/www.tpa-group.pl\/de\/team\/\">\n\t\t\t\t\t\t<span class=\"elementor-button-content-wrapper\">\n\t\t\t\t\t\t<span class=\"elementor-button-icon\">\n\t\t\t\t<i aria-hidden=\"true\" class=\"fa6l fa6l-light-arrow-right\"><\/i>\t\t\t<\/span>\n\t\t\t\t\t\t\t\t\t<span class=\"elementor-button-text\">Team<\/span>\n\t\t\t\t\t<\/span>\n\t\t\t\t\t<\/a>\n\t\t\t\t<\/div>\n\t\t\t\t\t\t\t\t<\/div>\n\t\t\t\t<\/div>\n\t\t\t\t<div class=\"elementor-element elementor-element-51aa232 megamenu-link-item elementor-widget elementor-widget-button\" data-id=\"51aa232\" data-element_type=\"widget\" data-widget_type=\"button.default\">\n\t\t\t\t<div class=\"elementor-widget-container\">\n\t\t\t\t\t\t\t\t\t<div class=\"elementor-button-wrapper\">\n\t\t\t\t\t<a class=\"elementor-button elementor-button-link elementor-size-sm\" href=\"https:\/\/www.tpa-group.com\/\">\n\t\t\t\t\t\t<span class=\"elementor-button-content-wrapper\">\n\t\t\t\t\t\t<span class=\"elementor-button-icon\">\n\t\t\t\t<i aria-hidden=\"true\" class=\"fa6l fa6l-light-arrow-right\"><\/i>\t\t\t<\/span>\n\t\t\t\t\t\t\t\t\t<span class=\"elementor-button-text\">TPA Group<\/span>\n\t\t\t\t\t<\/span>\n\t\t\t\t\t<\/a>\n\t\t\t\t<\/div>\n\t\t\t\t\t\t\t\t<\/div>\n\t\t\t\t<\/div>\n\t\t\t\t<div class=\"elementor-element elementor-element-6975681 megamenu-link-item elementor-widget elementor-widget-button\" data-id=\"6975681\" data-element_type=\"widget\" data-widget_type=\"button.default\">\n\t\t\t\t<div class=\"elementor-widget-container\">\n\t\t\t\t\t\t\t\t\t<div class=\"elementor-button-wrapper\">\n\t\t\t\t\t<a class=\"elementor-button elementor-button-link elementor-size-sm\" href=\"https:\/\/www.tpa-group.pl\/de\/baker-tilly-international\/\">\n\t\t\t\t\t\t<span class=\"elementor-button-content-wrapper\">\n\t\t\t\t\t\t<span class=\"elementor-button-icon\">\n\t\t\t\t<i aria-hidden=\"true\" class=\"fa6l fa6l-light-arrow-right\"><\/i>\t\t\t<\/span>\n\t\t\t\t\t\t\t\t\t<span class=\"elementor-button-text\">Baker Tilly International<\/span>\n\t\t\t\t\t<\/span>\n\t\t\t\t\t<\/a>\n\t\t\t\t<\/div>\n\t\t\t\t\t\t\t\t<\/div>\n\t\t\t\t<\/div>\n\t\t\t\t<div class=\"elementor-element elementor-element-27b501d megamenu-link-item elementor-widget elementor-widget-button\" data-id=\"27b501d\" data-element_type=\"widget\" data-widget_type=\"button.default\">\n\t\t\t\t<div class=\"elementor-widget-container\">\n\t\t\t\t\t\t\t\t\t<div class=\"elementor-button-wrapper\">\n\t\t\t\t\t<a class=\"elementor-button elementor-button-link elementor-size-sm\" href=\"https:\/\/www.tpa-group.pl\/de\/nachhaltigkeit\/\">\n\t\t\t\t\t\t<span class=\"elementor-button-content-wrapper\">\n\t\t\t\t\t\t<span class=\"elementor-button-icon\">\n\t\t\t\t<i aria-hidden=\"true\" class=\"fa6l fa6l-light-arrow-right\"><\/i>\t\t\t<\/span>\n\t\t\t\t\t\t\t\t\t<span class=\"elementor-button-text\">Nachhaltigkeit<\/span>\n\t\t\t\t\t<\/span>\n\t\t\t\t\t<\/a>\n\t\t\t\t<\/div>\n\t\t\t\t\t\t\t\t<\/div>\n\t\t\t\t<\/div>\n\t\t\t\t<div class=\"elementor-element elementor-element-53845b3 megamenu-link-item elementor-widget elementor-widget-button\" data-id=\"53845b3\" data-element_type=\"widget\" data-widget_type=\"button.default\">\n\t\t\t\t<div class=\"elementor-widget-container\">\n\t\t\t\t\t\t\t\t\t<div class=\"elementor-button-wrapper\">\n\t\t\t\t\t<a class=\"elementor-button elementor-button-link elementor-size-sm\" href=\"https:\/\/www.tpa-group.pl\/de\/informationen-fuer-medien\/\">\n\t\t\t\t\t\t<span class=\"elementor-button-content-wrapper\">\n\t\t\t\t\t\t<span class=\"elementor-button-icon\">\n\t\t\t\t<i aria-hidden=\"true\" class=\"fa6l fa6l-light-arrow-right\"><\/i>\t\t\t<\/span>\n\t\t\t\t\t\t\t\t\t<span class=\"elementor-button-text\">Informationen f\u00fcr Medien<\/span>\n\t\t\t\t\t<\/span>\n\t\t\t\t\t<\/a>\n\t\t\t\t<\/div>\n\t\t\t\t\t\t\t\t<\/div>\n\t\t\t\t<\/div>\n\t\t\t\t<\/div>\n\t\t\t\t\t<\/div>\n\t\t\t\t<\/div>\n\t\t<div class=\"elementor-element elementor-element-61a16fa0 e-flex e-con-boxed e-con e-parent\" data-id=\"61a16fa0\" data-element_type=\"container\">\n\t\t\t\t\t<div class=\"e-con-inner\">\n\t\t\t\t\t<\/div>\n\t\t\t\t<\/div>\n\t\t\t\t<\/div>\n\t\t","protected":false},"excerpt":{"rendered":"<p>Home |&nbsp; Unsere Philosophie Unsere Philosophie Wir sind ein Partner f\u00fcr Unternehmen, der immer in der N\u00e4he bleibt, Ziele der Organisation versteht, sie bei ihren Herausforderungen unterst\u00fctzt und ihre Erfolge gemeinsam mit ihr feiert. Wir glauben, dass Erfolg mit Engagement beginnt. Wir betrachten jedes Projekt als eine gemeinsame Reise, bei der wir Know-How, Erfahrung und [&hellip;]<\/p>\n","protected":false},"author":40,"featured_media":0,"parent":0,"menu_order":0,"comment_status":"closed","ping_status":"closed","template":"elementor_header_footer","meta":{"_acf_changed":false,"footnotes":""},"class_list":["post-8247","page","type-page","status-publish","hentry"],"acf":[],"yoast_head":"<!-- This site is optimized with the Yoast SEO plugin v26.0 - https:\/\/yoast.com\/wordpress\/plugins\/seo\/ -->\n<title>Unsere Philosophie - TPA Poland<\/title>\n<meta name=\"robots\" content=\"index, follow, max-snippet:-1, max-image-preview:large, max-video-preview:-1\" \/>\n<link rel=\"canonical\" href=\"https:\/\/www.tpa-group.pl\/de\/unsere-philosophie\/\" \/>\n<meta property=\"og:locale\" content=\"de_DE\" \/>\n<meta property=\"og:type\" content=\"article\" \/>\n<meta property=\"og:title\" content=\"Unsere Philosophie - TPA Poland\" \/>\n<meta property=\"og:description\" content=\"Home |&nbsp; Unsere Philosophie Unsere Philosophie Wir sind ein Partner f\u00fcr Unternehmen, der immer in der N\u00e4he bleibt, Ziele der Organisation versteht, sie bei ihren Herausforderungen unterst\u00fctzt und ihre Erfolge gemeinsam mit ihr feiert. Wir glauben, dass Erfolg mit Engagement beginnt. Wir betrachten jedes Projekt als eine gemeinsame Reise, bei der wir Know-How, Erfahrung und [&hellip;]\" \/>\n<meta property=\"og:url\" content=\"https:\/\/www.tpa-group.pl\/de\/unsere-philosophie\/\" \/>\n<meta property=\"og:site_name\" content=\"TPA Poland\" \/>\n<meta property=\"article:modified_time\" content=\"2025-02-07T21:42:59+00:00\" \/>\n<meta name=\"twitter:card\" content=\"summary_large_image\" \/>\n<meta name=\"twitter:label1\" content=\"Est. reading time\" \/>\n\t<meta name=\"twitter:data1\" content=\"3 Minuten\" \/>\n<script type=\"application\/ld+json\" class=\"yoast-schema-graph\">{\"@context\":\"https:\/\/schema.org\",\"@graph\":[{\"@type\":\"WebPage\",\"@id\":\"https:\/\/www.tpa-group.pl\/de\/unsere-philosophie\/\",\"url\":\"https:\/\/www.tpa-group.pl\/de\/unsere-philosophie\/\",\"name\":\"Unsere Philosophie - TPA Poland\",\"isPartOf\":{\"@id\":\"https:\/\/www.tpa-group.pl\/de\/#website\"},\"datePublished\":\"2024-12-04T19:58:34+00:00\",\"dateModified\":\"2025-02-07T21:42:59+00:00\",\"breadcrumb\":{\"@id\":\"https:\/\/www.tpa-group.pl\/de\/unsere-philosophie\/#breadcrumb\"},\"inLanguage\":\"de-DE\",\"potentialAction\":[{\"@type\":\"ReadAction\",\"target\":[\"https:\/\/www.tpa-group.pl\/de\/unsere-philosophie\/\"]}]},{\"@type\":\"BreadcrumbList\",\"@id\":\"https:\/\/www.tpa-group.pl\/de\/unsere-philosophie\/#breadcrumb\",\"itemListElement\":[{\"@type\":\"ListItem\",\"position\":1,\"name\":\"Home\",\"item\":\"https:\/\/www.tpa-group.pl\/de\/\"},{\"@type\":\"ListItem\",\"position\":2,\"name\":\"Unsere Philosophie\"}]},{\"@type\":\"WebSite\",\"@id\":\"https:\/\/www.tpa-group.pl\/de\/#website\",\"url\":\"https:\/\/www.tpa-group.pl\/de\/\",\"name\":\"TPA Poland\",\"description\":\"\",\"publisher\":{\"@id\":\"https:\/\/www.tpa-group.pl\/de\/#organization\"},\"potentialAction\":[{\"@type\":\"SearchAction\",\"target\":{\"@type\":\"EntryPoint\",\"urlTemplate\":\"https:\/\/www.tpa-group.pl\/de\/?s={search_term_string}\"},\"query-input\":{\"@type\":\"PropertyValueSpecification\",\"valueRequired\":true,\"valueName\":\"search_term_string\"}}],\"inLanguage\":\"de-DE\"},{\"@type\":\"Organization\",\"@id\":\"https:\/\/www.tpa-group.pl\/de\/#organization\",\"name\":\"TPA Poland\",\"url\":\"https:\/\/www.tpa-group.pl\/de\/\",\"logo\":{\"@type\":\"ImageObject\",\"inLanguage\":\"de-DE\",\"@id\":\"https:\/\/www.tpa-group.pl\/de\/#\/schema\/logo\/image\/\",\"url\":\"https:\/\/www.tpa-group.pl\/app\/uploads\/sites\/8\/2023\/03\/tpa-logo.svg\",\"contentUrl\":\"https:\/\/www.tpa-group.pl\/app\/uploads\/sites\/8\/2023\/03\/tpa-logo.svg\",\"width\":110,\"height\":93,\"caption\":\"TPA Poland\"},\"image\":{\"@id\":\"https:\/\/www.tpa-group.pl\/de\/#\/schema\/logo\/image\/\"}}]}<\/script>\n<!-- \/ Yoast SEO plugin. -->","yoast_head_json":{"title":"Unsere Philosophie - TPA Poland","robots":{"index":"index","follow":"follow","max-snippet":"max-snippet:-1","max-image-preview":"max-image-preview:large","max-video-preview":"max-video-preview:-1"},"canonical":"https:\/\/www.tpa-group.pl\/de\/unsere-philosophie\/","og_locale":"de_DE","og_type":"article","og_title":"Unsere Philosophie - TPA Poland","og_description":"Home |&nbsp; Unsere Philosophie Unsere Philosophie Wir sind ein Partner f\u00fcr Unternehmen, der immer in der N\u00e4he bleibt, Ziele der Organisation versteht, sie bei ihren Herausforderungen unterst\u00fctzt und ihre Erfolge gemeinsam mit ihr feiert. Wir glauben, dass Erfolg mit Engagement beginnt. Wir betrachten jedes Projekt als eine gemeinsame Reise, bei der wir Know-How, Erfahrung und [&hellip;]","og_url":"https:\/\/www.tpa-group.pl\/de\/unsere-philosophie\/","og_site_name":"TPA Poland","article_modified_time":"2025-02-07T21:42:59+00:00","twitter_card":"summary_large_image","twitter_misc":{"Est. reading time":"3 Minuten"},"schema":{"@context":"https:\/\/schema.org","@graph":[{"@type":"WebPage","@id":"https:\/\/www.tpa-group.pl\/de\/unsere-philosophie\/","url":"https:\/\/www.tpa-group.pl\/de\/unsere-philosophie\/","name":"Unsere Philosophie - TPA Poland","isPartOf":{"@id":"https:\/\/www.tpa-group.pl\/de\/#website"},"datePublished":"2024-12-04T19:58:34+00:00","dateModified":"2025-02-07T21:42:59+00:00","breadcrumb":{"@id":"https:\/\/www.tpa-group.pl\/de\/unsere-philosophie\/#breadcrumb"},"inLanguage":"de-DE","potentialAction":[{"@type":"ReadAction","target":["https:\/\/www.tpa-group.pl\/de\/unsere-philosophie\/"]}]},{"@type":"BreadcrumbList","@id":"https:\/\/www.tpa-group.pl\/de\/unsere-philosophie\/#breadcrumb","itemListElement":[{"@type":"ListItem","position":1,"name":"Home","item":"https:\/\/www.tpa-group.pl\/de\/"},{"@type":"ListItem","position":2,"name":"Unsere Philosophie"}]},{"@type":"WebSite","@id":"https:\/\/www.tpa-group.pl\/de\/#website","url":"https:\/\/www.tpa-group.pl\/de\/","name":"TPA Poland","description":"","publisher":{"@id":"https:\/\/www.tpa-group.pl\/de\/#organization"},"potentialAction":[{"@type":"SearchAction","target":{"@type":"EntryPoint","urlTemplate":"https:\/\/www.tpa-group.pl\/de\/?s={search_term_string}"},"query-input":{"@type":"PropertyValueSpecification","valueRequired":true,"valueName":"search_term_string"}}],"inLanguage":"de-DE"},{"@type":"Organization","@id":"https:\/\/www.tpa-group.pl\/de\/#organization","name":"TPA Poland","url":"https:\/\/www.tpa-group.pl\/de\/","logo":{"@type":"ImageObject","inLanguage":"de-DE","@id":"https:\/\/www.tpa-group.pl\/de\/#\/schema\/logo\/image\/","url":"https:\/\/www.tpa-group.pl\/app\/uploads\/sites\/8\/2023\/03\/tpa-logo.svg","contentUrl":"https:\/\/www.tpa-group.pl\/app\/uploads\/sites\/8\/2023\/03\/tpa-logo.svg","width":110,"height":93,"caption":"TPA Poland"},"image":{"@id":"https:\/\/www.tpa-group.pl\/de\/#\/schema\/logo\/image\/"}}]}},"_links":{"self":[{"href":"https:\/\/www.tpa-group.pl\/de\/wp-json\/wp\/v2\/pages\/8247","targetHints":{"allow":["GET"]}}],"collection":[{"href":"https:\/\/www.tpa-group.pl\/de\/wp-json\/wp\/v2\/pages"}],"about":[{"href":"https:\/\/www.tpa-group.pl\/de\/wp-json\/wp\/v2\/types\/page"}],"author":[{"embeddable":true,"href":"https:\/\/www.tpa-group.pl\/de\/wp-json\/wp\/v2\/users\/40"}],"replies":[{"embeddable":true,"href":"https:\/\/www.tpa-group.pl\/de\/wp-json\/wp\/v2\/comments?post=8247"}],"version-history":[{"count":14,"href":"https:\/\/www.tpa-group.pl\/de\/wp-json\/wp\/v2\/pages\/8247\/revisions"}],"predecessor-version":[{"id":8620,"href":"https:\/\/www.tpa-group.pl\/de\/wp-json\/wp\/v2\/pages\/8247\/revisions\/8620"}],"wp:attachment":[{"href":"https:\/\/www.tpa-group.pl\/de\/wp-json\/wp\/v2\/media?parent=8247"}],"curies":[{"name":"wp","href":"https:\/\/api.w.org\/{rel}","templated":true}]}}