{"id":10412,"date":"2025-07-30T07:19:37","date_gmt":"2025-07-30T07:19:37","guid":{"rendered":"https:\/\/www.tpa-group.pl\/?page_id=10412"},"modified":"2025-07-30T12:34:17","modified_gmt":"2025-07-30T12:34:17","slug":"podatek-u-zrodla-w-swietle-najnowszych-objasnien-podatkowych-mf-nagranie-webinaru","status":"publish","type":"page","link":"https:\/\/www.tpa-group.pl\/pl\/podatek-u-zrodla-w-swietle-najnowszych-objasnien-podatkowych-mf-nagranie-webinaru\/","title":{"rendered":"Podatek u \u017ar\u00f3d\u0142a w \u015bwietle najnowszych Obja\u015bnie\u0144 podatkowych MF | Nagranie webinaru"},"content":{"rendered":"\t\t<div data-elementor-type=\"wp-page\" data-elementor-id=\"10412\" class=\"elementor elementor-10412\" data-elementor-post-type=\"page\">\n\t\t\t\t\t\t<section class=\"elementor-section elementor-top-section elementor-element elementor-element-265bc300 hero-banner elementor-section-boxed elementor-section-height-default elementor-section-height-default\" data-id=\"265bc300\" data-element_type=\"section\" data-settings=\"{&quot;background_background&quot;:&quot;classic&quot;}\">\n\t\t\t\t\t\t<div class=\"elementor-container elementor-column-gap-default\">\n\t\t\t\t\t<div class=\"elementor-column elementor-col-50 elementor-top-column elementor-element elementor-element-50ad9c2f\" data-id=\"50ad9c2f\" data-element_type=\"column\">\n\t\t\t<div class=\"elementor-widget-wrap elementor-element-populated\">\n\t\t\t\t\t\t<div class=\"elementor-element elementor-element-6b1d37f elementor-widget elementor-widget-spacer\" data-id=\"6b1d37f\" data-element_type=\"widget\" data-widget_type=\"spacer.default\">\n\t\t\t\t<div class=\"elementor-widget-container\">\n\t\t\t\t\t\t\t<div class=\"elementor-spacer\">\n\t\t\t<div class=\"elementor-spacer-inner\"><\/div>\n\t\t<\/div>\n\t\t\t\t\t\t<\/div>\n\t\t\t\t<\/div>\n\t\t\t\t<div class=\"elementor-element elementor-element-4a03c214 elementor-widget elementor-widget-heading\" data-id=\"4a03c214\" data-element_type=\"widget\" data-widget_type=\"heading.default\">\n\t\t\t\t<div class=\"elementor-widget-container\">\n\t\t\t\t\t<h1 class=\"elementor-heading-title elementor-size-default\">Podatek u \u017ar\u00f3d\u0142a w \u015bwietle najnowszych Obja\u015bnie\u0144 podatkowych MF | Nagranie webinaru\n<\/h1>\t\t\t\t<\/div>\n\t\t\t\t<\/div>\n\t\t\t\t<div class=\"elementor-element elementor-element-df77843 elementor-widget elementor-widget-text-editor\" data-id=\"df77843\" data-element_type=\"widget\" data-widget_type=\"text-editor.default\">\n\t\t\t\t<div class=\"elementor-widget-container\">\n\t\t\t\t\t\t\t\t\t<p>Joanna Henzel, Tax Director<\/p><p>29.07.2025 r.<\/p>\t\t\t\t\t\t\t\t<\/div>\n\t\t\t\t<\/div>\n\t\t\t\t\t<\/div>\n\t\t<\/div>\n\t\t\t\t<div class=\"elementor-column elementor-col-50 elementor-top-column elementor-element elementor-element-175e6d6a\" data-id=\"175e6d6a\" data-element_type=\"column\">\n\t\t\t<div class=\"elementor-widget-wrap\">\n\t\t\t\t\t\t\t<\/div>\n\t\t<\/div>\n\t\t\t\t\t<\/div>\n\t\t<\/section>\n\t\t<div class=\"elementor-element elementor-element-afc11f1 page-content-container e-flex e-con-boxed e-con e-parent\" data-id=\"afc11f1\" data-element_type=\"container\" data-settings=\"{&quot;background_background&quot;:&quot;classic&quot;}\">\n\t\t\t\t\t<div class=\"e-con-inner\">\n\t\t<div class=\"elementor-element elementor-element-5897607 e-con-full e-flex e-con e-child\" data-id=\"5897607\" data-element_type=\"container\">\n\t\t<div class=\"elementor-element elementor-element-7ebdabd e-con-full e-flex e-con e-child\" data-id=\"7ebdabd\" data-element_type=\"container\">\n\t\t\t\t<div class=\"elementor-element elementor-element-1ad8d51 elementor-widget elementor-widget-video\" data-id=\"1ad8d51\" data-element_type=\"widget\" data-settings=\"{&quot;youtube_url&quot;:&quot;https:\\\/\\\/www.youtube.com\\\/watch?v=wBGWMfFzvzs&quot;,&quot;video_type&quot;:&quot;youtube&quot;,&quot;controls&quot;:&quot;yes&quot;}\" data-widget_type=\"video.default\">\n\t\t\t\t<div class=\"elementor-widget-container\">\n\t\t\t\t\t\t\t<div class=\"elementor-wrapper elementor-open-inline\">\n\t\t\t<div class=\"elementor-video\"><\/div>\t\t<\/div>\n\t\t\t\t\t\t<\/div>\n\t\t\t\t<\/div>\n\t\t\t\t<\/div>\n\t\t\t\t<\/div>\n\t\t\t\t\t<\/div>\n\t\t\t\t<\/div>\n\t\t<div class=\"elementor-element elementor-element-b65c510 e-flex e-con-boxed e-con e-parent\" data-id=\"b65c510\" data-element_type=\"container\" data-settings=\"{&quot;background_background&quot;:&quot;classic&quot;}\">\n\t\t\t\t\t<div class=\"e-con-inner\">\n\t\t<div class=\"elementor-element elementor-element-a9625a0 e-con-full e-flex e-con e-child\" data-id=\"a9625a0\" data-element_type=\"container\">\n\t\t<div class=\"elementor-element elementor-element-b93c134 e-con-full e-flex e-con e-child\" data-id=\"b93c134\" data-element_type=\"container\">\n\t\t\t\t<div class=\"elementor-element elementor-element-3545a04 elementor-align-center elementor-widget elementor-widget-button\" data-id=\"3545a04\" data-element_type=\"widget\" data-widget_type=\"button.default\">\n\t\t\t\t<div class=\"elementor-widget-container\">\n\t\t\t\t\t\t\t\t\t<div class=\"elementor-button-wrapper\">\n\t\t\t\t\t<a class=\"elementor-button elementor-button-link elementor-size-sm\" href=\"https:\/\/www.tpa-group.pl\/app\/uploads\/sites\/8\/2025\/07\/Podatek-u-zrodla-w-swietle-najnowszych-Objasnien-podatkowych.pdf\" target=\"_blank\">\n\t\t\t\t\t\t<span class=\"elementor-button-content-wrapper\">\n\t\t\t\t\t\t\t\t\t<span class=\"elementor-button-text\">Pobierz prezentacj\u0119<\/span>\n\t\t\t\t\t<\/span>\n\t\t\t\t\t<\/a>\n\t\t\t\t<\/div>\n\t\t\t\t\t\t\t\t<\/div>\n\t\t\t\t<\/div>\n\t\t\t\t<\/div>\n\t\t\t\t<\/div>\n\t\t\t\t\t<\/div>\n\t\t\t\t<\/div>\n\t\t<div class=\"elementor-element elementor-element-01aed41 page-content-container e-flex e-con-boxed e-con e-parent\" data-id=\"01aed41\" data-element_type=\"container\" data-settings=\"{&quot;background_background&quot;:&quot;classic&quot;}\">\n\t\t\t\t\t<div class=\"e-con-inner\">\n\t\t<div class=\"elementor-element elementor-element-257ea62 e-con-full e-flex e-con e-child\" data-id=\"257ea62\" data-element_type=\"container\">\n\t\t<div class=\"elementor-element elementor-element-9485096 e-con-full e-flex e-con e-child\" data-id=\"9485096\" data-element_type=\"container\">\n\t\t\t\t<div class=\"elementor-element elementor-element-f988509 elementor-widget elementor-widget-text-editor\" data-id=\"f988509\" data-element_type=\"widget\" data-widget_type=\"text-editor.default\">\n\t\t\t\t<div class=\"elementor-widget-container\">\n\t\t\t\t\t\t\t\t\t<p>W przypadku dodatkowych pyta\u0144 zapraszamy do kontaktu.<\/p>\t\t\t\t\t\t\t\t<\/div>\n\t\t\t\t<\/div>\n\t\t\t\t<div class=\"elementor-element elementor-element-6f87d07 elementor-widget elementor-widget-single-person-card\" data-id=\"6f87d07\" data-element_type=\"widget\" data-settings=\"{&quot;person_single&quot;:&quot;10341&quot;}\" data-widget_type=\"single-person-card.default\">\n\t\t\t\t<div class=\"elementor-widget-container\">\n\t\t\t\t\t\n\t\t<div class=\"single-person-card\">\n            <a class=\"person-link\" href=\"https:\/\/www.tpa-group.pl\/pl\/persons\/joanna-henzel\/\"  >\n        \t\t<div class=\"img-container\">\n        \t\t\t<img decoding=\"async\" src=\"https:\/\/www.tpa-group.pl\/app\/uploads\/sites\/8\/2025\/07\/Joanna-Henzel-277x315.png\" alt=\"Joanna Henzel\">\n        \t\t\t<span><\/span>\n        \t\t<\/div>\n\n\t\t\t\t    \t\t\t\t<div class=\"post-content-wrapper\">\n\t\t        \t\t<div class=\"content-container\">\n                \t\t\t                \t\t\t\t<div class=\"locations\">\n\n        \t\t\t\t\t\t\t\t\t\n\t\t\t\t\t\t\t\t\t\t<p>\n\t\t\t\t\t\t\t\t\t\t\tPozna\u0144\t\t\t\t\t\t\t\t\t\t\t\n\t\t\t\t\t\t\t\t\t\t<\/p>\n\t\t\t\t\t\t\t\t\t\t\t\t\t\t\t\t<\/div>\n\t\t\t\t\t\t\t\t\n\t\t        \t\t\t\t\t        \t\t\t\t<h5 class=\"post-title\">Joanna Henzel<\/h5>\n                \t\t\t\t\t        \t\t\t\t\t        \t\t\t\t\t        \t\t\t\t\t<div class=\"job-positions\">\n\t        \t\t\t\t\t\t\t        \t\t\t\t\t\t\t<p class=\"job-position \">Tax Director<\/p>\n        \t\t\t\t\t\t\t        \t\t\t\t\t\t<\/div>\n\t        \t\t\t\t\t\t        \t\t\t\t\t<div class=\"btn-arrow\" style=\"background-image: url('https:\/\/www.tpa-group.pl\/app\/plugins\/ovos-elementor-widgets\/widgets\/single-person-card-widget\/img\/button-arrow-right-long.svg')\"><\/div>\n\t\t        \t\t\t\t\t        \t\t<\/div>\n\t        \t\t<\/div>\n\t\t\t\t    \t\t<\/a>\n    \t<\/div>\n\n\t\t\t\t\t\t<\/div>\n\t\t\t\t<\/div>\n\t\t\t\t<\/div>\n\t\t\t\t<\/div>\n\t\t\t\t\t<\/div>\n\t\t\t\t<\/div>\n\t\t<div class=\"elementor-element elementor-element-2950e45 e-flex e-con-boxed e-con e-parent\" data-id=\"2950e45\" data-element_type=\"container\">\n\t\t\t\t\t<div class=\"e-con-inner\">\n\t\t\t\t\t<\/div>\n\t\t\t\t<\/div>\n\t\t\t\t<\/div>\n\t\t","protected":false},"excerpt":{"rendered":"<p>Podatek u \u017ar\u00f3d\u0142a w \u015bwietle najnowszych Obja\u015bnie\u0144 podatkowych MF | Nagranie webinaru Joanna Henzel, Tax Director 29.07.2025 r. https:\/\/www.youtube.com\/watch?v=wBGWMfFzvzs Pobierz prezentacj\u0119 W przypadku dodatkowych pyta\u0144 zapraszamy do kontaktu. Pozna\u0144 Joanna Henzel Tax Director<\/p>\n","protected":false},"author":40,"featured_media":0,"parent":0,"menu_order":0,"comment_status":"closed","ping_status":"closed","template":"elementor_header_footer","meta":{"_acf_changed":false,"footnotes":""},"class_list":["post-10412","page","type-page","status-publish","hentry"],"acf":[],"yoast_head":"<!-- This site is optimized with the Yoast SEO plugin v26.0 - https:\/\/yoast.com\/wordpress\/plugins\/seo\/ -->\n<title>Podatek u \u017ar\u00f3d\u0142a w \u015bwietle najnowszych Obja\u015bnie\u0144 podatkowych MF | Nagranie webinaru - TPA Poland<\/title>\n<meta name=\"robots\" content=\"index, follow, max-snippet:-1, max-image-preview:large, max-video-preview:-1\" \/>\n<link rel=\"canonical\" href=\"https:\/\/www.tpa-group.pl\/pl\/podatek-u-zrodla-w-swietle-najnowszych-objasnien-podatkowych-mf-nagranie-webinaru\/\" \/>\n<meta property=\"og:locale\" content=\"pl_PL\" \/>\n<meta property=\"og:type\" content=\"article\" \/>\n<meta property=\"og:title\" content=\"Podatek u \u017ar\u00f3d\u0142a w \u015bwietle najnowszych Obja\u015bnie\u0144 podatkowych MF | Nagranie webinaru - TPA Poland\" \/>\n<meta property=\"og:description\" content=\"Podatek u \u017ar\u00f3d\u0142a w \u015bwietle najnowszych Obja\u015bnie\u0144 podatkowych MF | Nagranie webinaru Joanna Henzel, Tax Director 29.07.2025 r. https:\/\/www.youtube.com\/watch?v=wBGWMfFzvzs Pobierz prezentacj\u0119 W przypadku dodatkowych pyta\u0144 zapraszamy do kontaktu. Pozna\u0144 Joanna Henzel Tax Director\" \/>\n<meta property=\"og:url\" content=\"https:\/\/www.tpa-group.pl\/pl\/podatek-u-zrodla-w-swietle-najnowszych-objasnien-podatkowych-mf-nagranie-webinaru\/\" \/>\n<meta property=\"og:site_name\" content=\"TPA Poland\" \/>\n<meta property=\"article:modified_time\" content=\"2025-07-30T12:34:17+00:00\" \/>\n<meta property=\"og:image\" content=\"https:\/\/www.tpa-group.pl\/app\/uploads\/sites\/8\/2025\/07\/Joanna-Henzel-277x315.png\" \/>\n<meta name=\"twitter:card\" content=\"summary_large_image\" \/>\n<meta name=\"twitter:label1\" content=\"Est. reading time\" \/>\n\t<meta name=\"twitter:data1\" content=\"1 minuta\" \/>\n<script type=\"application\/ld+json\" class=\"yoast-schema-graph\">{\"@context\":\"https:\/\/schema.org\",\"@graph\":[{\"@type\":\"WebPage\",\"@id\":\"https:\/\/www.tpa-group.pl\/pl\/podatek-u-zrodla-w-swietle-najnowszych-objasnien-podatkowych-mf-nagranie-webinaru\/\",\"url\":\"https:\/\/www.tpa-group.pl\/pl\/podatek-u-zrodla-w-swietle-najnowszych-objasnien-podatkowych-mf-nagranie-webinaru\/\",\"name\":\"Podatek u \u017ar\u00f3d\u0142a w \u015bwietle najnowszych Obja\u015bnie\u0144 podatkowych MF | Nagranie webinaru - TPA Poland\",\"isPartOf\":{\"@id\":\"https:\/\/www.tpa-group.pl\/pl\/#website\"},\"primaryImageOfPage\":{\"@id\":\"https:\/\/www.tpa-group.pl\/pl\/podatek-u-zrodla-w-swietle-najnowszych-objasnien-podatkowych-mf-nagranie-webinaru\/#primaryimage\"},\"image\":{\"@id\":\"https:\/\/www.tpa-group.pl\/pl\/podatek-u-zrodla-w-swietle-najnowszych-objasnien-podatkowych-mf-nagranie-webinaru\/#primaryimage\"},\"thumbnailUrl\":\"https:\/\/www.tpa-group.pl\/app\/uploads\/sites\/8\/2025\/07\/Joanna-Henzel-277x315.png\",\"datePublished\":\"2025-07-30T07:19:37+00:00\",\"dateModified\":\"2025-07-30T12:34:17+00:00\",\"breadcrumb\":{\"@id\":\"https:\/\/www.tpa-group.pl\/pl\/podatek-u-zrodla-w-swietle-najnowszych-objasnien-podatkowych-mf-nagranie-webinaru\/#breadcrumb\"},\"inLanguage\":\"pl-PL\",\"potentialAction\":[{\"@type\":\"ReadAction\",\"target\":[\"https:\/\/www.tpa-group.pl\/pl\/podatek-u-zrodla-w-swietle-najnowszych-objasnien-podatkowych-mf-nagranie-webinaru\/\"]}]},{\"@type\":\"ImageObject\",\"inLanguage\":\"pl-PL\",\"@id\":\"https:\/\/www.tpa-group.pl\/pl\/podatek-u-zrodla-w-swietle-najnowszych-objasnien-podatkowych-mf-nagranie-webinaru\/#primaryimage\",\"url\":\"https:\/\/www.tpa-group.pl\/app\/uploads\/sites\/8\/2025\/07\/Joanna-Henzel-277x315.png\",\"contentUrl\":\"https:\/\/www.tpa-group.pl\/app\/uploads\/sites\/8\/2025\/07\/Joanna-Henzel-277x315.png\"},{\"@type\":\"BreadcrumbList\",\"@id\":\"https:\/\/www.tpa-group.pl\/pl\/podatek-u-zrodla-w-swietle-najnowszych-objasnien-podatkowych-mf-nagranie-webinaru\/#breadcrumb\",\"itemListElement\":[{\"@type\":\"ListItem\",\"position\":1,\"name\":\"Home\",\"item\":\"https:\/\/www.tpa-group.pl\/pl\/\"},{\"@type\":\"ListItem\",\"position\":2,\"name\":\"Podatek u \u017ar\u00f3d\u0142a w \u015bwietle najnowszych Obja\u015bnie\u0144 podatkowych MF | Nagranie webinaru\"}]},{\"@type\":\"WebSite\",\"@id\":\"https:\/\/www.tpa-group.pl\/pl\/#website\",\"url\":\"https:\/\/www.tpa-group.pl\/pl\/\",\"name\":\"TPA Poland\",\"description\":\"\",\"publisher\":{\"@id\":\"https:\/\/www.tpa-group.pl\/pl\/#organization\"},\"potentialAction\":[{\"@type\":\"SearchAction\",\"target\":{\"@type\":\"EntryPoint\",\"urlTemplate\":\"https:\/\/www.tpa-group.pl\/pl\/?s={search_term_string}\"},\"query-input\":{\"@type\":\"PropertyValueSpecification\",\"valueRequired\":true,\"valueName\":\"search_term_string\"}}],\"inLanguage\":\"pl-PL\"},{\"@type\":\"Organization\",\"@id\":\"https:\/\/www.tpa-group.pl\/pl\/#organization\",\"name\":\"TPA Poland\",\"url\":\"https:\/\/www.tpa-group.pl\/pl\/\",\"logo\":{\"@type\":\"ImageObject\",\"inLanguage\":\"pl-PL\",\"@id\":\"https:\/\/www.tpa-group.pl\/pl\/#\/schema\/logo\/image\/\",\"url\":\"https:\/\/www.tpa-group.pl\/app\/uploads\/sites\/8\/2023\/03\/tpa-logo.svg\",\"contentUrl\":\"https:\/\/www.tpa-group.pl\/app\/uploads\/sites\/8\/2023\/03\/tpa-logo.svg\",\"width\":110,\"height\":93,\"caption\":\"TPA Poland\"},\"image\":{\"@id\":\"https:\/\/www.tpa-group.pl\/pl\/#\/schema\/logo\/image\/\"}}]}<\/script>\n<!-- \/ Yoast SEO plugin. -->","yoast_head_json":{"title":"Podatek u \u017ar\u00f3d\u0142a w \u015bwietle najnowszych Obja\u015bnie\u0144 podatkowych MF | Nagranie webinaru - TPA Poland","robots":{"index":"index","follow":"follow","max-snippet":"max-snippet:-1","max-image-preview":"max-image-preview:large","max-video-preview":"max-video-preview:-1"},"canonical":"https:\/\/www.tpa-group.pl\/pl\/podatek-u-zrodla-w-swietle-najnowszych-objasnien-podatkowych-mf-nagranie-webinaru\/","og_locale":"pl_PL","og_type":"article","og_title":"Podatek u \u017ar\u00f3d\u0142a w \u015bwietle najnowszych Obja\u015bnie\u0144 podatkowych MF | Nagranie webinaru - TPA Poland","og_description":"Podatek u \u017ar\u00f3d\u0142a w \u015bwietle najnowszych Obja\u015bnie\u0144 podatkowych MF | Nagranie webinaru Joanna Henzel, Tax Director 29.07.2025 r. https:\/\/www.youtube.com\/watch?v=wBGWMfFzvzs Pobierz prezentacj\u0119 W przypadku dodatkowych pyta\u0144 zapraszamy do kontaktu. Pozna\u0144 Joanna Henzel Tax Director","og_url":"https:\/\/www.tpa-group.pl\/pl\/podatek-u-zrodla-w-swietle-najnowszych-objasnien-podatkowych-mf-nagranie-webinaru\/","og_site_name":"TPA Poland","article_modified_time":"2025-07-30T12:34:17+00:00","og_image":[{"url":"https:\/\/www.tpa-group.pl\/app\/uploads\/sites\/8\/2025\/07\/Joanna-Henzel-277x315.png","type":"","width":"","height":""}],"twitter_card":"summary_large_image","twitter_misc":{"Est. reading time":"1 minuta"},"schema":{"@context":"https:\/\/schema.org","@graph":[{"@type":"WebPage","@id":"https:\/\/www.tpa-group.pl\/pl\/podatek-u-zrodla-w-swietle-najnowszych-objasnien-podatkowych-mf-nagranie-webinaru\/","url":"https:\/\/www.tpa-group.pl\/pl\/podatek-u-zrodla-w-swietle-najnowszych-objasnien-podatkowych-mf-nagranie-webinaru\/","name":"Podatek u \u017ar\u00f3d\u0142a w \u015bwietle najnowszych Obja\u015bnie\u0144 podatkowych MF | Nagranie webinaru - TPA Poland","isPartOf":{"@id":"https:\/\/www.tpa-group.pl\/pl\/#website"},"primaryImageOfPage":{"@id":"https:\/\/www.tpa-group.pl\/pl\/podatek-u-zrodla-w-swietle-najnowszych-objasnien-podatkowych-mf-nagranie-webinaru\/#primaryimage"},"image":{"@id":"https:\/\/www.tpa-group.pl\/pl\/podatek-u-zrodla-w-swietle-najnowszych-objasnien-podatkowych-mf-nagranie-webinaru\/#primaryimage"},"thumbnailUrl":"https:\/\/www.tpa-group.pl\/app\/uploads\/sites\/8\/2025\/07\/Joanna-Henzel-277x315.png","datePublished":"2025-07-30T07:19:37+00:00","dateModified":"2025-07-30T12:34:17+00:00","breadcrumb":{"@id":"https:\/\/www.tpa-group.pl\/pl\/podatek-u-zrodla-w-swietle-najnowszych-objasnien-podatkowych-mf-nagranie-webinaru\/#breadcrumb"},"inLanguage":"pl-PL","potentialAction":[{"@type":"ReadAction","target":["https:\/\/www.tpa-group.pl\/pl\/podatek-u-zrodla-w-swietle-najnowszych-objasnien-podatkowych-mf-nagranie-webinaru\/"]}]},{"@type":"ImageObject","inLanguage":"pl-PL","@id":"https:\/\/www.tpa-group.pl\/pl\/podatek-u-zrodla-w-swietle-najnowszych-objasnien-podatkowych-mf-nagranie-webinaru\/#primaryimage","url":"https:\/\/www.tpa-group.pl\/app\/uploads\/sites\/8\/2025\/07\/Joanna-Henzel-277x315.png","contentUrl":"https:\/\/www.tpa-group.pl\/app\/uploads\/sites\/8\/2025\/07\/Joanna-Henzel-277x315.png"},{"@type":"BreadcrumbList","@id":"https:\/\/www.tpa-group.pl\/pl\/podatek-u-zrodla-w-swietle-najnowszych-objasnien-podatkowych-mf-nagranie-webinaru\/#breadcrumb","itemListElement":[{"@type":"ListItem","position":1,"name":"Home","item":"https:\/\/www.tpa-group.pl\/pl\/"},{"@type":"ListItem","position":2,"name":"Podatek u \u017ar\u00f3d\u0142a w \u015bwietle najnowszych Obja\u015bnie\u0144 podatkowych MF | Nagranie webinaru"}]},{"@type":"WebSite","@id":"https:\/\/www.tpa-group.pl\/pl\/#website","url":"https:\/\/www.tpa-group.pl\/pl\/","name":"TPA Poland","description":"","publisher":{"@id":"https:\/\/www.tpa-group.pl\/pl\/#organization"},"potentialAction":[{"@type":"SearchAction","target":{"@type":"EntryPoint","urlTemplate":"https:\/\/www.tpa-group.pl\/pl\/?s={search_term_string}"},"query-input":{"@type":"PropertyValueSpecification","valueRequired":true,"valueName":"search_term_string"}}],"inLanguage":"pl-PL"},{"@type":"Organization","@id":"https:\/\/www.tpa-group.pl\/pl\/#organization","name":"TPA Poland","url":"https:\/\/www.tpa-group.pl\/pl\/","logo":{"@type":"ImageObject","inLanguage":"pl-PL","@id":"https:\/\/www.tpa-group.pl\/pl\/#\/schema\/logo\/image\/","url":"https:\/\/www.tpa-group.pl\/app\/uploads\/sites\/8\/2023\/03\/tpa-logo.svg","contentUrl":"https:\/\/www.tpa-group.pl\/app\/uploads\/sites\/8\/2023\/03\/tpa-logo.svg","width":110,"height":93,"caption":"TPA Poland"},"image":{"@id":"https:\/\/www.tpa-group.pl\/pl\/#\/schema\/logo\/image\/"}}]}},"_links":{"self":[{"href":"https:\/\/www.tpa-group.pl\/pl\/wp-json\/wp\/v2\/pages\/10412","targetHints":{"allow":["GET"]}}],"collection":[{"href":"https:\/\/www.tpa-group.pl\/pl\/wp-json\/wp\/v2\/pages"}],"about":[{"href":"https:\/\/www.tpa-group.pl\/pl\/wp-json\/wp\/v2\/types\/page"}],"author":[{"embeddable":true,"href":"https:\/\/www.tpa-group.pl\/pl\/wp-json\/wp\/v2\/users\/40"}],"replies":[{"embeddable":true,"href":"https:\/\/www.tpa-group.pl\/pl\/wp-json\/wp\/v2\/comments?post=10412"}],"version-history":[{"count":22,"href":"https:\/\/www.tpa-group.pl\/pl\/wp-json\/wp\/v2\/pages\/10412\/revisions"}],"predecessor-version":[{"id":10473,"href":"https:\/\/www.tpa-group.pl\/pl\/wp-json\/wp\/v2\/pages\/10412\/revisions\/10473"}],"wp:attachment":[{"href":"https:\/\/www.tpa-group.pl\/pl\/wp-json\/wp\/v2\/media?parent=10412"}],"curies":[{"name":"wp","href":"https:\/\/api.w.org\/{rel}","templated":true}]}}