{"id":10639,"date":"2025-09-04T13:08:02","date_gmt":"2025-09-04T13:08:02","guid":{"rendered":"https:\/\/www.tpa-group.pl\/?page_id=10639"},"modified":"2025-09-04T13:33:54","modified_gmt":"2025-09-04T13:33:54","slug":"transformacja-esg-w-praktyce-jak-budowac-wartosc-odpornosc-i-przewage-konkurencyjna-w-sektorze-energetyki-i-oze-nagranie-webinaru","status":"publish","type":"page","link":"https:\/\/www.tpa-group.pl\/pl\/transformacja-esg-w-praktyce-jak-budowac-wartosc-odpornosc-i-przewage-konkurencyjna-w-sektorze-energetyki-i-oze-nagranie-webinaru\/","title":{"rendered":"Transformacja ESG w praktyce \u2013 jak budowa\u0107 warto\u015b\u0107, odporno\u015b\u0107 i przewag\u0119 konkurencyjn\u0105 w sektorze energetyki i OZE | Nagranie webinaru\u200b"},"content":{"rendered":"\t\t<div data-elementor-type=\"wp-page\" data-elementor-id=\"10639\" class=\"elementor elementor-10639\" data-elementor-post-type=\"page\">\n\t\t\t\t\t\t<section class=\"elementor-section elementor-top-section elementor-element elementor-element-265bc300 hero-banner elementor-section-boxed elementor-section-height-default elementor-section-height-default\" data-id=\"265bc300\" data-element_type=\"section\" data-settings=\"{&quot;background_background&quot;:&quot;classic&quot;}\">\n\t\t\t\t\t\t<div class=\"elementor-container elementor-column-gap-default\">\n\t\t\t\t\t<div class=\"elementor-column elementor-col-50 elementor-top-column elementor-element elementor-element-50ad9c2f\" data-id=\"50ad9c2f\" data-element_type=\"column\">\n\t\t\t<div class=\"elementor-widget-wrap elementor-element-populated\">\n\t\t\t\t\t\t<div class=\"elementor-element elementor-element-6b1d37f elementor-widget elementor-widget-spacer\" data-id=\"6b1d37f\" data-element_type=\"widget\" data-widget_type=\"spacer.default\">\n\t\t\t\t<div class=\"elementor-widget-container\">\n\t\t\t\t\t\t\t<div class=\"elementor-spacer\">\n\t\t\t<div class=\"elementor-spacer-inner\"><\/div>\n\t\t<\/div>\n\t\t\t\t\t\t<\/div>\n\t\t\t\t<\/div>\n\t\t\t\t<div class=\"elementor-element elementor-element-4a03c214 elementor-widget elementor-widget-heading\" data-id=\"4a03c214\" data-element_type=\"widget\" data-widget_type=\"heading.default\">\n\t\t\t\t<div class=\"elementor-widget-container\">\n\t\t\t\t\t<h1 class=\"elementor-heading-title elementor-size-default\">Transformacja ESG w praktyce \u2013 jak budowa\u0107 warto\u015b\u0107, odporno\u015b\u0107 i przewag\u0119 konkurencyjn\u0105 w sektorze energetyki i OZE<\/h1>\t\t\t\t<\/div>\n\t\t\t\t<\/div>\n\t\t\t\t<div class=\"elementor-element elementor-element-df77843 elementor-widget elementor-widget-text-editor\" data-id=\"df77843\" data-element_type=\"widget\" data-widget_type=\"text-editor.default\">\n\t\t\t\t<div class=\"elementor-widget-container\">\n\t\t\t\t\t\t\t\t\t<p>Katarzyna Chwalbi\u0144ska-Kusek, Partner<\/p><p>04.09.2025 r.<\/p>\t\t\t\t\t\t\t\t<\/div>\n\t\t\t\t<\/div>\n\t\t\t\t\t<\/div>\n\t\t<\/div>\n\t\t\t\t<div class=\"elementor-column elementor-col-50 elementor-top-column elementor-element elementor-element-175e6d6a\" data-id=\"175e6d6a\" data-element_type=\"column\">\n\t\t\t<div class=\"elementor-widget-wrap\">\n\t\t\t\t\t\t\t<\/div>\n\t\t<\/div>\n\t\t\t\t\t<\/div>\n\t\t<\/section>\n\t\t<div class=\"elementor-element elementor-element-afc11f1 page-content-container e-flex e-con-boxed e-con e-parent\" data-id=\"afc11f1\" data-element_type=\"container\" data-settings=\"{&quot;background_background&quot;:&quot;classic&quot;}\">\n\t\t\t\t\t<div class=\"e-con-inner\">\n\t\t<div class=\"elementor-element elementor-element-5897607 e-con-full e-flex e-con e-child\" data-id=\"5897607\" data-element_type=\"container\">\n\t\t<div class=\"elementor-element elementor-element-7ebdabd e-con-full e-flex e-con e-child\" data-id=\"7ebdabd\" data-element_type=\"container\">\n\t\t\t\t<div class=\"elementor-element elementor-element-1ad8d51 elementor-widget elementor-widget-video\" data-id=\"1ad8d51\" data-element_type=\"widget\" data-settings=\"{&quot;youtube_url&quot;:&quot;https:\\\/\\\/www.youtube.com\\\/watch?v=qE4H_XjYZIE&quot;,&quot;video_type&quot;:&quot;youtube&quot;,&quot;controls&quot;:&quot;yes&quot;}\" data-widget_type=\"video.default\">\n\t\t\t\t<div class=\"elementor-widget-container\">\n\t\t\t\t\t\t\t<div class=\"elementor-wrapper elementor-open-inline\">\n\t\t\t<div class=\"elementor-video\"><\/div>\t\t<\/div>\n\t\t\t\t\t\t<\/div>\n\t\t\t\t<\/div>\n\t\t\t\t<\/div>\n\t\t\t\t<\/div>\n\t\t\t\t\t<\/div>\n\t\t\t\t<\/div>\n\t\t<div class=\"elementor-element elementor-element-01aed41 page-content-container e-flex e-con-boxed e-con e-parent\" data-id=\"01aed41\" data-element_type=\"container\" data-settings=\"{&quot;background_background&quot;:&quot;classic&quot;}\">\n\t\t\t\t\t<div class=\"e-con-inner\">\n\t\t<div class=\"elementor-element elementor-element-257ea62 e-con-full e-flex e-con e-child\" data-id=\"257ea62\" data-element_type=\"container\">\n\t\t<div class=\"elementor-element elementor-element-9485096 e-con-full e-flex e-con e-child\" data-id=\"9485096\" data-element_type=\"container\">\n\t\t\t\t<div class=\"elementor-element elementor-element-f988509 elementor-widget elementor-widget-text-editor\" data-id=\"f988509\" data-element_type=\"widget\" data-widget_type=\"text-editor.default\">\n\t\t\t\t<div class=\"elementor-widget-container\">\n\t\t\t\t\t\t\t\t\t<p>W przypadku dodatkowych pyta\u0144 zapraszamy do kontaktu.<\/p>\t\t\t\t\t\t\t\t<\/div>\n\t\t\t\t<\/div>\n\t\t\t\t<div class=\"elementor-element elementor-element-6f87d07 elementor-widget elementor-widget-single-person-card\" data-id=\"6f87d07\" data-element_type=\"widget\" data-settings=\"{&quot;person_single&quot;:&quot;4175&quot;}\" data-widget_type=\"single-person-card.default\">\n\t\t\t\t<div class=\"elementor-widget-container\">\n\t\t\t\t\t\n\t\t<div class=\"single-person-card\">\n            <a class=\"person-link\" href=\"https:\/\/www.tpa-group.pl\/pl\/persons\/katarzyna-chwalbinska-kusek\/\"  >\n        \t\t<div class=\"img-container\">\n        \t\t\t<img decoding=\"async\" src=\"https:\/\/www.tpa-group.pl\/app\/uploads\/sites\/8\/2024\/12\/Katarzyna-Chwalbinska-Kusek-Zdjecie-wyroznione-nowa-strona-.png\" alt=\"Katarzyna Chwalbi\u0144ska-Kusek\">\n        \t\t\t<span><\/span>\n        \t\t<\/div>\n\n\t\t\t\t    \t\t\t\t<div class=\"post-content-wrapper\">\n\t\t        \t\t<div class=\"content-container\">\n                \t\t\t                \t\t\t\t<div class=\"locations\">\n\n        \t\t\t\t\t\t\t\t\t\n\t\t\t\t\t\t\t\t\t\t<p>\n\t\t\t\t\t\t\t\t\t\t\tWarszawa\t\t\t\t\t\t\t\t\t\t\t\n\t\t\t\t\t\t\t\t\t\t<\/p>\n\t\t\t\t\t\t\t\t\t\t\t\t\t\t\t\t<\/div>\n\t\t\t\t\t\t\t\t\n\t\t        \t\t\t\t\t        \t\t\t\t<h5 class=\"post-title\">Katarzyna Chwalbi\u0144ska-Kusek<\/h5>\n                \t\t\t\t\t        \t\t\t\t\t        \t\t\t\t\t        \t\t\t\t\t<div class=\"job-positions\">\n\t        \t\t\t\t\t\t\t        \t\t\t\t\t\t\t<p class=\"job-position \">Partner<\/p>\n        \t\t\t\t\t\t\t        \t\t\t\t\t\t<\/div>\n\t        \t\t\t\t\t\t        \t\t\t\t\t<div class=\"btn-arrow\" style=\"background-image: url('https:\/\/www.tpa-group.pl\/app\/plugins\/ovos-elementor-widgets\/widgets\/single-person-card-widget\/img\/button-arrow-right-long.svg')\"><\/div>\n\t\t        \t\t\t\t\t        \t\t<\/div>\n\t        \t\t<\/div>\n\t\t\t\t    \t\t<\/a>\n    \t<\/div>\n\n\t\t\t\t\t\t<\/div>\n\t\t\t\t<\/div>\n\t\t\t\t<\/div>\n\t\t\t\t<\/div>\n\t\t\t\t\t<\/div>\n\t\t\t\t<\/div>\n\t\t<div class=\"elementor-element elementor-element-2950e45 e-flex e-con-boxed e-con e-parent\" data-id=\"2950e45\" data-element_type=\"container\">\n\t\t\t\t\t<div class=\"e-con-inner\">\n\t\t\t\t\t<\/div>\n\t\t\t\t<\/div>\n\t\t\t\t<\/div>\n\t\t","protected":false},"excerpt":{"rendered":"<p>Transformacja ESG w praktyce \u2013 jak budowa\u0107 warto\u015b\u0107, odporno\u015b\u0107 i przewag\u0119 konkurencyjn\u0105 w sektorze energetyki i OZE Katarzyna Chwalbi\u0144ska-Kusek, Partner 04.09.2025 r. https:\/\/www.youtube.com\/watch?v=qE4H_XjYZIE W przypadku dodatkowych pyta\u0144 zapraszamy do kontaktu. Warszawa Katarzyna Chwalbi\u0144ska-Kusek Partner<\/p>\n","protected":false},"author":40,"featured_media":0,"parent":0,"menu_order":0,"comment_status":"closed","ping_status":"closed","template":"elementor_header_footer","meta":{"_acf_changed":false,"footnotes":""},"class_list":["post-10639","page","type-page","status-publish","hentry"],"acf":[],"yoast_head":"<!-- This site is optimized with the Yoast SEO plugin v26.0 - https:\/\/yoast.com\/wordpress\/plugins\/seo\/ -->\n<title>Transformacja ESG w praktyce \u2013 jak budowa\u0107 warto\u015b\u0107, odporno\u015b\u0107 i przewag\u0119 konkurencyjn\u0105 w sektorze energetyki i OZE | Nagranie webinaru\u200b - TPA Poland<\/title>\n<meta name=\"robots\" content=\"index, follow, max-snippet:-1, max-image-preview:large, max-video-preview:-1\" \/>\n<link rel=\"canonical\" href=\"https:\/\/www.tpa-group.pl\/pl\/transformacja-esg-w-praktyce-jak-budowac-wartosc-odpornosc-i-przewage-konkurencyjna-w-sektorze-energetyki-i-oze-nagranie-webinaru\/\" \/>\n<meta property=\"og:locale\" content=\"pl_PL\" \/>\n<meta property=\"og:type\" content=\"article\" \/>\n<meta property=\"og:title\" content=\"Transformacja ESG w praktyce \u2013 jak budowa\u0107 warto\u015b\u0107, odporno\u015b\u0107 i przewag\u0119 konkurencyjn\u0105 w sektorze energetyki i OZE | Nagranie webinaru\u200b - TPA Poland\" \/>\n<meta property=\"og:description\" content=\"Transformacja ESG w praktyce \u2013 jak budowa\u0107 warto\u015b\u0107, odporno\u015b\u0107 i przewag\u0119 konkurencyjn\u0105 w sektorze energetyki i OZE Katarzyna Chwalbi\u0144ska-Kusek, Partner 04.09.2025 r. https:\/\/www.youtube.com\/watch?v=qE4H_XjYZIE W przypadku dodatkowych pyta\u0144 zapraszamy do kontaktu. Warszawa Katarzyna Chwalbi\u0144ska-Kusek Partner\" \/>\n<meta property=\"og:url\" content=\"https:\/\/www.tpa-group.pl\/pl\/transformacja-esg-w-praktyce-jak-budowac-wartosc-odpornosc-i-przewage-konkurencyjna-w-sektorze-energetyki-i-oze-nagranie-webinaru\/\" \/>\n<meta property=\"og:site_name\" content=\"TPA Poland\" \/>\n<meta property=\"article:modified_time\" content=\"2025-09-04T13:33:54+00:00\" \/>\n<meta property=\"og:image\" content=\"https:\/\/www.tpa-group.pl\/app\/uploads\/sites\/8\/2024\/12\/Katarzyna-Chwalbinska-Kusek-Zdjecie-wyroznione-nowa-strona-.png\" \/>\n<meta name=\"twitter:card\" content=\"summary_large_image\" \/>\n<meta name=\"twitter:label1\" content=\"Est. reading time\" \/>\n\t<meta name=\"twitter:data1\" content=\"1 minuta\" \/>\n<script type=\"application\/ld+json\" class=\"yoast-schema-graph\">{\"@context\":\"https:\/\/schema.org\",\"@graph\":[{\"@type\":\"WebPage\",\"@id\":\"https:\/\/www.tpa-group.pl\/pl\/transformacja-esg-w-praktyce-jak-budowac-wartosc-odpornosc-i-przewage-konkurencyjna-w-sektorze-energetyki-i-oze-nagranie-webinaru\/\",\"url\":\"https:\/\/www.tpa-group.pl\/pl\/transformacja-esg-w-praktyce-jak-budowac-wartosc-odpornosc-i-przewage-konkurencyjna-w-sektorze-energetyki-i-oze-nagranie-webinaru\/\",\"name\":\"Transformacja ESG w praktyce \u2013 jak budowa\u0107 warto\u015b\u0107, odporno\u015b\u0107 i przewag\u0119 konkurencyjn\u0105 w sektorze energetyki i OZE | Nagranie webinaru\u200b - TPA Poland\",\"isPartOf\":{\"@id\":\"https:\/\/www.tpa-group.pl\/pl\/#website\"},\"primaryImageOfPage\":{\"@id\":\"https:\/\/www.tpa-group.pl\/pl\/transformacja-esg-w-praktyce-jak-budowac-wartosc-odpornosc-i-przewage-konkurencyjna-w-sektorze-energetyki-i-oze-nagranie-webinaru\/#primaryimage\"},\"image\":{\"@id\":\"https:\/\/www.tpa-group.pl\/pl\/transformacja-esg-w-praktyce-jak-budowac-wartosc-odpornosc-i-przewage-konkurencyjna-w-sektorze-energetyki-i-oze-nagranie-webinaru\/#primaryimage\"},\"thumbnailUrl\":\"https:\/\/www.tpa-group.pl\/app\/uploads\/sites\/8\/2024\/12\/Katarzyna-Chwalbinska-Kusek-Zdjecie-wyroznione-nowa-strona-.png\",\"datePublished\":\"2025-09-04T13:08:02+00:00\",\"dateModified\":\"2025-09-04T13:33:54+00:00\",\"breadcrumb\":{\"@id\":\"https:\/\/www.tpa-group.pl\/pl\/transformacja-esg-w-praktyce-jak-budowac-wartosc-odpornosc-i-przewage-konkurencyjna-w-sektorze-energetyki-i-oze-nagranie-webinaru\/#breadcrumb\"},\"inLanguage\":\"pl-PL\",\"potentialAction\":[{\"@type\":\"ReadAction\",\"target\":[\"https:\/\/www.tpa-group.pl\/pl\/transformacja-esg-w-praktyce-jak-budowac-wartosc-odpornosc-i-przewage-konkurencyjna-w-sektorze-energetyki-i-oze-nagranie-webinaru\/\"]}]},{\"@type\":\"ImageObject\",\"inLanguage\":\"pl-PL\",\"@id\":\"https:\/\/www.tpa-group.pl\/pl\/transformacja-esg-w-praktyce-jak-budowac-wartosc-odpornosc-i-przewage-konkurencyjna-w-sektorze-energetyki-i-oze-nagranie-webinaru\/#primaryimage\",\"url\":\"https:\/\/www.tpa-group.pl\/app\/uploads\/sites\/8\/2024\/12\/Katarzyna-Chwalbinska-Kusek-Zdjecie-wyroznione-nowa-strona-.png\",\"contentUrl\":\"https:\/\/www.tpa-group.pl\/app\/uploads\/sites\/8\/2024\/12\/Katarzyna-Chwalbinska-Kusek-Zdjecie-wyroznione-nowa-strona-.png\"},{\"@type\":\"BreadcrumbList\",\"@id\":\"https:\/\/www.tpa-group.pl\/pl\/transformacja-esg-w-praktyce-jak-budowac-wartosc-odpornosc-i-przewage-konkurencyjna-w-sektorze-energetyki-i-oze-nagranie-webinaru\/#breadcrumb\",\"itemListElement\":[{\"@type\":\"ListItem\",\"position\":1,\"name\":\"Home\",\"item\":\"https:\/\/www.tpa-group.pl\/pl\/\"},{\"@type\":\"ListItem\",\"position\":2,\"name\":\"Transformacja ESG w praktyce \u2013 jak budowa\u0107 warto\u015b\u0107, odporno\u015b\u0107 i przewag\u0119 konkurencyjn\u0105 w sektorze energetyki i OZE | Nagranie webinaru\u200b\"}]},{\"@type\":\"WebSite\",\"@id\":\"https:\/\/www.tpa-group.pl\/pl\/#website\",\"url\":\"https:\/\/www.tpa-group.pl\/pl\/\",\"name\":\"TPA Poland\",\"description\":\"\",\"publisher\":{\"@id\":\"https:\/\/www.tpa-group.pl\/pl\/#organization\"},\"potentialAction\":[{\"@type\":\"SearchAction\",\"target\":{\"@type\":\"EntryPoint\",\"urlTemplate\":\"https:\/\/www.tpa-group.pl\/pl\/?s={search_term_string}\"},\"query-input\":{\"@type\":\"PropertyValueSpecification\",\"valueRequired\":true,\"valueName\":\"search_term_string\"}}],\"inLanguage\":\"pl-PL\"},{\"@type\":\"Organization\",\"@id\":\"https:\/\/www.tpa-group.pl\/pl\/#organization\",\"name\":\"TPA Poland\",\"url\":\"https:\/\/www.tpa-group.pl\/pl\/\",\"logo\":{\"@type\":\"ImageObject\",\"inLanguage\":\"pl-PL\",\"@id\":\"https:\/\/www.tpa-group.pl\/pl\/#\/schema\/logo\/image\/\",\"url\":\"https:\/\/www.tpa-group.pl\/app\/uploads\/sites\/8\/2023\/03\/tpa-logo.svg\",\"contentUrl\":\"https:\/\/www.tpa-group.pl\/app\/uploads\/sites\/8\/2023\/03\/tpa-logo.svg\",\"width\":110,\"height\":93,\"caption\":\"TPA Poland\"},\"image\":{\"@id\":\"https:\/\/www.tpa-group.pl\/pl\/#\/schema\/logo\/image\/\"}}]}<\/script>\n<!-- \/ Yoast SEO plugin. -->","yoast_head_json":{"title":"Transformacja ESG w praktyce \u2013 jak budowa\u0107 warto\u015b\u0107, odporno\u015b\u0107 i przewag\u0119 konkurencyjn\u0105 w sektorze energetyki i OZE | Nagranie webinaru\u200b - TPA Poland","robots":{"index":"index","follow":"follow","max-snippet":"max-snippet:-1","max-image-preview":"max-image-preview:large","max-video-preview":"max-video-preview:-1"},"canonical":"https:\/\/www.tpa-group.pl\/pl\/transformacja-esg-w-praktyce-jak-budowac-wartosc-odpornosc-i-przewage-konkurencyjna-w-sektorze-energetyki-i-oze-nagranie-webinaru\/","og_locale":"pl_PL","og_type":"article","og_title":"Transformacja ESG w praktyce \u2013 jak budowa\u0107 warto\u015b\u0107, odporno\u015b\u0107 i przewag\u0119 konkurencyjn\u0105 w sektorze energetyki i OZE | Nagranie webinaru\u200b - TPA Poland","og_description":"Transformacja ESG w praktyce \u2013 jak budowa\u0107 warto\u015b\u0107, odporno\u015b\u0107 i przewag\u0119 konkurencyjn\u0105 w sektorze energetyki i OZE Katarzyna Chwalbi\u0144ska-Kusek, Partner 04.09.2025 r. https:\/\/www.youtube.com\/watch?v=qE4H_XjYZIE W przypadku dodatkowych pyta\u0144 zapraszamy do kontaktu. Warszawa Katarzyna Chwalbi\u0144ska-Kusek Partner","og_url":"https:\/\/www.tpa-group.pl\/pl\/transformacja-esg-w-praktyce-jak-budowac-wartosc-odpornosc-i-przewage-konkurencyjna-w-sektorze-energetyki-i-oze-nagranie-webinaru\/","og_site_name":"TPA Poland","article_modified_time":"2025-09-04T13:33:54+00:00","og_image":[{"url":"https:\/\/www.tpa-group.pl\/app\/uploads\/sites\/8\/2024\/12\/Katarzyna-Chwalbinska-Kusek-Zdjecie-wyroznione-nowa-strona-.png","type":"","width":"","height":""}],"twitter_card":"summary_large_image","twitter_misc":{"Est. reading time":"1 minuta"},"schema":{"@context":"https:\/\/schema.org","@graph":[{"@type":"WebPage","@id":"https:\/\/www.tpa-group.pl\/pl\/transformacja-esg-w-praktyce-jak-budowac-wartosc-odpornosc-i-przewage-konkurencyjna-w-sektorze-energetyki-i-oze-nagranie-webinaru\/","url":"https:\/\/www.tpa-group.pl\/pl\/transformacja-esg-w-praktyce-jak-budowac-wartosc-odpornosc-i-przewage-konkurencyjna-w-sektorze-energetyki-i-oze-nagranie-webinaru\/","name":"Transformacja ESG w praktyce \u2013 jak budowa\u0107 warto\u015b\u0107, odporno\u015b\u0107 i przewag\u0119 konkurencyjn\u0105 w sektorze energetyki i OZE | Nagranie webinaru\u200b - TPA Poland","isPartOf":{"@id":"https:\/\/www.tpa-group.pl\/pl\/#website"},"primaryImageOfPage":{"@id":"https:\/\/www.tpa-group.pl\/pl\/transformacja-esg-w-praktyce-jak-budowac-wartosc-odpornosc-i-przewage-konkurencyjna-w-sektorze-energetyki-i-oze-nagranie-webinaru\/#primaryimage"},"image":{"@id":"https:\/\/www.tpa-group.pl\/pl\/transformacja-esg-w-praktyce-jak-budowac-wartosc-odpornosc-i-przewage-konkurencyjna-w-sektorze-energetyki-i-oze-nagranie-webinaru\/#primaryimage"},"thumbnailUrl":"https:\/\/www.tpa-group.pl\/app\/uploads\/sites\/8\/2024\/12\/Katarzyna-Chwalbinska-Kusek-Zdjecie-wyroznione-nowa-strona-.png","datePublished":"2025-09-04T13:08:02+00:00","dateModified":"2025-09-04T13:33:54+00:00","breadcrumb":{"@id":"https:\/\/www.tpa-group.pl\/pl\/transformacja-esg-w-praktyce-jak-budowac-wartosc-odpornosc-i-przewage-konkurencyjna-w-sektorze-energetyki-i-oze-nagranie-webinaru\/#breadcrumb"},"inLanguage":"pl-PL","potentialAction":[{"@type":"ReadAction","target":["https:\/\/www.tpa-group.pl\/pl\/transformacja-esg-w-praktyce-jak-budowac-wartosc-odpornosc-i-przewage-konkurencyjna-w-sektorze-energetyki-i-oze-nagranie-webinaru\/"]}]},{"@type":"ImageObject","inLanguage":"pl-PL","@id":"https:\/\/www.tpa-group.pl\/pl\/transformacja-esg-w-praktyce-jak-budowac-wartosc-odpornosc-i-przewage-konkurencyjna-w-sektorze-energetyki-i-oze-nagranie-webinaru\/#primaryimage","url":"https:\/\/www.tpa-group.pl\/app\/uploads\/sites\/8\/2024\/12\/Katarzyna-Chwalbinska-Kusek-Zdjecie-wyroznione-nowa-strona-.png","contentUrl":"https:\/\/www.tpa-group.pl\/app\/uploads\/sites\/8\/2024\/12\/Katarzyna-Chwalbinska-Kusek-Zdjecie-wyroznione-nowa-strona-.png"},{"@type":"BreadcrumbList","@id":"https:\/\/www.tpa-group.pl\/pl\/transformacja-esg-w-praktyce-jak-budowac-wartosc-odpornosc-i-przewage-konkurencyjna-w-sektorze-energetyki-i-oze-nagranie-webinaru\/#breadcrumb","itemListElement":[{"@type":"ListItem","position":1,"name":"Home","item":"https:\/\/www.tpa-group.pl\/pl\/"},{"@type":"ListItem","position":2,"name":"Transformacja ESG w praktyce \u2013 jak budowa\u0107 warto\u015b\u0107, odporno\u015b\u0107 i przewag\u0119 konkurencyjn\u0105 w sektorze energetyki i OZE | Nagranie webinaru\u200b"}]},{"@type":"WebSite","@id":"https:\/\/www.tpa-group.pl\/pl\/#website","url":"https:\/\/www.tpa-group.pl\/pl\/","name":"TPA Poland","description":"","publisher":{"@id":"https:\/\/www.tpa-group.pl\/pl\/#organization"},"potentialAction":[{"@type":"SearchAction","target":{"@type":"EntryPoint","urlTemplate":"https:\/\/www.tpa-group.pl\/pl\/?s={search_term_string}"},"query-input":{"@type":"PropertyValueSpecification","valueRequired":true,"valueName":"search_term_string"}}],"inLanguage":"pl-PL"},{"@type":"Organization","@id":"https:\/\/www.tpa-group.pl\/pl\/#organization","name":"TPA Poland","url":"https:\/\/www.tpa-group.pl\/pl\/","logo":{"@type":"ImageObject","inLanguage":"pl-PL","@id":"https:\/\/www.tpa-group.pl\/pl\/#\/schema\/logo\/image\/","url":"https:\/\/www.tpa-group.pl\/app\/uploads\/sites\/8\/2023\/03\/tpa-logo.svg","contentUrl":"https:\/\/www.tpa-group.pl\/app\/uploads\/sites\/8\/2023\/03\/tpa-logo.svg","width":110,"height":93,"caption":"TPA Poland"},"image":{"@id":"https:\/\/www.tpa-group.pl\/pl\/#\/schema\/logo\/image\/"}}]}},"_links":{"self":[{"href":"https:\/\/www.tpa-group.pl\/pl\/wp-json\/wp\/v2\/pages\/10639","targetHints":{"allow":["GET"]}}],"collection":[{"href":"https:\/\/www.tpa-group.pl\/pl\/wp-json\/wp\/v2\/pages"}],"about":[{"href":"https:\/\/www.tpa-group.pl\/pl\/wp-json\/wp\/v2\/types\/page"}],"author":[{"embeddable":true,"href":"https:\/\/www.tpa-group.pl\/pl\/wp-json\/wp\/v2\/users\/40"}],"replies":[{"embeddable":true,"href":"https:\/\/www.tpa-group.pl\/pl\/wp-json\/wp\/v2\/comments?post=10639"}],"version-history":[{"count":7,"href":"https:\/\/www.tpa-group.pl\/pl\/wp-json\/wp\/v2\/pages\/10639\/revisions"}],"predecessor-version":[{"id":10650,"href":"https:\/\/www.tpa-group.pl\/pl\/wp-json\/wp\/v2\/pages\/10639\/revisions\/10650"}],"wp:attachment":[{"href":"https:\/\/www.tpa-group.pl\/pl\/wp-json\/wp\/v2\/media?parent=10639"}],"curies":[{"name":"wp","href":"https:\/\/api.w.org\/{rel}","templated":true}]}}