{"id":11990,"date":"2025-12-01T09:47:51","date_gmt":"2025-12-01T09:47:51","guid":{"rendered":"https:\/\/www.tpa-group.pl\/?page_id=11990"},"modified":"2025-12-01T10:11:01","modified_gmt":"2025-12-01T10:11:01","slug":"pobierz-publikacje-ksef-2026","status":"publish","type":"page","link":"https:\/\/www.tpa-group.pl\/pl\/pobierz-publikacje-ksef-2026\/","title":{"rendered":"Pobierz publikacj\u0119: KSeF 2026"},"content":{"rendered":"\t\t<div data-elementor-type=\"wp-page\" data-elementor-id=\"11990\" class=\"elementor elementor-11990\" data-elementor-post-type=\"page\">\n\t\t\t\t\t\t<section class=\"elementor-section elementor-top-section elementor-element elementor-element-265bc300 elementor-section-boxed elementor-section-height-default elementor-section-height-default\" data-id=\"265bc300\" data-element_type=\"section\" data-settings=\"{&quot;background_background&quot;:&quot;classic&quot;}\">\n\t\t\t\t\t\t\t<div class=\"elementor-background-overlay\"><\/div>\n\t\t\t\t\t\t\t<div class=\"elementor-container elementor-column-gap-default\">\n\t\t\t\t\t<div class=\"elementor-column elementor-col-50 elementor-top-column elementor-element elementor-element-50ad9c2f\" data-id=\"50ad9c2f\" data-element_type=\"column\">\n\t\t\t<div class=\"elementor-widget-wrap elementor-element-populated\">\n\t\t\t\t\t\t<div class=\"elementor-element elementor-element-4a03c214 elementor-widget elementor-widget-heading\" data-id=\"4a03c214\" data-element_type=\"widget\" data-widget_type=\"heading.default\">\n\t\t\t\t<div class=\"elementor-widget-container\">\n\t\t\t\t\t<h1 class=\"elementor-heading-title elementor-size-default\">Pobierz publikacj\u0119: KSeF 2026<\/h1>\t\t\t\t<\/div>\n\t\t\t\t<\/div>\n\t\t\t\t<div class=\"elementor-element elementor-element-1cf0041 elementor-widget elementor-widget-heading\" data-id=\"1cf0041\" data-element_type=\"widget\" data-widget_type=\"heading.default\">\n\t\t\t\t<div class=\"elementor-widget-container\">\n\t\t\t\t\t<h4 class=\"elementor-heading-title elementor-size-default\">Kompleksowy przewodnik dla sp\u00f3\u0142ek.<br> Podstawy prawne, obowi\u0105zki i praktyczne wdro\u017cenie<\/h4>\t\t\t\t<\/div>\n\t\t\t\t<\/div>\n\t\t\t\t<div class=\"elementor-element elementor-element-6bd3192 elementor-widget elementor-widget-spacer\" data-id=\"6bd3192\" data-element_type=\"widget\" data-widget_type=\"spacer.default\">\n\t\t\t\t<div class=\"elementor-widget-container\">\n\t\t\t\t\t\t\t<div class=\"elementor-spacer\">\n\t\t\t<div class=\"elementor-spacer-inner\"><\/div>\n\t\t<\/div>\n\t\t\t\t\t\t<\/div>\n\t\t\t\t<\/div>\n\t\t\t\t\t<\/div>\n\t\t<\/div>\n\t\t\t\t<div class=\"elementor-column elementor-col-50 elementor-top-column elementor-element elementor-element-175e6d6a\" data-id=\"175e6d6a\" data-element_type=\"column\">\n\t\t\t<div class=\"elementor-widget-wrap\">\n\t\t\t\t\t\t\t<\/div>\n\t\t<\/div>\n\t\t\t\t\t<\/div>\n\t\t<\/section>\n\t\t<div class=\"elementor-element elementor-element-d46a4f2 e-flex e-con-boxed e-con e-parent\" data-id=\"d46a4f2\" data-element_type=\"container\" data-settings=\"{&quot;background_background&quot;:&quot;classic&quot;}\">\n\t\t\t\t\t<div class=\"e-con-inner\">\n\t\t\t\t<div class=\"elementor-element elementor-element-d2de28b elementor-widget elementor-widget-heading\" data-id=\"d2de28b\" data-element_type=\"widget\" data-widget_type=\"heading.default\">\n\t\t\t\t<div class=\"elementor-widget-container\">\n\t\t\t\t\t<h3 class=\"elementor-heading-title elementor-size-default\">Mo\u017cesz teraz pobra\u0107 publikacj\u0119.<\/h3>\t\t\t\t<\/div>\n\t\t\t\t<\/div>\n\t\t\t\t<div class=\"elementor-element elementor-element-ba89edf elementor-widget elementor-widget-button\" data-id=\"ba89edf\" data-element_type=\"widget\" data-widget_type=\"button.default\">\n\t\t\t\t<div class=\"elementor-widget-container\">\n\t\t\t\t\t\t\t\t\t<div class=\"elementor-button-wrapper\">\n\t\t\t\t\t<a class=\"elementor-button elementor-button-link elementor-size-sm\" href=\"https:\/\/www.tpa-group.pl\/app\/uploads\/sites\/8\/2025\/12\/TPA-Poland_KSeF.pdf\" target=\"_blank\">\n\t\t\t\t\t\t<span class=\"elementor-button-content-wrapper\">\n\t\t\t\t\t\t\t\t\t<span class=\"elementor-button-text\">Pobierz<\/span>\n\t\t\t\t\t<\/span>\n\t\t\t\t\t<\/a>\n\t\t\t\t<\/div>\n\t\t\t\t\t\t\t\t<\/div>\n\t\t\t\t<\/div>\n\t\t\t\t<div class=\"elementor-element elementor-element-4086bcc elementor-widget elementor-widget-spacer\" data-id=\"4086bcc\" data-element_type=\"widget\" data-widget_type=\"spacer.default\">\n\t\t\t\t<div class=\"elementor-widget-container\">\n\t\t\t\t\t\t\t<div class=\"elementor-spacer\">\n\t\t\t<div class=\"elementor-spacer-inner\"><\/div>\n\t\t<\/div>\n\t\t\t\t\t\t<\/div>\n\t\t\t\t<\/div>\n\t\t\t\t<div class=\"elementor-element elementor-element-38801b0 elementor-widget elementor-widget-text-editor\" data-id=\"38801b0\" data-element_type=\"widget\" data-widget_type=\"text-editor.default\">\n\t\t\t\t<div class=\"elementor-widget-container\">\n\t\t\t\t\t\t\t\t\t<p>W przypadku pyta\u0144 prosimy o kontakt na adres: <a href=\"mailto:marketing@tpa-group.pl\">marketing@tpa-group.pl<\/a><\/p>\t\t\t\t\t\t\t\t<\/div>\n\t\t\t\t<\/div>\n\t\t\t\t<div class=\"elementor-element elementor-element-f237655 elementor-widget elementor-widget-spacer\" data-id=\"f237655\" data-element_type=\"widget\" data-widget_type=\"spacer.default\">\n\t\t\t\t<div class=\"elementor-widget-container\">\n\t\t\t\t\t\t\t<div class=\"elementor-spacer\">\n\t\t\t<div class=\"elementor-spacer-inner\"><\/div>\n\t\t<\/div>\n\t\t\t\t\t\t<\/div>\n\t\t\t\t<\/div>\n\t\t\t\t\t<\/div>\n\t\t\t\t<\/div>\n\t\t\t\t<\/div>\n\t\t","protected":false},"excerpt":{"rendered":"<p>Pobierz publikacj\u0119: KSeF 2026 Kompleksowy przewodnik dla sp\u00f3\u0142ek. Podstawy prawne, obowi\u0105zki i praktyczne wdro\u017cenie Mo\u017cesz teraz pobra\u0107 publikacj\u0119. Pobierz W przypadku pyta\u0144 prosimy o kontakt na adres: marketing@tpa-group.pl<\/p>\n","protected":false},"author":40,"featured_media":12016,"parent":0,"menu_order":0,"comment_status":"closed","ping_status":"closed","template":"elementor_header_footer","meta":{"_acf_changed":false,"footnotes":""},"class_list":["post-11990","page","type-page","status-publish","has-post-thumbnail","hentry"],"acf":[],"yoast_head":"<!-- This site is optimized with the Yoast SEO plugin v26.0 - https:\/\/yoast.com\/wordpress\/plugins\/seo\/ -->\n<title>Pobierz publikacj\u0119: KSeF 2026 - TPA Poland<\/title>\n<meta name=\"robots\" content=\"index, follow, max-snippet:-1, max-image-preview:large, max-video-preview:-1\" \/>\n<link rel=\"canonical\" href=\"https:\/\/www.tpa-group.pl\/pl\/pobierz-publikacje-ksef-2026\/\" \/>\n<meta property=\"og:locale\" content=\"pl_PL\" \/>\n<meta property=\"og:type\" content=\"article\" \/>\n<meta property=\"og:title\" content=\"Pobierz publikacj\u0119: KSeF 2026 - TPA Poland\" \/>\n<meta property=\"og:description\" content=\"Pobierz publikacj\u0119: KSeF 2026 Kompleksowy przewodnik dla sp\u00f3\u0142ek. Podstawy prawne, obowi\u0105zki i praktyczne wdro\u017cenie Mo\u017cesz teraz pobra\u0107 publikacj\u0119. Pobierz W przypadku pyta\u0144 prosimy o kontakt na adres: marketing@tpa-group.pl\" \/>\n<meta property=\"og:url\" content=\"https:\/\/www.tpa-group.pl\/pl\/pobierz-publikacje-ksef-2026\/\" \/>\n<meta property=\"og:site_name\" content=\"TPA Poland\" \/>\n<meta property=\"article:modified_time\" content=\"2025-12-01T10:11:01+00:00\" \/>\n<meta property=\"og:image\" content=\"https:\/\/www.tpa-group.pl\/app\/uploads\/sites\/8\/2025\/12\/KSeF-publikacja-1.jpg\" \/>\n\t<meta property=\"og:image:width\" content=\"1500\" \/>\n\t<meta property=\"og:image:height\" content=\"800\" \/>\n\t<meta property=\"og:image:type\" content=\"image\/jpeg\" \/>\n<meta name=\"twitter:card\" content=\"summary_large_image\" \/>\n<meta name=\"twitter:label1\" content=\"Est. reading time\" \/>\n\t<meta name=\"twitter:data1\" content=\"1 minuta\" \/>\n<script type=\"application\/ld+json\" class=\"yoast-schema-graph\">{\"@context\":\"https:\/\/schema.org\",\"@graph\":[{\"@type\":\"WebPage\",\"@id\":\"https:\/\/www.tpa-group.pl\/pl\/pobierz-publikacje-ksef-2026\/\",\"url\":\"https:\/\/www.tpa-group.pl\/pl\/pobierz-publikacje-ksef-2026\/\",\"name\":\"Pobierz publikacj\u0119: KSeF 2026 - TPA Poland\",\"isPartOf\":{\"@id\":\"https:\/\/www.tpa-group.pl\/pl\/#website\"},\"primaryImageOfPage\":{\"@id\":\"https:\/\/www.tpa-group.pl\/pl\/pobierz-publikacje-ksef-2026\/#primaryimage\"},\"image\":{\"@id\":\"https:\/\/www.tpa-group.pl\/pl\/pobierz-publikacje-ksef-2026\/#primaryimage\"},\"thumbnailUrl\":\"https:\/\/www.tpa-group.pl\/app\/uploads\/sites\/8\/2025\/12\/KSeF-publikacja-1.jpg\",\"datePublished\":\"2025-12-01T09:47:51+00:00\",\"dateModified\":\"2025-12-01T10:11:01+00:00\",\"breadcrumb\":{\"@id\":\"https:\/\/www.tpa-group.pl\/pl\/pobierz-publikacje-ksef-2026\/#breadcrumb\"},\"inLanguage\":\"pl-PL\",\"potentialAction\":[{\"@type\":\"ReadAction\",\"target\":[\"https:\/\/www.tpa-group.pl\/pl\/pobierz-publikacje-ksef-2026\/\"]}]},{\"@type\":\"ImageObject\",\"inLanguage\":\"pl-PL\",\"@id\":\"https:\/\/www.tpa-group.pl\/pl\/pobierz-publikacje-ksef-2026\/#primaryimage\",\"url\":\"https:\/\/www.tpa-group.pl\/app\/uploads\/sites\/8\/2025\/12\/KSeF-publikacja-1.jpg\",\"contentUrl\":\"https:\/\/www.tpa-group.pl\/app\/uploads\/sites\/8\/2025\/12\/KSeF-publikacja-1.jpg\",\"width\":1500,\"height\":800},{\"@type\":\"BreadcrumbList\",\"@id\":\"https:\/\/www.tpa-group.pl\/pl\/pobierz-publikacje-ksef-2026\/#breadcrumb\",\"itemListElement\":[{\"@type\":\"ListItem\",\"position\":1,\"name\":\"Home\",\"item\":\"https:\/\/www.tpa-group.pl\/pl\/\"},{\"@type\":\"ListItem\",\"position\":2,\"name\":\"Pobierz publikacj\u0119: KSeF 2026\"}]},{\"@type\":\"WebSite\",\"@id\":\"https:\/\/www.tpa-group.pl\/pl\/#website\",\"url\":\"https:\/\/www.tpa-group.pl\/pl\/\",\"name\":\"TPA Poland\",\"description\":\"\",\"publisher\":{\"@id\":\"https:\/\/www.tpa-group.pl\/pl\/#organization\"},\"potentialAction\":[{\"@type\":\"SearchAction\",\"target\":{\"@type\":\"EntryPoint\",\"urlTemplate\":\"https:\/\/www.tpa-group.pl\/pl\/?s={search_term_string}\"},\"query-input\":{\"@type\":\"PropertyValueSpecification\",\"valueRequired\":true,\"valueName\":\"search_term_string\"}}],\"inLanguage\":\"pl-PL\"},{\"@type\":\"Organization\",\"@id\":\"https:\/\/www.tpa-group.pl\/pl\/#organization\",\"name\":\"TPA Poland\",\"url\":\"https:\/\/www.tpa-group.pl\/pl\/\",\"logo\":{\"@type\":\"ImageObject\",\"inLanguage\":\"pl-PL\",\"@id\":\"https:\/\/www.tpa-group.pl\/pl\/#\/schema\/logo\/image\/\",\"url\":\"https:\/\/www.tpa-group.pl\/app\/uploads\/sites\/8\/2023\/03\/tpa-logo.svg\",\"contentUrl\":\"https:\/\/www.tpa-group.pl\/app\/uploads\/sites\/8\/2023\/03\/tpa-logo.svg\",\"width\":110,\"height\":93,\"caption\":\"TPA Poland\"},\"image\":{\"@id\":\"https:\/\/www.tpa-group.pl\/pl\/#\/schema\/logo\/image\/\"}}]}<\/script>\n<!-- \/ Yoast SEO plugin. -->","yoast_head_json":{"title":"Pobierz publikacj\u0119: KSeF 2026 - TPA Poland","robots":{"index":"index","follow":"follow","max-snippet":"max-snippet:-1","max-image-preview":"max-image-preview:large","max-video-preview":"max-video-preview:-1"},"canonical":"https:\/\/www.tpa-group.pl\/pl\/pobierz-publikacje-ksef-2026\/","og_locale":"pl_PL","og_type":"article","og_title":"Pobierz publikacj\u0119: KSeF 2026 - TPA Poland","og_description":"Pobierz publikacj\u0119: KSeF 2026 Kompleksowy przewodnik dla sp\u00f3\u0142ek. Podstawy prawne, obowi\u0105zki i praktyczne wdro\u017cenie Mo\u017cesz teraz pobra\u0107 publikacj\u0119. Pobierz W przypadku pyta\u0144 prosimy o kontakt na adres: marketing@tpa-group.pl","og_url":"https:\/\/www.tpa-group.pl\/pl\/pobierz-publikacje-ksef-2026\/","og_site_name":"TPA Poland","article_modified_time":"2025-12-01T10:11:01+00:00","og_image":[{"width":1500,"height":800,"url":"https:\/\/www.tpa-group.pl\/app\/uploads\/sites\/8\/2025\/12\/KSeF-publikacja-1.jpg","type":"image\/jpeg"}],"twitter_card":"summary_large_image","twitter_misc":{"Est. reading time":"1 minuta"},"schema":{"@context":"https:\/\/schema.org","@graph":[{"@type":"WebPage","@id":"https:\/\/www.tpa-group.pl\/pl\/pobierz-publikacje-ksef-2026\/","url":"https:\/\/www.tpa-group.pl\/pl\/pobierz-publikacje-ksef-2026\/","name":"Pobierz publikacj\u0119: KSeF 2026 - TPA Poland","isPartOf":{"@id":"https:\/\/www.tpa-group.pl\/pl\/#website"},"primaryImageOfPage":{"@id":"https:\/\/www.tpa-group.pl\/pl\/pobierz-publikacje-ksef-2026\/#primaryimage"},"image":{"@id":"https:\/\/www.tpa-group.pl\/pl\/pobierz-publikacje-ksef-2026\/#primaryimage"},"thumbnailUrl":"https:\/\/www.tpa-group.pl\/app\/uploads\/sites\/8\/2025\/12\/KSeF-publikacja-1.jpg","datePublished":"2025-12-01T09:47:51+00:00","dateModified":"2025-12-01T10:11:01+00:00","breadcrumb":{"@id":"https:\/\/www.tpa-group.pl\/pl\/pobierz-publikacje-ksef-2026\/#breadcrumb"},"inLanguage":"pl-PL","potentialAction":[{"@type":"ReadAction","target":["https:\/\/www.tpa-group.pl\/pl\/pobierz-publikacje-ksef-2026\/"]}]},{"@type":"ImageObject","inLanguage":"pl-PL","@id":"https:\/\/www.tpa-group.pl\/pl\/pobierz-publikacje-ksef-2026\/#primaryimage","url":"https:\/\/www.tpa-group.pl\/app\/uploads\/sites\/8\/2025\/12\/KSeF-publikacja-1.jpg","contentUrl":"https:\/\/www.tpa-group.pl\/app\/uploads\/sites\/8\/2025\/12\/KSeF-publikacja-1.jpg","width":1500,"height":800},{"@type":"BreadcrumbList","@id":"https:\/\/www.tpa-group.pl\/pl\/pobierz-publikacje-ksef-2026\/#breadcrumb","itemListElement":[{"@type":"ListItem","position":1,"name":"Home","item":"https:\/\/www.tpa-group.pl\/pl\/"},{"@type":"ListItem","position":2,"name":"Pobierz publikacj\u0119: KSeF 2026"}]},{"@type":"WebSite","@id":"https:\/\/www.tpa-group.pl\/pl\/#website","url":"https:\/\/www.tpa-group.pl\/pl\/","name":"TPA Poland","description":"","publisher":{"@id":"https:\/\/www.tpa-group.pl\/pl\/#organization"},"potentialAction":[{"@type":"SearchAction","target":{"@type":"EntryPoint","urlTemplate":"https:\/\/www.tpa-group.pl\/pl\/?s={search_term_string}"},"query-input":{"@type":"PropertyValueSpecification","valueRequired":true,"valueName":"search_term_string"}}],"inLanguage":"pl-PL"},{"@type":"Organization","@id":"https:\/\/www.tpa-group.pl\/pl\/#organization","name":"TPA Poland","url":"https:\/\/www.tpa-group.pl\/pl\/","logo":{"@type":"ImageObject","inLanguage":"pl-PL","@id":"https:\/\/www.tpa-group.pl\/pl\/#\/schema\/logo\/image\/","url":"https:\/\/www.tpa-group.pl\/app\/uploads\/sites\/8\/2023\/03\/tpa-logo.svg","contentUrl":"https:\/\/www.tpa-group.pl\/app\/uploads\/sites\/8\/2023\/03\/tpa-logo.svg","width":110,"height":93,"caption":"TPA Poland"},"image":{"@id":"https:\/\/www.tpa-group.pl\/pl\/#\/schema\/logo\/image\/"}}]}},"_links":{"self":[{"href":"https:\/\/www.tpa-group.pl\/pl\/wp-json\/wp\/v2\/pages\/11990","targetHints":{"allow":["GET"]}}],"collection":[{"href":"https:\/\/www.tpa-group.pl\/pl\/wp-json\/wp\/v2\/pages"}],"about":[{"href":"https:\/\/www.tpa-group.pl\/pl\/wp-json\/wp\/v2\/types\/page"}],"author":[{"embeddable":true,"href":"https:\/\/www.tpa-group.pl\/pl\/wp-json\/wp\/v2\/users\/40"}],"replies":[{"embeddable":true,"href":"https:\/\/www.tpa-group.pl\/pl\/wp-json\/wp\/v2\/comments?post=11990"}],"version-history":[{"count":13,"href":"https:\/\/www.tpa-group.pl\/pl\/wp-json\/wp\/v2\/pages\/11990\/revisions"}],"predecessor-version":[{"id":12022,"href":"https:\/\/www.tpa-group.pl\/pl\/wp-json\/wp\/v2\/pages\/11990\/revisions\/12022"}],"wp:featuredmedia":[{"embeddable":true,"href":"https:\/\/www.tpa-group.pl\/pl\/wp-json\/wp\/v2\/media\/12016"}],"wp:attachment":[{"href":"https:\/\/www.tpa-group.pl\/pl\/wp-json\/wp\/v2\/media?parent=11990"}],"curies":[{"name":"wp","href":"https:\/\/api.w.org\/{rel}","templated":true}]}}