{"id":12350,"date":"2025-12-15T09:10:27","date_gmt":"2025-12-15T09:10:27","guid":{"rendered":"https:\/\/www.tpa-group.pl\/?page_id=12350"},"modified":"2025-12-15T11:04:42","modified_gmt":"2025-12-15T11:04:42","slug":"the-tale-of-christmas","status":"publish","type":"page","link":"https:\/\/www.tpa-group.pl\/pl\/the-tale-of-christmas\/","title":{"rendered":"The Tale of Christmas"},"content":{"rendered":"\t\t<div data-elementor-type=\"wp-page\" data-elementor-id=\"12350\" class=\"elementor elementor-12350\" data-elementor-post-type=\"page\">\n\t\t\t\t<div class=\"elementor-element elementor-element-9909d5c e-flex e-con-boxed e-con e-parent\" data-id=\"9909d5c\" data-element_type=\"container\" data-settings=\"{&quot;background_background&quot;:&quot;classic&quot;}\">\n\t\t\t\t\t<div class=\"e-con-inner\">\n\t\t\t\t<div class=\"elementor-element elementor-element-97d52f8 elementor-widget elementor-widget-heading\" data-id=\"97d52f8\" data-element_type=\"widget\" data-widget_type=\"heading.default\">\n\t\t\t\t<div class=\"elementor-widget-container\">\n\t\t\t\t\t<h2 class=\"elementor-heading-title elementor-size-default\">The Tale of Christmas<\/h2>\t\t\t\t<\/div>\n\t\t\t\t<\/div>\n\t\t\t\t<div class=\"elementor-element elementor-element-bc58c49 elementor-widget elementor-widget-text-editor\" data-id=\"bc58c49\" data-element_type=\"widget\" data-widget_type=\"text-editor.default\">\n\t\t\t\t<div class=\"elementor-widget-container\">\n\t\t\t\t\t\t\t\t\t<p><span class=\"TextRun SCXW143744002 BCX0\" lang=\"PL-PL\" xml:lang=\"PL-PL\" data-contrast=\"auto\"><span class=\"NormalTextRun SCXW143744002 BCX0\">\u015awi\u0105teczna opowie\u015b\u0107 w muzycznej oprawie<\/span><\/span><\/p>\t\t\t\t\t\t\t\t<\/div>\n\t\t\t\t<\/div>\n\t\t\t\t\t<\/div>\n\t\t\t\t<\/div>\n\t\t<div class=\"elementor-element elementor-element-cf333b6 e-flex e-con-boxed e-con e-parent\" data-id=\"cf333b6\" data-element_type=\"container\" data-settings=\"{&quot;background_background&quot;:&quot;classic&quot;}\">\n\t\t\t\t\t<div class=\"e-con-inner\">\n\t\t\t\t<div class=\"elementor-element elementor-element-efb0efa elementor-widget elementor-widget-spacer\" data-id=\"efb0efa\" data-element_type=\"widget\" data-widget_type=\"spacer.default\">\n\t\t\t\t<div class=\"elementor-widget-container\">\n\t\t\t\t\t\t\t<div class=\"elementor-spacer\">\n\t\t\t<div class=\"elementor-spacer-inner\"><\/div>\n\t\t<\/div>\n\t\t\t\t\t\t<\/div>\n\t\t\t\t<\/div>\n\t\t\t\t<div class=\"elementor-element elementor-element-b902902 elementor-widget elementor-widget-heading\" data-id=\"b902902\" data-element_type=\"widget\" data-widget_type=\"heading.default\">\n\t\t\t\t<div class=\"elementor-widget-container\">\n\t\t\t\t\t<h3 class=\"elementor-heading-title elementor-size-default\">Z rado\u015bci\u0105 przedstawiamy nasz\u0105 drug\u0105 \u015bwi\u0105teczn\u0105 piosenk\u0119, stworzon\u0105 specjalnie na ten wyj\u0105tkowy czas.\u00a0<\/h3>\t\t\t\t<\/div>\n\t\t\t\t<\/div>\n\t\t\t\t<div class=\"elementor-element elementor-element-1033a50 elementor-widget elementor-widget-text-editor\" data-id=\"1033a50\" data-element_type=\"widget\" data-widget_type=\"text-editor.default\">\n\t\t\t\t<div class=\"elementor-widget-container\">\n\t\t\t\t\t\t\t\t\t<p><span data-contrast=\"auto\">\u201eThe Tale of Christmas\u201d to muzyczna podr\u00f3\u017c przez blask zimowego nieba, spok\u00f3j cichych wieczor\u00f3w i magi\u0119, kt\u00f3ra pojawia si\u0119, gdy \u015bwiat na chwil\u0119 zwalnia.<\/span><span data-ccp-props=\"{}\">\u00a0<\/span><\/p><p><span data-contrast=\"auto\">Utw\u00f3r ten to wsp\u00f3lne dzie\u0142o m\u0142odych artyst\u00f3w zwi\u0105zanych z Junior Jazz Festival, kt\u00f3rzy w wyj\u0105tkowy spos\u00f3b potrafi\u0105 opowiada\u0107 o emocjach muzyk\u0105. To kontynuacja projektu, kt\u00f3ry rozpocz\u0119li\u015bmy w ubieg\u0142ym roku, ponownie \u0142\u0105cz\u0105c kreatywno\u015b\u0107, pasj\u0119 i muzyczn\u0105 wra\u017cliwo\u015b\u0107.<\/span><span data-ccp-props=\"{}\">\u00a0<\/span><\/p><p><span data-contrast=\"auto\">Daj si\u0119 zaprosi\u0107 do tej historii. <\/span><span data-contrast=\"auto\">Niech melodia roz\u015bwietli Tw\u00f3j wiecz\u00f3r i przypomni o tym, co w \u015awi\u0119ta najwa\u017cniejsze.<\/span><span data-ccp-props=\"{}\">\u00a0<\/span><\/p>\t\t\t\t\t\t\t\t<\/div>\n\t\t\t\t<\/div>\n\t\t\t\t<div class=\"elementor-element elementor-element-f291c43 elementor-widget elementor-widget-spacer\" data-id=\"f291c43\" data-element_type=\"widget\" data-widget_type=\"spacer.default\">\n\t\t\t\t<div class=\"elementor-widget-container\">\n\t\t\t\t\t\t\t<div class=\"elementor-spacer\">\n\t\t\t<div class=\"elementor-spacer-inner\"><\/div>\n\t\t<\/div>\n\t\t\t\t\t\t<\/div>\n\t\t\t\t<\/div>\n\t\t\t\t<div class=\"elementor-element elementor-element-f9f51e9 elementor-widget elementor-widget-video\" data-id=\"f9f51e9\" data-element_type=\"widget\" data-settings=\"{&quot;youtube_url&quot;:&quot;https:\\\/\\\/www.youtube.com\\\/watch?v=VtLaCVAnRM4&quot;,&quot;show_image_overlay&quot;:&quot;yes&quot;,&quot;image_overlay&quot;:{&quot;url&quot;:&quot;https:\\\/\\\/www.tpa-group.pl\\\/app\\\/uploads\\\/sites\\\/8\\\/2025\\\/12\\\/YT_okladka.jpg&quot;,&quot;id&quot;:12133,&quot;size&quot;:&quot;&quot;,&quot;alt&quot;:&quot;&quot;,&quot;source&quot;:&quot;library&quot;},&quot;video_type&quot;:&quot;youtube&quot;,&quot;controls&quot;:&quot;yes&quot;}\" data-widget_type=\"video.default\">\n\t\t\t\t<div class=\"elementor-widget-container\">\n\t\t\t\t\t\t\t<div class=\"elementor-wrapper elementor-open-inline\">\n\t\t\t<div class=\"elementor-video\"><\/div>\t\t\t\t<div class=\"elementor-custom-embed-image-overlay\" style=\"background-image: url(https:\/\/www.tpa-group.pl\/app\/uploads\/sites\/8\/2025\/12\/YT_okladka.jpg);\">\n\t\t\t\t\t\t\t\t\t\t\t\t\t\t\t\t<div class=\"elementor-custom-embed-play\" role=\"button\" aria-label=\"Play Video\" tabindex=\"0\">\n\t\t\t\t\t\t\t<i aria-hidden=\"true\" class=\"eicon-play\"><\/i>\t\t\t\t\t\t<\/div>\n\t\t\t\t\t\t\t\t\t<\/div>\n\t\t\t\t\t<\/div>\n\t\t\t\t\t\t<\/div>\n\t\t\t\t<\/div>\n\t\t\t\t<div class=\"elementor-element elementor-element-3b29d46 elementor-widget elementor-widget-spacer\" data-id=\"3b29d46\" data-element_type=\"widget\" data-widget_type=\"spacer.default\">\n\t\t\t\t<div class=\"elementor-widget-container\">\n\t\t\t\t\t\t\t<div class=\"elementor-spacer\">\n\t\t\t<div class=\"elementor-spacer-inner\"><\/div>\n\t\t<\/div>\n\t\t\t\t\t\t<\/div>\n\t\t\t\t<\/div>\n\t\t\t\t\t<\/div>\n\t\t\t\t<\/div>\n\t\t\t\t<\/div>\n\t\t","protected":false},"excerpt":{"rendered":"<p>The Tale of Christmas \u015awi\u0105teczna opowie\u015b\u0107 w muzycznej oprawie Z rado\u015bci\u0105 przedstawiamy nasz\u0105 drug\u0105 \u015bwi\u0105teczn\u0105 piosenk\u0119, stworzon\u0105 specjalnie na ten wyj\u0105tkowy czas.\u00a0 \u201eThe Tale of Christmas\u201d to muzyczna podr\u00f3\u017c przez blask zimowego nieba, spok\u00f3j cichych wieczor\u00f3w i magi\u0119, kt\u00f3ra pojawia si\u0119, gdy \u015bwiat na chwil\u0119 zwalnia.\u00a0 Utw\u00f3r ten to wsp\u00f3lne dzie\u0142o m\u0142odych artyst\u00f3w zwi\u0105zanych z [&hellip;]<\/p>\n","protected":false},"author":40,"featured_media":12123,"parent":0,"menu_order":0,"comment_status":"closed","ping_status":"closed","template":"elementor_header_footer","meta":{"_acf_changed":false,"footnotes":""},"class_list":["post-12350","page","type-page","status-publish","has-post-thumbnail","hentry"],"acf":[],"yoast_head":"<!-- This site is optimized with the Yoast SEO plugin v26.0 - https:\/\/yoast.com\/wordpress\/plugins\/seo\/ -->\n<title>The Tale of Christmas - TPA Poland<\/title>\n<meta name=\"robots\" content=\"index, follow, max-snippet:-1, max-image-preview:large, max-video-preview:-1\" \/>\n<link rel=\"canonical\" href=\"https:\/\/www.tpa-group.pl\/pl\/the-tale-of-christmas\/\" \/>\n<meta property=\"og:locale\" content=\"pl_PL\" \/>\n<meta property=\"og:type\" content=\"article\" \/>\n<meta property=\"og:title\" content=\"The Tale of Christmas - TPA Poland\" \/>\n<meta property=\"og:description\" content=\"The Tale of Christmas \u015awi\u0105teczna opowie\u015b\u0107 w muzycznej oprawie Z rado\u015bci\u0105 przedstawiamy nasz\u0105 drug\u0105 \u015bwi\u0105teczn\u0105 piosenk\u0119, stworzon\u0105 specjalnie na ten wyj\u0105tkowy czas.\u00a0 \u201eThe Tale of Christmas\u201d to muzyczna podr\u00f3\u017c przez blask zimowego nieba, spok\u00f3j cichych wieczor\u00f3w i magi\u0119, kt\u00f3ra pojawia si\u0119, gdy \u015bwiat na chwil\u0119 zwalnia.\u00a0 Utw\u00f3r ten to wsp\u00f3lne dzie\u0142o m\u0142odych artyst\u00f3w zwi\u0105zanych z [&hellip;]\" \/>\n<meta property=\"og:url\" content=\"https:\/\/www.tpa-group.pl\/pl\/the-tale-of-christmas\/\" \/>\n<meta property=\"og:site_name\" content=\"TPA Poland\" \/>\n<meta property=\"article:modified_time\" content=\"2025-12-15T11:04:42+00:00\" \/>\n<meta property=\"og:image\" content=\"https:\/\/www.tpa-group.pl\/app\/uploads\/sites\/8\/2025\/12\/Web_napis_swieta_2025.jpg\" \/>\n\t<meta property=\"og:image:width\" content=\"1920\" \/>\n\t<meta property=\"og:image:height\" content=\"1080\" \/>\n\t<meta property=\"og:image:type\" content=\"image\/jpeg\" \/>\n<meta name=\"twitter:card\" content=\"summary_large_image\" \/>\n<meta name=\"twitter:label1\" content=\"Est. reading time\" \/>\n\t<meta name=\"twitter:data1\" content=\"1 minuta\" \/>\n<script type=\"application\/ld+json\" class=\"yoast-schema-graph\">{\"@context\":\"https:\/\/schema.org\",\"@graph\":[{\"@type\":\"WebPage\",\"@id\":\"https:\/\/www.tpa-group.pl\/pl\/the-tale-of-christmas\/\",\"url\":\"https:\/\/www.tpa-group.pl\/pl\/the-tale-of-christmas\/\",\"name\":\"The Tale of Christmas - TPA Poland\",\"isPartOf\":{\"@id\":\"https:\/\/www.tpa-group.pl\/pl\/#website\"},\"primaryImageOfPage\":{\"@id\":\"https:\/\/www.tpa-group.pl\/pl\/the-tale-of-christmas\/#primaryimage\"},\"image\":{\"@id\":\"https:\/\/www.tpa-group.pl\/pl\/the-tale-of-christmas\/#primaryimage\"},\"thumbnailUrl\":\"https:\/\/www.tpa-group.pl\/app\/uploads\/sites\/8\/2025\/12\/Web_napis_swieta_2025.jpg\",\"datePublished\":\"2025-12-15T09:10:27+00:00\",\"dateModified\":\"2025-12-15T11:04:42+00:00\",\"breadcrumb\":{\"@id\":\"https:\/\/www.tpa-group.pl\/pl\/the-tale-of-christmas\/#breadcrumb\"},\"inLanguage\":\"pl-PL\",\"potentialAction\":[{\"@type\":\"ReadAction\",\"target\":[\"https:\/\/www.tpa-group.pl\/pl\/the-tale-of-christmas\/\"]}]},{\"@type\":\"ImageObject\",\"inLanguage\":\"pl-PL\",\"@id\":\"https:\/\/www.tpa-group.pl\/pl\/the-tale-of-christmas\/#primaryimage\",\"url\":\"https:\/\/www.tpa-group.pl\/app\/uploads\/sites\/8\/2025\/12\/Web_napis_swieta_2025.jpg\",\"contentUrl\":\"https:\/\/www.tpa-group.pl\/app\/uploads\/sites\/8\/2025\/12\/Web_napis_swieta_2025.jpg\",\"width\":1920,\"height\":1080},{\"@type\":\"BreadcrumbList\",\"@id\":\"https:\/\/www.tpa-group.pl\/pl\/the-tale-of-christmas\/#breadcrumb\",\"itemListElement\":[{\"@type\":\"ListItem\",\"position\":1,\"name\":\"Home\",\"item\":\"https:\/\/www.tpa-group.pl\/pl\/\"},{\"@type\":\"ListItem\",\"position\":2,\"name\":\"The Tale of Christmas\"}]},{\"@type\":\"WebSite\",\"@id\":\"https:\/\/www.tpa-group.pl\/pl\/#website\",\"url\":\"https:\/\/www.tpa-group.pl\/pl\/\",\"name\":\"TPA Poland\",\"description\":\"\",\"publisher\":{\"@id\":\"https:\/\/www.tpa-group.pl\/pl\/#organization\"},\"potentialAction\":[{\"@type\":\"SearchAction\",\"target\":{\"@type\":\"EntryPoint\",\"urlTemplate\":\"https:\/\/www.tpa-group.pl\/pl\/?s={search_term_string}\"},\"query-input\":{\"@type\":\"PropertyValueSpecification\",\"valueRequired\":true,\"valueName\":\"search_term_string\"}}],\"inLanguage\":\"pl-PL\"},{\"@type\":\"Organization\",\"@id\":\"https:\/\/www.tpa-group.pl\/pl\/#organization\",\"name\":\"TPA Poland\",\"url\":\"https:\/\/www.tpa-group.pl\/pl\/\",\"logo\":{\"@type\":\"ImageObject\",\"inLanguage\":\"pl-PL\",\"@id\":\"https:\/\/www.tpa-group.pl\/pl\/#\/schema\/logo\/image\/\",\"url\":\"https:\/\/www.tpa-group.pl\/app\/uploads\/sites\/8\/2023\/03\/tpa-logo.svg\",\"contentUrl\":\"https:\/\/www.tpa-group.pl\/app\/uploads\/sites\/8\/2023\/03\/tpa-logo.svg\",\"width\":110,\"height\":93,\"caption\":\"TPA Poland\"},\"image\":{\"@id\":\"https:\/\/www.tpa-group.pl\/pl\/#\/schema\/logo\/image\/\"}}]}<\/script>\n<!-- \/ Yoast SEO plugin. -->","yoast_head_json":{"title":"The Tale of Christmas - TPA Poland","robots":{"index":"index","follow":"follow","max-snippet":"max-snippet:-1","max-image-preview":"max-image-preview:large","max-video-preview":"max-video-preview:-1"},"canonical":"https:\/\/www.tpa-group.pl\/pl\/the-tale-of-christmas\/","og_locale":"pl_PL","og_type":"article","og_title":"The Tale of Christmas - TPA Poland","og_description":"The Tale of Christmas \u015awi\u0105teczna opowie\u015b\u0107 w muzycznej oprawie Z rado\u015bci\u0105 przedstawiamy nasz\u0105 drug\u0105 \u015bwi\u0105teczn\u0105 piosenk\u0119, stworzon\u0105 specjalnie na ten wyj\u0105tkowy czas.\u00a0 \u201eThe Tale of Christmas\u201d to muzyczna podr\u00f3\u017c przez blask zimowego nieba, spok\u00f3j cichych wieczor\u00f3w i magi\u0119, kt\u00f3ra pojawia si\u0119, gdy \u015bwiat na chwil\u0119 zwalnia.\u00a0 Utw\u00f3r ten to wsp\u00f3lne dzie\u0142o m\u0142odych artyst\u00f3w zwi\u0105zanych z [&hellip;]","og_url":"https:\/\/www.tpa-group.pl\/pl\/the-tale-of-christmas\/","og_site_name":"TPA Poland","article_modified_time":"2025-12-15T11:04:42+00:00","og_image":[{"width":1920,"height":1080,"url":"https:\/\/www.tpa-group.pl\/app\/uploads\/sites\/8\/2025\/12\/Web_napis_swieta_2025.jpg","type":"image\/jpeg"}],"twitter_card":"summary_large_image","twitter_misc":{"Est. reading time":"1 minuta"},"schema":{"@context":"https:\/\/schema.org","@graph":[{"@type":"WebPage","@id":"https:\/\/www.tpa-group.pl\/pl\/the-tale-of-christmas\/","url":"https:\/\/www.tpa-group.pl\/pl\/the-tale-of-christmas\/","name":"The Tale of Christmas - TPA Poland","isPartOf":{"@id":"https:\/\/www.tpa-group.pl\/pl\/#website"},"primaryImageOfPage":{"@id":"https:\/\/www.tpa-group.pl\/pl\/the-tale-of-christmas\/#primaryimage"},"image":{"@id":"https:\/\/www.tpa-group.pl\/pl\/the-tale-of-christmas\/#primaryimage"},"thumbnailUrl":"https:\/\/www.tpa-group.pl\/app\/uploads\/sites\/8\/2025\/12\/Web_napis_swieta_2025.jpg","datePublished":"2025-12-15T09:10:27+00:00","dateModified":"2025-12-15T11:04:42+00:00","breadcrumb":{"@id":"https:\/\/www.tpa-group.pl\/pl\/the-tale-of-christmas\/#breadcrumb"},"inLanguage":"pl-PL","potentialAction":[{"@type":"ReadAction","target":["https:\/\/www.tpa-group.pl\/pl\/the-tale-of-christmas\/"]}]},{"@type":"ImageObject","inLanguage":"pl-PL","@id":"https:\/\/www.tpa-group.pl\/pl\/the-tale-of-christmas\/#primaryimage","url":"https:\/\/www.tpa-group.pl\/app\/uploads\/sites\/8\/2025\/12\/Web_napis_swieta_2025.jpg","contentUrl":"https:\/\/www.tpa-group.pl\/app\/uploads\/sites\/8\/2025\/12\/Web_napis_swieta_2025.jpg","width":1920,"height":1080},{"@type":"BreadcrumbList","@id":"https:\/\/www.tpa-group.pl\/pl\/the-tale-of-christmas\/#breadcrumb","itemListElement":[{"@type":"ListItem","position":1,"name":"Home","item":"https:\/\/www.tpa-group.pl\/pl\/"},{"@type":"ListItem","position":2,"name":"The Tale of Christmas"}]},{"@type":"WebSite","@id":"https:\/\/www.tpa-group.pl\/pl\/#website","url":"https:\/\/www.tpa-group.pl\/pl\/","name":"TPA Poland","description":"","publisher":{"@id":"https:\/\/www.tpa-group.pl\/pl\/#organization"},"potentialAction":[{"@type":"SearchAction","target":{"@type":"EntryPoint","urlTemplate":"https:\/\/www.tpa-group.pl\/pl\/?s={search_term_string}"},"query-input":{"@type":"PropertyValueSpecification","valueRequired":true,"valueName":"search_term_string"}}],"inLanguage":"pl-PL"},{"@type":"Organization","@id":"https:\/\/www.tpa-group.pl\/pl\/#organization","name":"TPA Poland","url":"https:\/\/www.tpa-group.pl\/pl\/","logo":{"@type":"ImageObject","inLanguage":"pl-PL","@id":"https:\/\/www.tpa-group.pl\/pl\/#\/schema\/logo\/image\/","url":"https:\/\/www.tpa-group.pl\/app\/uploads\/sites\/8\/2023\/03\/tpa-logo.svg","contentUrl":"https:\/\/www.tpa-group.pl\/app\/uploads\/sites\/8\/2023\/03\/tpa-logo.svg","width":110,"height":93,"caption":"TPA Poland"},"image":{"@id":"https:\/\/www.tpa-group.pl\/pl\/#\/schema\/logo\/image\/"}}]}},"_links":{"self":[{"href":"https:\/\/www.tpa-group.pl\/pl\/wp-json\/wp\/v2\/pages\/12350","targetHints":{"allow":["GET"]}}],"collection":[{"href":"https:\/\/www.tpa-group.pl\/pl\/wp-json\/wp\/v2\/pages"}],"about":[{"href":"https:\/\/www.tpa-group.pl\/pl\/wp-json\/wp\/v2\/types\/page"}],"author":[{"embeddable":true,"href":"https:\/\/www.tpa-group.pl\/pl\/wp-json\/wp\/v2\/users\/40"}],"replies":[{"embeddable":true,"href":"https:\/\/www.tpa-group.pl\/pl\/wp-json\/wp\/v2\/comments?post=12350"}],"version-history":[{"count":5,"href":"https:\/\/www.tpa-group.pl\/pl\/wp-json\/wp\/v2\/pages\/12350\/revisions"}],"predecessor-version":[{"id":12374,"href":"https:\/\/www.tpa-group.pl\/pl\/wp-json\/wp\/v2\/pages\/12350\/revisions\/12374"}],"wp:featuredmedia":[{"embeddable":true,"href":"https:\/\/www.tpa-group.pl\/pl\/wp-json\/wp\/v2\/media\/12123"}],"wp:attachment":[{"href":"https:\/\/www.tpa-group.pl\/pl\/wp-json\/wp\/v2\/media?parent=12350"}],"curies":[{"name":"wp","href":"https:\/\/api.w.org\/{rel}","templated":true}]}}