{"id":3904,"date":"2024-12-04T19:58:34","date_gmt":"2024-12-04T19:58:34","guid":{"rendered":"https:\/\/www.tpa-group.pl\/?page_id=3904"},"modified":"2025-02-05T15:33:00","modified_gmt":"2025-02-05T15:33:00","slug":"filozofia","status":"publish","type":"page","link":"https:\/\/www.tpa-group.pl\/pl\/filozofia\/","title":{"rendered":"Filozofia"},"content":{"rendered":"\t\t<div data-elementor-type=\"wp-page\" data-elementor-id=\"3904\" class=\"elementor elementor-3904\" data-elementor-post-type=\"page\">\n\t\t\t\t\t\t<section class=\"elementor-section elementor-top-section elementor-element elementor-element-265bc300 hero-banner elementor-section-boxed elementor-section-height-default elementor-section-height-default\" data-id=\"265bc300\" data-element_type=\"section\" data-settings=\"{&quot;background_background&quot;:&quot;classic&quot;}\">\n\t\t\t\t\t\t<div class=\"elementor-container elementor-column-gap-default\">\n\t\t\t\t\t<div class=\"elementor-column elementor-col-50 elementor-top-column elementor-element elementor-element-50ad9c2f\" data-id=\"50ad9c2f\" data-element_type=\"column\">\n\t\t\t<div class=\"elementor-widget-wrap elementor-element-populated\">\n\t\t\t\t\t\t<section class=\"elementor-section elementor-inner-section elementor-element elementor-element-70ade610 hero-banner-breadcrumbs-container elementor-section-boxed elementor-section-height-default elementor-section-height-default\" data-id=\"70ade610\" data-element_type=\"section\">\n\t\t\t\t\t\t<div class=\"elementor-container elementor-column-gap-default\">\n\t\t\t\t\t<div class=\"elementor-column elementor-col-100 elementor-inner-column elementor-element elementor-element-17dc7b19\" data-id=\"17dc7b19\" data-element_type=\"column\">\n\t\t\t<div class=\"elementor-widget-wrap elementor-element-populated\">\n\t\t\t\t\t\t<div class=\"elementor-element elementor-element-7c2ac75f elementor-widget elementor-widget-heading\" data-id=\"7c2ac75f\" data-element_type=\"widget\" data-widget_type=\"heading.default\">\n\t\t\t\t<div class=\"elementor-widget-container\">\n\t\t\t\t\t<p class=\"elementor-heading-title elementor-size-default\"><a href=\"\/\">Home |&nbsp;<\/a><\/p>\t\t\t\t<\/div>\n\t\t\t\t<\/div>\n\t\t\t\t<div class=\"elementor-element elementor-element-7f427720 elementor-widget elementor-widget-heading\" data-id=\"7f427720\" data-element_type=\"widget\" data-widget_type=\"heading.default\">\n\t\t\t\t<div class=\"elementor-widget-container\">\n\t\t\t\t\t<p class=\"elementor-heading-title elementor-size-default\">Nasza filozofia<\/p>\t\t\t\t<\/div>\n\t\t\t\t<\/div>\n\t\t\t\t\t<\/div>\n\t\t<\/div>\n\t\t\t\t\t<\/div>\n\t\t<\/section>\n\t\t\t\t<div class=\"elementor-element elementor-element-4a03c214 elementor-widget elementor-widget-heading\" data-id=\"4a03c214\" data-element_type=\"widget\" data-widget_type=\"heading.default\">\n\t\t\t\t<div class=\"elementor-widget-container\">\n\t\t\t\t\t<h1 class=\"elementor-heading-title elementor-size-default\">Nasza filozofia<\/h1>\t\t\t\t<\/div>\n\t\t\t\t<\/div>\n\t\t\t\t\t<\/div>\n\t\t<\/div>\n\t\t\t\t<div class=\"elementor-column elementor-col-50 elementor-top-column elementor-element elementor-element-175e6d6a\" data-id=\"175e6d6a\" data-element_type=\"column\">\n\t\t\t<div class=\"elementor-widget-wrap\">\n\t\t\t\t\t\t\t<\/div>\n\t\t<\/div>\n\t\t\t\t\t<\/div>\n\t\t<\/section>\n\t\t<div class=\"elementor-element elementor-element-842f860 page-content-container e-flex e-con-boxed e-con e-parent\" data-id=\"842f860\" data-element_type=\"container\">\n\t\t\t\t\t<div class=\"e-con-inner\">\n\t\t<div class=\"elementor-element elementor-element-5939fac e-con-full e-flex e-con e-child\" data-id=\"5939fac\" data-element_type=\"container\">\n\t\t<div class=\"elementor-element elementor-element-e52ab20 e-con-full e-flex e-con e-child\" data-id=\"e52ab20\" data-element_type=\"container\">\n\t\t\t\t<div class=\"elementor-element elementor-element-f840956 elementor-widget elementor-widget-text-editor\" data-id=\"f840956\" data-element_type=\"widget\" data-widget_type=\"text-editor.default\">\n\t\t\t\t<div class=\"elementor-widget-container\">\n\t\t\t\t\t\t\t\t\t<p><span data-contrast=\"auto\">Jeste\u015bmy partnerem dla biznesu, kt\u00f3ry zawsze jest w pobli\u017cu, rozumie cele organizacji, wspiera j\u0105 w wyzwaniach i razem z ni\u0105 \u015bwi\u0119tuje sukcesy. Wierzymy, \u017ce sukces zaczyna si\u0119 od zaanga\u017cowania. Ka\u017cdy projekt traktujemy jak wsp\u00f3ln\u0105 podr\u00f3\u017c, w kt\u00f3rej \u0142\u0105czymy wiedz\u0119, do\u015bwiadczenie i umiej\u0119tno\u015bci z projekt\u00f3w zrealizowanych dla podmiot\u00f3w z r\u00f3\u017cnych bran\u017c. Tworzymy zintegrowane rozwi\u0105zania i pomagamy w ich skutecznym i efektywnym wdro\u017ceniu \u2013 zawsze patrz\u0105c w przysz\u0142o\u015b\u0107, ale bazuj\u0105c na tym co uda\u0142o nam si\u0119 wypracowa\u0107 w przesz\u0142o\u015bci.<\/span><\/p>\t\t\t\t\t\t\t\t<\/div>\n\t\t\t\t<\/div>\n\t\t\t\t<div class=\"elementor-element elementor-element-b675e36 elementor-widget elementor-widget-heading\" data-id=\"b675e36\" data-element_type=\"widget\" data-widget_type=\"heading.default\">\n\t\t\t\t<div class=\"elementor-widget-container\">\n\t\t\t\t\t<h2 class=\"elementor-heading-title elementor-size-default\">Lokalne korzenie, globalne spojrzenie<\/h2>\t\t\t\t<\/div>\n\t\t\t\t<\/div>\n\t\t\t\t<div class=\"elementor-element elementor-element-5bb0a9a elementor-widget elementor-widget-text-editor\" data-id=\"5bb0a9a\" data-element_type=\"widget\" data-widget_type=\"text-editor.default\">\n\t\t\t\t<div class=\"elementor-widget-container\">\n\t\t\t\t\t\t\t\t\t<p><span data-contrast=\"auto\">Dzia\u0142amy lokalnie \u2013 rozumiemy specyfik\u0119 rynku i m\u00f3wimy j\u0119zykiem krajowego ustawodawstwa. Ale horyzont naszych mo\u017cliwo\u015bci jest du\u017co szerszy. Jako cz\u0119\u015b\u0107 mi\u0119dzynarodowej sieci TPA oraz Baker Tilly International, korzystamy z globalnych zasob\u00f3w, wiedzy i do\u015bwiadcze\u0144, by dostarcza\u0107 nowoczesne i sprawdzone rozwi\u0105zania. Prowadzimy projekty mi\u0119dzynarodowe i \u0142\u0105czymy si\u0142y z zespo\u0142ami z innych kraj\u00f3w, by pomaga\u0107 naszym klientom w nieustannym rozwoju biznesu, dla kt\u00f3rego granice przestaj\u0105 mie\u0107 znaczenie.<\/span><span data-ccp-props=\"{&quot;201341983&quot;:0,&quot;335559738&quot;:120,&quot;335559739&quot;:120,&quot;335559740&quot;:276}\">\u00a0<\/span><\/p>\t\t\t\t\t\t\t\t<\/div>\n\t\t\t\t<\/div>\n\t\t\t\t<div class=\"elementor-element elementor-element-6437544 elementor-widget elementor-widget-heading\" data-id=\"6437544\" data-element_type=\"widget\" data-widget_type=\"heading.default\">\n\t\t\t\t<div class=\"elementor-widget-container\">\n\t\t\t\t\t<h2 class=\"elementor-heading-title elementor-size-default\">Si\u0142a w r\u00f3\u017cnorodno\u015bci talent\u00f3w<\/h2>\t\t\t\t<\/div>\n\t\t\t\t<\/div>\n\t\t\t\t<div class=\"elementor-element elementor-element-7639d8c elementor-widget elementor-widget-text-editor\" data-id=\"7639d8c\" data-element_type=\"widget\" data-widget_type=\"text-editor.default\">\n\t\t\t\t<div class=\"elementor-widget-container\">\n\t\t\t\t\t\t\t\t\t<p><span data-contrast=\"auto\">Nasza si\u0142a tkwi we wsp\u00f3\u0142pracy. Nasi eksperci tworz\u0105 interdyscyplinarne zespo\u0142y \u0142\u0105cz\u0105c niezb\u0119dne kompetencje merytoryczne, do\u015bwiadczenia projektowe i wgl\u0105d w specyfik\u0119 sektora i biznesu klienta. To podej\u015bcie pozwala nam oferowa\u0107 kompleksowe us\u0142ugi najwy\u017cszej jako\u015bci i stale rozwija\u0107 zesp\u00f3\u0142 zaanga\u017cowanych i kreatywnych specjalist\u00f3w.<\/span><\/p>\t\t\t\t\t\t\t\t<\/div>\n\t\t\t\t<\/div>\n\t\t\t\t<div class=\"elementor-element elementor-element-29ed4d6 elementor-widget elementor-widget-heading\" data-id=\"29ed4d6\" data-element_type=\"widget\" data-widget_type=\"heading.default\">\n\t\t\t\t<div class=\"elementor-widget-container\">\n\t\t\t\t\t<h2 class=\"elementor-heading-title elementor-size-default\">Wsp\u00f3lny rozw\u00f3j<\/h2>\t\t\t\t<\/div>\n\t\t\t\t<\/div>\n\t\t\t\t<div class=\"elementor-element elementor-element-80b9acf elementor-widget elementor-widget-text-editor\" data-id=\"80b9acf\" data-element_type=\"widget\" data-widget_type=\"text-editor.default\">\n\t\t\t\t<div class=\"elementor-widget-container\">\n\t\t\t\t\t\t\t\t\t<p><span data-contrast=\"auto\">W TPA wierzymy, \u017ce sukces naszych klient\u00f3w i rozw\u00f3j naszych pracownik\u00f3w id\u0105 ze sob\u0105 w parze. Dlatego tworzymy warunki, kt\u00f3re sprzyjaj\u0105 nauce, rozwojowi kompetencji i r\u00f3wnowadze mi\u0119dzy prac\u0105 a \u017cyciem prywatnym. Inwestujemy w szkolenia, dbamy o rozw\u00f3j naszych specjalist\u00f3w i wspieramy ich w odkrywaniu pe\u0142ni ich potencja\u0142u.<\/span><span data-ccp-props=\"{&quot;201341983&quot;:0,&quot;335559738&quot;:120,&quot;335559739&quot;:120,&quot;335559740&quot;:276}\">\u00a0<\/span><\/p>\t\t\t\t\t\t\t\t<\/div>\n\t\t\t\t<\/div>\n\t\t\t\t<div class=\"elementor-element elementor-element-b3b70a0 elementor-widget elementor-widget-heading\" data-id=\"b3b70a0\" data-element_type=\"widget\" data-widget_type=\"heading.default\">\n\t\t\t\t<div class=\"elementor-widget-container\">\n\t\t\t\t\t<h2 class=\"elementor-heading-title elementor-size-default\">Szacunek i otwarto\u015b\u0107<\/h2>\t\t\t\t<\/div>\n\t\t\t\t<\/div>\n\t\t\t\t<div class=\"elementor-element elementor-element-c64dcb3 elementor-widget elementor-widget-text-editor\" data-id=\"c64dcb3\" data-element_type=\"widget\" data-widget_type=\"text-editor.default\">\n\t\t\t\t<div class=\"elementor-widget-container\">\n\t\t\t\t\t\t\t\t\t<p><span data-contrast=\"auto\">Nasza filozofia opiera si\u0119 na wzajemnym szacunku i wsp\u00f3\u0142pracy. Zach\u0119camy do dzielenia si\u0119 pomys\u0142ami, uczciwej wymiany opinii i wsp\u00f3lnego szukania najlepszych rozwi\u0105za\u0144. Budujemy \u015brodowisko, w kt\u00f3rym ka\u017cdy czuje si\u0119 doceniony, zmotywowany i wspierany, bo wierzymy, \u017ce takie podej\u015bcie przek\u0142ada si\u0119 na najlepsze wyniki.<\/span><span data-ccp-props=\"{&quot;201341983&quot;:0,&quot;335559738&quot;:120,&quot;335559739&quot;:120,&quot;335559740&quot;:276}\">\u00a0<\/span><\/p><p><span data-contrast=\"auto\">W TPA wiemy, \u017ce najlepsze rozwi\u0105zania rodz\u0105 si\u0119 tam, gdzie pasja spotyka si\u0119 z profesjonalizmem. Dlatego codziennie anga\u017cujemy si\u0119 w to, co robimy, by razem z naszymi klientami budowa\u0107 przysz\u0142o\u015b\u0107 pe\u0142n\u0105 sukces\u00f3w.<\/span><span data-ccp-props=\"{&quot;201341983&quot;:0,&quot;335559738&quot;:120,&quot;335559739&quot;:120,&quot;335559740&quot;:276}\">\u00a0<\/span><\/p>\t\t\t\t\t\t\t\t<\/div>\n\t\t\t\t<\/div>\n\t\t\t\t<div class=\"elementor-element elementor-element-9cae622 elementor-widget elementor-widget-heading\" data-id=\"9cae622\" data-element_type=\"widget\" data-widget_type=\"heading.default\">\n\t\t\t\t<div class=\"elementor-widget-container\">\n\t\t\t\t\t<h2 class=\"elementor-heading-title elementor-size-default\">TPA nale\u017cy do grona lider\u00f3w w\u015br\u00f3d firm doradczych i outsourcingowych w Europie \u015arodkowo-Wschodniej.\u202f\u00a0<\/h2>\t\t\t\t<\/div>\n\t\t\t\t<\/div>\n\t\t\t\t<div class=\"elementor-element elementor-element-8ebd66e elementor-widget elementor-widget-text-editor\" data-id=\"8ebd66e\" data-element_type=\"widget\" data-widget_type=\"text-editor.default\">\n\t\t\t\t<div class=\"elementor-widget-container\">\n\t\t\t\t\t\t\t\t\t<p><span data-contrast=\"auto\">Zatrudniamy ponad 1800 pracownik\u00f3w w Albanii, Austrii, Bu\u0142garii, Chorwacji, Czarnog\u00f3rze, Czechach, Polsce, Rumunii, Serbii, S\u0142owacji, S\u0142owenii i na W\u0119grzech.<\/span><span data-ccp-props=\"{&quot;201341983&quot;:0,&quot;335559738&quot;:120,&quot;335559739&quot;:120,&quot;335559740&quot;:276}\">\u00a0<\/span><\/p><p><span data-contrast=\"auto\">\u015awiadczymy nasze us\u0142ugi pos\u0142uguj\u0105c si\u0119 j\u0119zykiem angielskim, niemieckim oraz j\u0119zykiem ka\u017cdego z wy\u017cej wymienionych kraj\u00f3w. Bogate do\u015bwiadczenie transgraniczne naszych ekspert\u00f3w uzyskane dzi\u0119ki wsp\u00f3lnej pracy nad wieloma projektami pozwala nam tworzy\u0107 rzeczywist\u0105 warto\u015b\u0107 dla klient\u00f3w dzia\u0142aj\u0105cych w wielonarodowym \u015brodowisku Europy \u015arodkowo-Wschodniej, a przynale\u017cno\u015b\u0107 do sieci Baker Tilly International otwiera nas na wsp\u00f3\u0142prac\u0119 z klientami z ca\u0142ego \u015bwiata.\u00a0<\/span><span data-ccp-props=\"{&quot;201341983&quot;:0,&quot;335559738&quot;:120,&quot;335559739&quot;:120,&quot;335559740&quot;:276}\">\u00a0<\/span><\/p>\t\t\t\t\t\t\t\t<\/div>\n\t\t\t\t<\/div>\n\t\t\t\t<\/div>\n\t\t\t\t<div class=\"elementor-element elementor-element-3c09a08 elementor-widget elementor-widget-heading\" data-id=\"3c09a08\" data-element_type=\"widget\" data-widget_type=\"heading.default\">\n\t\t\t\t<div class=\"elementor-widget-container\">\n\t\t\t\t\t<h2 class=\"elementor-heading-title elementor-size-default\">Zobacz tak\u017ce<\/h2>\t\t\t\t<\/div>\n\t\t\t\t<\/div>\n\t\t<div class=\"elementor-element elementor-element-5f4d093 e-con-full e-flex e-con e-child\" data-id=\"5f4d093\" data-element_type=\"container\">\n\t\t\t\t<div class=\"elementor-element elementor-element-47f3bc7a megamenu-link-item elementor-widget elementor-widget-button\" data-id=\"47f3bc7a\" data-element_type=\"widget\" data-widget_type=\"button.default\">\n\t\t\t\t<div class=\"elementor-widget-container\">\n\t\t\t\t\t\t\t\t\t<div class=\"elementor-button-wrapper\">\n\t\t\t\t\t<a class=\"elementor-button elementor-button-link elementor-size-sm\" href=\"https:\/\/www.tpa-group.pl\/pl\/o-nas\/\">\n\t\t\t\t\t\t<span class=\"elementor-button-content-wrapper\">\n\t\t\t\t\t\t<span class=\"elementor-button-icon\">\n\t\t\t\t<i aria-hidden=\"true\" class=\"fa6l fa6l-light-arrow-right\"><\/i>\t\t\t<\/span>\n\t\t\t\t\t\t\t\t\t<span class=\"elementor-button-text\">O nas<\/span>\n\t\t\t\t\t<\/span>\n\t\t\t\t\t<\/a>\n\t\t\t\t<\/div>\n\t\t\t\t\t\t\t\t<\/div>\n\t\t\t\t<\/div>\n\t\t\t\t<div class=\"elementor-element elementor-element-43a255f megamenu-link-item elementor-widget elementor-widget-button\" data-id=\"43a255f\" data-element_type=\"widget\" data-widget_type=\"button.default\">\n\t\t\t\t<div class=\"elementor-widget-container\">\n\t\t\t\t\t\t\t\t\t<div class=\"elementor-button-wrapper\">\n\t\t\t\t\t<a class=\"elementor-button elementor-button-link elementor-size-sm\" href=\"https:\/\/www.tpa-group.pl\/pl\/partnerzy\/\">\n\t\t\t\t\t\t<span class=\"elementor-button-content-wrapper\">\n\t\t\t\t\t\t<span class=\"elementor-button-icon\">\n\t\t\t\t<i aria-hidden=\"true\" class=\"fa6l fa6l-light-arrow-right\"><\/i>\t\t\t<\/span>\n\t\t\t\t\t\t\t\t\t<span class=\"elementor-button-text\">Nasz zesp\u00f3\u0142<\/span>\n\t\t\t\t\t<\/span>\n\t\t\t\t\t<\/a>\n\t\t\t\t<\/div>\n\t\t\t\t\t\t\t\t<\/div>\n\t\t\t\t<\/div>\n\t\t\t\t<div class=\"elementor-element elementor-element-ae49955 megamenu-link-item elementor-widget elementor-widget-button\" data-id=\"ae49955\" data-element_type=\"widget\" data-widget_type=\"button.default\">\n\t\t\t\t<div class=\"elementor-widget-container\">\n\t\t\t\t\t\t\t\t\t<div class=\"elementor-button-wrapper\">\n\t\t\t\t\t<a class=\"elementor-button elementor-button-link elementor-size-sm\" href=\"https:\/\/www.tpa-group.com\/\">\n\t\t\t\t\t\t<span class=\"elementor-button-content-wrapper\">\n\t\t\t\t\t\t<span class=\"elementor-button-icon\">\n\t\t\t\t<i aria-hidden=\"true\" class=\"fa6l fa6l-light-arrow-right\"><\/i>\t\t\t<\/span>\n\t\t\t\t\t\t\t\t\t<span class=\"elementor-button-text\">TPA Group<\/span>\n\t\t\t\t\t<\/span>\n\t\t\t\t\t<\/a>\n\t\t\t\t<\/div>\n\t\t\t\t\t\t\t\t<\/div>\n\t\t\t\t<\/div>\n\t\t\t\t<div class=\"elementor-element elementor-element-15ecbd0 megamenu-link-item elementor-widget elementor-widget-button\" data-id=\"15ecbd0\" data-element_type=\"widget\" data-widget_type=\"button.default\">\n\t\t\t\t<div class=\"elementor-widget-container\">\n\t\t\t\t\t\t\t\t\t<div class=\"elementor-button-wrapper\">\n\t\t\t\t\t<a class=\"elementor-button elementor-button-link elementor-size-sm\" href=\"https:\/\/www.tpa-group.pl\/pl\/baker-tilly-international\/\">\n\t\t\t\t\t\t<span class=\"elementor-button-content-wrapper\">\n\t\t\t\t\t\t<span class=\"elementor-button-icon\">\n\t\t\t\t<i aria-hidden=\"true\" class=\"fa6l fa6l-light-arrow-right\"><\/i>\t\t\t<\/span>\n\t\t\t\t\t\t\t\t\t<span class=\"elementor-button-text\">Baker Tilly International<\/span>\n\t\t\t\t\t<\/span>\n\t\t\t\t\t<\/a>\n\t\t\t\t<\/div>\n\t\t\t\t\t\t\t\t<\/div>\n\t\t\t\t<\/div>\n\t\t\t\t<div class=\"elementor-element elementor-element-36d7f8b megamenu-link-item elementor-widget elementor-widget-button\" data-id=\"36d7f8b\" data-element_type=\"widget\" data-widget_type=\"button.default\">\n\t\t\t\t<div class=\"elementor-widget-container\">\n\t\t\t\t\t\t\t\t\t<div class=\"elementor-button-wrapper\">\n\t\t\t\t\t<a class=\"elementor-button elementor-button-link elementor-size-sm\" href=\"https:\/\/www.tpa-group.pl\/pl\/zrownowazony-rozwoj\/\">\n\t\t\t\t\t\t<span class=\"elementor-button-content-wrapper\">\n\t\t\t\t\t\t<span class=\"elementor-button-icon\">\n\t\t\t\t<i aria-hidden=\"true\" class=\"fa6l fa6l-light-arrow-right\"><\/i>\t\t\t<\/span>\n\t\t\t\t\t\t\t\t\t<span class=\"elementor-button-text\">Zr\u00f3wnowa\u017cony rozw\u00f3j<\/span>\n\t\t\t\t\t<\/span>\n\t\t\t\t\t<\/a>\n\t\t\t\t<\/div>\n\t\t\t\t\t\t\t\t<\/div>\n\t\t\t\t<\/div>\n\t\t\t\t<div class=\"elementor-element elementor-element-7bfb95b megamenu-link-item elementor-widget elementor-widget-button\" data-id=\"7bfb95b\" data-element_type=\"widget\" data-widget_type=\"button.default\">\n\t\t\t\t<div class=\"elementor-widget-container\">\n\t\t\t\t\t\t\t\t\t<div class=\"elementor-button-wrapper\">\n\t\t\t\t\t<a class=\"elementor-button elementor-button-link elementor-size-sm\" href=\"https:\/\/www.tpa-group.pl\/pl\/informacje-i-kontakt-dla-mediow\/\">\n\t\t\t\t\t\t<span class=\"elementor-button-content-wrapper\">\n\t\t\t\t\t\t<span class=\"elementor-button-icon\">\n\t\t\t\t<i aria-hidden=\"true\" class=\"fa6l fa6l-light-arrow-right\"><\/i>\t\t\t<\/span>\n\t\t\t\t\t\t\t\t\t<span class=\"elementor-button-text\">Informacje i kontakt dla medi\u00f3w<\/span>\n\t\t\t\t\t<\/span>\n\t\t\t\t\t<\/a>\n\t\t\t\t<\/div>\n\t\t\t\t\t\t\t\t<\/div>\n\t\t\t\t<\/div>\n\t\t\t\t<\/div>\n\t\t\t\t<\/div>\n\t\t\t\t\t<\/div>\n\t\t\t\t<\/div>\n\t\t\t\t<\/div>\n\t\t","protected":false},"excerpt":{"rendered":"<p>Home |&nbsp; Nasza filozofia Nasza filozofia Jeste\u015bmy partnerem dla biznesu, kt\u00f3ry zawsze jest w pobli\u017cu, rozumie cele organizacji, wspiera j\u0105 w wyzwaniach i razem z ni\u0105 \u015bwi\u0119tuje sukcesy. Wierzymy, \u017ce sukces zaczyna si\u0119 od zaanga\u017cowania. Ka\u017cdy projekt traktujemy jak wsp\u00f3ln\u0105 podr\u00f3\u017c, w kt\u00f3rej \u0142\u0105czymy wiedz\u0119, do\u015bwiadczenie i umiej\u0119tno\u015bci z projekt\u00f3w zrealizowanych dla podmiot\u00f3w z r\u00f3\u017cnych [&hellip;]<\/p>\n","protected":false},"author":40,"featured_media":0,"parent":0,"menu_order":0,"comment_status":"closed","ping_status":"closed","template":"elementor_header_footer","meta":{"_acf_changed":false,"footnotes":""},"class_list":["post-3904","page","type-page","status-publish","hentry"],"acf":[],"yoast_head":"<!-- This site is optimized with the Yoast SEO plugin v26.0 - https:\/\/yoast.com\/wordpress\/plugins\/seo\/ -->\n<title>Filozofia - TPA Poland<\/title>\n<meta name=\"robots\" content=\"index, follow, max-snippet:-1, max-image-preview:large, max-video-preview:-1\" \/>\n<link rel=\"canonical\" href=\"https:\/\/www.tpa-group.pl\/pl\/filozofia\/\" \/>\n<meta property=\"og:locale\" content=\"pl_PL\" \/>\n<meta property=\"og:type\" content=\"article\" \/>\n<meta property=\"og:title\" content=\"Filozofia - TPA Poland\" \/>\n<meta property=\"og:description\" content=\"Home |&nbsp; Nasza filozofia Nasza filozofia Jeste\u015bmy partnerem dla biznesu, kt\u00f3ry zawsze jest w pobli\u017cu, rozumie cele organizacji, wspiera j\u0105 w wyzwaniach i razem z ni\u0105 \u015bwi\u0119tuje sukcesy. Wierzymy, \u017ce sukces zaczyna si\u0119 od zaanga\u017cowania. Ka\u017cdy projekt traktujemy jak wsp\u00f3ln\u0105 podr\u00f3\u017c, w kt\u00f3rej \u0142\u0105czymy wiedz\u0119, do\u015bwiadczenie i umiej\u0119tno\u015bci z projekt\u00f3w zrealizowanych dla podmiot\u00f3w z r\u00f3\u017cnych [&hellip;]\" \/>\n<meta property=\"og:url\" content=\"https:\/\/www.tpa-group.pl\/pl\/filozofia\/\" \/>\n<meta property=\"og:site_name\" content=\"TPA Poland\" \/>\n<meta property=\"article:modified_time\" content=\"2025-02-05T15:33:00+00:00\" \/>\n<meta name=\"twitter:card\" content=\"summary_large_image\" \/>\n<meta name=\"twitter:label1\" content=\"Est. reading time\" \/>\n\t<meta name=\"twitter:data1\" content=\"3 minuty\" \/>\n<script type=\"application\/ld+json\" class=\"yoast-schema-graph\">{\"@context\":\"https:\/\/schema.org\",\"@graph\":[{\"@type\":\"WebPage\",\"@id\":\"https:\/\/www.tpa-group.pl\/pl\/filozofia\/\",\"url\":\"https:\/\/www.tpa-group.pl\/pl\/filozofia\/\",\"name\":\"Filozofia - TPA Poland\",\"isPartOf\":{\"@id\":\"https:\/\/www.tpa-group.pl\/pl\/#website\"},\"datePublished\":\"2024-12-04T19:58:34+00:00\",\"dateModified\":\"2025-02-05T15:33:00+00:00\",\"breadcrumb\":{\"@id\":\"https:\/\/www.tpa-group.pl\/pl\/filozofia\/#breadcrumb\"},\"inLanguage\":\"pl-PL\",\"potentialAction\":[{\"@type\":\"ReadAction\",\"target\":[\"https:\/\/www.tpa-group.pl\/pl\/filozofia\/\"]}]},{\"@type\":\"BreadcrumbList\",\"@id\":\"https:\/\/www.tpa-group.pl\/pl\/filozofia\/#breadcrumb\",\"itemListElement\":[{\"@type\":\"ListItem\",\"position\":1,\"name\":\"Home\",\"item\":\"https:\/\/www.tpa-group.pl\/pl\/\"},{\"@type\":\"ListItem\",\"position\":2,\"name\":\"Filozofia\"}]},{\"@type\":\"WebSite\",\"@id\":\"https:\/\/www.tpa-group.pl\/pl\/#website\",\"url\":\"https:\/\/www.tpa-group.pl\/pl\/\",\"name\":\"TPA Poland\",\"description\":\"\",\"publisher\":{\"@id\":\"https:\/\/www.tpa-group.pl\/pl\/#organization\"},\"potentialAction\":[{\"@type\":\"SearchAction\",\"target\":{\"@type\":\"EntryPoint\",\"urlTemplate\":\"https:\/\/www.tpa-group.pl\/pl\/?s={search_term_string}\"},\"query-input\":{\"@type\":\"PropertyValueSpecification\",\"valueRequired\":true,\"valueName\":\"search_term_string\"}}],\"inLanguage\":\"pl-PL\"},{\"@type\":\"Organization\",\"@id\":\"https:\/\/www.tpa-group.pl\/pl\/#organization\",\"name\":\"TPA Poland\",\"url\":\"https:\/\/www.tpa-group.pl\/pl\/\",\"logo\":{\"@type\":\"ImageObject\",\"inLanguage\":\"pl-PL\",\"@id\":\"https:\/\/www.tpa-group.pl\/pl\/#\/schema\/logo\/image\/\",\"url\":\"https:\/\/www.tpa-group.pl\/app\/uploads\/sites\/8\/2023\/03\/tpa-logo.svg\",\"contentUrl\":\"https:\/\/www.tpa-group.pl\/app\/uploads\/sites\/8\/2023\/03\/tpa-logo.svg\",\"width\":110,\"height\":93,\"caption\":\"TPA Poland\"},\"image\":{\"@id\":\"https:\/\/www.tpa-group.pl\/pl\/#\/schema\/logo\/image\/\"}}]}<\/script>\n<!-- \/ Yoast SEO plugin. -->","yoast_head_json":{"title":"Filozofia - TPA Poland","robots":{"index":"index","follow":"follow","max-snippet":"max-snippet:-1","max-image-preview":"max-image-preview:large","max-video-preview":"max-video-preview:-1"},"canonical":"https:\/\/www.tpa-group.pl\/pl\/filozofia\/","og_locale":"pl_PL","og_type":"article","og_title":"Filozofia - TPA Poland","og_description":"Home |&nbsp; Nasza filozofia Nasza filozofia Jeste\u015bmy partnerem dla biznesu, kt\u00f3ry zawsze jest w pobli\u017cu, rozumie cele organizacji, wspiera j\u0105 w wyzwaniach i razem z ni\u0105 \u015bwi\u0119tuje sukcesy. Wierzymy, \u017ce sukces zaczyna si\u0119 od zaanga\u017cowania. Ka\u017cdy projekt traktujemy jak wsp\u00f3ln\u0105 podr\u00f3\u017c, w kt\u00f3rej \u0142\u0105czymy wiedz\u0119, do\u015bwiadczenie i umiej\u0119tno\u015bci z projekt\u00f3w zrealizowanych dla podmiot\u00f3w z r\u00f3\u017cnych [&hellip;]","og_url":"https:\/\/www.tpa-group.pl\/pl\/filozofia\/","og_site_name":"TPA Poland","article_modified_time":"2025-02-05T15:33:00+00:00","twitter_card":"summary_large_image","twitter_misc":{"Est. reading time":"3 minuty"},"schema":{"@context":"https:\/\/schema.org","@graph":[{"@type":"WebPage","@id":"https:\/\/www.tpa-group.pl\/pl\/filozofia\/","url":"https:\/\/www.tpa-group.pl\/pl\/filozofia\/","name":"Filozofia - TPA Poland","isPartOf":{"@id":"https:\/\/www.tpa-group.pl\/pl\/#website"},"datePublished":"2024-12-04T19:58:34+00:00","dateModified":"2025-02-05T15:33:00+00:00","breadcrumb":{"@id":"https:\/\/www.tpa-group.pl\/pl\/filozofia\/#breadcrumb"},"inLanguage":"pl-PL","potentialAction":[{"@type":"ReadAction","target":["https:\/\/www.tpa-group.pl\/pl\/filozofia\/"]}]},{"@type":"BreadcrumbList","@id":"https:\/\/www.tpa-group.pl\/pl\/filozofia\/#breadcrumb","itemListElement":[{"@type":"ListItem","position":1,"name":"Home","item":"https:\/\/www.tpa-group.pl\/pl\/"},{"@type":"ListItem","position":2,"name":"Filozofia"}]},{"@type":"WebSite","@id":"https:\/\/www.tpa-group.pl\/pl\/#website","url":"https:\/\/www.tpa-group.pl\/pl\/","name":"TPA Poland","description":"","publisher":{"@id":"https:\/\/www.tpa-group.pl\/pl\/#organization"},"potentialAction":[{"@type":"SearchAction","target":{"@type":"EntryPoint","urlTemplate":"https:\/\/www.tpa-group.pl\/pl\/?s={search_term_string}"},"query-input":{"@type":"PropertyValueSpecification","valueRequired":true,"valueName":"search_term_string"}}],"inLanguage":"pl-PL"},{"@type":"Organization","@id":"https:\/\/www.tpa-group.pl\/pl\/#organization","name":"TPA Poland","url":"https:\/\/www.tpa-group.pl\/pl\/","logo":{"@type":"ImageObject","inLanguage":"pl-PL","@id":"https:\/\/www.tpa-group.pl\/pl\/#\/schema\/logo\/image\/","url":"https:\/\/www.tpa-group.pl\/app\/uploads\/sites\/8\/2023\/03\/tpa-logo.svg","contentUrl":"https:\/\/www.tpa-group.pl\/app\/uploads\/sites\/8\/2023\/03\/tpa-logo.svg","width":110,"height":93,"caption":"TPA Poland"},"image":{"@id":"https:\/\/www.tpa-group.pl\/pl\/#\/schema\/logo\/image\/"}}]}},"_links":{"self":[{"href":"https:\/\/www.tpa-group.pl\/pl\/wp-json\/wp\/v2\/pages\/3904","targetHints":{"allow":["GET"]}}],"collection":[{"href":"https:\/\/www.tpa-group.pl\/pl\/wp-json\/wp\/v2\/pages"}],"about":[{"href":"https:\/\/www.tpa-group.pl\/pl\/wp-json\/wp\/v2\/types\/page"}],"author":[{"embeddable":true,"href":"https:\/\/www.tpa-group.pl\/pl\/wp-json\/wp\/v2\/users\/40"}],"replies":[{"embeddable":true,"href":"https:\/\/www.tpa-group.pl\/pl\/wp-json\/wp\/v2\/comments?post=3904"}],"version-history":[{"count":22,"href":"https:\/\/www.tpa-group.pl\/pl\/wp-json\/wp\/v2\/pages\/3904\/revisions"}],"predecessor-version":[{"id":8476,"href":"https:\/\/www.tpa-group.pl\/pl\/wp-json\/wp\/v2\/pages\/3904\/revisions\/8476"}],"wp:attachment":[{"href":"https:\/\/www.tpa-group.pl\/pl\/wp-json\/wp\/v2\/media?parent=3904"}],"curies":[{"name":"wp","href":"https:\/\/api.w.org\/{rel}","templated":true}]}}