{"id":5272,"date":"2024-12-11T18:01:07","date_gmt":"2024-12-11T18:01:07","guid":{"rendered":"https:\/\/www.tpa-group.pl\/?page_id=5272"},"modified":"2025-01-02T13:13:22","modified_gmt":"2025-01-02T13:13:22","slug":"tresc-uzgodnien-wspoladministrowanie","status":"publish","type":"page","link":"https:\/\/www.tpa-group.pl\/pl\/tresc-uzgodnien-wspoladministrowanie\/","title":{"rendered":"Tre\u015b\u0107 uzgodnie\u0144 wynikaj\u0105cych z umowy o wsp\u00f3\u0142administrowanie danymi osobowymi w grupie przedsi\u0119biorstw"},"content":{"rendered":"\t\t<div data-elementor-type=\"wp-page\" data-elementor-id=\"5272\" class=\"elementor elementor-5272\" data-elementor-post-type=\"page\">\n\t\t\t\t\t\t<section class=\"elementor-section elementor-top-section elementor-element elementor-element-265bc300 hero-banner elementor-section-boxed elementor-section-height-default elementor-section-height-default\" data-id=\"265bc300\" data-element_type=\"section\" data-settings=\"{&quot;background_background&quot;:&quot;classic&quot;}\">\n\t\t\t\t\t\t<div class=\"elementor-container elementor-column-gap-default\">\n\t\t\t\t\t<div class=\"elementor-column elementor-col-50 elementor-top-column elementor-element elementor-element-50ad9c2f\" data-id=\"50ad9c2f\" data-element_type=\"column\">\n\t\t\t<div class=\"elementor-widget-wrap elementor-element-populated\">\n\t\t\t\t\t\t<section class=\"elementor-section elementor-inner-section elementor-element elementor-element-70ade610 hero-banner-breadcrumbs-container elementor-section-boxed elementor-section-height-default elementor-section-height-default\" data-id=\"70ade610\" data-element_type=\"section\">\n\t\t\t\t\t\t<div class=\"elementor-container elementor-column-gap-default\">\n\t\t\t\t\t<div class=\"elementor-column elementor-col-100 elementor-inner-column elementor-element elementor-element-17dc7b19\" data-id=\"17dc7b19\" data-element_type=\"column\">\n\t\t\t<div class=\"elementor-widget-wrap elementor-element-populated\">\n\t\t\t\t\t\t<div class=\"elementor-element elementor-element-7c2ac75f elementor-widget elementor-widget-heading\" data-id=\"7c2ac75f\" data-element_type=\"widget\" data-widget_type=\"heading.default\">\n\t\t\t\t<div class=\"elementor-widget-container\">\n\t\t\t\t\t<p class=\"elementor-heading-title elementor-size-default\"><a href=\"\/\">Home |&nbsp;<\/a><\/p>\t\t\t\t<\/div>\n\t\t\t\t<\/div>\n\t\t\t\t<div class=\"elementor-element elementor-element-7f427720 elementor-widget elementor-widget-heading\" data-id=\"7f427720\" data-element_type=\"widget\" data-widget_type=\"heading.default\">\n\t\t\t\t<div class=\"elementor-widget-container\">\n\t\t\t\t\t<p class=\"elementor-heading-title elementor-size-default\">Wsp\u00f3\u0142administrowanie danymi osobowymi\n<\/p>\t\t\t\t<\/div>\n\t\t\t\t<\/div>\n\t\t\t\t\t<\/div>\n\t\t<\/div>\n\t\t\t\t\t<\/div>\n\t\t<\/section>\n\t\t\t\t<div class=\"elementor-element elementor-element-4a03c214 elementor-widget elementor-widget-heading\" data-id=\"4a03c214\" data-element_type=\"widget\" data-widget_type=\"heading.default\">\n\t\t\t\t<div class=\"elementor-widget-container\">\n\t\t\t\t\t<h1 class=\"elementor-heading-title elementor-size-default\">Tre\u015b\u0107 uzgodnie\u0144 wynikaj\u0105cych z umowy o wsp\u00f3\u0142administrowanie danymi osobowymi w grupie przedsi\u0119biorstw<\/h1>\t\t\t\t<\/div>\n\t\t\t\t<\/div>\n\t\t\t\t\t<\/div>\n\t\t<\/div>\n\t\t\t\t<div class=\"elementor-column elementor-col-50 elementor-top-column elementor-element elementor-element-175e6d6a\" data-id=\"175e6d6a\" data-element_type=\"column\">\n\t\t\t<div class=\"elementor-widget-wrap\">\n\t\t\t\t\t\t\t<\/div>\n\t\t<\/div>\n\t\t\t\t\t<\/div>\n\t\t<\/section>\n\t\t<div class=\"elementor-element elementor-element-afc11f1 page-content-container e-flex e-con-boxed e-con e-parent\" data-id=\"afc11f1\" data-element_type=\"container\" data-settings=\"{&quot;background_background&quot;:&quot;classic&quot;}\">\n\t\t\t\t\t<div class=\"e-con-inner\">\n\t\t\t\t<div class=\"elementor-element elementor-element-f901b57 elementor-widget elementor-widget-text-editor\" data-id=\"f901b57\" data-element_type=\"widget\" data-widget_type=\"text-editor.default\">\n\t\t\t\t<div class=\"elementor-widget-container\">\n\t\t\t\t\t\t\t\t\t<p><strong>Uprzejmie informujemy, \u017ce pomi\u0119dzy sp\u00f3\u0142k\u0105:<\/strong><\/p>\n<p>TPA Sp. z o.o. Sp. k., ul. M\u0142yn\u0301ska 12, 61-730 Poznan\u0301, NIP 7781432033 REGON 300184858, Krajowy Rejestr Sa\u0328dowy prowadzony przez Sa\u0328d Rejonowy Poznan\u0301 \u2013 Nowe Miasto i Wilda, VIII Wydzia\u0142 Gospodarczy Krajowego Rejestru Sa\u0328dowego KRS 0000671994, &nbsp;zwana\u0328\/zwanym dalej \u201eAdministratorem koordynuja\u0328cym\u201d,<\/p>\n<p>a wymienionymi poni\u017cej sp\u00f3\u0142kami, zwanymi dalej Wsp\u00f3\u0142administratorami, razem jako Wsp\u00f3\u0142administratorzy:<\/p>\n<ol>\n<li>TPA Management Sp. z o.o. ul. M\u0142yn\u0301ska 12, NIP 1070010139, REGON: 141252235, Krajowy Rejestr Sa\u0328dowy prowadzony przez Sa\u0328d Rejonowy Poznan\u0301 \u2013 Nowe Miasto i Wilda, VIII Wydzia\u0142 Gospodarczy Krajowego Rejestru Sa\u0328dowego KRS 0000293747, Kapita\u0142 zak\u0142adowy 50 000,00 z\u0142otych op\u0142acony w ca\u0142os\u0301ci<\/li>\n<li><span style=\"background-color: transparent; color: var( --e-global-color-text ); text-align: var(--text-align);\">Baker Tilly Gajda Legal Sp. k. | ul. M\u0142y\u0144ska 12 | 61-730 Pozna\u0144, NIP 7831753177. REGON 366428591, S\u0105d Rejonowy dla M.St. Warszawy w Warszawie, XIII Wydzia\u0142 Gospodarczy Krajowego Rejestru S\u0105dowego KRS 0000660736<\/span><\/li>\n<li>Baker Tilly TPA Sp. z o.o., ul. M\u0142y\u0144ska 12, 61-730 Pozna\u0144, NIP 1070018709, REGON 142798338, S\u0105d Rejonowy Pozna\u0144 \u2013 Nowe Miasto i Wilda w Poznaniu, VIII Wydzia\u0142 Gospodarczy Krajowego Rejestru S\u0105dowego pod numerem KRS 0000377626<\/li>\n<li>Digital TPA Sp. z o.o. Sp.k. | ul. M\u0142y\u0144ska 12 | 61-730 Pozna\u0144 | NIP 7831867001 | REGON 523492113 | Krajowy Rejestr S\u0105dowy prowadzony przez S\u0105d Rejonowy Pozna\u0144 \u2013 Nowe Miasto i Wilda, VIII Wydzia\u0142 Gospodarczy Krajowego Rejestru S\u0105dowego KRS 0000997190<\/li>\n<\/ol><div><br><\/div>\n<p>zosta\u0142a zawarta umowa o wsp\u00f3\u0142administrowanie danymi osobowymi w ramach prowadzenia dzia\u0142a\u0144 informacyjnych i marketingowych. Oznacza to, \u017ce ka\u017cdy z tych podmiot\u00f3w przetwarza Pana\/Pani dane osobowe w wsp\u00f3lnie uzgodnionym celu i zakresie. Zgodnie z zawart\u0105 umow\u0105 Administrator koordynuj\u0105cy jest odpowiedzialny za:<\/p>\n<ol>\n<li>obs\u0142ug\u0119 stron www oraz systemu\/system\u00f3w informatycznego\/informatycznych s\u0142u\u017c\u0105cych do realizacji dzia\u0142a\u0144 marketingowych&nbsp; oraz zarz\u0105dzanie nim,<\/li>\n<li>zapewnienie dost\u0119pu do systemu\/system\u00f3w informatycznego\/informatycznych s\u0142u\u017c\u0105cego do realizacji dzia\u0142a\u0144 marketingowych,<\/li>\n<li>zabezpieczenie systemu\/system\u00f3w informatycznego\/informatycznych s\u0142u\u017c\u0105cego do realizacji dzia\u0142a\u0144 marketingowych,<\/li>\n<li>zapewnienie dost\u0119pu do systemu\/system\u00f3w informatycznego\/informatycznych wy\u0142\u0105cznie osobom upowa\u017cnionym,<\/li>\n<li>wype\u0142nianie obowi\u0105zk\u00f3w informacyjnych, o kt\u00f3rych mowa w art. 13 oraz 14 RODO wobec Podmiot\u00f3w Danych,<\/li>\n<li>zapewnienie mo\u017cliwo\u015bci skutecznego wykonywania przez Podmioty Danych przys\u0142uguj\u0105cych im praw (prawa os\u00f3b, kt\u00f3rych dane dotycz\u0105) na zasadach okre\u015blonych w RODO artyku\u0142 7, oraz artyku\u0142y od 15 do 22 RODO,<\/li>\n<li>okre\u015blenie zaistnienia konieczno\u015bci zawiadomienia Prezesa Urz\u0119du Ochrony Danych Osobowych i podmiot\u00f3w danych o naruszeniach ochrony danych osobowych,<\/li>\n<li>ustanowienie wsp\u00f3lnego punktu kontaktowego dla Podmiot\u00f3w Danych pod ustalonym adresem e-mail:&nbsp;<a href=\"mailto:iodo@tpa-group.pl\">iodo@tpa-group.pl<\/a><\/li>\n<\/ol><div><br><\/div>\n<p><strong>Ka\u017cdy Wsp\u00f3\u0142administrator jest odpowiedzialny za:<\/strong><\/p>\n<ol>\n<li>zapewnienie poufno\u015bci danych,<\/li>\n<li>zapewnienie dost\u0119pu do danych wy\u0142\u0105cznie osobom upowa\u017cnionym,<\/li>\n<li>prowadzenie dokumentacji zwi\u0105zanej z ochron\u0105 danych osobowych,<\/li>\n<li>przyjmowanie oraz rozpatrywanie wniosk\u00f3w i \u017c\u0105da\u0144 zg\u0142oszonych w zwi\u0105zku z RODO zgodnie z wewn\u0119trznymi procedurami,<\/li>\n<li>prowadzenie komunikacji z podmiotami danych w sprawie uprawnie\u0144 wynikaj\u0105cych z RODO zgodnie z wewn\u0119trznymi procedurami,<\/li>\n<li>prawid\u0142ow\u0105 realizacj\u0119 procedur ustanowionych w zwi\u0105zku z RODO,<\/li>\n<li>zawiadamianie Prezesa Urz\u0119du Ochrony Danych Osobowych i podmiot\u00f3w danych o naruszeniach ochrony danych osobowych zgodnie z wewn\u0119trznymi procedurami,<\/li>\n<li>wspieranie Wsp\u00f3\u0142administratora Koordynuj\u0105cego we wszystkich post\u0119powaniach prowadzonych na podstawie przepis\u00f3w prawa dotycz\u0105cych ochrony danych osobowych.<\/li>\n<\/ol><div><br><\/div>\n<p>Niezale\u017cnie od powy\u017cszego podzia\u0142u obowi\u0105zk\u00f3w, ka\u017cdy ze Wsp\u00f3\u0142administrator\u00f3w odpowiada wobec Ciebie tak za samo za nale\u017cyte i zgodne z prawem przetwarzanie Twoich danych osobowych.<\/p>\n<p>Swoje prawa zwi\u0105zane z danymi osobowymi mo\u017cesz zrealizowa\u0107 osobi\u015bcie, drog\u0105 pocztow\u0105 lub drog\u0105 elektroniczn\u0105. Aby u\u0142atwi\u0107 wykonanie ww. praw, wyznaczyli\u015bmy wsp\u00f3lny punkt kontaktowy dla wszystkich Wsp\u00f3\u0142administrator\u00f3w za pomoc\u0105 adresu e-mail:&nbsp;<a href=\"mailto:iodo@tpa-group.pl\">iodo@tpa-group.pl<\/a><\/p>\n<p>Niezale\u017cnie jednak od tych ustale\u0144 i wyznaczenia punktu kontaktowego, mo\u017cesz zrealizowa\u0107 swoje prawa wobec ka\u017cdego z Wsp\u00f3\u0142administrator\u00f3w (wtedy we w\u0142asnym zakresie przeka\u017cemy Twoje \u017c\u0105danie do w\u0142a\u015bciwego podmiotu \u2013 Administratora).<\/p>\t\t\t\t\t\t\t\t<\/div>\n\t\t\t\t<\/div>\n\t\t\t\t\t<\/div>\n\t\t\t\t<\/div>\n\t\t\t\t<\/div>\n\t\t","protected":false},"excerpt":{"rendered":"<p>Home |&nbsp; Wsp\u00f3\u0142administrowanie danymi osobowymi Tre\u015b\u0107 uzgodnie\u0144 wynikaj\u0105cych z umowy o wsp\u00f3\u0142administrowanie danymi osobowymi w grupie przedsi\u0119biorstw Uprzejmie informujemy, \u017ce pomi\u0119dzy sp\u00f3\u0142k\u0105: TPA Sp. z o.o. Sp. k., ul. M\u0142yn\u0301ska 12, 61-730 Poznan\u0301, NIP 7781432033 REGON 300184858, Krajowy Rejestr Sa\u0328dowy prowadzony przez Sa\u0328d Rejonowy Poznan\u0301 \u2013 Nowe Miasto i Wilda, VIII Wydzia\u0142 Gospodarczy Krajowego Rejestru [&hellip;]<\/p>\n","protected":false},"author":40,"featured_media":0,"parent":0,"menu_order":0,"comment_status":"closed","ping_status":"closed","template":"elementor_header_footer","meta":{"_acf_changed":false,"footnotes":""},"class_list":["post-5272","page","type-page","status-publish","hentry"],"acf":[],"yoast_head":"<!-- This site is optimized with the Yoast SEO plugin v26.0 - https:\/\/yoast.com\/wordpress\/plugins\/seo\/ -->\n<title>Tre\u015b\u0107 uzgodnie\u0144 wynikaj\u0105cych z umowy o wsp\u00f3\u0142administrowanie danymi osobowymi w grupie przedsi\u0119biorstw - TPA Poland<\/title>\n<meta name=\"robots\" content=\"index, follow, max-snippet:-1, max-image-preview:large, max-video-preview:-1\" \/>\n<link rel=\"canonical\" href=\"https:\/\/www.tpa-group.pl\/pl\/tresc-uzgodnien-wspoladministrowanie\/\" \/>\n<meta property=\"og:locale\" content=\"pl_PL\" \/>\n<meta property=\"og:type\" content=\"article\" \/>\n<meta property=\"og:title\" content=\"Tre\u015b\u0107 uzgodnie\u0144 wynikaj\u0105cych z umowy o wsp\u00f3\u0142administrowanie danymi osobowymi w grupie przedsi\u0119biorstw - TPA Poland\" \/>\n<meta property=\"og:description\" content=\"Home |&nbsp; Wsp\u00f3\u0142administrowanie danymi osobowymi Tre\u015b\u0107 uzgodnie\u0144 wynikaj\u0105cych z umowy o wsp\u00f3\u0142administrowanie danymi osobowymi w grupie przedsi\u0119biorstw Uprzejmie informujemy, \u017ce pomi\u0119dzy sp\u00f3\u0142k\u0105: TPA Sp. z o.o. Sp. k., ul. M\u0142yn\u0301ska 12, 61-730 Poznan\u0301, NIP 7781432033 REGON 300184858, Krajowy Rejestr Sa\u0328dowy prowadzony przez Sa\u0328d Rejonowy Poznan\u0301 \u2013 Nowe Miasto i Wilda, VIII Wydzia\u0142 Gospodarczy Krajowego Rejestru [&hellip;]\" \/>\n<meta property=\"og:url\" content=\"https:\/\/www.tpa-group.pl\/pl\/tresc-uzgodnien-wspoladministrowanie\/\" \/>\n<meta property=\"og:site_name\" content=\"TPA Poland\" \/>\n<meta property=\"article:modified_time\" content=\"2025-01-02T13:13:22+00:00\" \/>\n<meta name=\"twitter:card\" content=\"summary_large_image\" \/>\n<meta name=\"twitter:label1\" content=\"Est. reading time\" \/>\n\t<meta name=\"twitter:data1\" content=\"4 minuty\" \/>\n<script type=\"application\/ld+json\" class=\"yoast-schema-graph\">{\"@context\":\"https:\/\/schema.org\",\"@graph\":[{\"@type\":\"WebPage\",\"@id\":\"https:\/\/www.tpa-group.pl\/pl\/tresc-uzgodnien-wspoladministrowanie\/\",\"url\":\"https:\/\/www.tpa-group.pl\/pl\/tresc-uzgodnien-wspoladministrowanie\/\",\"name\":\"Tre\u015b\u0107 uzgodnie\u0144 wynikaj\u0105cych z umowy o wsp\u00f3\u0142administrowanie danymi osobowymi w grupie przedsi\u0119biorstw - TPA Poland\",\"isPartOf\":{\"@id\":\"https:\/\/www.tpa-group.pl\/pl\/#website\"},\"datePublished\":\"2024-12-11T18:01:07+00:00\",\"dateModified\":\"2025-01-02T13:13:22+00:00\",\"breadcrumb\":{\"@id\":\"https:\/\/www.tpa-group.pl\/pl\/tresc-uzgodnien-wspoladministrowanie\/#breadcrumb\"},\"inLanguage\":\"pl-PL\",\"potentialAction\":[{\"@type\":\"ReadAction\",\"target\":[\"https:\/\/www.tpa-group.pl\/pl\/tresc-uzgodnien-wspoladministrowanie\/\"]}]},{\"@type\":\"BreadcrumbList\",\"@id\":\"https:\/\/www.tpa-group.pl\/pl\/tresc-uzgodnien-wspoladministrowanie\/#breadcrumb\",\"itemListElement\":[{\"@type\":\"ListItem\",\"position\":1,\"name\":\"Home\",\"item\":\"https:\/\/www.tpa-group.pl\/pl\/\"},{\"@type\":\"ListItem\",\"position\":2,\"name\":\"Tre\u015b\u0107 uzgodnie\u0144 wynikaj\u0105cych z umowy o wsp\u00f3\u0142administrowanie danymi osobowymi w grupie przedsi\u0119biorstw\"}]},{\"@type\":\"WebSite\",\"@id\":\"https:\/\/www.tpa-group.pl\/pl\/#website\",\"url\":\"https:\/\/www.tpa-group.pl\/pl\/\",\"name\":\"TPA Poland\",\"description\":\"\",\"publisher\":{\"@id\":\"https:\/\/www.tpa-group.pl\/pl\/#organization\"},\"potentialAction\":[{\"@type\":\"SearchAction\",\"target\":{\"@type\":\"EntryPoint\",\"urlTemplate\":\"https:\/\/www.tpa-group.pl\/pl\/?s={search_term_string}\"},\"query-input\":{\"@type\":\"PropertyValueSpecification\",\"valueRequired\":true,\"valueName\":\"search_term_string\"}}],\"inLanguage\":\"pl-PL\"},{\"@type\":\"Organization\",\"@id\":\"https:\/\/www.tpa-group.pl\/pl\/#organization\",\"name\":\"TPA Poland\",\"url\":\"https:\/\/www.tpa-group.pl\/pl\/\",\"logo\":{\"@type\":\"ImageObject\",\"inLanguage\":\"pl-PL\",\"@id\":\"https:\/\/www.tpa-group.pl\/pl\/#\/schema\/logo\/image\/\",\"url\":\"https:\/\/www.tpa-group.pl\/app\/uploads\/sites\/8\/2023\/03\/tpa-logo.svg\",\"contentUrl\":\"https:\/\/www.tpa-group.pl\/app\/uploads\/sites\/8\/2023\/03\/tpa-logo.svg\",\"width\":110,\"height\":93,\"caption\":\"TPA Poland\"},\"image\":{\"@id\":\"https:\/\/www.tpa-group.pl\/pl\/#\/schema\/logo\/image\/\"}}]}<\/script>\n<!-- \/ Yoast SEO plugin. -->","yoast_head_json":{"title":"Tre\u015b\u0107 uzgodnie\u0144 wynikaj\u0105cych z umowy o wsp\u00f3\u0142administrowanie danymi osobowymi w grupie przedsi\u0119biorstw - TPA Poland","robots":{"index":"index","follow":"follow","max-snippet":"max-snippet:-1","max-image-preview":"max-image-preview:large","max-video-preview":"max-video-preview:-1"},"canonical":"https:\/\/www.tpa-group.pl\/pl\/tresc-uzgodnien-wspoladministrowanie\/","og_locale":"pl_PL","og_type":"article","og_title":"Tre\u015b\u0107 uzgodnie\u0144 wynikaj\u0105cych z umowy o wsp\u00f3\u0142administrowanie danymi osobowymi w grupie przedsi\u0119biorstw - TPA Poland","og_description":"Home |&nbsp; Wsp\u00f3\u0142administrowanie danymi osobowymi Tre\u015b\u0107 uzgodnie\u0144 wynikaj\u0105cych z umowy o wsp\u00f3\u0142administrowanie danymi osobowymi w grupie przedsi\u0119biorstw Uprzejmie informujemy, \u017ce pomi\u0119dzy sp\u00f3\u0142k\u0105: TPA Sp. z o.o. Sp. k., ul. M\u0142yn\u0301ska 12, 61-730 Poznan\u0301, NIP 7781432033 REGON 300184858, Krajowy Rejestr Sa\u0328dowy prowadzony przez Sa\u0328d Rejonowy Poznan\u0301 \u2013 Nowe Miasto i Wilda, VIII Wydzia\u0142 Gospodarczy Krajowego Rejestru [&hellip;]","og_url":"https:\/\/www.tpa-group.pl\/pl\/tresc-uzgodnien-wspoladministrowanie\/","og_site_name":"TPA Poland","article_modified_time":"2025-01-02T13:13:22+00:00","twitter_card":"summary_large_image","twitter_misc":{"Est. reading time":"4 minuty"},"schema":{"@context":"https:\/\/schema.org","@graph":[{"@type":"WebPage","@id":"https:\/\/www.tpa-group.pl\/pl\/tresc-uzgodnien-wspoladministrowanie\/","url":"https:\/\/www.tpa-group.pl\/pl\/tresc-uzgodnien-wspoladministrowanie\/","name":"Tre\u015b\u0107 uzgodnie\u0144 wynikaj\u0105cych z umowy o wsp\u00f3\u0142administrowanie danymi osobowymi w grupie przedsi\u0119biorstw - TPA Poland","isPartOf":{"@id":"https:\/\/www.tpa-group.pl\/pl\/#website"},"datePublished":"2024-12-11T18:01:07+00:00","dateModified":"2025-01-02T13:13:22+00:00","breadcrumb":{"@id":"https:\/\/www.tpa-group.pl\/pl\/tresc-uzgodnien-wspoladministrowanie\/#breadcrumb"},"inLanguage":"pl-PL","potentialAction":[{"@type":"ReadAction","target":["https:\/\/www.tpa-group.pl\/pl\/tresc-uzgodnien-wspoladministrowanie\/"]}]},{"@type":"BreadcrumbList","@id":"https:\/\/www.tpa-group.pl\/pl\/tresc-uzgodnien-wspoladministrowanie\/#breadcrumb","itemListElement":[{"@type":"ListItem","position":1,"name":"Home","item":"https:\/\/www.tpa-group.pl\/pl\/"},{"@type":"ListItem","position":2,"name":"Tre\u015b\u0107 uzgodnie\u0144 wynikaj\u0105cych z umowy o wsp\u00f3\u0142administrowanie danymi osobowymi w grupie przedsi\u0119biorstw"}]},{"@type":"WebSite","@id":"https:\/\/www.tpa-group.pl\/pl\/#website","url":"https:\/\/www.tpa-group.pl\/pl\/","name":"TPA Poland","description":"","publisher":{"@id":"https:\/\/www.tpa-group.pl\/pl\/#organization"},"potentialAction":[{"@type":"SearchAction","target":{"@type":"EntryPoint","urlTemplate":"https:\/\/www.tpa-group.pl\/pl\/?s={search_term_string}"},"query-input":{"@type":"PropertyValueSpecification","valueRequired":true,"valueName":"search_term_string"}}],"inLanguage":"pl-PL"},{"@type":"Organization","@id":"https:\/\/www.tpa-group.pl\/pl\/#organization","name":"TPA Poland","url":"https:\/\/www.tpa-group.pl\/pl\/","logo":{"@type":"ImageObject","inLanguage":"pl-PL","@id":"https:\/\/www.tpa-group.pl\/pl\/#\/schema\/logo\/image\/","url":"https:\/\/www.tpa-group.pl\/app\/uploads\/sites\/8\/2023\/03\/tpa-logo.svg","contentUrl":"https:\/\/www.tpa-group.pl\/app\/uploads\/sites\/8\/2023\/03\/tpa-logo.svg","width":110,"height":93,"caption":"TPA Poland"},"image":{"@id":"https:\/\/www.tpa-group.pl\/pl\/#\/schema\/logo\/image\/"}}]}},"_links":{"self":[{"href":"https:\/\/www.tpa-group.pl\/pl\/wp-json\/wp\/v2\/pages\/5272","targetHints":{"allow":["GET"]}}],"collection":[{"href":"https:\/\/www.tpa-group.pl\/pl\/wp-json\/wp\/v2\/pages"}],"about":[{"href":"https:\/\/www.tpa-group.pl\/pl\/wp-json\/wp\/v2\/types\/page"}],"author":[{"embeddable":true,"href":"https:\/\/www.tpa-group.pl\/pl\/wp-json\/wp\/v2\/users\/40"}],"replies":[{"embeddable":true,"href":"https:\/\/www.tpa-group.pl\/pl\/wp-json\/wp\/v2\/comments?post=5272"}],"version-history":[{"count":10,"href":"https:\/\/www.tpa-group.pl\/pl\/wp-json\/wp\/v2\/pages\/5272\/revisions"}],"predecessor-version":[{"id":7411,"href":"https:\/\/www.tpa-group.pl\/pl\/wp-json\/wp\/v2\/pages\/5272\/revisions\/7411"}],"wp:attachment":[{"href":"https:\/\/www.tpa-group.pl\/pl\/wp-json\/wp\/v2\/media?parent=5272"}],"curies":[{"name":"wp","href":"https:\/\/api.w.org\/{rel}","templated":true}]}}