{"id":5292,"date":"2024-12-11T18:20:02","date_gmt":"2024-12-11T18:20:02","guid":{"rendered":"https:\/\/www.tpa-group.pl\/?page_id=5292"},"modified":"2024-12-23T10:22:16","modified_gmt":"2024-12-23T10:22:16","slug":"klauzula-informacyjna","status":"publish","type":"page","link":"https:\/\/www.tpa-group.pl\/pl\/klauzula-informacyjna\/","title":{"rendered":"Klauzula informacyjna"},"content":{"rendered":"\t\t<div data-elementor-type=\"wp-page\" data-elementor-id=\"5292\" class=\"elementor elementor-5292\" data-elementor-post-type=\"page\">\n\t\t\t\t\t\t<section class=\"elementor-section elementor-top-section elementor-element elementor-element-265bc300 hero-banner elementor-section-boxed elementor-section-height-default elementor-section-height-default\" data-id=\"265bc300\" data-element_type=\"section\" data-settings=\"{&quot;background_background&quot;:&quot;classic&quot;}\">\n\t\t\t\t\t\t<div class=\"elementor-container elementor-column-gap-default\">\n\t\t\t\t\t<div class=\"elementor-column elementor-col-50 elementor-top-column elementor-element elementor-element-50ad9c2f\" data-id=\"50ad9c2f\" data-element_type=\"column\">\n\t\t\t<div class=\"elementor-widget-wrap elementor-element-populated\">\n\t\t\t\t\t\t<section class=\"elementor-section elementor-inner-section elementor-element elementor-element-70ade610 hero-banner-breadcrumbs-container elementor-section-boxed elementor-section-height-default elementor-section-height-default\" data-id=\"70ade610\" data-element_type=\"section\">\n\t\t\t\t\t\t<div class=\"elementor-container elementor-column-gap-default\">\n\t\t\t\t\t<div class=\"elementor-column elementor-col-100 elementor-inner-column elementor-element elementor-element-17dc7b19\" data-id=\"17dc7b19\" data-element_type=\"column\">\n\t\t\t<div class=\"elementor-widget-wrap elementor-element-populated\">\n\t\t\t\t\t\t<div class=\"elementor-element elementor-element-7c2ac75f elementor-widget elementor-widget-heading\" data-id=\"7c2ac75f\" data-element_type=\"widget\" data-widget_type=\"heading.default\">\n\t\t\t\t<div class=\"elementor-widget-container\">\n\t\t\t\t\t<p class=\"elementor-heading-title elementor-size-default\"><a href=\"\/\">Home |&nbsp;<\/a><\/p>\t\t\t\t<\/div>\n\t\t\t\t<\/div>\n\t\t\t\t<div class=\"elementor-element elementor-element-7f427720 elementor-widget elementor-widget-heading\" data-id=\"7f427720\" data-element_type=\"widget\" data-widget_type=\"heading.default\">\n\t\t\t\t<div class=\"elementor-widget-container\">\n\t\t\t\t\t<p class=\"elementor-heading-title elementor-size-default\">Klauzula informacyjna<\/p>\t\t\t\t<\/div>\n\t\t\t\t<\/div>\n\t\t\t\t\t<\/div>\n\t\t<\/div>\n\t\t\t\t\t<\/div>\n\t\t<\/section>\n\t\t\t\t<div class=\"elementor-element elementor-element-4a03c214 elementor-widget elementor-widget-heading\" data-id=\"4a03c214\" data-element_type=\"widget\" data-widget_type=\"heading.default\">\n\t\t\t\t<div class=\"elementor-widget-container\">\n\t\t\t\t\t<h1 class=\"elementor-heading-title elementor-size-default\">Klauzula informacyjna<\/h1>\t\t\t\t<\/div>\n\t\t\t\t<\/div>\n\t\t\t\t\t<\/div>\n\t\t<\/div>\n\t\t\t\t<div class=\"elementor-column elementor-col-50 elementor-top-column elementor-element elementor-element-175e6d6a\" data-id=\"175e6d6a\" data-element_type=\"column\">\n\t\t\t<div class=\"elementor-widget-wrap\">\n\t\t\t\t\t\t\t<\/div>\n\t\t<\/div>\n\t\t\t\t\t<\/div>\n\t\t<\/section>\n\t\t<div class=\"elementor-element elementor-element-afc11f1 page-content-container e-flex e-con-boxed e-con e-parent\" data-id=\"afc11f1\" data-element_type=\"container\" data-settings=\"{&quot;background_background&quot;:&quot;classic&quot;}\">\n\t\t\t\t\t<div class=\"e-con-inner\">\n\t\t\t\t<div class=\"elementor-element elementor-element-f901b57 elementor-widget elementor-widget-text-editor\" data-id=\"f901b57\" data-element_type=\"widget\" data-widget_type=\"text-editor.default\">\n\t\t\t\t<div class=\"elementor-widget-container\">\n\t\t\t\t\t\t\t\t\t<p>Administratorami Twoich danych osobowych s\u0105:<\/p><p><strong>TPA sp. z o. o. sp. k.<\/strong> z siedzib\u0105 w Poznaniu (61-730), ul. M\u0142y\u0144ska 12, wpisana do Rejestru Przedsi\u0119biorc\u00f3w Krajowego Rejestru S\u0105dowego prowadzonego przez S\u0105d Rejonowy Pozna\u0144 &#8211; Nowe Miasto i Wilda VIII Wydzia\u0142 Gospodarczy Krajowego Rejestru S\u0105dowego pod numerem KRS 0000671994, NIP 7781432033, REGON 300184858 (Wsp\u00f3\u0142administrator koordynuj\u0105cy),<\/p><p><strong>TPA Management sp. z o. o.<\/strong> z siedzib\u0105 w Poznaniu (61-730), ul. M\u0142y\u0144ska 12, wpisana do Rejestru Przedsi\u0119biorc\u00f3w Krajowego Rejestru S\u0105dowego prowadzonego przez S\u0105d Rejonowy Pozna\u0144 &#8211; Nowe Miasto i Wilda VIII Wydzia\u0142 Gospodarczy Krajowego Rejestru S\u0105dowego pod numerem KRS 0000293747, NIP 1070010139, REGON 141252235,<\/p><p><strong>Baker Tilly TPA sp. z o. o. <\/strong>z siedzib\u0105 w Poznaniu (61-730), ul. M\u0142y\u0144ska 12, wpisana do Rejestru Przedsi\u0119biorc\u00f3w Krajowego Rejestru S\u0105dowego prowadzonego przez S\u0105d Rejonowy Pozna\u0144 &#8211; Nowe Miasto i Wilda VIII Wydzia\u0142 Gospodarczy Krajowego Rejestru S\u0105dowego pod numerem KRS 0000377626, NIP 1070018709, REGON 142798338,<\/p><p><strong>Baker Tilly Gajda Legal sp. k.<\/strong> z siedzib\u0105 w Poznaniu (61-730), ul. M\u0142y\u0144ska 12, wpisana do Rejestru Przedsi\u0119biorc\u00f3w Krajowego Rejestru S\u0105dowego prowadzonego przez S\u0105d Rejonowy Pozna\u0144 &#8211; Nowe Miasto i Wilda VIII Wydzia\u0142 Gospodarczy Krajowego Rejestru S\u0105dowego pod numerem KRS 0000660736, NIP 7831753177, REGON 366428591,<\/p><p><strong>Digital TPA sp. z o. o. sp. k.<\/strong> z siedzib\u0105 w Poznaniu (61-730), ul. M\u0142y\u0144ska 12, wpisana do Rejestru Przedsi\u0119biorc\u00f3w Krajowego Rejestru S\u0105dowego prowadzonego przez S\u0105d Rejonowy Pozna\u0144 &#8211; Nowe Miasto i Wilda VIII Wydzia\u0142 Gospodarczy Krajowego Rejestru S\u0105dowego pod numerem KRS 0000997190, NIP 7831867001, REGON 523492113,<\/p><p>TPA sp. z o. o. sp. k. oraz TPA Management sp. z o. o. wyznaczy\u0142y inspektora ochrony danych osobowych, z kt\u00f3rym mo\u017cna si\u0119 kontaktowa\u0107 poprzez adres e-mail: <a href=\"mailto:iodo@tpa-group.pl\">iodo@tpa-group.pl<\/a>, adres pocztowy: Inspektor Ochrony Danych Osobowych, ul. M\u0142y\u0144ska 12, 61-730 Pozna\u0144.<\/p><p>Jest to r\u00f3wnie\u017c wsp\u00f3lny punkt kontaktowy dla wszystkich Wsp\u00f3\u0142administrator\u00f3w.<\/p><p><strong>Cel i podstawa prawna<\/strong><\/p><p>Twoje dane otrzymali\u015bmy od Ciebie poprzez wype\u0142niony formularz na stronie, otrzymali\u015bmy od Ciebie Twoj\u0105 wizyt\u00f3wk\u0119, jeste\u015b lub by\u0142e\u015b naszym klientem lub otrzymali\u015bmy Twoje dane ze \u017ar\u00f3de\u0142 publicznie dost\u0119pnych.<\/p><p>Przetwarzamy Twoje dane osobowe w celach wskazanych poni\u017cej:<\/p><ol><li>na podstawie prawnie uzasadnionego interesu Wsp\u00f3\u0142administrator\u00f3w (art. 6 ust. 1 lit f) RODO), kt\u00f3rym jest:<\/li><\/ol><ul><li>obs\u0142uga zapyta\u0144, kt\u00f3re do nas kierujesz (np. przez formularz kontaktowy),<\/li><li>obs\u0142uga Twoich pr\u00f3\u015bb przekazywanych w szczeg\u00f3lno\u015bci dzia\u0142owi marketingu oraz przez formularz kontaktowy w sytuacji, gdy nie s\u0105 one zwi\u0105zane wprost z wykonaniem umowy,<\/li><li>przechowywanie danych dla cel\u00f3w archiwizacyjnych oraz zapewnienie rozliczalno\u015bci (wykazania spe\u0142nienia przez nas obowi\u0105zk\u00f3w wynikaj\u0105cych z przepis\u00f3w prawa),<\/li><\/ul><ol start=\"2\"><li>w celu wykonania zam\u00f3wionej przez Ciebie us\u0142ugi, np. pobrania publikacji, tj. na podstawie art. 6 ust. 1 lit. b) RODO,<\/li><li>na podstawie udzielonej przez Ciebie zgody (art. 6 ust. 1 lit. a) RODO) przetwarzamy Twoje dane osobowe w celu:<\/li><\/ol><ul><li>kontaktowania si\u0119 z Tob\u0105, w tym w celach zwi\u0105zanych z dozwolonymi dzia\u0142aniami marketingowymi, poprzez dost\u0119pne kana\u0142y komunikacji, w szczeg\u00f3lno\u015bci i za Twoj\u0105 zgod\u0105 \u2013 przez e-mail oraz telefon,<\/li><li>prowadzenia wobec Ciebie dzia\u0142a\u0144 marketingowych, w tym prowadzenia marketingu bezpo\u015bredniego w\u0142asnych us\u0142ug Wsp\u00f3\u0142administrator\u00f3w,<\/li><li>wysy\u0142ania newsletter\u00f3w,<\/li><li>zapisywania danych w plikach cookies, gromadzenia danych ze stron www i aplikacji mobilnych,<\/li><li>dostarczenia zaprosze\u0144 na szkolenia i inne wydarzenia,<\/li><li>organizacji program\u00f3w lojalno\u015bciowych, konkurs\u00f3w oraz akcji promocyjnych, w kt\u00f3rych mo\u017cesz wzi\u0105\u0107 udzia\u0142.<\/li><\/ul><p>Zgod\u0119 na przetwarzanie danych osobowych mo\u017cesz wycofa\u0107 w dowolnym momencie w ten sam spos\u00f3b, jak j\u0105 wyrazi\u0142e\u015b. B\u0119dziemy przetwarza\u0107 Twoje dane osobowe, dop\u00f3ki nie wycofasz zgody.<\/p><ul><li>Wymagamy podania przez Ciebie nast\u0119puj\u0105cych danych osobowych, aby m\u00f3c zrealizowa\u0107 zam\u00f3wion\u0105 przez Ciebie us\u0142ug\u0119: imi\u0119, nazwisko, adres e-mail, nazwa firmy, stanowisko.<\/li><\/ul><p>Podanie Twoich danych jest dobrowolne, jednak\u017ce niezb\u0119dne do tego by zrealizowa\u0107 zapytanie, przes\u0142a\u0107 publikacj\u0119, newsletter, zapisa\u0107 na wydarzenie lub zarejestrowa\u0107 zg\u0142oszenie do akcji promocyjnej lub konkursu.<\/p><p><strong>Jakie masz uprawnienia wobec Wsp\u00f3\u0142administrator\u00f3w w zakresie przetwarzanych danych?<\/strong><\/p><p>Gwarantujemy spe\u0142nienie wszystkich Twoich praw wynikaj\u0105cych z og\u00f3lnego rozporz\u0105dzenia o ochronie danych, tj. prawo dost\u0119pu, sprostowania oraz usuni\u0119cia Twoich danych, ograniczenia ich przetwarzania, prawo do ich przenoszenia, niepodlegania zautomatyzowanemu podejmowaniu decyzji, w tym profilowaniu, a tak\u017ce prawo do wyra\u017cenia sprzeciwu wobec przetwarzania Twoich danych osobowych.<\/p><p>Z uprawnie\u0144 tych mo\u017cesz skorzysta\u0107, gdy:<\/p><ul><li>w odniesieniu do \u017c\u0105dania sprostowania danych: zauwa\u017cysz, \u017ce Twoje dane s\u0105 nieprawid\u0142owe lub niekompletne,<\/li><li>w odniesieniu do \u017c\u0105dania usuni\u0119cia danych: Twoje dane nie b\u0119d\u0105 ju\u017c niezb\u0119dne do cel\u00f3w, dla kt\u00f3rych zosta\u0142y zebrane przez Wsp\u00f3\u0142administrator\u00f3w, cofniesz swoj\u0105 zgod\u0119 na przetwarzanie danych; zg\u0142osisz sprzeciw wobec przetwarzania Twoich danych; Twoje dane b\u0119d\u0105 przetwarzane niezgodnie z prawem; dane powinny by\u0107 usuni\u0119te w celu wywi\u0105zania si\u0119 z obowi\u0105zku wynikaj\u0105cego z przepisu prawa,<\/li><li>w odniesieniu do \u017c\u0105dania ograniczenia przetwarzania danych: zauwa\u017cysz, \u017ce Twoje dane s\u0105 nieprawid\u0142owe \u2013 mo\u017cesz \u017c\u0105da\u0107 ograniczenia przetwarzania Twoich danych na okres pozwalaj\u0105cy nam sprawdzi\u0107 prawid\u0142owo\u015b\u0107 tych danych; Twoje dane b\u0119d\u0105 przetwarzane niezgodnie z prawem, ale nie b\u0119dziesz chcia\u0142\/a, aby zosta\u0142y usuni\u0119te; Twoje dane nie b\u0119d\u0105 nam ju\u017c potrzebne, ale mog\u0105 by\u0107 potrzebne Tobie do obrony lub dochodzenia roszcze\u0144; lub wniesiesz sprzeciw wobec przetwarzania danych \u2013 do czasu ustalenia, czy prawnie uzasadnione podstawy po naszej stronie s\u0105 nadrz\u0119dne wobec podstawy sprzeciwu,<\/li><li>w odniesieniu do \u017c\u0105dania przeniesienia danych: przetwarzanie Twoich danych odbywa si\u0119 na podstawie Twojej zgody lub umowy zawartej z Tob\u0105 oraz gdy przetwarzanie to odbywa si\u0119 w spos\u00f3b zautomatyzowany.<\/li><\/ul><p>Masz prawo wnie\u015b\u0107 skarg\u0119 w zwi\u0105zku z przetwarzaniem przez nas Twoich danych osobowych do organu nadzorczego, kt\u00f3rym jest Prezes Urz\u0119du Ochrony Danych Osobowych (adres: Prezes Urz\u0119du Ochrony Danych Osobowych, ul. Stawki 2, 00-193 Warszawa).<\/p><p><strong>W jakich sytuacjach mo\u017cesz si\u0119 sprzeciwi\u0107 wobec przetwarzania Twoich danych?<\/strong><\/p><p>Masz prawo wnie\u015b\u0107 sprzeciw wobec przetwarzania Twoich danych osobowych, gdy:<\/p><ul><li>przetwarzanie Twoich danych osobowych odbywa si\u0119 na podstawie prawnie uzasadnionego interesu lub dla cel\u00f3w statystycznych, a sprzeciw jest uzasadniony przez szczeg\u00f3ln\u0105 sytuacj\u0119, w kt\u00f3rej si\u0119 znalaz\u0142e\u015b\/a\u015b,<\/li><li>Twoje dane osobowe przetwarzane s\u0105 na potrzeby marketingu bezpo\u015bredniego, w tym s\u0105 profilowane dla tego celu.<\/li><\/ul><p><strong>Komu udost\u0119pniamy Twoje dane osobowe?<\/strong><\/p><p>Twoje dane osobowe b\u0119dziemy udost\u0119pnia\u0107, je\u015bli b\u0119dziemy mieli ku temu odpowiedni\u0105 podstaw\u0119 prawn\u0105:<\/p><ul><li>organom pa\u0144stwowym (np. prokuraturze, policji),<\/li><li>partnerom dzia\u0142aj\u0105cym na nasze zlecenie (partnerom wspieraj\u0105cym \u015bwiadczenie us\u0142ug np. firmom hostingowym, informatycznym).<\/li><\/ul><p><strong>Jak d\u0142ugo przechowujemy Twoje dane osobowe?<\/strong><\/p><p>Przechowujemy Twoje dane osobowe do czasu realizacji celu, dla kt\u00f3rego zosta\u0142y zebrane, nie d\u0142u\u017cej jednak ni\u017c do czasu cofni\u0119cia zgody albo wniesienia sprzeciwu, a po tym czasie mog\u0105 by\u0107 przetwarzane do czasu up\u0142ywu przedawnienia ewentualnych roszcze\u0144.<\/p><p>W przypadku organizacji program\u00f3w lojalno\u015bciowych, konkurs\u00f3w oraz akcji promocyjnych, w kt\u00f3rych mo\u017cesz wzi\u0105\u0107 udzia\u0142 \u2013 b\u0119dziemy przetwarza\u0107 Twoje dane przez czas ich trwania i okres rozliczenia wr\u0119czania nagr\u00f3d. W celu rozliczalno\u015bci, tj. udowodnienia przestrzegania przepis\u00f3w dotycz\u0105cych przetwarzania danych osobowych, b\u0119dziemy przechowywa\u0107 dane przez okres, w kt\u00f3rym Wsp\u00f3\u0142administratorzy zobowi\u0105zani s\u0105 do zachowania danych lub dokument\u00f3w je zawieraj\u0105cych dla udokumentowania spe\u0142nienia wymaga\u0144 prawnych i umo\u017cliwienia kontroli ich spe\u0142nienia przez organy publiczne.<\/p><p><strong>Czy przekazujemy Twoje dane do pa\u0144stw spoza Europejskiego Obszaru Gospodarczego?<\/strong><\/p><p>Dane osobowe mog\u0105 by\u0107 przekazywane poza Europejski Obszar Gospodarczy w ramach korzystania przez Wsp\u00f3\u0142administrator\u00f3w z us\u0142ug podmiot\u00f3w dostarczaj\u0105cych rozwi\u0105zania i systemy informatyczne.<\/p><p>Zapewniamy, \u017ce w takim przypadku przekazywanie danych odbywa\u0107 si\u0119 b\u0119dzie w oparciu o stosown\u0105 umow\u0119 pomi\u0119dzy nami a takim podmiotem, zawieraj\u0105c\u0105 standardowe klauzule ochrony danych przyj\u0119te przez Komisj\u0119 Europejsk\u0105, b\u0105d\u017a na podstawie odpowiedniej decyzji Komisji Europejskiej.<\/p><p>Masz prawo do uzyskania kopii tych zabezpiecze\u0144 kontaktuj\u0105c si\u0119 pisemnie ze Wsp\u00f3\u0142administratorem koordynuj\u0105cym.<\/p>\t\t\t\t\t\t\t\t<\/div>\n\t\t\t\t<\/div>\n\t\t\t\t\t<\/div>\n\t\t\t\t<\/div>\n\t\t\t\t<\/div>\n\t\t","protected":false},"excerpt":{"rendered":"<p>Home |&nbsp; Klauzula informacyjna Klauzula informacyjna Administratorami Twoich danych osobowych s\u0105: TPA sp. z o. o. sp. k. z siedzib\u0105 w Poznaniu (61-730), ul. M\u0142y\u0144ska 12, wpisana do Rejestru Przedsi\u0119biorc\u00f3w Krajowego Rejestru S\u0105dowego prowadzonego przez S\u0105d Rejonowy Pozna\u0144 &#8211; Nowe Miasto i Wilda VIII Wydzia\u0142 Gospodarczy Krajowego Rejestru S\u0105dowego pod numerem KRS 0000671994, NIP 7781432033, [&hellip;]<\/p>\n","protected":false},"author":40,"featured_media":0,"parent":0,"menu_order":0,"comment_status":"closed","ping_status":"closed","template":"elementor_header_footer","meta":{"_acf_changed":false,"footnotes":""},"class_list":["post-5292","page","type-page","status-publish","hentry"],"acf":[],"yoast_head":"<!-- This site is optimized with the Yoast SEO plugin v26.0 - https:\/\/yoast.com\/wordpress\/plugins\/seo\/ -->\n<title>Klauzula informacyjna - TPA Poland<\/title>\n<meta name=\"robots\" content=\"index, follow, max-snippet:-1, max-image-preview:large, max-video-preview:-1\" \/>\n<link rel=\"canonical\" href=\"https:\/\/www.tpa-group.pl\/pl\/klauzula-informacyjna\/\" \/>\n<meta property=\"og:locale\" content=\"pl_PL\" \/>\n<meta property=\"og:type\" content=\"article\" \/>\n<meta property=\"og:title\" content=\"Klauzula informacyjna - TPA Poland\" \/>\n<meta property=\"og:description\" content=\"Home |&nbsp; Klauzula informacyjna Klauzula informacyjna Administratorami Twoich danych osobowych s\u0105: TPA sp. z o. o. sp. k. z siedzib\u0105 w Poznaniu (61-730), ul. M\u0142y\u0144ska 12, wpisana do Rejestru Przedsi\u0119biorc\u00f3w Krajowego Rejestru S\u0105dowego prowadzonego przez S\u0105d Rejonowy Pozna\u0144 &#8211; Nowe Miasto i Wilda VIII Wydzia\u0142 Gospodarczy Krajowego Rejestru S\u0105dowego pod numerem KRS 0000671994, NIP 7781432033, [&hellip;]\" \/>\n<meta property=\"og:url\" content=\"https:\/\/www.tpa-group.pl\/pl\/klauzula-informacyjna\/\" \/>\n<meta property=\"og:site_name\" content=\"TPA Poland\" \/>\n<meta property=\"article:modified_time\" content=\"2024-12-23T10:22:16+00:00\" \/>\n<meta name=\"twitter:card\" content=\"summary_large_image\" \/>\n<meta name=\"twitter:label1\" content=\"Est. reading time\" \/>\n\t<meta name=\"twitter:data1\" content=\"7 minut\" \/>\n<script type=\"application\/ld+json\" class=\"yoast-schema-graph\">{\"@context\":\"https:\/\/schema.org\",\"@graph\":[{\"@type\":\"WebPage\",\"@id\":\"https:\/\/www.tpa-group.pl\/pl\/klauzula-informacyjna\/\",\"url\":\"https:\/\/www.tpa-group.pl\/pl\/klauzula-informacyjna\/\",\"name\":\"Klauzula informacyjna - TPA Poland\",\"isPartOf\":{\"@id\":\"https:\/\/www.tpa-group.pl\/pl\/#website\"},\"datePublished\":\"2024-12-11T18:20:02+00:00\",\"dateModified\":\"2024-12-23T10:22:16+00:00\",\"breadcrumb\":{\"@id\":\"https:\/\/www.tpa-group.pl\/pl\/klauzula-informacyjna\/#breadcrumb\"},\"inLanguage\":\"pl-PL\",\"potentialAction\":[{\"@type\":\"ReadAction\",\"target\":[\"https:\/\/www.tpa-group.pl\/pl\/klauzula-informacyjna\/\"]}]},{\"@type\":\"BreadcrumbList\",\"@id\":\"https:\/\/www.tpa-group.pl\/pl\/klauzula-informacyjna\/#breadcrumb\",\"itemListElement\":[{\"@type\":\"ListItem\",\"position\":1,\"name\":\"Home\",\"item\":\"https:\/\/www.tpa-group.pl\/pl\/\"},{\"@type\":\"ListItem\",\"position\":2,\"name\":\"Klauzula informacyjna\"}]},{\"@type\":\"WebSite\",\"@id\":\"https:\/\/www.tpa-group.pl\/pl\/#website\",\"url\":\"https:\/\/www.tpa-group.pl\/pl\/\",\"name\":\"TPA Poland\",\"description\":\"\",\"publisher\":{\"@id\":\"https:\/\/www.tpa-group.pl\/pl\/#organization\"},\"potentialAction\":[{\"@type\":\"SearchAction\",\"target\":{\"@type\":\"EntryPoint\",\"urlTemplate\":\"https:\/\/www.tpa-group.pl\/pl\/?s={search_term_string}\"},\"query-input\":{\"@type\":\"PropertyValueSpecification\",\"valueRequired\":true,\"valueName\":\"search_term_string\"}}],\"inLanguage\":\"pl-PL\"},{\"@type\":\"Organization\",\"@id\":\"https:\/\/www.tpa-group.pl\/pl\/#organization\",\"name\":\"TPA Poland\",\"url\":\"https:\/\/www.tpa-group.pl\/pl\/\",\"logo\":{\"@type\":\"ImageObject\",\"inLanguage\":\"pl-PL\",\"@id\":\"https:\/\/www.tpa-group.pl\/pl\/#\/schema\/logo\/image\/\",\"url\":\"https:\/\/www.tpa-group.pl\/app\/uploads\/sites\/8\/2023\/03\/tpa-logo.svg\",\"contentUrl\":\"https:\/\/www.tpa-group.pl\/app\/uploads\/sites\/8\/2023\/03\/tpa-logo.svg\",\"width\":110,\"height\":93,\"caption\":\"TPA Poland\"},\"image\":{\"@id\":\"https:\/\/www.tpa-group.pl\/pl\/#\/schema\/logo\/image\/\"}}]}<\/script>\n<!-- \/ Yoast SEO plugin. -->","yoast_head_json":{"title":"Klauzula informacyjna - TPA Poland","robots":{"index":"index","follow":"follow","max-snippet":"max-snippet:-1","max-image-preview":"max-image-preview:large","max-video-preview":"max-video-preview:-1"},"canonical":"https:\/\/www.tpa-group.pl\/pl\/klauzula-informacyjna\/","og_locale":"pl_PL","og_type":"article","og_title":"Klauzula informacyjna - TPA Poland","og_description":"Home |&nbsp; Klauzula informacyjna Klauzula informacyjna Administratorami Twoich danych osobowych s\u0105: TPA sp. z o. o. sp. k. z siedzib\u0105 w Poznaniu (61-730), ul. M\u0142y\u0144ska 12, wpisana do Rejestru Przedsi\u0119biorc\u00f3w Krajowego Rejestru S\u0105dowego prowadzonego przez S\u0105d Rejonowy Pozna\u0144 &#8211; Nowe Miasto i Wilda VIII Wydzia\u0142 Gospodarczy Krajowego Rejestru S\u0105dowego pod numerem KRS 0000671994, NIP 7781432033, [&hellip;]","og_url":"https:\/\/www.tpa-group.pl\/pl\/klauzula-informacyjna\/","og_site_name":"TPA Poland","article_modified_time":"2024-12-23T10:22:16+00:00","twitter_card":"summary_large_image","twitter_misc":{"Est. reading time":"7 minut"},"schema":{"@context":"https:\/\/schema.org","@graph":[{"@type":"WebPage","@id":"https:\/\/www.tpa-group.pl\/pl\/klauzula-informacyjna\/","url":"https:\/\/www.tpa-group.pl\/pl\/klauzula-informacyjna\/","name":"Klauzula informacyjna - TPA Poland","isPartOf":{"@id":"https:\/\/www.tpa-group.pl\/pl\/#website"},"datePublished":"2024-12-11T18:20:02+00:00","dateModified":"2024-12-23T10:22:16+00:00","breadcrumb":{"@id":"https:\/\/www.tpa-group.pl\/pl\/klauzula-informacyjna\/#breadcrumb"},"inLanguage":"pl-PL","potentialAction":[{"@type":"ReadAction","target":["https:\/\/www.tpa-group.pl\/pl\/klauzula-informacyjna\/"]}]},{"@type":"BreadcrumbList","@id":"https:\/\/www.tpa-group.pl\/pl\/klauzula-informacyjna\/#breadcrumb","itemListElement":[{"@type":"ListItem","position":1,"name":"Home","item":"https:\/\/www.tpa-group.pl\/pl\/"},{"@type":"ListItem","position":2,"name":"Klauzula informacyjna"}]},{"@type":"WebSite","@id":"https:\/\/www.tpa-group.pl\/pl\/#website","url":"https:\/\/www.tpa-group.pl\/pl\/","name":"TPA Poland","description":"","publisher":{"@id":"https:\/\/www.tpa-group.pl\/pl\/#organization"},"potentialAction":[{"@type":"SearchAction","target":{"@type":"EntryPoint","urlTemplate":"https:\/\/www.tpa-group.pl\/pl\/?s={search_term_string}"},"query-input":{"@type":"PropertyValueSpecification","valueRequired":true,"valueName":"search_term_string"}}],"inLanguage":"pl-PL"},{"@type":"Organization","@id":"https:\/\/www.tpa-group.pl\/pl\/#organization","name":"TPA Poland","url":"https:\/\/www.tpa-group.pl\/pl\/","logo":{"@type":"ImageObject","inLanguage":"pl-PL","@id":"https:\/\/www.tpa-group.pl\/pl\/#\/schema\/logo\/image\/","url":"https:\/\/www.tpa-group.pl\/app\/uploads\/sites\/8\/2023\/03\/tpa-logo.svg","contentUrl":"https:\/\/www.tpa-group.pl\/app\/uploads\/sites\/8\/2023\/03\/tpa-logo.svg","width":110,"height":93,"caption":"TPA Poland"},"image":{"@id":"https:\/\/www.tpa-group.pl\/pl\/#\/schema\/logo\/image\/"}}]}},"_links":{"self":[{"href":"https:\/\/www.tpa-group.pl\/pl\/wp-json\/wp\/v2\/pages\/5292","targetHints":{"allow":["GET"]}}],"collection":[{"href":"https:\/\/www.tpa-group.pl\/pl\/wp-json\/wp\/v2\/pages"}],"about":[{"href":"https:\/\/www.tpa-group.pl\/pl\/wp-json\/wp\/v2\/types\/page"}],"author":[{"embeddable":true,"href":"https:\/\/www.tpa-group.pl\/pl\/wp-json\/wp\/v2\/users\/40"}],"replies":[{"embeddable":true,"href":"https:\/\/www.tpa-group.pl\/pl\/wp-json\/wp\/v2\/comments?post=5292"}],"version-history":[{"count":15,"href":"https:\/\/www.tpa-group.pl\/pl\/wp-json\/wp\/v2\/pages\/5292\/revisions"}],"predecessor-version":[{"id":7350,"href":"https:\/\/www.tpa-group.pl\/pl\/wp-json\/wp\/v2\/pages\/5292\/revisions\/7350"}],"wp:attachment":[{"href":"https:\/\/www.tpa-group.pl\/pl\/wp-json\/wp\/v2\/media?parent=5292"}],"curies":[{"name":"wp","href":"https:\/\/api.w.org\/{rel}","templated":true}]}}