{"id":7721,"date":"2025-01-07T12:03:01","date_gmt":"2025-01-07T12:03:01","guid":{"rendered":"https:\/\/www.tpa-group.pl\/?page_id=7721"},"modified":"2025-12-30T16:14:37","modified_gmt":"2025-12-30T16:14:37","slug":"pelnomocnictwo","status":"publish","type":"page","link":"https:\/\/www.tpa-group.pl\/pl\/pelnomocnictwo\/","title":{"rendered":"Pe\u0142nomocnictwo"},"content":{"rendered":"\t\t<div data-elementor-type=\"wp-page\" data-elementor-id=\"7721\" class=\"elementor elementor-7721\" data-elementor-post-type=\"page\">\n\t\t\t\t\t\t<section class=\"elementor-section elementor-top-section elementor-element elementor-element-265bc300 hero-banner elementor-section-boxed elementor-section-height-default elementor-section-height-default\" data-id=\"265bc300\" data-element_type=\"section\" data-settings=\"{&quot;background_background&quot;:&quot;classic&quot;}\">\n\t\t\t\t\t\t<div class=\"elementor-container elementor-column-gap-default\">\n\t\t\t\t\t<div class=\"elementor-column elementor-col-50 elementor-top-column elementor-element elementor-element-50ad9c2f\" data-id=\"50ad9c2f\" data-element_type=\"column\">\n\t\t\t<div class=\"elementor-widget-wrap elementor-element-populated\">\n\t\t\t\t\t\t<section class=\"elementor-section elementor-inner-section elementor-element elementor-element-70ade610 hero-banner-breadcrumbs-container elementor-section-boxed elementor-section-height-default elementor-section-height-default\" data-id=\"70ade610\" data-element_type=\"section\">\n\t\t\t\t\t\t<div class=\"elementor-container elementor-column-gap-default\">\n\t\t\t\t\t<div class=\"elementor-column elementor-col-100 elementor-inner-column elementor-element elementor-element-17dc7b19\" data-id=\"17dc7b19\" data-element_type=\"column\">\n\t\t\t<div class=\"elementor-widget-wrap elementor-element-populated\">\n\t\t\t\t\t\t<div class=\"elementor-element elementor-element-7c2ac75f elementor-widget elementor-widget-heading\" data-id=\"7c2ac75f\" data-element_type=\"widget\" data-widget_type=\"heading.default\">\n\t\t\t\t<div class=\"elementor-widget-container\">\n\t\t\t\t\t<p class=\"elementor-heading-title elementor-size-default\"><a href=\"\/\">Home |&nbsp;<\/a><\/p>\t\t\t\t<\/div>\n\t\t\t\t<\/div>\n\t\t\t\t<div class=\"elementor-element elementor-element-7f427720 elementor-widget elementor-widget-heading\" data-id=\"7f427720\" data-element_type=\"widget\" data-widget_type=\"heading.default\">\n\t\t\t\t<div class=\"elementor-widget-container\">\n\t\t\t\t\t<p class=\"elementor-heading-title elementor-size-default\">Pe\u0142nomocnictwo<\/p>\t\t\t\t<\/div>\n\t\t\t\t<\/div>\n\t\t\t\t\t<\/div>\n\t\t<\/div>\n\t\t\t\t\t<\/div>\n\t\t<\/section>\n\t\t\t\t<div class=\"elementor-element elementor-element-4a03c214 elementor-widget elementor-widget-heading\" data-id=\"4a03c214\" data-element_type=\"widget\" data-widget_type=\"heading.default\">\n\t\t\t\t<div class=\"elementor-widget-container\">\n\t\t\t\t\t<h1 class=\"elementor-heading-title elementor-size-default\">Pe\u0142nomocnictwo<\/h1>\t\t\t\t<\/div>\n\t\t\t\t<\/div>\n\t\t\t\t\t<\/div>\n\t\t<\/div>\n\t\t\t\t<div class=\"elementor-column elementor-col-50 elementor-top-column elementor-element elementor-element-175e6d6a\" data-id=\"175e6d6a\" data-element_type=\"column\">\n\t\t\t<div class=\"elementor-widget-wrap\">\n\t\t\t\t\t\t\t<\/div>\n\t\t<\/div>\n\t\t\t\t\t<\/div>\n\t\t<\/section>\n\t\t<div class=\"elementor-element elementor-element-afc11f1 page-content-container e-flex e-con-boxed e-con e-parent\" data-id=\"afc11f1\" data-element_type=\"container\" data-settings=\"{&quot;background_background&quot;:&quot;classic&quot;}\">\n\t\t\t\t\t<div class=\"e-con-inner\">\n\t\t<div class=\"elementor-element elementor-element-2be234e e-con-full e-flex e-con e-child\" data-id=\"2be234e\" data-element_type=\"container\">\n\t\t\t\t<div class=\"elementor-element elementor-element-884e2c1 elementor-widget elementor-widget-heading\" data-id=\"884e2c1\" data-element_type=\"widget\" data-widget_type=\"heading.default\">\n\t\t\t\t<div class=\"elementor-widget-container\">\n\t\t\t\t\t<h3 class=\"elementor-heading-title elementor-size-default\"><a href=\"https:\/\/www.tpa-group.pl\/app\/uploads\/sites\/8\/2025\/01\/PoA_Doradca_Podatkowy.pdf\" target=\"_blank\">Pe\u0142nomocnictwo Krzysztof Kaczmarek, Damian Kubi\u015b, Wojciech Sztuba, Ewa Znamierowska<\/a><\/h3>\t\t\t\t<\/div>\n\t\t\t\t<\/div>\n\t\t\t\t<div class=\"elementor-element elementor-element-587d911 elementor-widget elementor-widget-heading\" data-id=\"587d911\" data-element_type=\"widget\" data-widget_type=\"heading.default\">\n\t\t\t\t<div class=\"elementor-widget-container\">\n\t\t\t\t\t<h3 class=\"elementor-heading-title elementor-size-default\"><a href=\"https:\/\/www.tpa-group.pl\/app\/uploads\/sites\/8\/2025\/01\/Pelnomocnictwo_AUD.pdf\" target=\"_blank\">Pe\u0142nomocnictwo Krzysztof Horodko, Krzysztof Dzieko\u0144ski, Monika Tuzimek<\/a><\/h3>\t\t\t\t<\/div>\n\t\t\t\t<\/div>\n\t\t\t\t<div class=\"elementor-element elementor-element-e54f53b elementor-widget elementor-widget-heading\" data-id=\"e54f53b\" data-element_type=\"widget\" data-widget_type=\"heading.default\">\n\t\t\t\t<div class=\"elementor-widget-container\">\n\t\t\t\t\t<h3 class=\"elementor-heading-title elementor-size-default\"><a href=\"https:\/\/www.tpa-group.pl\/app\/uploads\/sites\/8\/2025\/01\/Pelnomocnictwo_Anita_Bis.pdf\" target=\"_blank\">Pe\u0142nomocnictwo Anita Bis<\/a><\/h3>\t\t\t\t<\/div>\n\t\t\t\t<\/div>\n\t\t\t\t<div class=\"elementor-element elementor-element-c84fd7b elementor-widget elementor-widget-heading\" data-id=\"c84fd7b\" data-element_type=\"widget\" data-widget_type=\"heading.default\">\n\t\t\t\t<div class=\"elementor-widget-container\">\n\t\t\t\t\t<h3 class=\"elementor-heading-title elementor-size-default\"><a href=\"https:\/\/www.tpa-group.pl\/app\/uploads\/sites\/8\/2025\/01\/Pelnomocnictwo_Iga_Kwasny.pdf\" target=\"_blank\">Pe\u0142nomocnictwo Iga Kwa\u015bny<\/a><\/h3>\t\t\t\t<\/div>\n\t\t\t\t<\/div>\n\t\t\t\t<div class=\"elementor-element elementor-element-a3c5ea5 elementor-widget elementor-widget-heading\" data-id=\"a3c5ea5\" data-element_type=\"widget\" data-widget_type=\"heading.default\">\n\t\t\t\t<div class=\"elementor-widget-container\">\n\t\t\t\t\t<h3 class=\"elementor-heading-title elementor-size-default\"><a href=\"https:\/\/www.tpa-group.pl\/app\/uploads\/sites\/8\/2025\/01\/Pelnomocnictwo_Joanna_Kubinska.pdf\" target=\"_blank\">Pe\u0142nomocnictwo Joanna Kubi\u0144ska<\/a><\/h3>\t\t\t\t<\/div>\n\t\t\t\t<\/div>\n\t\t\t\t<div class=\"elementor-element elementor-element-1d55eee elementor-widget elementor-widget-heading\" data-id=\"1d55eee\" data-element_type=\"widget\" data-widget_type=\"heading.default\">\n\t\t\t\t<div class=\"elementor-widget-container\">\n\t\t\t\t\t<h3 class=\"elementor-heading-title elementor-size-default\"><a href=\"https:\/\/www.tpa-group.pl\/app\/uploads\/sites\/8\/2025\/01\/Pelnomocnictwo_Mikolaj_Ratajczak.pdf\" target=\"_blank\">Pe\u0142nomocnictwo Miko\u0142aj Ratajczak<\/a><\/h3>\t\t\t\t<\/div>\n\t\t\t\t<\/div>\n\t\t\t\t<div class=\"elementor-element elementor-element-add95c5 elementor-widget elementor-widget-heading\" data-id=\"add95c5\" data-element_type=\"widget\" data-widget_type=\"heading.default\">\n\t\t\t\t<div class=\"elementor-widget-container\">\n\t\t\t\t\t<h3 class=\"elementor-heading-title elementor-size-default\"><a href=\"https:\/\/www.tpa-group.pl\/app\/uploads\/sites\/8\/2025\/01\/Pelnomocnictwo_Tomasz_Manowiec.pdf\" target=\"_blank\">Pe\u0142nomocnictwo Tomasz Manowiec<\/a><\/h3>\t\t\t\t<\/div>\n\t\t\t\t<\/div>\n\t\t\t\t<div class=\"elementor-element elementor-element-b593169 elementor-widget elementor-widget-heading\" data-id=\"b593169\" data-element_type=\"widget\" data-widget_type=\"heading.default\">\n\t\t\t\t<div class=\"elementor-widget-container\">\n\t\t\t\t\t<h3 class=\"elementor-heading-title elementor-size-default\"><a href=\"https:\/\/www.tpa-group.pl\/app\/uploads\/sites\/8\/2025\/01\/Pelnomocnictwo_Joanna_Prokurat.pdf\" target=\"_blank\">Pe\u0142nomocnictwo Joanna Prokurat<\/a><\/h3>\t\t\t\t<\/div>\n\t\t\t\t<\/div>\n\t\t\t\t<div class=\"elementor-element elementor-element-e92a072 elementor-widget elementor-widget-heading\" data-id=\"e92a072\" data-element_type=\"widget\" data-widget_type=\"heading.default\">\n\t\t\t\t<div class=\"elementor-widget-container\">\n\t\t\t\t\t<h3 class=\"elementor-heading-title elementor-size-default\"><a href=\"https:\/\/www.tpa-group.pl\/app\/uploads\/sites\/8\/2025\/01\/Pelnomocnictwo_Maciej_Krokosinski.pdf\" target=\"_blank\">Pe\u0142nomocnictwo Maciej Krokosi\u0144ski<\/a><\/h3>\t\t\t\t<\/div>\n\t\t\t\t<\/div>\n\t\t\t\t<\/div>\n\t\t\t\t\t<\/div>\n\t\t\t\t<\/div>\n\t\t\t\t<\/div>\n\t\t","protected":false},"excerpt":{"rendered":"<p>Home |&nbsp; Pe\u0142nomocnictwo Pe\u0142nomocnictwo Pe\u0142nomocnictwo Krzysztof Kaczmarek, Damian Kubi\u015b, Wojciech Sztuba, Ewa Znamierowska Pe\u0142nomocnictwo Krzysztof Horodko, Krzysztof Dzieko\u0144ski, Monika Tuzimek Pe\u0142nomocnictwo Anita Bis Pe\u0142nomocnictwo Iga Kwa\u015bny Pe\u0142nomocnictwo Joanna Kubi\u0144ska Pe\u0142nomocnictwo Miko\u0142aj Ratajczak Pe\u0142nomocnictwo Tomasz Manowiec Pe\u0142nomocnictwo Joanna Prokurat Pe\u0142nomocnictwo Maciej Krokosi\u0144ski<\/p>\n","protected":false},"author":40,"featured_media":0,"parent":0,"menu_order":0,"comment_status":"closed","ping_status":"closed","template":"elementor_header_footer","meta":{"_acf_changed":false,"footnotes":""},"class_list":["post-7721","page","type-page","status-publish","hentry"],"acf":[],"yoast_head":"<!-- This site is optimized with the Yoast SEO plugin v26.0 - https:\/\/yoast.com\/wordpress\/plugins\/seo\/ -->\n<title>Pe\u0142nomocnictwo - TPA Poland<\/title>\n<meta name=\"robots\" content=\"index, follow, max-snippet:-1, max-image-preview:large, max-video-preview:-1\" \/>\n<link rel=\"canonical\" href=\"https:\/\/www.tpa-group.pl\/pl\/pelnomocnictwo\/\" \/>\n<meta property=\"og:locale\" content=\"pl_PL\" \/>\n<meta property=\"og:type\" content=\"article\" \/>\n<meta property=\"og:title\" content=\"Pe\u0142nomocnictwo - TPA Poland\" \/>\n<meta property=\"og:description\" content=\"Home |&nbsp; Pe\u0142nomocnictwo Pe\u0142nomocnictwo Pe\u0142nomocnictwo Krzysztof Kaczmarek, Damian Kubi\u015b, Wojciech Sztuba, Ewa Znamierowska Pe\u0142nomocnictwo Krzysztof Horodko, Krzysztof Dzieko\u0144ski, Monika Tuzimek Pe\u0142nomocnictwo Anita Bis Pe\u0142nomocnictwo Iga Kwa\u015bny Pe\u0142nomocnictwo Joanna Kubi\u0144ska Pe\u0142nomocnictwo Miko\u0142aj Ratajczak Pe\u0142nomocnictwo Tomasz Manowiec Pe\u0142nomocnictwo Joanna Prokurat Pe\u0142nomocnictwo Maciej Krokosi\u0144ski\" \/>\n<meta property=\"og:url\" content=\"https:\/\/www.tpa-group.pl\/pl\/pelnomocnictwo\/\" \/>\n<meta property=\"og:site_name\" content=\"TPA Poland\" \/>\n<meta property=\"article:modified_time\" content=\"2025-12-30T16:14:37+00:00\" \/>\n<meta name=\"twitter:card\" content=\"summary_large_image\" \/>\n<meta name=\"twitter:label1\" content=\"Est. reading time\" \/>\n\t<meta name=\"twitter:data1\" content=\"1 minuta\" \/>\n<script type=\"application\/ld+json\" class=\"yoast-schema-graph\">{\"@context\":\"https:\/\/schema.org\",\"@graph\":[{\"@type\":\"WebPage\",\"@id\":\"https:\/\/www.tpa-group.pl\/pl\/pelnomocnictwo\/\",\"url\":\"https:\/\/www.tpa-group.pl\/pl\/pelnomocnictwo\/\",\"name\":\"Pe\u0142nomocnictwo - TPA Poland\",\"isPartOf\":{\"@id\":\"https:\/\/www.tpa-group.pl\/pl\/#website\"},\"datePublished\":\"2025-01-07T12:03:01+00:00\",\"dateModified\":\"2025-12-30T16:14:37+00:00\",\"breadcrumb\":{\"@id\":\"https:\/\/www.tpa-group.pl\/pl\/pelnomocnictwo\/#breadcrumb\"},\"inLanguage\":\"pl-PL\",\"potentialAction\":[{\"@type\":\"ReadAction\",\"target\":[\"https:\/\/www.tpa-group.pl\/pl\/pelnomocnictwo\/\"]}]},{\"@type\":\"BreadcrumbList\",\"@id\":\"https:\/\/www.tpa-group.pl\/pl\/pelnomocnictwo\/#breadcrumb\",\"itemListElement\":[{\"@type\":\"ListItem\",\"position\":1,\"name\":\"Home\",\"item\":\"https:\/\/www.tpa-group.pl\/pl\/\"},{\"@type\":\"ListItem\",\"position\":2,\"name\":\"Pe\u0142nomocnictwo\"}]},{\"@type\":\"WebSite\",\"@id\":\"https:\/\/www.tpa-group.pl\/pl\/#website\",\"url\":\"https:\/\/www.tpa-group.pl\/pl\/\",\"name\":\"TPA Poland\",\"description\":\"\",\"publisher\":{\"@id\":\"https:\/\/www.tpa-group.pl\/pl\/#organization\"},\"potentialAction\":[{\"@type\":\"SearchAction\",\"target\":{\"@type\":\"EntryPoint\",\"urlTemplate\":\"https:\/\/www.tpa-group.pl\/pl\/?s={search_term_string}\"},\"query-input\":{\"@type\":\"PropertyValueSpecification\",\"valueRequired\":true,\"valueName\":\"search_term_string\"}}],\"inLanguage\":\"pl-PL\"},{\"@type\":\"Organization\",\"@id\":\"https:\/\/www.tpa-group.pl\/pl\/#organization\",\"name\":\"TPA Poland\",\"url\":\"https:\/\/www.tpa-group.pl\/pl\/\",\"logo\":{\"@type\":\"ImageObject\",\"inLanguage\":\"pl-PL\",\"@id\":\"https:\/\/www.tpa-group.pl\/pl\/#\/schema\/logo\/image\/\",\"url\":\"https:\/\/www.tpa-group.pl\/app\/uploads\/sites\/8\/2023\/03\/tpa-logo.svg\",\"contentUrl\":\"https:\/\/www.tpa-group.pl\/app\/uploads\/sites\/8\/2023\/03\/tpa-logo.svg\",\"width\":110,\"height\":93,\"caption\":\"TPA Poland\"},\"image\":{\"@id\":\"https:\/\/www.tpa-group.pl\/pl\/#\/schema\/logo\/image\/\"}}]}<\/script>\n<!-- \/ Yoast SEO plugin. -->","yoast_head_json":{"title":"Pe\u0142nomocnictwo - TPA Poland","robots":{"index":"index","follow":"follow","max-snippet":"max-snippet:-1","max-image-preview":"max-image-preview:large","max-video-preview":"max-video-preview:-1"},"canonical":"https:\/\/www.tpa-group.pl\/pl\/pelnomocnictwo\/","og_locale":"pl_PL","og_type":"article","og_title":"Pe\u0142nomocnictwo - TPA Poland","og_description":"Home |&nbsp; Pe\u0142nomocnictwo Pe\u0142nomocnictwo Pe\u0142nomocnictwo Krzysztof Kaczmarek, Damian Kubi\u015b, Wojciech Sztuba, Ewa Znamierowska Pe\u0142nomocnictwo Krzysztof Horodko, Krzysztof Dzieko\u0144ski, Monika Tuzimek Pe\u0142nomocnictwo Anita Bis Pe\u0142nomocnictwo Iga Kwa\u015bny Pe\u0142nomocnictwo Joanna Kubi\u0144ska Pe\u0142nomocnictwo Miko\u0142aj Ratajczak Pe\u0142nomocnictwo Tomasz Manowiec Pe\u0142nomocnictwo Joanna Prokurat Pe\u0142nomocnictwo Maciej Krokosi\u0144ski","og_url":"https:\/\/www.tpa-group.pl\/pl\/pelnomocnictwo\/","og_site_name":"TPA Poland","article_modified_time":"2025-12-30T16:14:37+00:00","twitter_card":"summary_large_image","twitter_misc":{"Est. reading time":"1 minuta"},"schema":{"@context":"https:\/\/schema.org","@graph":[{"@type":"WebPage","@id":"https:\/\/www.tpa-group.pl\/pl\/pelnomocnictwo\/","url":"https:\/\/www.tpa-group.pl\/pl\/pelnomocnictwo\/","name":"Pe\u0142nomocnictwo - TPA Poland","isPartOf":{"@id":"https:\/\/www.tpa-group.pl\/pl\/#website"},"datePublished":"2025-01-07T12:03:01+00:00","dateModified":"2025-12-30T16:14:37+00:00","breadcrumb":{"@id":"https:\/\/www.tpa-group.pl\/pl\/pelnomocnictwo\/#breadcrumb"},"inLanguage":"pl-PL","potentialAction":[{"@type":"ReadAction","target":["https:\/\/www.tpa-group.pl\/pl\/pelnomocnictwo\/"]}]},{"@type":"BreadcrumbList","@id":"https:\/\/www.tpa-group.pl\/pl\/pelnomocnictwo\/#breadcrumb","itemListElement":[{"@type":"ListItem","position":1,"name":"Home","item":"https:\/\/www.tpa-group.pl\/pl\/"},{"@type":"ListItem","position":2,"name":"Pe\u0142nomocnictwo"}]},{"@type":"WebSite","@id":"https:\/\/www.tpa-group.pl\/pl\/#website","url":"https:\/\/www.tpa-group.pl\/pl\/","name":"TPA Poland","description":"","publisher":{"@id":"https:\/\/www.tpa-group.pl\/pl\/#organization"},"potentialAction":[{"@type":"SearchAction","target":{"@type":"EntryPoint","urlTemplate":"https:\/\/www.tpa-group.pl\/pl\/?s={search_term_string}"},"query-input":{"@type":"PropertyValueSpecification","valueRequired":true,"valueName":"search_term_string"}}],"inLanguage":"pl-PL"},{"@type":"Organization","@id":"https:\/\/www.tpa-group.pl\/pl\/#organization","name":"TPA Poland","url":"https:\/\/www.tpa-group.pl\/pl\/","logo":{"@type":"ImageObject","inLanguage":"pl-PL","@id":"https:\/\/www.tpa-group.pl\/pl\/#\/schema\/logo\/image\/","url":"https:\/\/www.tpa-group.pl\/app\/uploads\/sites\/8\/2023\/03\/tpa-logo.svg","contentUrl":"https:\/\/www.tpa-group.pl\/app\/uploads\/sites\/8\/2023\/03\/tpa-logo.svg","width":110,"height":93,"caption":"TPA Poland"},"image":{"@id":"https:\/\/www.tpa-group.pl\/pl\/#\/schema\/logo\/image\/"}}]}},"_links":{"self":[{"href":"https:\/\/www.tpa-group.pl\/pl\/wp-json\/wp\/v2\/pages\/7721","targetHints":{"allow":["GET"]}}],"collection":[{"href":"https:\/\/www.tpa-group.pl\/pl\/wp-json\/wp\/v2\/pages"}],"about":[{"href":"https:\/\/www.tpa-group.pl\/pl\/wp-json\/wp\/v2\/types\/page"}],"author":[{"embeddable":true,"href":"https:\/\/www.tpa-group.pl\/pl\/wp-json\/wp\/v2\/users\/40"}],"replies":[{"embeddable":true,"href":"https:\/\/www.tpa-group.pl\/pl\/wp-json\/wp\/v2\/comments?post=7721"}],"version-history":[{"count":43,"href":"https:\/\/www.tpa-group.pl\/pl\/wp-json\/wp\/v2\/pages\/7721\/revisions"}],"predecessor-version":[{"id":12926,"href":"https:\/\/www.tpa-group.pl\/pl\/wp-json\/wp\/v2\/pages\/7721\/revisions\/12926"}],"wp:attachment":[{"href":"https:\/\/www.tpa-group.pl\/pl\/wp-json\/wp\/v2\/media?parent=7721"}],"curies":[{"name":"wp","href":"https:\/\/api.w.org\/{rel}","templated":true}]}}