{"id":9638,"date":"2025-04-28T19:48:23","date_gmt":"2025-04-28T19:48:23","guid":{"rendered":"https:\/\/www.tpa-group.pl\/?page_id=9638"},"modified":"2025-04-29T06:23:24","modified_gmt":"2025-04-29T06:23:24","slug":"regulamin-akcji-ceny-transferowe-w-pytaniach-i-odpowiedziach","status":"publish","type":"page","link":"https:\/\/www.tpa-group.pl\/pl\/regulamin-akcji-ceny-transferowe-w-pytaniach-i-odpowiedziach\/","title":{"rendered":"Regulamin akcji &#8211; Ceny transferowe w pytaniach i odpowiedziach"},"content":{"rendered":"\t\t<div data-elementor-type=\"wp-page\" data-elementor-id=\"9638\" class=\"elementor elementor-9638\" data-elementor-post-type=\"page\">\n\t\t\t\t\t\t<section class=\"elementor-section elementor-top-section elementor-element elementor-element-265bc300 hero-banner elementor-section-boxed elementor-section-height-default elementor-section-height-default\" data-id=\"265bc300\" data-element_type=\"section\" data-settings=\"{&quot;background_background&quot;:&quot;classic&quot;}\">\n\t\t\t\t\t\t<div class=\"elementor-container elementor-column-gap-default\">\n\t\t\t\t\t<div class=\"elementor-column elementor-col-50 elementor-top-column elementor-element elementor-element-50ad9c2f\" data-id=\"50ad9c2f\" data-element_type=\"column\">\n\t\t\t<div class=\"elementor-widget-wrap elementor-element-populated\">\n\t\t\t\t\t\t<div class=\"elementor-element elementor-element-4a03c214 elementor-widget elementor-widget-heading\" data-id=\"4a03c214\" data-element_type=\"widget\" data-widget_type=\"heading.default\">\n\t\t\t\t<div class=\"elementor-widget-container\">\n\t\t\t\t\t<h1 class=\"elementor-heading-title elementor-size-default\">Regulamin akcji - Ceny transferowe w pytaniach i odpowiedziach\n<\/h1>\t\t\t\t<\/div>\n\t\t\t\t<\/div>\n\t\t\t\t\t<\/div>\n\t\t<\/div>\n\t\t\t\t<div class=\"elementor-column elementor-col-50 elementor-top-column elementor-element elementor-element-175e6d6a\" data-id=\"175e6d6a\" data-element_type=\"column\">\n\t\t\t<div class=\"elementor-widget-wrap\">\n\t\t\t\t\t\t\t<\/div>\n\t\t<\/div>\n\t\t\t\t\t<\/div>\n\t\t<\/section>\n\t\t<div class=\"elementor-element elementor-element-afc11f1 page-content-container e-flex e-con-boxed e-con e-parent\" data-id=\"afc11f1\" data-element_type=\"container\" data-settings=\"{&quot;background_background&quot;:&quot;classic&quot;}\">\n\t\t\t\t\t<div class=\"e-con-inner\">\n\t\t<div class=\"elementor-element elementor-element-5897607 e-con-full e-flex e-con e-child\" data-id=\"5897607\" data-element_type=\"container\">\n\t\t\t\t<div class=\"elementor-element elementor-element-feb0344 elementor-widget elementor-widget-text-editor\" data-id=\"feb0344\" data-element_type=\"widget\" data-widget_type=\"text-editor.default\">\n\t\t\t\t<div class=\"elementor-widget-container\">\n\t\t\t\t\t\t\t\t\t<ol>\n<li><span data-ccp-props=\"{&quot;201341983&quot;:0,&quot;335559685&quot;:357,&quot;335559737&quot;:0,&quot;335559738&quot;:120,&quot;335559739&quot;:120,&quot;335559740&quot;:276,&quot;335559991&quot;:357}\">&nbsp;<\/span><span data-contrast=\"auto\">\u201cCeny transferowe w pytaniach i odpowiedziach\u201d to cykl webinar\u00f3w, kt\u00f3re b\u0119d\u0105 odbywa\u0107 si\u0119 co dwa miesi\u0105ce. Ka\u017cde spotkanie online b\u0119dzie trwa\u0107 do p\u00f3\u0142torej godziny zegarowej.<\/span><span data-ccp-props=\"{&quot;134245417&quot;:false,&quot;201341983&quot;:0,&quot;335559738&quot;:120,&quot;335559739&quot;:120,&quot;335559740&quot;:276}\">&nbsp;<\/span><\/li>\n<li><span data-contrast=\"auto\">W trakcie webinaru eksperci TPA Poland b\u0119d\u0105 odpowiada\u0107 na wybrane, uprzednio zadane pytania i przes\u0142ane zagadnienia z obszaru cen transferowych.<\/span><span data-ccp-props=\"{&quot;134245417&quot;:false,&quot;201341983&quot;:0,&quot;335559738&quot;:120,&quot;335559739&quot;:120,&quot;335559740&quot;:276}\">&nbsp;<\/span><\/li>\n<li data-leveltext=\"%1.\" data-font=\"\" data-listid=\"6\" data-list-defn-props=\"{&quot;335552541&quot;:0,&quot;335559685&quot;:720,&quot;335559991&quot;:360,&quot;469769242&quot;:[65533,0],&quot;469777803&quot;:&quot;left&quot;,&quot;469777804&quot;:&quot;%1.&quot;,&quot;469777815&quot;:&quot;hybridMultilevel&quot;}\" aria-setsize=\"-1\" data-aria-posinset=\"3\" data-aria-level=\"1\"><span data-contrast=\"auto\">Ka\u017cdy ma mo\u017cliwo\u015b\u0107 zadania dowolnej ilo\u015bci pyta\u0144 z zakresu cen transferowych poprzez <strong><a href=\"https:\/\/forms.office.com\/Pages\/ResponsePage.aspx?id=uKuVZtRwikiVPhj5XFtcidfSMrv8RR5GpsavfCAovI5UMDUwSjVFQUdaRFo0TUlXSEJQUDlTUVRIQy4u\">formularz<\/a><\/strong><\/span><span data-contrast=\"auto\">.<\/span><span data-ccp-props=\"{&quot;134245417&quot;:false,&quot;201341983&quot;:0,&quot;335559738&quot;:120,&quot;335559739&quot;:120,&quot;335559740&quot;:276}\">&nbsp;<\/span><\/li>\n<li data-leveltext=\"%1.\" data-font=\"\" data-listid=\"6\" data-list-defn-props=\"{&quot;335552541&quot;:0,&quot;335559685&quot;:720,&quot;335559991&quot;:360,&quot;469769242&quot;:[65533,0],&quot;469777803&quot;:&quot;left&quot;,&quot;469777804&quot;:&quot;%1.&quot;,&quot;469777815&quot;:&quot;hybridMultilevel&quot;}\" aria-setsize=\"-1\" data-aria-posinset=\"3\" data-aria-level=\"1\"><span data-contrast=\"auto\">Na tydzie\u0144 przed webinarem eksperci TPA Poland wybior\u0105 6 pyta\u0144 lub zagadnie\u0144, na kt\u00f3re odpowiedz\u0105 w trakcie spotkania online.<\/span><span data-ccp-props=\"{&quot;134245417&quot;:false,&quot;201341983&quot;:0,&quot;335559738&quot;:120,&quot;335559739&quot;:120,&quot;335559740&quot;:276}\">&nbsp;<\/span><\/li>\n<li data-leveltext=\"%1.\" data-font=\"\" data-listid=\"6\" data-list-defn-props=\"{&quot;335552541&quot;:0,&quot;335559685&quot;:720,&quot;335559991&quot;:360,&quot;469769242&quot;:[65533,0],&quot;469777803&quot;:&quot;left&quot;,&quot;469777804&quot;:&quot;%1.&quot;,&quot;469777815&quot;:&quot;hybridMultilevel&quot;}\" aria-setsize=\"-1\" data-aria-posinset=\"3\" data-aria-level=\"1\"><span data-contrast=\"auto\">Na odpowied\u017a na dane pytanie lub zagadnienie w trakcie webinaru zostanie po\u015bwi\u0119cone nie wi\u0119cej ni\u017c 12 minut.<\/span><span data-ccp-props=\"{&quot;134245417&quot;:false,&quot;201341983&quot;:0,&quot;335559738&quot;:120,&quot;335559739&quot;:120,&quot;335559740&quot;:276}\">&nbsp;<\/span><\/li>\n<li data-leveltext=\"%1.\" data-font=\"\" data-listid=\"6\" data-list-defn-props=\"{&quot;335552541&quot;:0,&quot;335559685&quot;:720,&quot;335559991&quot;:360,&quot;469769242&quot;:[65533,0],&quot;469777803&quot;:&quot;left&quot;,&quot;469777804&quot;:&quot;%1.&quot;,&quot;469777815&quot;:&quot;hybridMultilevel&quot;}\" aria-setsize=\"-1\" data-aria-posinset=\"3\" data-aria-level=\"1\"><span data-contrast=\"auto\">Pytania, na kt\u00f3re odpowiedzi nie zostan\u0105 udzielone w trakcie webinaru, b\u0119d\u0105 mog\u0142y sta\u0107 si\u0119 przedmiotem kolejnego spotkania albo odpowied\u017a na nie zostanie udzielona indywidualnie w formie mailowej w ci\u0105gu 14 dni roboczych od momentu wp\u0142yni\u0119cia zapytania.<\/span><span data-ccp-props=\"{&quot;134245417&quot;:false,&quot;201341983&quot;:0,&quot;335559738&quot;:120,&quot;335559739&quot;:120,&quot;335559740&quot;:276}\">&nbsp;<\/span><\/li>\n<li data-leveltext=\"%1.\" data-font=\"\" data-listid=\"6\" data-list-defn-props=\"{&quot;335552541&quot;:0,&quot;335559685&quot;:720,&quot;335559991&quot;:360,&quot;469769242&quot;:[65533,0],&quot;469777803&quot;:&quot;left&quot;,&quot;469777804&quot;:&quot;%1.&quot;,&quot;469777815&quot;:&quot;hybridMultilevel&quot;}\" aria-setsize=\"-1\" data-aria-posinset=\"3\" data-aria-level=\"1\"><span data-contrast=\"auto\">Pytania, kt\u00f3re b\u0119d\u0105 wymaga\u0142y pog\u0142\u0119bionej analizy stanu faktycznego, mog\u0105 wchodzi\u0107 w zakres p\u0142atnej konsultacji. Nadawca pytania zostanie poinformowany drog\u0105 mailow\u0105 w ci\u0105gu 7 dni roboczych od wp\u0142yni\u0119cia zapytania o mo\u017cliwo\u015bci skorzystania z takiej formy wsparcia, je\u015bli jego pytanie zostanie zakwalifikowane przez ekspert\u00f3w TPA Poland jako wymagaj\u0105ce wnikliwego zbadania okoliczno\u015bci.<\/span><span data-ccp-props=\"{&quot;134245417&quot;:false,&quot;201341983&quot;:0,&quot;335559738&quot;:120,&quot;335559739&quot;:120,&quot;335559740&quot;:276}\">&nbsp;<\/span><\/li>\n<li data-leveltext=\"%1.\" data-font=\"\" data-listid=\"6\" data-list-defn-props=\"{&quot;335552541&quot;:0,&quot;335559685&quot;:720,&quot;335559991&quot;:360,&quot;469769242&quot;:[65533,0],&quot;469777803&quot;:&quot;left&quot;,&quot;469777804&quot;:&quot;%1.&quot;,&quot;469777815&quot;:&quot;hybridMultilevel&quot;}\" aria-setsize=\"-1\" data-aria-posinset=\"3\" data-aria-level=\"1\"><span data-contrast=\"auto\">Zastrzegamy sobie prawo wykorzystania wybranych pyta\u0144 do opracowania ich w formie case study w zanonimizowanej formie i opublikowania ich w naszym newsletterze TP Pulse oraz innych publikacjach TPA Poland o tematyce cen transferowych.<\/span><span data-ccp-props=\"{&quot;134245417&quot;:false,&quot;201341983&quot;:0,&quot;335559738&quot;:120,&quot;335559739&quot;:120,&quot;335559740&quot;:276}\">&nbsp;<\/span><\/li>\n<li data-leveltext=\"%1.\" data-font=\"\" data-listid=\"6\" data-list-defn-props=\"{&quot;335552541&quot;:0,&quot;335559685&quot;:720,&quot;335559991&quot;:360,&quot;469769242&quot;:[65533,0],&quot;469777803&quot;:&quot;left&quot;,&quot;469777804&quot;:&quot;%1.&quot;,&quot;469777815&quot;:&quot;hybridMultilevel&quot;}\" aria-setsize=\"-1\" data-aria-posinset=\"3\" data-aria-level=\"1\"><span data-contrast=\"auto\">Ze wzgl\u0119du na wewn\u0119trzne zasady obowi\u0105zuj\u0105ce w naszej organizacji, zastrzegamy sobie prawo odmowy udzia\u0142u w webinarze osobom z firm prowadz\u0105cych dzia\u0142alno\u015b\u0107 zbli\u017con\u0105 do obszar\u00f3w, w kt\u00f3rych dzia\u0142aj\u0105 TPA Poland, Baker Tilly TPA oraz Baker Tilly Legal Poland.<\/span><span data-ccp-props=\"{&quot;134245417&quot;:false,&quot;201341983&quot;:0,&quot;335559738&quot;:120,&quot;335559739&quot;:120,&quot;335559740&quot;:276}\">&nbsp;<\/span><\/li>\n<\/ol>\t\t\t\t\t\t\t\t<\/div>\n\t\t\t\t<\/div>\n\t\t\t\t<\/div>\n\t\t\t\t\t<\/div>\n\t\t\t\t<\/div>\n\t\t\t\t<\/div>\n\t\t","protected":false},"excerpt":{"rendered":"<p>Regulamin akcji &#8211; Ceny transferowe w pytaniach i odpowiedziach &nbsp;\u201cCeny transferowe w pytaniach i odpowiedziach\u201d to cykl webinar\u00f3w, kt\u00f3re b\u0119d\u0105 odbywa\u0107 si\u0119 co dwa miesi\u0105ce. Ka\u017cde spotkanie online b\u0119dzie trwa\u0107 do p\u00f3\u0142torej godziny zegarowej.&nbsp; W trakcie webinaru eksperci TPA Poland b\u0119d\u0105 odpowiada\u0107 na wybrane, uprzednio zadane pytania i przes\u0142ane zagadnienia z obszaru cen transferowych.&nbsp; Ka\u017cdy [&hellip;]<\/p>\n","protected":false},"author":40,"featured_media":0,"parent":0,"menu_order":0,"comment_status":"closed","ping_status":"closed","template":"elementor_header_footer","meta":{"_acf_changed":false,"footnotes":""},"class_list":["post-9638","page","type-page","status-publish","hentry"],"acf":[],"yoast_head":"<!-- This site is optimized with the Yoast SEO plugin v26.0 - https:\/\/yoast.com\/wordpress\/plugins\/seo\/ -->\n<title>Regulamin akcji - Ceny transferowe w pytaniach i odpowiedziach - TPA Poland<\/title>\n<meta name=\"robots\" content=\"index, follow, max-snippet:-1, max-image-preview:large, max-video-preview:-1\" \/>\n<link rel=\"canonical\" href=\"https:\/\/www.tpa-group.pl\/pl\/regulamin-akcji-ceny-transferowe-w-pytaniach-i-odpowiedziach\/\" \/>\n<meta property=\"og:locale\" content=\"pl_PL\" \/>\n<meta property=\"og:type\" content=\"article\" \/>\n<meta property=\"og:title\" content=\"Regulamin akcji - Ceny transferowe w pytaniach i odpowiedziach - TPA Poland\" \/>\n<meta property=\"og:description\" content=\"Regulamin akcji &#8211; Ceny transferowe w pytaniach i odpowiedziach &nbsp;\u201cCeny transferowe w pytaniach i odpowiedziach\u201d to cykl webinar\u00f3w, kt\u00f3re b\u0119d\u0105 odbywa\u0107 si\u0119 co dwa miesi\u0105ce. Ka\u017cde spotkanie online b\u0119dzie trwa\u0107 do p\u00f3\u0142torej godziny zegarowej.&nbsp; W trakcie webinaru eksperci TPA Poland b\u0119d\u0105 odpowiada\u0107 na wybrane, uprzednio zadane pytania i przes\u0142ane zagadnienia z obszaru cen transferowych.&nbsp; Ka\u017cdy [&hellip;]\" \/>\n<meta property=\"og:url\" content=\"https:\/\/www.tpa-group.pl\/pl\/regulamin-akcji-ceny-transferowe-w-pytaniach-i-odpowiedziach\/\" \/>\n<meta property=\"og:site_name\" content=\"TPA Poland\" \/>\n<meta property=\"article:modified_time\" content=\"2025-04-29T06:23:24+00:00\" \/>\n<meta name=\"twitter:card\" content=\"summary_large_image\" \/>\n<meta name=\"twitter:label1\" content=\"Est. reading time\" \/>\n\t<meta name=\"twitter:data1\" content=\"2 minuty\" \/>\n<script type=\"application\/ld+json\" class=\"yoast-schema-graph\">{\"@context\":\"https:\/\/schema.org\",\"@graph\":[{\"@type\":\"WebPage\",\"@id\":\"https:\/\/www.tpa-group.pl\/pl\/regulamin-akcji-ceny-transferowe-w-pytaniach-i-odpowiedziach\/\",\"url\":\"https:\/\/www.tpa-group.pl\/pl\/regulamin-akcji-ceny-transferowe-w-pytaniach-i-odpowiedziach\/\",\"name\":\"Regulamin akcji - Ceny transferowe w pytaniach i odpowiedziach - TPA Poland\",\"isPartOf\":{\"@id\":\"https:\/\/www.tpa-group.pl\/pl\/#website\"},\"datePublished\":\"2025-04-28T19:48:23+00:00\",\"dateModified\":\"2025-04-29T06:23:24+00:00\",\"breadcrumb\":{\"@id\":\"https:\/\/www.tpa-group.pl\/pl\/regulamin-akcji-ceny-transferowe-w-pytaniach-i-odpowiedziach\/#breadcrumb\"},\"inLanguage\":\"pl-PL\",\"potentialAction\":[{\"@type\":\"ReadAction\",\"target\":[\"https:\/\/www.tpa-group.pl\/pl\/regulamin-akcji-ceny-transferowe-w-pytaniach-i-odpowiedziach\/\"]}]},{\"@type\":\"BreadcrumbList\",\"@id\":\"https:\/\/www.tpa-group.pl\/pl\/regulamin-akcji-ceny-transferowe-w-pytaniach-i-odpowiedziach\/#breadcrumb\",\"itemListElement\":[{\"@type\":\"ListItem\",\"position\":1,\"name\":\"Home\",\"item\":\"https:\/\/www.tpa-group.pl\/pl\/\"},{\"@type\":\"ListItem\",\"position\":2,\"name\":\"Regulamin akcji &#8211; Ceny transferowe w pytaniach i odpowiedziach\"}]},{\"@type\":\"WebSite\",\"@id\":\"https:\/\/www.tpa-group.pl\/pl\/#website\",\"url\":\"https:\/\/www.tpa-group.pl\/pl\/\",\"name\":\"TPA Poland\",\"description\":\"\",\"publisher\":{\"@id\":\"https:\/\/www.tpa-group.pl\/pl\/#organization\"},\"potentialAction\":[{\"@type\":\"SearchAction\",\"target\":{\"@type\":\"EntryPoint\",\"urlTemplate\":\"https:\/\/www.tpa-group.pl\/pl\/?s={search_term_string}\"},\"query-input\":{\"@type\":\"PropertyValueSpecification\",\"valueRequired\":true,\"valueName\":\"search_term_string\"}}],\"inLanguage\":\"pl-PL\"},{\"@type\":\"Organization\",\"@id\":\"https:\/\/www.tpa-group.pl\/pl\/#organization\",\"name\":\"TPA Poland\",\"url\":\"https:\/\/www.tpa-group.pl\/pl\/\",\"logo\":{\"@type\":\"ImageObject\",\"inLanguage\":\"pl-PL\",\"@id\":\"https:\/\/www.tpa-group.pl\/pl\/#\/schema\/logo\/image\/\",\"url\":\"https:\/\/www.tpa-group.pl\/app\/uploads\/sites\/8\/2023\/03\/tpa-logo.svg\",\"contentUrl\":\"https:\/\/www.tpa-group.pl\/app\/uploads\/sites\/8\/2023\/03\/tpa-logo.svg\",\"width\":110,\"height\":93,\"caption\":\"TPA Poland\"},\"image\":{\"@id\":\"https:\/\/www.tpa-group.pl\/pl\/#\/schema\/logo\/image\/\"}}]}<\/script>\n<!-- \/ Yoast SEO plugin. -->","yoast_head_json":{"title":"Regulamin akcji - Ceny transferowe w pytaniach i odpowiedziach - TPA Poland","robots":{"index":"index","follow":"follow","max-snippet":"max-snippet:-1","max-image-preview":"max-image-preview:large","max-video-preview":"max-video-preview:-1"},"canonical":"https:\/\/www.tpa-group.pl\/pl\/regulamin-akcji-ceny-transferowe-w-pytaniach-i-odpowiedziach\/","og_locale":"pl_PL","og_type":"article","og_title":"Regulamin akcji - Ceny transferowe w pytaniach i odpowiedziach - TPA Poland","og_description":"Regulamin akcji &#8211; Ceny transferowe w pytaniach i odpowiedziach &nbsp;\u201cCeny transferowe w pytaniach i odpowiedziach\u201d to cykl webinar\u00f3w, kt\u00f3re b\u0119d\u0105 odbywa\u0107 si\u0119 co dwa miesi\u0105ce. Ka\u017cde spotkanie online b\u0119dzie trwa\u0107 do p\u00f3\u0142torej godziny zegarowej.&nbsp; W trakcie webinaru eksperci TPA Poland b\u0119d\u0105 odpowiada\u0107 na wybrane, uprzednio zadane pytania i przes\u0142ane zagadnienia z obszaru cen transferowych.&nbsp; Ka\u017cdy [&hellip;]","og_url":"https:\/\/www.tpa-group.pl\/pl\/regulamin-akcji-ceny-transferowe-w-pytaniach-i-odpowiedziach\/","og_site_name":"TPA Poland","article_modified_time":"2025-04-29T06:23:24+00:00","twitter_card":"summary_large_image","twitter_misc":{"Est. reading time":"2 minuty"},"schema":{"@context":"https:\/\/schema.org","@graph":[{"@type":"WebPage","@id":"https:\/\/www.tpa-group.pl\/pl\/regulamin-akcji-ceny-transferowe-w-pytaniach-i-odpowiedziach\/","url":"https:\/\/www.tpa-group.pl\/pl\/regulamin-akcji-ceny-transferowe-w-pytaniach-i-odpowiedziach\/","name":"Regulamin akcji - Ceny transferowe w pytaniach i odpowiedziach - TPA Poland","isPartOf":{"@id":"https:\/\/www.tpa-group.pl\/pl\/#website"},"datePublished":"2025-04-28T19:48:23+00:00","dateModified":"2025-04-29T06:23:24+00:00","breadcrumb":{"@id":"https:\/\/www.tpa-group.pl\/pl\/regulamin-akcji-ceny-transferowe-w-pytaniach-i-odpowiedziach\/#breadcrumb"},"inLanguage":"pl-PL","potentialAction":[{"@type":"ReadAction","target":["https:\/\/www.tpa-group.pl\/pl\/regulamin-akcji-ceny-transferowe-w-pytaniach-i-odpowiedziach\/"]}]},{"@type":"BreadcrumbList","@id":"https:\/\/www.tpa-group.pl\/pl\/regulamin-akcji-ceny-transferowe-w-pytaniach-i-odpowiedziach\/#breadcrumb","itemListElement":[{"@type":"ListItem","position":1,"name":"Home","item":"https:\/\/www.tpa-group.pl\/pl\/"},{"@type":"ListItem","position":2,"name":"Regulamin akcji &#8211; Ceny transferowe w pytaniach i odpowiedziach"}]},{"@type":"WebSite","@id":"https:\/\/www.tpa-group.pl\/pl\/#website","url":"https:\/\/www.tpa-group.pl\/pl\/","name":"TPA Poland","description":"","publisher":{"@id":"https:\/\/www.tpa-group.pl\/pl\/#organization"},"potentialAction":[{"@type":"SearchAction","target":{"@type":"EntryPoint","urlTemplate":"https:\/\/www.tpa-group.pl\/pl\/?s={search_term_string}"},"query-input":{"@type":"PropertyValueSpecification","valueRequired":true,"valueName":"search_term_string"}}],"inLanguage":"pl-PL"},{"@type":"Organization","@id":"https:\/\/www.tpa-group.pl\/pl\/#organization","name":"TPA Poland","url":"https:\/\/www.tpa-group.pl\/pl\/","logo":{"@type":"ImageObject","inLanguage":"pl-PL","@id":"https:\/\/www.tpa-group.pl\/pl\/#\/schema\/logo\/image\/","url":"https:\/\/www.tpa-group.pl\/app\/uploads\/sites\/8\/2023\/03\/tpa-logo.svg","contentUrl":"https:\/\/www.tpa-group.pl\/app\/uploads\/sites\/8\/2023\/03\/tpa-logo.svg","width":110,"height":93,"caption":"TPA Poland"},"image":{"@id":"https:\/\/www.tpa-group.pl\/pl\/#\/schema\/logo\/image\/"}}]}},"_links":{"self":[{"href":"https:\/\/www.tpa-group.pl\/pl\/wp-json\/wp\/v2\/pages\/9638","targetHints":{"allow":["GET"]}}],"collection":[{"href":"https:\/\/www.tpa-group.pl\/pl\/wp-json\/wp\/v2\/pages"}],"about":[{"href":"https:\/\/www.tpa-group.pl\/pl\/wp-json\/wp\/v2\/types\/page"}],"author":[{"embeddable":true,"href":"https:\/\/www.tpa-group.pl\/pl\/wp-json\/wp\/v2\/users\/40"}],"replies":[{"embeddable":true,"href":"https:\/\/www.tpa-group.pl\/pl\/wp-json\/wp\/v2\/comments?post=9638"}],"version-history":[{"count":10,"href":"https:\/\/www.tpa-group.pl\/pl\/wp-json\/wp\/v2\/pages\/9638\/revisions"}],"predecessor-version":[{"id":9671,"href":"https:\/\/www.tpa-group.pl\/pl\/wp-json\/wp\/v2\/pages\/9638\/revisions\/9671"}],"wp:attachment":[{"href":"https:\/\/www.tpa-group.pl\/pl\/wp-json\/wp\/v2\/media?parent=9638"}],"curies":[{"name":"wp","href":"https:\/\/api.w.org\/{rel}","templated":true}]}}