{"id":9971,"date":"2025-06-11T18:36:40","date_gmt":"2025-06-11T18:36:40","guid":{"rendered":"https:\/\/www.tpa-group.pl\/?page_id=9971"},"modified":"2026-02-04T08:13:41","modified_gmt":"2026-02-04T08:13:41","slug":"ceny-transferowe-w-pytaniach-i-odpowiedziach-zadaj-nam-pytanie","status":"publish","type":"page","link":"https:\/\/www.tpa-group.pl\/pl\/ceny-transferowe-w-pytaniach-i-odpowiedziach-zadaj-nam-pytanie\/","title":{"rendered":"Ceny transferowe w pytaniach i odpowiedziach | Zadaj nam pytanie!"},"content":{"rendered":"\t\t<div data-elementor-type=\"wp-page\" data-elementor-id=\"9971\" class=\"elementor elementor-9971\" data-elementor-post-type=\"page\">\n\t\t\t\t\t\t<section class=\"elementor-section elementor-top-section elementor-element elementor-element-265bc300 hero-banner elementor-section-boxed elementor-section-height-default elementor-section-height-default\" data-id=\"265bc300\" data-element_type=\"section\" data-settings=\"{&quot;background_background&quot;:&quot;classic&quot;}\">\n\t\t\t\t\t\t<div class=\"elementor-container elementor-column-gap-default\">\n\t\t\t\t\t<div class=\"elementor-column elementor-col-100 elementor-top-column elementor-element elementor-element-50ad9c2f\" data-id=\"50ad9c2f\" data-element_type=\"column\">\n\t\t\t<div class=\"elementor-widget-wrap elementor-element-populated\">\n\t\t\t\t\t\t<div class=\"elementor-element elementor-element-4a03c214 elementor-widget__width-initial elementor-widget elementor-widget-heading\" data-id=\"4a03c214\" data-element_type=\"widget\" data-widget_type=\"heading.default\">\n\t\t\t\t<div class=\"elementor-widget-container\">\n\t\t\t\t\t<h1 class=\"elementor-heading-title elementor-size-default\">Ceny transferowe w pytaniach i odpowiedziach<\/h1>\t\t\t\t<\/div>\n\t\t\t\t<\/div>\n\t\t\t\t<div class=\"elementor-element elementor-element-aee8737 elementor-widget elementor-widget-text-editor\" data-id=\"aee8737\" data-element_type=\"widget\" data-widget_type=\"text-editor.default\">\n\t\t\t\t<div class=\"elementor-widget-container\">\n\t\t\t\t\t\t\t\t\t<div class=\"-a-29\"><div class=\"__title__ -P-30 \" tabindex=\"-1\" aria-labelledby=\"FormTitleId_titleAriaId SubTitleId_subtitleAriaId \"><div id=\"SubTitleId_subtitleAriaId\" class=\"--c-36\" data-automation-id=\"formSubTitle\"><span class=\"text-format-content \">Zadaj nam pytanie, a my odpowiemy na nie podczas webinaru.<\/span><\/div><\/div><\/div><div class=\"css-42\"><div class=\"css-45 \" data-automation-id=\"noticeContainer\">\u00a0<\/div><\/div>\t\t\t\t\t\t\t\t<\/div>\n\t\t\t\t<\/div>\n\t\t\t\t\t<\/div>\n\t\t<\/div>\n\t\t\t\t\t<\/div>\n\t\t<\/section>\n\t\t<div class=\"elementor-element elementor-element-afc11f1 page-content-container e-flex e-con-boxed e-con e-parent\" data-id=\"afc11f1\" data-element_type=\"container\" data-settings=\"{&quot;background_background&quot;:&quot;classic&quot;}\">\n\t\t\t\t\t<div class=\"e-con-inner\">\n\t\t<div class=\"elementor-element elementor-element-44f4b10 e-con-full e-flex e-con e-child\" data-id=\"44f4b10\" data-element_type=\"container\">\n\t\t\t\t<div class=\"elementor-element elementor-element-6266ae5 elementor-button-align-stretch elementor-widget elementor-widget-form\" data-id=\"6266ae5\" data-element_type=\"widget\" data-settings=\"{&quot;step_next_label&quot;:&quot;Next&quot;,&quot;step_previous_label&quot;:&quot;Previous&quot;,&quot;button_width&quot;:&quot;100&quot;,&quot;step_type&quot;:&quot;number_text&quot;,&quot;step_icon_shape&quot;:&quot;circle&quot;}\" data-widget_type=\"form.default\">\n\t\t\t\t<div class=\"elementor-widget-container\">\n\t\t\t\t\t\t\t<form class=\"elementor-form\" method=\"post\" name=\"New Form\" aria-label=\"New Form\">\n\t\t\t<input type=\"hidden\" name=\"post_id\" value=\"9971\"\/>\n\t\t\t<input type=\"hidden\" name=\"form_id\" value=\"6266ae5\"\/>\n\t\t\t<input type=\"hidden\" name=\"referer_title\" value=\"Ceny transferowe w pytaniach i odpowiedziach | Zadaj nam pytanie! - TPA Poland\" \/>\n\n\t\t\t\t\t\t\t<input type=\"hidden\" name=\"queried_id\" value=\"9971\"\/>\n\t\t\t\n\t\t\t<div class=\"elementor-form-fields-wrapper elementor-labels-above\">\n\t\t\t\t\t\t\t\t<div class=\"elementor-field-type-textarea elementor-field-group elementor-column elementor-field-group-message elementor-col-100\">\n\t\t\t\t\t<textarea class=\"elementor-field-textual elementor-field  elementor-size-sm\" name=\"form_fields[message]\" id=\"form-field-message\" rows=\"4\" placeholder=\"Zadaj pytanie\"><\/textarea>\t\t\t\t<\/div>\n\t\t\t\t\t\t\t\t<div class=\"elementor-field-type-email elementor-field-group elementor-column elementor-field-group-field_90af622 elementor-col-100\">\n\t\t\t\t\t\t\t\t\t\t\t\t\t<input size=\"1\" type=\"email\" name=\"form_fields[field_90af622]\" id=\"form-field-field_90af622\" class=\"elementor-field elementor-size-sm  elementor-field-textual\" placeholder=\"Adres email\">\n\t\t\t\t\t\t\t\t\t\t\t<\/div>\n\t\t\t\t\t\t\t\t<div class=\"elementor-field-type-acceptance elementor-field-group elementor-column elementor-field-group-field_9ab8b3d elementor-col-100 elementor-field-required\">\n\t\t\t\t\t\t\t<div class=\"elementor-field-subgroup\">\n\t\t\t<span class=\"elementor-field-option\">\n\t\t\t\t<input type=\"checkbox\" name=\"form_fields[field_9ab8b3d]\" id=\"form-field-field_9ab8b3d\" class=\"elementor-field elementor-size-sm  elementor-acceptance-field\" required=\"required\">\n\t\t\t\t<label for=\"form-field-field_9ab8b3d\">*\u00a0Wyra\u017cam zgod\u0119 na przetwarzanie przez wsp\u00f3\u0142administrator\u00f3w* moich danych osobowych podanych w formularzu w celu otrzymywania na podany adres mailowy informacji niezb\u0119dnych do odpowiedzi na przes\u0142ane zg\u0142oszenie.<\/label>\t\t\t<\/span>\n\t\t<\/div>\n\t\t\t\t\t\t<\/div>\n\t\t\t\t\t\t\t\t<div class=\"elementor-field-group elementor-column elementor-field-type-submit elementor-col-100 e-form__buttons\">\n\t\t\t\t\t<button class=\"elementor-button elementor-size-sm\" type=\"submit\">\n\t\t\t\t\t\t<span class=\"elementor-button-content-wrapper\">\n\t\t\t\t\t\t\t\t\t\t\t\t\t\t\t\t\t\t\t\t\t\t<span class=\"elementor-button-text\">Wy\u015blij<\/span>\n\t\t\t\t\t\t\t\t\t\t\t\t\t<\/span>\n\t\t\t\t\t<\/button>\n\t\t\t\t<\/div>\n\t\t\t<\/div>\n\t\t<\/form>\n\t\t\t\t\t\t<\/div>\n\t\t\t\t<\/div>\n\t\t\t\t<div class=\"elementor-element elementor-element-e334df9 elementor-widget elementor-widget-spacer\" data-id=\"e334df9\" data-element_type=\"widget\" data-widget_type=\"spacer.default\">\n\t\t\t\t<div class=\"elementor-widget-container\">\n\t\t\t\t\t\t\t<div class=\"elementor-spacer\">\n\t\t\t<div class=\"elementor-spacer-inner\"><\/div>\n\t\t<\/div>\n\t\t\t\t\t\t<\/div>\n\t\t\t\t<\/div>\n\t\t\t\t<div class=\"elementor-element elementor-element-01309de elementor-widget elementor-widget-text-editor\" data-id=\"01309de\" data-element_type=\"widget\" data-widget_type=\"text-editor.default\">\n\t\t\t\t<div class=\"elementor-widget-container\">\n\t\t\t\t\t\t\t\t\t<p>*Wsp\u00f3\u0142administratorami Twoich danych osobowych s\u0105: TPA Sp. z o.o. Sp.k., TPA Management Sp. z o.o., Digital TPA Sp. z o.o. Sp.k., Baker Tilly Gajda Legal Sp.k., Baker Tilly TPA Sp. z o.o.. Twoje dane osobowe b\u0119d\u0105 przetwarzane, w zale\u017cno\u015bci od udzielonej przez Ciebie zgody, w celu przes\u0142ania publikacji online, wysy\u0142ania newsletter\u00f3w, alert\u00f3w, propozycji wsp\u00f3\u0142pracy oraz dostarczania zaprosze\u0144 na wydarzenia bran\u017cowe.<\/p><p>Masz prawo do \u017c\u0105dania dost\u0119pu do swoich danych osobowych, ich sprostowania, usuni\u0119cia lub ograniczenia przetwarzania, a tak\u017ce prawo wniesienia sprzeciwu wobec przetwarzania oraz wniesienia skargi do organu nadzorczego. Dowiedz si\u0119 wi\u0119cej, w jaki spos\u00f3b przetwarzamy Twoje dane osobowe:\u00a0<a href=\"https:\/\/www.tpa-group.pl\/pl\/klauzula-informacyjna\/\" target=\"_blank\" rel=\"noopener\">https:\/\/www.tpa-group.pl\/pl\/klauzula-informacyjna\/<\/a>.<\/p><p>Wsp\u00f3\u0142administratorzy wsp\u00f3lnie przetwarzaj\u0105 dane osobowe na mocy umowy o wsp\u00f3\u0142administrowaniu i zawartych w niej uzgodnie\u0144 dotycz\u0105cych cel\u00f3w, zakresu i sposob\u00f3w przetwarzania danych. Dowiedz si\u0119 wi\u0119cej:\u00a0<a href=\"https:\/\/www.tpa-group.pl\/pl\/tresc-uzgodnien-wspoladministrowanie\/?cn-reloaded=1\" target=\"_blank\" rel=\"noopener\">https:\/\/www.tpa-group.pl\/pl\/tresc-uzgodnien-wspoladministrowanie<\/a>.<\/p>\t\t\t\t\t\t\t\t<\/div>\n\t\t\t\t<\/div>\n\t\t\t\t<\/div>\n\t\t\t\t\t<\/div>\n\t\t\t\t<\/div>\n\t\t\t\t<\/div>\n\t\t","protected":false},"excerpt":{"rendered":"<p>Ceny transferowe w pytaniach i odpowiedziach Zadaj nam pytanie, a my odpowiemy na nie podczas webinaru.\u00a0 *Wsp\u00f3\u0142administratorami Twoich danych osobowych s\u0105: TPA Sp. z o.o. Sp.k., TPA Management Sp. z o.o., Digital TPA Sp. z o.o. Sp.k., Baker Tilly Gajda Legal Sp.k., Baker Tilly TPA Sp. z o.o.. Twoje dane osobowe b\u0119d\u0105 przetwarzane, w zale\u017cno\u015bci [&hellip;]<\/p>\n","protected":false},"author":40,"featured_media":0,"parent":0,"menu_order":0,"comment_status":"closed","ping_status":"closed","template":"elementor_header_footer","meta":{"_acf_changed":false,"footnotes":""},"class_list":["post-9971","page","type-page","status-publish","hentry"],"acf":[],"yoast_head":"<!-- This site is optimized with the Yoast SEO plugin v26.0 - https:\/\/yoast.com\/wordpress\/plugins\/seo\/ -->\n<title>Ceny transferowe w pytaniach i odpowiedziach | Zadaj nam pytanie! - TPA Poland<\/title>\n<meta name=\"robots\" content=\"index, follow, max-snippet:-1, max-image-preview:large, max-video-preview:-1\" \/>\n<link rel=\"canonical\" href=\"https:\/\/www.tpa-group.pl\/pl\/ceny-transferowe-w-pytaniach-i-odpowiedziach-zadaj-nam-pytanie\/\" \/>\n<meta property=\"og:locale\" content=\"pl_PL\" \/>\n<meta property=\"og:type\" content=\"article\" \/>\n<meta property=\"og:title\" content=\"Ceny transferowe w pytaniach i odpowiedziach | Zadaj nam pytanie! - TPA Poland\" \/>\n<meta property=\"og:description\" content=\"Ceny transferowe w pytaniach i odpowiedziach Zadaj nam pytanie, a my odpowiemy na nie podczas webinaru.\u00a0 *Wsp\u00f3\u0142administratorami Twoich danych osobowych s\u0105: TPA Sp. z o.o. Sp.k., TPA Management Sp. z o.o., Digital TPA Sp. z o.o. Sp.k., Baker Tilly Gajda Legal Sp.k., Baker Tilly TPA Sp. z o.o.. Twoje dane osobowe b\u0119d\u0105 przetwarzane, w zale\u017cno\u015bci [&hellip;]\" \/>\n<meta property=\"og:url\" content=\"https:\/\/www.tpa-group.pl\/pl\/ceny-transferowe-w-pytaniach-i-odpowiedziach-zadaj-nam-pytanie\/\" \/>\n<meta property=\"og:site_name\" content=\"TPA Poland\" \/>\n<meta property=\"article:modified_time\" content=\"2026-02-04T08:13:41+00:00\" \/>\n<meta name=\"twitter:card\" content=\"summary_large_image\" \/>\n<meta name=\"twitter:label1\" content=\"Est. reading time\" \/>\n\t<meta name=\"twitter:data1\" content=\"2 minuty\" \/>\n<script type=\"application\/ld+json\" class=\"yoast-schema-graph\">{\"@context\":\"https:\/\/schema.org\",\"@graph\":[{\"@type\":\"WebPage\",\"@id\":\"https:\/\/www.tpa-group.pl\/pl\/ceny-transferowe-w-pytaniach-i-odpowiedziach-zadaj-nam-pytanie\/\",\"url\":\"https:\/\/www.tpa-group.pl\/pl\/ceny-transferowe-w-pytaniach-i-odpowiedziach-zadaj-nam-pytanie\/\",\"name\":\"Ceny transferowe w pytaniach i odpowiedziach | Zadaj nam pytanie! - TPA Poland\",\"isPartOf\":{\"@id\":\"https:\/\/www.tpa-group.pl\/pl\/#website\"},\"datePublished\":\"2025-06-11T18:36:40+00:00\",\"dateModified\":\"2026-02-04T08:13:41+00:00\",\"breadcrumb\":{\"@id\":\"https:\/\/www.tpa-group.pl\/pl\/ceny-transferowe-w-pytaniach-i-odpowiedziach-zadaj-nam-pytanie\/#breadcrumb\"},\"inLanguage\":\"pl-PL\",\"potentialAction\":[{\"@type\":\"ReadAction\",\"target\":[\"https:\/\/www.tpa-group.pl\/pl\/ceny-transferowe-w-pytaniach-i-odpowiedziach-zadaj-nam-pytanie\/\"]}]},{\"@type\":\"BreadcrumbList\",\"@id\":\"https:\/\/www.tpa-group.pl\/pl\/ceny-transferowe-w-pytaniach-i-odpowiedziach-zadaj-nam-pytanie\/#breadcrumb\",\"itemListElement\":[{\"@type\":\"ListItem\",\"position\":1,\"name\":\"Home\",\"item\":\"https:\/\/www.tpa-group.pl\/pl\/\"},{\"@type\":\"ListItem\",\"position\":2,\"name\":\"Ceny transferowe w pytaniach i odpowiedziach | Zadaj nam pytanie!\"}]},{\"@type\":\"WebSite\",\"@id\":\"https:\/\/www.tpa-group.pl\/pl\/#website\",\"url\":\"https:\/\/www.tpa-group.pl\/pl\/\",\"name\":\"TPA Poland\",\"description\":\"\",\"publisher\":{\"@id\":\"https:\/\/www.tpa-group.pl\/pl\/#organization\"},\"potentialAction\":[{\"@type\":\"SearchAction\",\"target\":{\"@type\":\"EntryPoint\",\"urlTemplate\":\"https:\/\/www.tpa-group.pl\/pl\/?s={search_term_string}\"},\"query-input\":{\"@type\":\"PropertyValueSpecification\",\"valueRequired\":true,\"valueName\":\"search_term_string\"}}],\"inLanguage\":\"pl-PL\"},{\"@type\":\"Organization\",\"@id\":\"https:\/\/www.tpa-group.pl\/pl\/#organization\",\"name\":\"TPA Poland\",\"url\":\"https:\/\/www.tpa-group.pl\/pl\/\",\"logo\":{\"@type\":\"ImageObject\",\"inLanguage\":\"pl-PL\",\"@id\":\"https:\/\/www.tpa-group.pl\/pl\/#\/schema\/logo\/image\/\",\"url\":\"https:\/\/www.tpa-group.pl\/app\/uploads\/sites\/8\/2023\/03\/tpa-logo.svg\",\"contentUrl\":\"https:\/\/www.tpa-group.pl\/app\/uploads\/sites\/8\/2023\/03\/tpa-logo.svg\",\"width\":110,\"height\":93,\"caption\":\"TPA Poland\"},\"image\":{\"@id\":\"https:\/\/www.tpa-group.pl\/pl\/#\/schema\/logo\/image\/\"}}]}<\/script>\n<!-- \/ Yoast SEO plugin. -->","yoast_head_json":{"title":"Ceny transferowe w pytaniach i odpowiedziach | Zadaj nam pytanie! - TPA Poland","robots":{"index":"index","follow":"follow","max-snippet":"max-snippet:-1","max-image-preview":"max-image-preview:large","max-video-preview":"max-video-preview:-1"},"canonical":"https:\/\/www.tpa-group.pl\/pl\/ceny-transferowe-w-pytaniach-i-odpowiedziach-zadaj-nam-pytanie\/","og_locale":"pl_PL","og_type":"article","og_title":"Ceny transferowe w pytaniach i odpowiedziach | Zadaj nam pytanie! - TPA Poland","og_description":"Ceny transferowe w pytaniach i odpowiedziach Zadaj nam pytanie, a my odpowiemy na nie podczas webinaru.\u00a0 *Wsp\u00f3\u0142administratorami Twoich danych osobowych s\u0105: TPA Sp. z o.o. Sp.k., TPA Management Sp. z o.o., Digital TPA Sp. z o.o. Sp.k., Baker Tilly Gajda Legal Sp.k., Baker Tilly TPA Sp. z o.o.. Twoje dane osobowe b\u0119d\u0105 przetwarzane, w zale\u017cno\u015bci [&hellip;]","og_url":"https:\/\/www.tpa-group.pl\/pl\/ceny-transferowe-w-pytaniach-i-odpowiedziach-zadaj-nam-pytanie\/","og_site_name":"TPA Poland","article_modified_time":"2026-02-04T08:13:41+00:00","twitter_card":"summary_large_image","twitter_misc":{"Est. reading time":"2 minuty"},"schema":{"@context":"https:\/\/schema.org","@graph":[{"@type":"WebPage","@id":"https:\/\/www.tpa-group.pl\/pl\/ceny-transferowe-w-pytaniach-i-odpowiedziach-zadaj-nam-pytanie\/","url":"https:\/\/www.tpa-group.pl\/pl\/ceny-transferowe-w-pytaniach-i-odpowiedziach-zadaj-nam-pytanie\/","name":"Ceny transferowe w pytaniach i odpowiedziach | Zadaj nam pytanie! - TPA Poland","isPartOf":{"@id":"https:\/\/www.tpa-group.pl\/pl\/#website"},"datePublished":"2025-06-11T18:36:40+00:00","dateModified":"2026-02-04T08:13:41+00:00","breadcrumb":{"@id":"https:\/\/www.tpa-group.pl\/pl\/ceny-transferowe-w-pytaniach-i-odpowiedziach-zadaj-nam-pytanie\/#breadcrumb"},"inLanguage":"pl-PL","potentialAction":[{"@type":"ReadAction","target":["https:\/\/www.tpa-group.pl\/pl\/ceny-transferowe-w-pytaniach-i-odpowiedziach-zadaj-nam-pytanie\/"]}]},{"@type":"BreadcrumbList","@id":"https:\/\/www.tpa-group.pl\/pl\/ceny-transferowe-w-pytaniach-i-odpowiedziach-zadaj-nam-pytanie\/#breadcrumb","itemListElement":[{"@type":"ListItem","position":1,"name":"Home","item":"https:\/\/www.tpa-group.pl\/pl\/"},{"@type":"ListItem","position":2,"name":"Ceny transferowe w pytaniach i odpowiedziach | Zadaj nam pytanie!"}]},{"@type":"WebSite","@id":"https:\/\/www.tpa-group.pl\/pl\/#website","url":"https:\/\/www.tpa-group.pl\/pl\/","name":"TPA Poland","description":"","publisher":{"@id":"https:\/\/www.tpa-group.pl\/pl\/#organization"},"potentialAction":[{"@type":"SearchAction","target":{"@type":"EntryPoint","urlTemplate":"https:\/\/www.tpa-group.pl\/pl\/?s={search_term_string}"},"query-input":{"@type":"PropertyValueSpecification","valueRequired":true,"valueName":"search_term_string"}}],"inLanguage":"pl-PL"},{"@type":"Organization","@id":"https:\/\/www.tpa-group.pl\/pl\/#organization","name":"TPA Poland","url":"https:\/\/www.tpa-group.pl\/pl\/","logo":{"@type":"ImageObject","inLanguage":"pl-PL","@id":"https:\/\/www.tpa-group.pl\/pl\/#\/schema\/logo\/image\/","url":"https:\/\/www.tpa-group.pl\/app\/uploads\/sites\/8\/2023\/03\/tpa-logo.svg","contentUrl":"https:\/\/www.tpa-group.pl\/app\/uploads\/sites\/8\/2023\/03\/tpa-logo.svg","width":110,"height":93,"caption":"TPA Poland"},"image":{"@id":"https:\/\/www.tpa-group.pl\/pl\/#\/schema\/logo\/image\/"}}]}},"_links":{"self":[{"href":"https:\/\/www.tpa-group.pl\/pl\/wp-json\/wp\/v2\/pages\/9971","targetHints":{"allow":["GET"]}}],"collection":[{"href":"https:\/\/www.tpa-group.pl\/pl\/wp-json\/wp\/v2\/pages"}],"about":[{"href":"https:\/\/www.tpa-group.pl\/pl\/wp-json\/wp\/v2\/types\/page"}],"author":[{"embeddable":true,"href":"https:\/\/www.tpa-group.pl\/pl\/wp-json\/wp\/v2\/users\/40"}],"replies":[{"embeddable":true,"href":"https:\/\/www.tpa-group.pl\/pl\/wp-json\/wp\/v2\/comments?post=9971"}],"version-history":[{"count":16,"href":"https:\/\/www.tpa-group.pl\/pl\/wp-json\/wp\/v2\/pages\/9971\/revisions"}],"predecessor-version":[{"id":14097,"href":"https:\/\/www.tpa-group.pl\/pl\/wp-json\/wp\/v2\/pages\/9971\/revisions\/14097"}],"wp:attachment":[{"href":"https:\/\/www.tpa-group.pl\/pl\/wp-json\/wp\/v2\/media?parent=9971"}],"curies":[{"name":"wp","href":"https:\/\/api.w.org\/{rel}","templated":true}]}}